{"id":1987,"date":"2018-10-25T10:09:58","date_gmt":"2018-10-25T15:09:58","guid":{"rendered":"https:\/\/www.reyeslaw.com\/?page_id=1987"},"modified":"2025-05-28T11:39:49","modified_gmt":"2025-05-28T11:39:49","slug":"conducir-imprudentemente","status":"publish","type":"page","link":"https:\/\/www.reyeslaw.com\/es\/dallas\/accidentes-de-auto\/conducir-imprudentemente\/","title":{"rendered":"Conducir en Forma Imprudente, Distra\u00eddo o Agresivamente"},"content":{"rendered":"<div class=\"description\">\n<p>Hacemos que los conductores distra\u00eddos y agresivos paguen as\u00ed usted puede recuperar su vida.<\/p>\n<p><strong>Angel Reyes &#038; Associates entiende los peligros espantosos de manejar mientras se est\u00e1 intoxicado, mientras mensajes de texto o mientras se est\u00e1 distra\u00eddo de otras maneras, representa a las personas en la carretera.<\/strong><\/p>\n<p>En el mundo actual, a muchos conductores no les importa o incluso descaradamente ignoran las reglas de la carretera cada d\u00eda y a menudo causando lesiones e incluso la muerte a otras personas colocadas al azar en su camino. De hecho, en Texas, aproximadamente el 40% de las muertes de tr\u00e1fico, uno de los \u00edndices m\u00e1s altos del pa\u00eds, fueron causados por conductores ebrios en el 2011. Igual de preocupante seg\u00fan la Administraci\u00f3n Nacional de Seguridad Vial, es la conducci\u00f3n de un veh\u00edculo, mientras se envian mensajes de texto ya que es seis veces m\u00e1s peligroso que conducir en estado de ebriedad. La agencia federal inform\u00f3 que el env\u00edo o la recepci\u00f3n de un texto tiene los ojos de un conductor fuera de la carretera durante un promedio de 4,6 segundos, el equivalente \u2013 cuando se viaja a 55 mph \u2013 manejando la longitud de un campo de f\u00fatbol entero pero con los ojos vendados.<\/p>\n<p>Los medios se\u00f1alan la atenci\u00f3n se\u00f1alando los peligros de conducir en estado de ebriedad y manejar mientras se est\u00e1 enviando mensajes de texto que por cierto ha aumentado mucho en los \u00faltimos a\u00f1os. Desafortunadamente, muchas personas a\u00fan ignoran estos peligros a diario a costa de la seguridad de otras personas. Estas personas pueden decir que no es raro ver a un conductor distra\u00eddo en un tel\u00e9fono m\u00f3vil enviando mensajes de texto o hablando, o que no es raro ver a un conductor distra\u00eddo operando un computador o un reproductor de DVD. Los mensajes de texto y la conducci\u00f3n distra\u00edda se han vuelto muy comunes, pero no son defendibles despu\u00e9s de que ha ocurrido un accidente.<\/p>\n<p>Si bien conducir ebrio y mandar mensajes de texto son dos causas catastr\u00f3ficas muy comunes de accidentes de auto, hay muchos otros comportamientos comunes que pueden ser calificados como de conducci\u00f3n imprudente. Exceder el l\u00edmite de velocidad, no obedecer las se\u00f1ales de tr\u00e1fico y se\u00f1ales, y conducir en estado de fatiga, son s\u00f3lo unos pocos. Los peligros de conducir demasiado r\u00e1pido en condiciones presentes de tiempo o de carretera tambi\u00e9n se pasan por alto.<\/p>\n<p>Si un conductor descaradamente hace caso omiso de la ley o conduce mientras est\u00e1 distra\u00eddo, los resultados muy a menudo son los mismos \u2013 muerte por lesiones o incluso de personas inocentes. Las v\u00edctimas tienen que saber que si han salido da\u00f1adas por un conductor imprudente, agresivo o negligente, ellos tienen el derecho legal a reclamar da\u00f1os y compensaci\u00f3n.<\/p>\n<p>Angel Reyes &#038; Associates sabe exactamente c\u00f3mo manejar estos reclamos de accidente. Conocemos la ley, lo que usted se merece legalmente y c\u00f3mo hacer frente a otras consecuencias de accidentes automovil\u00edsticos causados por el comportamiento negligente o imprudente de otro. Tambi\u00e9n sabemos lo que las compa\u00f1\u00eda de aseguranza est\u00e1n obligadas a proporcionarle a usted y le ayudar\u00e1 a completar y presentar toda la documentaci\u00f3n adecuada, evitar costosos errores y explicar a usted los t\u00e9rminos confusos usados por la compa\u00f1\u00eda de seguros. Nuestro trabajo continuar\u00e1 durante un juicio o hasta que se reciba un arreglo.<\/p>\n<p><strong>En Angel Reyes &#038; Associates, usted como nuestro cliente, siempre estar\u00e1 en primer lugar.<\/strong><\/p>\n<p><strong class=\"heading4\">Consulta Gratis: <\/strong><\/p>\n<p>Si usted o un ser querido ha estado en un accidente de auto causado por el comportamiento negligente o imprudente de otro, por favor p\u00f3ngase en <strong>contacto con nuestras oficinas al o llene nuestro Formulario de Contacto para Revisi\u00f3n del Caso<\/strong> que est\u00e1 a la derecha de esta p\u00e1gina, as\u00ed podemos ayudarle.<\/p>\n<\/div>\n<div class=\"subpageslist\"><\/div>\n","protected":false},"excerpt":{"rendered":"<p>Hacemos que los conductores distra\u00eddos y agresivos paguen as\u00ed usted puede recuperar su vida. Angel Reyes &#038; Associates entiende los peligros espantosos de manejar mientras se est\u00e1 intoxicado, mientras mensajes de texto o mientras se est\u00e1 distra\u00eddo de otras maneras, representa a las personas en la carretera. En el mundo actual, a muchos conductores no [&hellip;]<\/p>\n","protected":false},"author":29,"featured_media":40534,"parent":40695,"menu_order":0,"comment_status":"closed","ping_status":"closed","template":"dallas-es.php","meta":{"_acf_changed":true,"_eb_attr":"","inline_featured_image":false,"_uag_custom_page_level_css":"","footnotes":""},"class_list":["post-1987","page","type-page","status-publish","has-post-thumbnail","hentry"],"acf":[],"spectra_custom_meta":{"_wpml_media_featured":["0","0"],"_wpml_media_duplicate":["0","0"],"_edit_last":["31"],"_wp_page_template":["dallas-es.php"],"slide_template":["default"],"rrpc":[""],"_x_entry_body_css_class":[""],"_x_entry_alternate_index_title":[""],"_x_entry_disable_page_title":["off"],"_x_page_one_page_navigation":["Deactivated"],"_x_entry_bg_image_full":[""],"_x_entry_bg_image_full_fade":[""],"_x_entry_bg_image_full_duration":[""],"_x_slider_above":["Deactivated"],"_x_slider_above_bg_video":[""],"_x_slider_above_bg_video_poster":[""],"_x_slider_above_scroll_bottom_anchor_enable":["off"],"_x_slider_above_scroll_bottom_anchor_alignment":["top left"],"_x_slider_above_scroll_bottom_anchor_color":[""],"_x_slider_above_scroll_bottom_anchor_color_hover":[""],"_x_slider_below":["Deactivated"],"_x_slider_below_bg_video":[""],"_x_slider_below_bg_video_poster":[""],"_x_slider_below_scroll_bottom_anchor_enable":["off"],"_x_slider_below_scroll_bottom_anchor_alignment":["top left"],"_x_slider_below_scroll_bottom_anchor_color":[""],"_x_slider_below_scroll_bottom_anchor_color_hover":[""],"_x_portfolio_category_filters":["a:1:{i:0;s:14:\"All Categories\";}"],"_x_portfolio_columns":["Two"],"_x_portfolio_layout":["full-width"],"_x_portfolio_posts_per_page":["24"],"_x_portfolio_disable_filtering":["off"],"_yoast_wpseo_title":["Conducir en Forma Imprudente, Distra\u00eddo o Agresivamente | Reyeslaw.com"],"_yoast_wpseo_metadesc":["#1 Abogados, Angel Reyes & Associatese ayuda a recuperar compensaciones de condutores culpables agresivos y irresponsables. | Consulta Gratuita"],"_yoast_wpseo_content_score":["30"],"_last_translation_edit_mode":["native-editor"],"_wpml_word_count":["641"],"_alp_processed":["1565127965"],"rs_page_bg_color":["#ffffff"],"_edit_lock":["1748432394:31"],"_yoast_wpseo_estimated-reading-time-minutes":["3"],"_yoast_wpseo_wordproof_timestamp":[""],"_thumbnail_id":["40534"],"no_featured_image":[""],"_no_featured_image":["field_634dde41800f3"],"_wpml_media_has_media":["1"],"wpil_links_inbound_internal_count":["1"],"wpil_links_inbound_internal_count_data":["eJxlUsty2zAM\/BUP74qkxElc+NRJjn3deuTAJC1jQpEakqrq8fiTeuon5McKiorHnt4IcIHFLoDQwomg2X6H9hHEz4Gs\/Oq1sfILuTcB7QOcIjyDsBxK0mKbwREeQIzBCn61DBGHlIYIdT1N010wRxMtTnfK97WJNe58h9rHSpsKlSJtXDJzMCZfK+\/0qChUxlV7H3qsqB\/CuIAopoCkfeUr7IKJ9Av7\/FNn5jXz+pjmIe5BXPPm3AYEMTQ45Dl30JaKYa74T+2PnIZ2ndVyryJ03Tw\/bbiMoYmSNWL7rTRJx8GI634RnkDEhGmMBcSOsbLEs5b4sTgYLy2iHbsScKWypD7+NnNPSuRdSeRJfejQkZLsxn5P6lJoNCUfFlwLAtVe3vB+AtGbhFJjQrFFaOB0LnZRlNF4eRF2nhuiU4fckDfMEj5\/rCuutFm9zKtS9P7XrV7nzbz\/4b2KZUbU2mi5O8qBpZHLnjdFj\/UKi55bY9jqZrms6UBxMEGqYDCZy5llTTxovpQMu04zvXoj110dZU73Xo\/WyBv0\/UIyE\/9OJX8+\/wPxafzs"],"wpil_links_outbound_internal_count":["0"],"wpil_links_outbound_internal_count_data":["eJxLtDKwqq4FAAZPAf4="],"wpil_links_outbound_external_count":["0"],"wpil_links_outbound_external_count_data":["eJxLtDKwqq4FAAZPAf4="],"wpil_sync_report2_time":["2025-02-07T18:43:19+00:00"],"wpil_sync_report3":["1"],"rank_math_title":["Conducir en Forma Imprudente, Distra\u00eddo o Agresivamente | Reyeslaw.com"],"rank_math_description":["#1 Abogados, Angel Reyes & Associatese ayuda a recuperar compensaciones de condutores culpables agresivos y irresponsables. | Consulta Gratuita"],"rank_math_news_sitemap_robots":["index"],"rank_math_robots":["a:1:{i:0;s:5:\"index\";}"],"rank_math_seo_score":["8"],"rank_math_internal_links_processed":["1"],"_acf_changed":["1"],"footnotes":[""],"_ez-toc-disabled":[""],"_ez-toc-insert":[""],"_ez-toc-header-label":[""],"_ez-toc-alignment":["none"],"_ez-toc-heading-levels":["a:0:{}"],"_ez-toc-alttext":[""],"_ez-toc-visibility_hide_by_default":[""],"_ez-toc-hide_counter":[""],"_ez-toc-exclude":[""],"_ez-toc-position-specific":[""],"h1":["Conducir en Forma Imprudente, Distra\u00eddo o Agresivamente"],"_h1":["field_6806152ab52ff"],"hefo_before":["0"],"hefo_after":["0"],"_eb_reusable_block_ids":["a:0:{}"],"_uag_css_file_name":["uag-css-1987.css"],"_elementor_page_assets":["a:0:{}"],"_uag_page_assets":["a:9:{s:3:\"css\";s:263:\".uag-blocks-common-selector{z-index:var(--z-index-desktop) !important}@media (max-width: 976px){.uag-blocks-common-selector{z-index:var(--z-index-tablet) !important}}@media (max-width: 767px){.uag-blocks-common-selector{z-index:var(--z-index-mobile) !important}}\n\";s:2:\"js\";s:0:\"\";s:18:\"current_block_list\";a:7:{i:0;s:11:\"core\/search\";i:1;s:10:\"core\/group\";i:2;s:12:\"core\/heading\";i:3;s:17:\"core\/latest-posts\";i:4;s:20:\"core\/latest-comments\";i:5;s:13:\"core\/archives\";i:6;s:15:\"core\/categories\";}s:8:\"uag_flag\";b:0;s:11:\"uag_version\";s:10:\"1776467228\";s:6:\"gfonts\";a:0:{}s:10:\"gfonts_url\";s:0:\"\";s:12:\"gfonts_files\";a:0:{}s:14:\"uag_faq_layout\";b:0;}"]},"uagb_featured_image_src":{"full":["https:\/\/www.reyeslaw.com\/wp-content\/uploads\/2022\/10\/distracted-driving.jpg",739,278,false],"thumbnail":["https:\/\/www.reyeslaw.com\/wp-content\/uploads\/2022\/10\/distracted-driving-150x150.jpg",150,150,true],"medium":["https:\/\/www.reyeslaw.com\/wp-content\/uploads\/2022\/10\/distracted-driving-300x113.jpg",300,113,true],"medium_large":["https:\/\/www.reyeslaw.com\/wp-content\/uploads\/2022\/10\/distracted-driving.jpg",739,278,false],"large":["https:\/\/www.reyeslaw.com\/wp-content\/uploads\/2022\/10\/distracted-driving.jpg",739,278,false],"1536x1536":["https:\/\/www.reyeslaw.com\/wp-content\/uploads\/2022\/10\/distracted-driving.jpg",739,278,false],"2048x2048":["https:\/\/www.reyeslaw.com\/wp-content\/uploads\/2022\/10\/distracted-driving.jpg",739,278,false],"dx-single-featured-sm":["https:\/\/www.reyeslaw.com\/wp-content\/uploads\/2022\/10\/distracted-driving.jpg",420,158,false],"dx-single-featured":["https:\/\/www.reyeslaw.com\/wp-content\/uploads\/2022\/10\/distracted-driving.jpg",739,278,false],"gform-image-choice-sm":["https:\/\/www.reyeslaw.com\/wp-content\/uploads\/2022\/10\/distracted-driving.jpg",300,113,false],"gform-image-choice-md":["https:\/\/www.reyeslaw.com\/wp-content\/uploads\/2022\/10\/distracted-driving.jpg",400,150,false],"gform-image-choice-lg":["https:\/\/www.reyeslaw.com\/wp-content\/uploads\/2022\/10\/distracted-driving.jpg",600,226,false]},"uagb_author_info":{"display_name":"Elliot Johnson","author_link":"https:\/\/www.reyeslaw.com\/es\/author\/elliotjohnsonks\/"},"uagb_comment_info":0,"uagb_excerpt":"Hacemos que los conductores distra\u00eddos y agresivos paguen as\u00ed usted puede recuperar su vida. Angel Reyes &#038; Associates entiende los peligros espantosos de manejar mientras se est\u00e1 intoxicado, mientras mensajes de texto o mientras se est\u00e1 distra\u00eddo de otras maneras, representa a las personas en la carretera. En el mundo actual, a muchos conductores no&hellip;","_links":{"self":[{"href":"https:\/\/www.reyeslaw.com\/es\/wp-json\/wp\/v2\/pages\/1987","targetHints":{"allow":["GET"]}}],"collection":[{"href":"https:\/\/www.reyeslaw.com\/es\/wp-json\/wp\/v2\/pages"}],"about":[{"href":"https:\/\/www.reyeslaw.com\/es\/wp-json\/wp\/v2\/types\/page"}],"author":[{"embeddable":true,"href":"https:\/\/www.reyeslaw.com\/es\/wp-json\/wp\/v2\/users\/29"}],"replies":[{"embeddable":true,"href":"https:\/\/www.reyeslaw.com\/es\/wp-json\/wp\/v2\/comments?post=1987"}],"version-history":[{"count":0,"href":"https:\/\/www.reyeslaw.com\/es\/wp-json\/wp\/v2\/pages\/1987\/revisions"}],"up":[{"embeddable":true,"href":"https:\/\/www.reyeslaw.com\/es\/wp-json\/wp\/v2\/pages\/40695"}],"wp:featuredmedia":[{"embeddable":true,"href":"https:\/\/www.reyeslaw.com\/es\/wp-json\/wp\/v2\/media\/40534"}],"wp:attachment":[{"href":"https:\/\/www.reyeslaw.com\/es\/wp-json\/wp\/v2\/media?parent=1987"}],"curies":[{"name":"wp","href":"https:\/\/api.w.org\/{rel}","templated":true}]}}