{"id":1989,"date":"2018-10-25T10:10:58","date_gmt":"2018-10-25T15:10:58","guid":{"rendered":"https:\/\/www.reyeslaw.com\/?page_id=1989"},"modified":"2023-07-03T08:41:04","modified_gmt":"2023-07-03T08:41:04","slug":"politicas-de-privacidad","status":"publish","type":"page","link":"https:\/\/www.reyeslaw.com\/es\/politicas-de-privacidad\/","title":{"rendered":"Pol\u00edticas de Privacidad de Angel Reyes &#038; Associatese"},"content":{"rendered":"<p><span style=\"font-weight: 400;\">Estas pol\u00edticas de privacidad se han realizado para brindar un mejor servicio a aquellos que est\u00e1n preocupados por c\u00f3mo se usa en l\u00ednea su &#8220;Informaci\u00f3n de identificaci\u00f3n personal&#8221; (PII). La PII, tal como se describe en la ley de privacidad y seguridad de la informaci\u00f3n de EE. UU., es informaci\u00f3n que se puede usar sola o con otra informaci\u00f3n para identificar, contactar o ubicar a una sola persona, o para identificar a una persona en contexto. Lea nuestra pol\u00edtica de privacidad detenidamente para comprender claramente c\u00f3mo recopilamos, usamos, protegemos o manejamos su informaci\u00f3n de identificaci\u00f3n personal de acuerdo con nuestro sitio web.<\/span><\/p>\n<p><b>\u00bfQu\u00e9 informaci\u00f3n personal recopilamos de las personas que visitan nuestro blog, sitio web o aplicaci\u00f3n?<\/b><\/p>\n<p><span style=\"font-weight: 400;\">Al realizar registrarse en nuestro sitio, seg\u00fan corresponda, se le puede solicitar que ingrese su nombre, direcci\u00f3n de correo electr\u00f3nico, n\u00famero de tel\u00e9fono, informaci\u00f3n sobre el caso potencial u otros detalles para ayudarlo con su experiencia.<\/span><\/p>\n<p><b>\u00bfCu\u00e1ndo recopilamos informaci\u00f3n?<\/b><\/p>\n<p><span style=\"font-weight: 400;\">Recopilamos informaci\u00f3n sobre usted cuando se suscribe a un bolet\u00edn informativo, responde a una encuesta, completa un formulario, usa el chat en vivo o ingresa informaci\u00f3n en nuestro sitio.<\/span><\/p>\n<p><span style=\"font-weight: 400;\">Dejanos comentarios sobre nuestros productos o servicios.<\/span><\/p>\n<p><b>\u00bfC\u00f3mo usamos su informaci\u00f3n?<\/b><\/p>\n<p><span style=\"font-weight: 400;\">Podemos usar la informaci\u00f3n que recopilamos de usted cuando se registra, realiza una compra, se suscribe a nuestro bolet\u00edn informativo, responde a una encuesta, navega por el sitio web o usa ciertas funciones del sitio de las siguientes maneras:<\/span><\/p>\n<ul>\n<li style=\"font-weight: 400;\" aria-level=\"1\"><span style=\"font-weight: 400;\">Para personalizar su experiencia y permitirnos entregar el tipo de contenido y ofertas de productos en los que est\u00e1 m\u00e1s interesado.<\/span><\/li>\n<li style=\"font-weight: 400;\" aria-level=\"1\"><span style=\"font-weight: 400;\">Para permitirnos brindarle un mejor servicio al responder a sus solicitudes de servicio al cliente.<\/span><\/li>\n<li style=\"font-weight: 400;\" aria-level=\"1\"><span style=\"font-weight: 400;\">Para solicitar calificaciones y rese\u00f1as de servicios o productos<\/span><\/li>\n<li style=\"font-weight: 400;\" aria-level=\"1\"><span style=\"font-weight: 400;\">Para hacer un seguimiento despu\u00e9s de un chat en vivo, correo electr\u00f3nico o consultas telef\u00f3nicas<\/span><\/li>\n<\/ul>\n<p><b>\u00bfC\u00f3mo protegemos tu informaci\u00f3n?<\/b><\/p>\n<ul>\n<li style=\"font-weight: 400;\" aria-level=\"1\"><span style=\"font-weight: 400;\">No utilizamos escaneo de vulnerabilidades y\/o escaneo seg\u00fan est\u00e1ndares PCI.<\/span><\/li>\n<li style=\"font-weight: 400;\" aria-level=\"1\"><span style=\"font-weight: 400;\">Nunca pedimos n\u00fameros de tarjetas de cr\u00e9dito.<\/span><\/li>\n<li style=\"font-weight: 400;\" aria-level=\"1\"><span style=\"font-weight: 400;\">Usamos escaneo de malware regular.<\/span><\/li>\n<li style=\"font-weight: 400;\" aria-level=\"1\"><span style=\"font-weight: 400;\">No utilizamos un certificado SSL<\/span><\/li>\n<li style=\"font-weight: 400;\" aria-level=\"1\"><span style=\"font-weight: 400;\">Nunca solicitamos informaci\u00f3n personal o privada como nombres, direcciones de correo electr\u00f3nico o n\u00fameros de tarjetas de cr\u00e9dito.<\/span><\/li>\n<\/ul>\n<p><b>\u00bfUtilizamos &#8216;cookies&#8217;?<\/b><\/p>\n<p><span style=\"font-weight: 400;\">S\u00ed. Las cookies son peque\u00f1os archivos que un sitio o su proveedor de servicios transfiere al disco duro de su computadora a trav\u00e9s de su navegador web (si lo permite) que permite que los sistemas del sitio o del proveedor de servicios reconozcan su navegador y capturen y recuerden cierta informaci\u00f3n. Por ejemplo, usamos cookies para ayudarnos a recordar y procesar los art\u00edculos en su carrito de compras. Tambi\u00e9n se utilizan para ayudarnos a comprender sus preferencias en funci\u00f3n de la actividad anterior o actual del sitio, lo que nos permite brindarle servicios mejorados. Tambi\u00e9n usamos cookies para ayudarnos a recopilar datos agregados sobre el tr\u00e1fico del sitio y la interacci\u00f3n del sitio para que podamos ofrecer mejores experiencias y herramientas en el futuro. <\/span><b>Usamos cookies para:<\/b><\/p>\n<ul>\n<li style=\"font-weight: 400;\" aria-level=\"1\"><span style=\"font-weight: 400;\">Comprender y guardar las preferencias del usuario para futuras visitas.<\/span><\/li>\n<li style=\"font-weight: 400;\" aria-level=\"1\"><span style=\"font-weight: 400;\">Llevar un registro de los anuncios.<\/span><\/li>\n<li style=\"font-weight: 400;\" aria-level=\"1\"><span style=\"font-weight: 400;\">Registrar datos agregados sobre el tr\u00e1fico del sitio y las interacciones del sitio para ofrecer mejores experiencias y herramientas en el futuro.&nbsp;<\/span><\/li>\n<\/ul>\n<p><span style=\"font-weight: 400;\">Puede elegir que su computadora le avise cada vez que se env\u00eda una cookie, o puede optar por desactivar todas las cookies. Usted hace esto a trav\u00e9s de la configuraci\u00f3n de su navegador.&nbsp;<\/span><\/p>\n<p><b>Si los usuarios deshabilitan las cookies en su navegador:<\/b><\/p>\n<p><span style=\"font-weight: 400;\">Si desactiva las cookies, es posible que algunas de las funciones que hacen que su experiencia en el sitio sea m\u00e1s eficiente no funcionen correctamente. Algunas de las funciones que hacen que su experiencia en el sitio sea m\u00e1s eficiente pueden no funcionar correctamente.<\/span><\/p>\n<p><b>Divulgaci\u00f3n de terceros<\/b><\/p>\n<p><span style=\"font-weight: 400;\">No vendemos, intercambiamos ni transferimos a terceros su informaci\u00f3n de identificaci\u00f3n personal a menos que proporcionemos a los usuarios un aviso previo. Esto no incluye a los socios de alojamiento de sitios web y otras partes que nos ayuden a operar nuestro sitio web, llevar a cabo nuestro negocio o servir a nuestros usuarios, siempre que esas partes acuerden mantener la confidencialidad de esta informaci\u00f3n. Tambi\u00e9n podemos divulgar informaci\u00f3n cuando sea apropiado para cumplir con la ley, hacer cumplir las pol\u00edticas de nuestro sitio o proteger nuestros derechos, propiedad o seguridad o los de otros.<\/span><\/p>\n<p><b>Hemos implementado lo siguiente:<\/b><\/p>\n<ul>\n<li style=\"font-weight: 400;\" aria-level=\"1\"><span style=\"font-weight: 400;\">Remarketing con Google AdSense<\/span><\/li>\n<li style=\"font-weight: 400;\" aria-level=\"1\"><span style=\"font-weight: 400;\">Informes de impresiones de la Red de Display de Google<\/span><\/li>\n<\/ul>\n<p><span style=\"font-weight: 400;\">Nosotros, junto con proveedores externos como Google, utilizamos cookies propias (como las cookies de Google Analytics) y cookies de terceros (como la cookie de DoubleClick) u otros identificadores de terceros para recopilar datos sobre las interacciones del usuario con impresiones de anuncios y otras funciones del servicio de anuncios en relaci\u00f3n con nuestro sitio web.<\/span><\/p>\n<p><b>Optar por no participar:<\/b><\/p>\n<p><span style=\"font-weight: 400;\">Los usuarios pueden establecer preferencias sobre c\u00f3mo Google se anuncia mediante la p\u00e1gina de configuraci\u00f3n de anuncios de Google. Alternativamente, puede optar por no participar visitando la p\u00e1gina de exclusi\u00f3n de la iniciativa de publicidad en la red o utilizando el complemento del navegador de exclusi\u00f3n de Google Analytics.<\/span><\/p>\n<p><b>Ley de protecci\u00f3n de la privacidad en l\u00ednea de California<\/b><\/p>\n<p><span style=\"font-weight: 400;\">CalOPPA es la primera ley estatal del pa\u00eds que exige que los sitios web comerciales y los servicios en l\u00ednea publiquen una pol\u00edtica de privacidad. El alcance de la ley se extiende mucho m\u00e1s all\u00e1 de California para exigir a cualquier persona o empresa en los Estados Unidos (y posiblemente en el mundo) que opere sitios web que recopilen informaci\u00f3n de identificaci\u00f3n personal de los consumidores de California que publique una pol\u00edtica de privacidad visible en su sitio web que indique exactamente la informaci\u00f3n que se recopila y los personas o empresas con las que se comparte. \u2013 Ver m\u00e1s en: <\/span><a href=\"https:\/\/consumercal.org\/california-online-privacy-protection-act-caloppa\/#sthash.0FdRbT51.dpuf\" target=\"_blank\" rel=\"noopener\"><span style=\"font-weight: 400;\">https:\/\/consumercal.org\/california-online-privacy-protection-act-caloppa\/#sthash.0FdRbT51.dpuf<\/span><\/a><\/p>\n<p><b>Seg\u00fan CalOPPA, aceptamos lo siguiente:<\/b><\/p>\n<p><span style=\"font-weight: 400;\">Los usuarios pueden visitar nuestro sitio de forma an\u00f3nima.<\/span><\/p>\n<p><span style=\"font-weight: 400;\">Una vez que se crea esta pol\u00edtica de privacidad, agregaremos un enlace a ella en nuestra p\u00e1gina de inicio o, como m\u00ednimo, en la primera p\u00e1gina significativa despu\u00e9s de ingresar a nuestro sitio web.<\/span><\/p>\n<p><span style=\"font-weight: 400;\">El enlace de nuestra Pol\u00edtica de privacidad incluye la palabra &#8220;Privacidad&#8221; y se puede encontrar f\u00e1cilmente en la p\u00e1gina especificada anteriormente.<\/span><\/p>\n<p><span style=\"font-weight: 400;\">Se le notificar\u00e1 de cualquier cambio en la Pol\u00edtica de privacidad:<\/span><\/p>\n<ul>\n<li style=\"font-weight: 400;\" aria-level=\"1\"><span style=\"font-weight: 400;\">En nuestra p\u00e1gina de pol\u00edtica de privacidad<\/span><\/li>\n<li style=\"font-weight: 400;\" aria-level=\"1\"><span style=\"font-weight: 400;\">Puede cambiar su informaci\u00f3n personal:<\/span><\/li>\n<li style=\"font-weight: 400;\" aria-level=\"1\"><span style=\"font-weight: 400;\">Envi\u00e1ndonos un correo electr\u00f3nico<\/span><\/li>\n<li style=\"font-weight: 400;\" aria-level=\"1\"><span style=\"font-weight: 400;\">al llamarnos<\/span><\/li>\n<li style=\"font-weight: 400;\" aria-level=\"1\"><span style=\"font-weight: 400;\">Chateando con nosotros o envi\u00e1ndonos un ticket de soporte<\/span><\/li>\n<\/ul>\n<p><b>\u00bfC\u00f3mo maneja nuestro sitio las se\u00f1ales de No rastrear?<\/b><\/p>\n<p><span style=\"font-weight: 400;\">Respetamos las se\u00f1ales de No rastrear y No rastrear, plantar cookies o usar publicidad cuando se implementa un mecanismo de navegador No rastrear (DNT).<\/span><\/p>\n<p><b>\u00bfNuestro sitio permite el seguimiento del comportamiento de terceros?<\/b><\/p>\n<p><span style=\"font-weight: 400;\">Tambi\u00e9n es importante tener en cuenta que permitimos el seguimiento del comportamiento de terceros<\/span><\/p>\n<p><span style=\"font-weight: 400;\">COPPA (Ley de protecci\u00f3n de la privacidad de los ni\u00f1os en l\u00ednea)<\/span><\/p>\n<p><span style=\"font-weight: 400;\">Cuando se trata de la recopilaci\u00f3n de informaci\u00f3n personal de ni\u00f1os menores de 13 a\u00f1os, la Ley de protecci\u00f3n de la privacidad en l\u00ednea de los ni\u00f1os (COPPA) pone a los padres en control. La Comisi\u00f3n Federal de Comercio, la agencia de protecci\u00f3n al consumidor de los Estados Unidos, hace cumplir la Regla COPPA, que detalla lo que deben hacer los operadores de sitios web y servicios en l\u00ednea para proteger la privacidad y seguridad de los ni\u00f1os en l\u00ednea.<\/span><\/p>\n<p><span style=\"font-weight: 400;\">No comercializamos espec\u00edficamente para ni\u00f1os menores de 13 a\u00f1os.<\/span><\/p>\n<p><b>Pr\u00e1cticas justas de informaci\u00f3n<\/b><\/p>\n<p><span style=\"font-weight: 400;\">Los Principios de pr\u00e1cticas justas de informaci\u00f3n forman la columna vertebral de la ley de privacidad en los Estados Unidos y los conceptos que incluyen han jugado un papel importante en el desarrollo de las leyes de protecci\u00f3n de datos en todo el mundo. Comprender los Principios de pr\u00e1cticas justas de informaci\u00f3n y c\u00f3mo deben implementarse es fundamental para cumplir con las diversas leyes de privacidad que protegen la informaci\u00f3n personal.<\/span><\/p>\n<p><b>Para estar en l\u00ednea con las pr\u00e1cticas justas de informaci\u00f3n, tomaremos las siguientes medidas de respuesta, en caso de que ocurra una violaci\u00f3n de datos:<\/b><\/p>\n<ul>\n<li style=\"font-weight: 400;\" aria-level=\"1\"><span style=\"font-weight: 400;\">Notificaremos a los usuarios a trav\u00e9s de una notificaci\u00f3n en el sitio.<\/span><\/li>\n<li style=\"font-weight: 400;\" aria-level=\"1\"><span style=\"font-weight: 400;\">Dentro de 7 d\u00edas h\u00e1biles<\/span><\/li>\n<\/ul>\n<p><span style=\"font-weight: 400;\">Tambi\u00e9n estamos de acuerdo con el Principio de reparaci\u00f3n individual que exige que las personas tengan derecho a ejercer legalmente derechos exigibles contra los recopiladores y procesadores de datos que no cumplan con la ley. Este principio requiere no solo que las personas tengan derechos exigibles contra los usuarios de datos, sino tambi\u00e9n que las personas puedan recurrir a los tribunales o agencias gubernamentales para investigar y\/o enjuiciar el incumplimiento por parte de los procesadores de datos.<\/span><\/p>\n<p><b>Ley CAN SPAM<\/b><\/p>\n<p><span style=\"font-weight: 400;\">La Ley CAN-SPAM es una ley que establece las reglas para el correo electr\u00f3nico comercial, establece los requisitos para los mensajes comerciales, otorga a los destinatarios el derecho a que se detenga el env\u00edo de correos electr\u00f3nicos y establece sanciones severas por violaciones.<\/span><\/p>\n<p><b>Recopilamos su direcci\u00f3n de correo electr\u00f3nico para:<\/b><\/p>\n<ul>\n<li style=\"font-weight: 400;\" aria-level=\"1\"><span style=\"font-weight: 400;\">Enviar informaci\u00f3n, responder consultas y\/u otras solicitudes o preguntas<\/span><\/li>\n<li style=\"font-weight: 400;\" aria-level=\"1\"><span style=\"font-weight: 400;\">Comercialice a nuestra lista de correo o contin\u00fae enviando correos electr\u00f3nicos a nuestros clientes despu\u00e9s de que se haya producido la transacci\u00f3n original.<\/span><\/li>\n<\/ul>\n<p><span style=\"font-weight: 400;\">Para estar de acuerdo con CANSPAM, aceptamos lo siguiente:<\/span><\/p>\n<ul>\n<li style=\"font-weight: 400;\" aria-level=\"1\"><span style=\"font-weight: 400;\">No utilizar asuntos o direcciones de correo electr\u00f3nico falsos o enga\u00f1osos.<\/span><\/li>\n<li style=\"font-weight: 400;\" aria-level=\"1\"><span style=\"font-weight: 400;\">Identifique el mensaje como un anuncio de alguna manera razonable.<\/span><\/li>\n<li style=\"font-weight: 400;\" aria-level=\"1\"><span style=\"font-weight: 400;\">Incluya la direcci\u00f3n f\u00edsica de nuestra sede comercial o del sitio.<\/span><\/li>\n<li style=\"font-weight: 400;\" aria-level=\"1\"><span style=\"font-weight: 400;\">Supervise el cumplimiento de los servicios de marketing por correo electr\u00f3nico de terceros, si se utiliza uno.<\/span><\/li>\n<li style=\"font-weight: 400;\" aria-level=\"1\"><span style=\"font-weight: 400;\">Respete las solicitudes de exclusi\u00f3n\/cancelaci\u00f3n de suscripci\u00f3n r\u00e1pidamente.<\/span><\/li>\n<li style=\"font-weight: 400;\" aria-level=\"1\"><span style=\"font-weight: 400;\">Permita que los usuarios se den de baja usando el enlace que se encuentra en la parte inferior de cada correo electr\u00f3nico.<\/span><\/li>\n<\/ul>\n<p><b>Si en alg\u00fan momento desea darse de baja de recibir futuros correos electr\u00f3nicos, puede enviarnos un correo electr\u00f3nico a<\/b><\/p>\n<ul>\n<li style=\"font-weight: 400;\" aria-level=\"1\"><span style=\"font-weight: 400;\">Siga las instrucciones en la parte inferior de cada correo electr\u00f3nico y lo eliminaremos de inmediato de TODA la correspondencia.<\/span><\/li>\n<\/ul>\n<p><b>Cont\u00e1ctenos<\/b><\/p>\n<p><span style=\"font-weight: 400;\">Si tiene alguna pregunta con respecto a esta pol\u00edtica de privacidad, puede comunicarse con nosotros utilizando la informaci\u00f3n a continuaci\u00f3n.<\/span><\/p>\n","protected":false},"excerpt":{"rendered":"<p>Estas pol\u00edticas de privacidad se han realizado para brindar un mejor servicio a aquellos que est\u00e1n preocupados por c\u00f3mo se usa en l\u00ednea su &#8220;Informaci\u00f3n de identificaci\u00f3n personal&#8221; (PII). La PII, tal como se describe en la ley de privacidad y seguridad de la informaci\u00f3n de EE. UU., es informaci\u00f3n que se puede usar sola [&hellip;]<\/p>\n","protected":false},"author":29,"featured_media":0,"parent":0,"menu_order":0,"comment_status":"closed","ping_status":"closed","template":"","meta":{"_acf_changed":false,"_eb_attr":"","inline_featured_image":false,"_uag_custom_page_level_css":"","footnotes":""},"class_list":["post-1989","page","type-page","status-publish","hentry"],"acf":[],"spectra_custom_meta":{"_wpml_media_featured":["1","1"],"_wpml_media_duplicate":["1","1"],"_edit_last":["19"],"_wp_page_template":["default"],"slide_template":[""],"rrpc":["a:3:{s:9:\"introText\";s:0:\"\";s:10:\"introImage\";s:0:\"\";s:6:\"markup\";s:0:\"\";}"],"_x_entry_body_css_class":[""],"_x_entry_alternate_index_title":[""],"_x_entry_disable_page_title":["off"],"_x_page_one_page_navigation":["Deactivated"],"_x_entry_bg_image_full":[""],"_x_entry_bg_image_full_fade":[""],"_x_entry_bg_image_full_duration":[""],"_x_slider_above":["Deactivated"],"_x_slider_above_bg_video":[""],"_x_slider_above_bg_video_poster":[""],"_x_slider_above_scroll_bottom_anchor_enable":["off"],"_x_slider_above_scroll_bottom_anchor_alignment":["top left"],"_x_slider_above_scroll_bottom_anchor_color":[""],"_x_slider_above_scroll_bottom_anchor_color_hover":[""],"_x_slider_below":["Deactivated"],"_x_slider_below_bg_video":[""],"_x_slider_below_bg_video_poster":[""],"_x_slider_below_scroll_bottom_anchor_enable":["off"],"_x_slider_below_scroll_bottom_anchor_alignment":["top left"],"_x_slider_below_scroll_bottom_anchor_color":[""],"_x_slider_below_scroll_bottom_anchor_color_hover":[""],"_x_portfolio_category_filters":["a:1:{i:0;s:14:\"All Categories\";}"],"_x_portfolio_columns":["Two"],"_x_portfolio_layout":["full-width"],"_x_portfolio_posts_per_page":["24"],"_x_portfolio_disable_filtering":["off"],"_yoast_wpseo_title":["Pol\u00edticas de Privacidad de Angel Reyes & Associatese | Reyeslaw.com"],"_yoast_wpseo_metadesc":["Consulta Gratuita - Angel Reyes & Associates ayuda a las v\u00edctimas y sus familias a recibir una compensaci\u00f3n por sus lesiones. Pol\u00edticas de Privacidad de Angel Reyes & Associatese - Dallas Abogado de Lesion"],"_wpml_word_count":["1838"],"_wpml_location_migration_done":["1"],"_last_translation_edit_mode":["native-editor"],"_alp_processed":["1565128107"],"_edit_lock":["1688373666:19"],"_yoast_wpseo_estimated-reading-time-minutes":["8"],"_yoast_wpseo_wordproof_timestamp":[""],"no_featured_image":["a:1:{i:0;s:11:\"no-featured\";}"],"_no_featured_image":["field_634dde41800f3"],"_yoast_wpseo_content_score":["30"],"saswp_schema_type_product_pros_enable_cons":["0"],"_ez-toc-disabled":[""],"_ez-toc-insert":[""],"_ez-toc-heading-levels":["a:0:{}"],"_ez-toc-alttext":[""],"_ez-toc-exclude":[""],"hefo_before":["0"],"hefo_after":["0"],"rank_math_title":["Pol\u00edticas de Privacidad de Angel Reyes & Associatese | Reyeslaw.com"],"rank_math_description":["Consulta Gratuita - Angel Reyes & Associates ayuda a las v\u00edctimas y sus familias a recibir una compensaci\u00f3n por sus lesiones. Pol\u00edticas de Privacidad de Angel Reyes & Associatese - Dallas Abogado de Lesion"],"rank_math_news_sitemap_robots":["index"],"rank_math_robots":["a:1:{i:0;s:5:\"index\";}"],"rank_math_internal_links_processed":["1"],"_eb_reusable_block_ids":["a:0:{}"],"_uag_css_file_name":["uag-css-1989.css"],"_uag_page_assets":["a:9:{s:3:\"css\";s:260:\".uag-blocks-common-selector{z-index:var(--z-index-desktop) !important}@media(max-width: 976px){.uag-blocks-common-selector{z-index:var(--z-index-tablet) !important}}@media(max-width: 767px){.uag-blocks-common-selector{z-index:var(--z-index-mobile) !important}}\";s:2:\"js\";s:0:\"\";s:18:\"current_block_list\";a:7:{i:0;s:11:\"core\/search\";i:1;s:10:\"core\/group\";i:2;s:12:\"core\/heading\";i:3;s:17:\"core\/latest-posts\";i:4;s:20:\"core\/latest-comments\";i:5;s:13:\"core\/archives\";i:6;s:15:\"core\/categories\";}s:8:\"uag_flag\";b:0;s:11:\"uag_version\";s:10:\"1777423457\";s:6:\"gfonts\";a:0:{}s:10:\"gfonts_url\";s:0:\"\";s:12:\"gfonts_files\";a:0:{}s:14:\"uag_faq_layout\";b:0;}"],"_elementor_page_assets":["a:0:{}"]},"uagb_featured_image_src":{"full":false,"thumbnail":false,"medium":false,"medium_large":false,"large":false,"1536x1536":false,"2048x2048":false,"dx-single-featured-sm":false,"dx-single-featured":false,"gform-image-choice-sm":false,"gform-image-choice-md":false,"gform-image-choice-lg":false},"uagb_author_info":{"display_name":"Elliot Johnson","author_link":"https:\/\/www.reyeslaw.com\/es\/author\/elliotjohnsonks\/"},"uagb_comment_info":0,"uagb_excerpt":"Estas pol\u00edticas de privacidad se han realizado para brindar un mejor servicio a aquellos que est\u00e1n preocupados por c\u00f3mo se usa en l\u00ednea su &#8220;Informaci\u00f3n de identificaci\u00f3n personal&#8221; (PII). La PII, tal como se describe en la ley de privacidad y seguridad de la informaci\u00f3n de EE. UU., es informaci\u00f3n que se puede usar sola&hellip;","_links":{"self":[{"href":"https:\/\/www.reyeslaw.com\/es\/wp-json\/wp\/v2\/pages\/1989","targetHints":{"allow":["GET"]}}],"collection":[{"href":"https:\/\/www.reyeslaw.com\/es\/wp-json\/wp\/v2\/pages"}],"about":[{"href":"https:\/\/www.reyeslaw.com\/es\/wp-json\/wp\/v2\/types\/page"}],"author":[{"embeddable":true,"href":"https:\/\/www.reyeslaw.com\/es\/wp-json\/wp\/v2\/users\/29"}],"replies":[{"embeddable":true,"href":"https:\/\/www.reyeslaw.com\/es\/wp-json\/wp\/v2\/comments?post=1989"}],"version-history":[{"count":0,"href":"https:\/\/www.reyeslaw.com\/es\/wp-json\/wp\/v2\/pages\/1989\/revisions"}],"wp:attachment":[{"href":"https:\/\/www.reyeslaw.com\/es\/wp-json\/wp\/v2\/media?parent=1989"}],"curies":[{"name":"wp","href":"https:\/\/api.w.org\/{rel}","templated":true}]}}