{"id":2021,"date":"2018-10-25T10:27:19","date_gmt":"2018-10-25T15:27:19","guid":{"rendered":"https:\/\/www.reyeslaw.com\/?page_id=2021"},"modified":"2025-05-28T11:34:46","modified_gmt":"2025-05-28T11:34:46","slug":"volcamiento","status":"publish","type":"page","link":"https:\/\/www.reyeslaw.com\/es\/dallas\/accidentes-de-auto\/volcamiento\/","title":{"rendered":"Accidentes por Volcamiento &#038; Aplastamientos de Techo"},"content":{"rendered":"<div class=\"description\">\n<p><span style=\"font-size: revert; color: initial; font-family: -apple-system, BlinkMacSystemFont, 'Segoe UI', Roboto, Oxygen-Sans, Ubuntu, Cantarell, 'Helvetica Neue', sans-serif;\">Las v\u00edctimas que tratan de manejar sus casos solos pueden enfrentar largas demoras. Miles de personas se lesionan o mueren en accidentes de aplastamiento del techo debido a vuelcos de veh\u00edculos. Las v\u00edctimas de este tipo de accidentes pueden encontrar sus vidas en un caos total. Salarios perdidos, gastos m\u00e9dicos, reparaciones de autom\u00f3viles y el sufrimiento durante el proceso de rehabilitaci\u00f3n puede ser f\u00edsico, econ\u00f3mico y emocionalmente agotador.<\/span><\/p>\n<p><img fetchpriority=\"high\" decoding=\"async\" class=\" wp-image-41120\" src=\"https:\/\/www.reyeslaw.com\/wp-content\/uploads\/2022\/11\/bigstock-Car-Accident-Place-On-A-Bend-399510362-300x200.jpg\" alt=\"\" width=\"414\" height=\"276\" srcset=\"https:\/\/www.reyeslaw.com\/wp-content\/uploads\/2022\/11\/bigstock-Car-Accident-Place-On-A-Bend-399510362-300x200.jpg 300w, https:\/\/www.reyeslaw.com\/wp-content\/uploads\/2022\/11\/bigstock-Car-Accident-Place-On-A-Bend-399510362-1024x683.jpg 1024w, https:\/\/www.reyeslaw.com\/wp-content\/uploads\/2022\/11\/bigstock-Car-Accident-Place-On-A-Bend-399510362-768x512.jpg 768w, https:\/\/www.reyeslaw.com\/wp-content\/uploads\/2022\/11\/bigstock-Car-Accident-Place-On-A-Bend-399510362-1536x1024.jpg 1536w, https:\/\/www.reyeslaw.com\/wp-content\/uploads\/2022\/11\/bigstock-Car-Accident-Place-On-A-Bend-399510362-2048x1365.jpg 2048w\" sizes=\"(max-width: 414px) 100vw, 414px\" \/><\/p>\n<p>Con demasiada frecuencia, los accidentes de vuelco son el resultado de fallas mec\u00e1nicas tales como defectos de los neum\u00e1ticos de rodadura o el dise\u00f1o pobre de la estabilidad. En tales casos, las v\u00edctimas de accidentes de vuelco a menudo se encuentran peleando con los fabricantes de autom\u00f3viles y todo su equipo de abogados. Las v\u00edctimas que tratan de manejar sus casos solo pueden enfrentarse a largas demoras, confundiendo tr\u00e1mites y procedimientos y obligaciones incumplidas.<\/p>\n<p>Incluso si un accidente es simplemente una cuesti\u00f3n de conducci\u00f3n descuidada, la compa\u00f1\u00eda de seguros del conductor culpable puede ser responsable de los gastos m\u00e9dicos de la v\u00edctima, la p\u00e9rdida de salarios, arriendo de autos, dolor y sufrimiento. Es imperativo que las v\u00edctimas de accidentes de aplastamiento del techo conozcan sus derechos y reciben tratamiento adecuado para hacer frente a la compa\u00f1\u00eda de seguros.<\/p>\n<p><strong>Elegir a Angel Reyes &#038; Associates para manejar un reclamo por volcamiento o aplastamiento de techo es beneficioso porque:<\/strong><\/p>\n<ul>\n<li>Conocemos las leyes, lo que las v\u00edctimas merecen legalmente y lo que las compa\u00f1\u00edas de seguro est\u00e1n obligados a proporcionar<\/li>\n<li>Podemos ayudar a las v\u00edctimas a completar y presentar toda la documentaci\u00f3n apropiada, evitando errores costosos y explicando todo en ingl\u00e9s<\/li>\n<li>Trabajaremos con usted durante el juicio o hasta que un acuerdo se haya logrado<\/li>\n<\/ul>\n<p><strong class=\"heading4\">Consulta Gratis: <\/strong><\/p>\n<p>Si usted o un ser querido ha estado en un volcamiento o accidente de aplastamiento de techo, ll\u00e1menos al o llene nuestro Formulario de Contacto para Revisi\u00f3n del Caso en esta p\u00e1gina para averiguar cuanto valor tienen su caso.<\/p>\n<\/div>\n<div class=\"subpageslist\"><\/div>\n","protected":false},"excerpt":{"rendered":"<p>Las v\u00edctimas que tratan de manejar sus casos solos pueden enfrentar largas demoras. Miles de personas se lesionan o mueren en accidentes de aplastamiento del techo debido a vuelcos de veh\u00edculos. Las v\u00edctimas de este tipo de accidentes pueden encontrar sus vidas en un caos total. Salarios perdidos, gastos m\u00e9dicos, reparaciones de autom\u00f3viles y el [&hellip;]<\/p>\n","protected":false},"author":29,"featured_media":41540,"parent":40695,"menu_order":0,"comment_status":"closed","ping_status":"closed","template":"dallas-es.php","meta":{"_acf_changed":true,"_eb_attr":"","inline_featured_image":false,"_uag_custom_page_level_css":"","footnotes":""},"class_list":["post-2021","page","type-page","status-publish","has-post-thumbnail","hentry"],"acf":[],"spectra_custom_meta":{"_wpml_media_featured":["1","1"],"_wpml_media_duplicate":["1","1"],"_edit_last":["31"],"_wp_page_template":["dallas-es.php"],"slide_template":[""],"rrpc":["a:4:{s:9:\"introText\";s:0:\"\";s:10:\"introImage\";s:0:\"\";s:7:\"reviews\";a:10:{i:0;s:5:\"11902\";i:1;s:5:\"11901\";i:2;s:5:\"11900\";i:3;s:5:\"11899\";i:4;s:5:\"11898\";i:5;s:5:\"11897\";i:6;s:5:\"11895\";i:7;s:5:\"11894\";i:8;s:5:\"11893\";i:9;s:5:\"11892\";}s:6:\"markup\";s:0:\"\";}"],"_x_entry_body_css_class":[""],"_x_entry_alternate_index_title":[""],"_x_entry_disable_page_title":["off"],"_x_page_one_page_navigation":["Deactivated"],"_x_entry_bg_image_full":[""],"_x_entry_bg_image_full_fade":[""],"_x_entry_bg_image_full_duration":[""],"_x_slider_above":["Deactivated"],"_x_slider_above_bg_video":[""],"_x_slider_above_bg_video_poster":[""],"_x_slider_above_scroll_bottom_anchor_enable":["off"],"_x_slider_above_scroll_bottom_anchor_alignment":["top left"],"_x_slider_above_scroll_bottom_anchor_color":[""],"_x_slider_above_scroll_bottom_anchor_color_hover":[""],"_x_slider_below":["Deactivated"],"_x_slider_below_bg_video":[""],"_x_slider_below_bg_video_poster":[""],"_x_slider_below_scroll_bottom_anchor_enable":["off"],"_x_slider_below_scroll_bottom_anchor_alignment":["top left"],"_x_slider_below_scroll_bottom_anchor_color":[""],"_x_slider_below_scroll_bottom_anchor_color_hover":[""],"_x_portfolio_category_filters":["a:1:{i:0;s:14:\"All Categories\";}"],"_x_portfolio_columns":["Two"],"_x_portfolio_layout":["full-width"],"_x_portfolio_posts_per_page":["24"],"_x_portfolio_disable_filtering":["off"],"_yoast_wpseo_title":["Accidentes por Volcamiento de Auto | Reyeslaw.com"],"_yoast_wpseo_metadesc":["Angel Reyes & Associatese ayuda a recibir compensaciones por sus lesiones de accidentes por volcamiento | Consulta Gratuita |"],"_yoast_wpseo_content_score":["30"],"_wpml_word_count":["363"],"_last_translation_edit_mode":["native-editor"],"_alp_processed":["1568305570"],"_edit_lock":["1748432171:31"],"no_featured_image":["a:1:{i:0;s:11:\"no-featured\";}"],"_no_featured_image":["field_634dde41800f3"],"_yoast_wpseo_estimated-reading-time-minutes":["2"],"_yoast_wpseo_wordproof_timestamp":[""],"hefo_before":["0"],"hefo_after":["0"],"_wpml_media_has_media":["1"],"saswp_schema_type_product_pros_enable_cons":["0"],"_thumbnail_id":["41540"],"rank_math_title":["Accidentes por Volcamiento de Auto | Reyeslaw.com"],"rank_math_description":["Angel Reyes & Associatese ayuda a recibir compensaciones por sus lesiones de accidentes por volcamiento | Consulta Gratuita |"],"rank_math_news_sitemap_robots":["index"],"rank_math_robots":["a:1:{i:0;s:5:\"index\";}"],"rank_math_seo_score":["8"],"rank_math_internal_links_processed":["1"],"wpil_sync_report3":["1"],"_acf_changed":["1"],"footnotes":[""],"_ez-toc-disabled":[""],"_ez-toc-insert":[""],"_ez-toc-header-label":[""],"_ez-toc-alignment":["none"],"_ez-toc-heading-levels":["a:0:{}"],"_ez-toc-alttext":[""],"_ez-toc-visibility_hide_by_default":[""],"_ez-toc-hide_counter":[""],"_ez-toc-exclude":[""],"_ez-toc-position-specific":[""],"h1":["Accidentes por Volcamiento & Aplastamientos de Techo"],"_h1":["field_6806152ab52ff"],"_eb_reusable_block_ids":["a:0:{}"],"_uag_css_file_name":["uag-css-2021.css"],"_elementor_page_assets":["a:0:{}"],"_uag_page_assets":["a:9:{s:3:\"css\";s:263:\".uag-blocks-common-selector{z-index:var(--z-index-desktop) !important}@media (max-width: 976px){.uag-blocks-common-selector{z-index:var(--z-index-tablet) !important}}@media (max-width: 767px){.uag-blocks-common-selector{z-index:var(--z-index-mobile) !important}}\n\";s:2:\"js\";s:0:\"\";s:18:\"current_block_list\";a:7:{i:0;s:11:\"core\/search\";i:1;s:10:\"core\/group\";i:2;s:12:\"core\/heading\";i:3;s:17:\"core\/latest-posts\";i:4;s:20:\"core\/latest-comments\";i:5;s:13:\"core\/archives\";i:6;s:15:\"core\/categories\";}s:8:\"uag_flag\";b:0;s:11:\"uag_version\";s:10:\"1776467228\";s:6:\"gfonts\";a:0:{}s:10:\"gfonts_url\";s:0:\"\";s:12:\"gfonts_files\";a:0:{}s:14:\"uag_faq_layout\";b:0;}"]},"uagb_featured_image_src":{"full":["https:\/\/www.reyeslaw.com\/wp-content\/uploads\/2023\/03\/Header-Images-for-Blogs-Updated-39.png",810,304,false],"thumbnail":["https:\/\/www.reyeslaw.com\/wp-content\/uploads\/2023\/03\/Header-Images-for-Blogs-Updated-39-150x150.png",150,150,true],"medium":["https:\/\/www.reyeslaw.com\/wp-content\/uploads\/2023\/03\/Header-Images-for-Blogs-Updated-39-300x113.png",300,113,true],"medium_large":["https:\/\/www.reyeslaw.com\/wp-content\/uploads\/2023\/03\/Header-Images-for-Blogs-Updated-39-768x288.png",768,288,true],"large":["https:\/\/www.reyeslaw.com\/wp-content\/uploads\/2023\/03\/Header-Images-for-Blogs-Updated-39.png",800,300,false],"1536x1536":["https:\/\/www.reyeslaw.com\/wp-content\/uploads\/2023\/03\/Header-Images-for-Blogs-Updated-39.png",810,304,false],"2048x2048":["https:\/\/www.reyeslaw.com\/wp-content\/uploads\/2023\/03\/Header-Images-for-Blogs-Updated-39.png",810,304,false],"dx-single-featured-sm":["https:\/\/www.reyeslaw.com\/wp-content\/uploads\/2023\/03\/Header-Images-for-Blogs-Updated-39.png",420,158,false],"dx-single-featured":["https:\/\/www.reyeslaw.com\/wp-content\/uploads\/2023\/03\/Header-Images-for-Blogs-Updated-39.png",744,279,false],"gform-image-choice-sm":["https:\/\/www.reyeslaw.com\/wp-content\/uploads\/2023\/03\/Header-Images-for-Blogs-Updated-39.png",300,113,false],"gform-image-choice-md":["https:\/\/www.reyeslaw.com\/wp-content\/uploads\/2023\/03\/Header-Images-for-Blogs-Updated-39.png",400,150,false],"gform-image-choice-lg":["https:\/\/www.reyeslaw.com\/wp-content\/uploads\/2023\/03\/Header-Images-for-Blogs-Updated-39.png",600,225,false]},"uagb_author_info":{"display_name":"Elliot Johnson","author_link":"https:\/\/www.reyeslaw.com\/es\/author\/elliotjohnsonks\/"},"uagb_comment_info":0,"uagb_excerpt":"Las v\u00edctimas que tratan de manejar sus casos solos pueden enfrentar largas demoras. Miles de personas se lesionan o mueren en accidentes de aplastamiento del techo debido a vuelcos de veh\u00edculos. Las v\u00edctimas de este tipo de accidentes pueden encontrar sus vidas en un caos total. Salarios perdidos, gastos m\u00e9dicos, reparaciones de autom\u00f3viles y el&hellip;","_links":{"self":[{"href":"https:\/\/www.reyeslaw.com\/es\/wp-json\/wp\/v2\/pages\/2021","targetHints":{"allow":["GET"]}}],"collection":[{"href":"https:\/\/www.reyeslaw.com\/es\/wp-json\/wp\/v2\/pages"}],"about":[{"href":"https:\/\/www.reyeslaw.com\/es\/wp-json\/wp\/v2\/types\/page"}],"author":[{"embeddable":true,"href":"https:\/\/www.reyeslaw.com\/es\/wp-json\/wp\/v2\/users\/29"}],"replies":[{"embeddable":true,"href":"https:\/\/www.reyeslaw.com\/es\/wp-json\/wp\/v2\/comments?post=2021"}],"version-history":[{"count":0,"href":"https:\/\/www.reyeslaw.com\/es\/wp-json\/wp\/v2\/pages\/2021\/revisions"}],"up":[{"embeddable":true,"href":"https:\/\/www.reyeslaw.com\/es\/wp-json\/wp\/v2\/pages\/40695"}],"wp:featuredmedia":[{"embeddable":true,"href":"https:\/\/www.reyeslaw.com\/es\/wp-json\/wp\/v2\/media\/41540"}],"wp:attachment":[{"href":"https:\/\/www.reyeslaw.com\/es\/wp-json\/wp\/v2\/media?parent=2021"}],"curies":[{"name":"wp","href":"https:\/\/api.w.org\/{rel}","templated":true}]}}