{"id":43140,"date":"2024-02-17T02:51:20","date_gmt":"2024-02-17T02:51:20","guid":{"rendered":"https:\/\/www.reyeslaw.com\/?page_id=43140"},"modified":"2025-06-02T07:19:13","modified_gmt":"2025-06-02T12:19:13","slug":"grua","status":"publish","type":"page","link":"https:\/\/www.reyeslaw.com\/es\/dallas\/accidentes-de-camiones\/grua\/","title":{"rendered":"OBTENER UN ABOGADO EN ACCIDENTES DE CAMIONES DE REMOLQUE EN DALLAS"},"content":{"rendered":"\n<p>Las gr\u00faas desempe\u00f1an un papel invaluable a la hora de sacar los veh\u00edculos averiados de las carreteras concurridas. Pero en determinadas circunstancias, y si el conductor del remolque no presta atenci\u00f3n, estos veh\u00edculos grandes pueden representar una amenaza para los automovilistas cercanos.<\/p>\n\n\n\n<p>Las colisiones con gr\u00faas en las carreteras de Dallas pueden tener consecuencias catastr\u00f3ficas. Las v\u00edctimas pueden sufrir lesiones graves, destrucci\u00f3n de propiedad, p\u00e9rdida de ingresos y otros da\u00f1os.<\/p>\n\n\n\n<p>Si es v\u00edctima de un accidente con una gr\u00faa, es fundamental comunicarse de inmediato con un abogado especializado en accidentes con gr\u00faas en Dallas.<\/p>\n\n\n\n<h2 class=\"wp-block-heading\">ENTENDIENDO LOS ACCIDENTES DE CAMIONES DE REMOLQUE<\/h2>\n\n\n\n<p>Un accidente con una gr\u00faa se diferencia significativamente de una colisi\u00f3n con un coche normal en t\u00e9rminos de tama\u00f1o y potencia. Estos veh\u00edculos grandes y potentes suelen pesar 20 veces m\u00e1s que los turismos y requieren una formaci\u00f3n especial para operar con seguridad.<\/p>\n\n\n\n<p><strong>Algunos escenarios comunes que involucran gr\u00faas incluyen:<\/strong><\/p>\n\n\n\n<ul class=\"wp-block-list\">\n<li>Colisiones traseras: remolcar veh\u00edculos averiados a\u00f1ade un peso considerable, lo que requiere una distancia de frenado adicional. Cuando los conductores de gr\u00faas no dejan suficiente espacio para detenerse, pueden producirse accidentes catastr\u00f3ficos por alcance.<\/li>\n\n\n\n<li>Accidentes tipo navaja: los giros r\u00e1pidos o las paradas repentinas de los frenos pueden provocar accidentes conocidos como &#8220;accidentes tipo navaja&#8221;, en los que tanto la gr\u00faa como el veh\u00edculo remolcado se doblan en \u00e1ngulos peligrosamente agudos, lo que potencialmente cruza varios carriles a alta velocidad y choca con veh\u00edculos que entran en otros carriles. .<\/li>\n\n\n\n<li>Vuelcos: Las gr\u00faas que transportan cargas importantes tienen un centro de gravedad elevado. Esto puede resultar en movimientos repentinos de la direcci\u00f3n, altas velocidades o superficies de la carretera irregulares que hacen posible la p\u00e9rdida de control. Esto hace que estas gr\u00faas corran un mayor riesgo de volcarse.<\/li>\n<\/ul>\n\n\n\n<h2 class=\"wp-block-heading\">CAUSAS Y FACTORES CONTRIBUYENTES<\/h2>\n\n\n\n<p>Hay varias causas potenciales de accidentes con gr\u00faas:<\/p>\n\n\n\n<ul class=\"wp-block-list\">\n<li>Infracciones de tr\u00e1fico y conducci\u00f3n imprudente: los conductores de gr\u00faas a veces tienen comportamientos peligrosos como exceso de velocidad, cambios de carril inseguros, distracciones, discapacidades y otras infracciones. Estos errores aumentan enormemente el riesgo de accidentes.<\/li>\n\n\n\n<li>Capacitaci\u00f3n inadecuada de los operadores de gr\u00faas: operar equipos de remolque requiere habilidades y capacitaci\u00f3n especializadas. Una formaci\u00f3n insuficiente de los conductores de gr\u00faas puede provocar errores al cargar, asegurar o maniobrar veh\u00edculos tan grandes y pesados.<\/li>\n\n\n\n<li>Fallas y mal funcionamiento del equipo: las gr\u00faas tienen muchos componentes mec\u00e1nicos que pueden romperse o fallar sin el mantenimiento adecuado. El mal funcionamiento del equipo a menudo contribuye a los accidentes con gr\u00faas.<\/li>\n<\/ul>\n\n\n\n<h2 class=\"wp-block-heading\">CONSECUENCIAS DE LOS ACCIDENTES DE CAMIONES DE REMOLQUE<\/h2>\n\n\n\n<p>Ya sean lesiones personales o da\u00f1os a la propiedad, las consecuencias de los accidentes con gr\u00faas pueden ser graves.<\/p>\n\n\n\n<p>Debido a su tama\u00f1o y escala, los accidentes con gr\u00faas a menudo provocan lesiones personales graves, incluidos traumatismos craneoencef\u00e1licos, da\u00f1os en la columna, fracturas de huesos y da\u00f1os a \u00f3rganos, a menudo con efectos de por vida o incluso la muerte como resultado.<\/p>\n\n\n\n<h2 class=\"wp-block-heading\">CONSECUENCIAS DE LOS ACCIDENTES DE CAMIONES DE REMOLQUE<\/h2>\n\n\n\n<p>Ya sean lesiones personales o da\u00f1os a la propiedad, las consecuencias de los accidentes con gr\u00faas pueden ser graves.<\/p>\n\n\n\n<p>Debido a su tama\u00f1o y escala, los accidentes con gr\u00faas a menudo provocan lesiones personales graves, incluidos traumatismos craneoencef\u00e1licos, da\u00f1os en la columna, fracturas de huesos y da\u00f1os a \u00f3rganos, a menudo con efectos de por vida o incluso la muerte como resultado.<\/p>\n\n\n\n<p>Aparte de las lesiones personales, los veh\u00edculos chocados por gr\u00faas son vulnerables a quedar totalmente destruidos y pueden sufrir m\u00e1s da\u00f1os durante el transporte. Los incidentes menores son simplemente menos comunes cuando hay gr\u00faas involucradas, y hay m\u00e1s en juego para todas las partes involucradas.<\/p>\n\n\n\n<h2 class=\"wp-block-heading\">EL PAPEL DE UN ABOGADO EN ACCIDENTES DE CAMIONES DE REMOLQUE DE DALLAS<\/h2>\n\n\n\n<p>Si result\u00f3 lesionado en un accidente de gr\u00faa en Dallas, su principal prioridad debe ser consultar a un abogado especializado en accidentes de gr\u00faas de Dallas. Proteger\u00e1n sus derechos mientras trabajan diligentemente para recuperar cualquier posible da\u00f1o por el cual pueda haber una compensaci\u00f3n disponible.<\/p>\n\n\n\n<p>Los accidentes con gr\u00faas difieren significativamente de los accidentes vehiculares est\u00e1ndar y requieren conocimientos legales espec\u00edficos para presentar un caso eficaz. Un abogado que comprenda sus causas, reglas y procedimientos \u00fanicos es clave para construir el caso m\u00e1s s\u00f3lido posible. Los abogados experimentados saben c\u00f3mo establecer la responsabilidad mientras manejan incidentes complejos de m\u00faltiples veh\u00edculos.<\/p>\n\n\n\n<p>Una investigaci\u00f3n exhaustiva constituye la columna vertebral de cualquier reclamo s\u00f3lido. Su abogado especializado en accidentes de camiones en Dallas debe trabajar r\u00e1pidamente para reunir pruebas, como informes policiales, fotograf\u00edas de los da\u00f1os causados a los veh\u00edculos e im\u00e1genes capturadas de c\u00e1maras de tr\u00e1fico o camiones comerciales, as\u00ed como declaraciones de testigos presenciales para reconstruir lo ocurrido y determinar la responsabilidad. La reconstrucci\u00f3n de los acontecimientos ayuda a establecer la culpa.<\/p>\n\n\n\n<h2 class=\"wp-block-heading\">PROCESO LEGAL EN CASOS DE ACCIDENTES DE CAMIONES DE REMOLQUE<\/h2>\n\n\n\n<p>Si usted o un ser querido ha resultado herido en un accidente con una gr\u00faa, tiene derecho a responsabilizar a las partes responsables. Esto es lo que puede esperar en el proceso legal.<\/p>\n\n\n\n<p>Despu\u00e9s de buscar atenci\u00f3n m\u00e9dica de inmediato, su primera llamada debe ser a un abogado con experiencia en accidentes de gr\u00faas en Dallas. Su abogado puede iniciar reclamos e investigar el accidente mientras los detalles permanecen frescos. La recopilaci\u00f3n de pruebas es crucial para demostrar c\u00f3mo las acciones o inacciones del conductor de la gr\u00faa, la empresa o incluso los fabricantes del veh\u00edculo causaron directamente sus lesiones y da\u00f1os.<\/p>\n\n\n\n<p>Armado con un expediente s\u00f3lido, su abogado primero intentar\u00e1 negociar un acuerdo justo a trav\u00e9s de conversaciones informales con aseguradoras, operadores de remolques y otras partes interesadas. Sin embargo, las empresas a menudo menosprecian a las v\u00edctimas o niegan reclamaciones razonables. Si las negociaciones de buena fe fracasan, su abogado no dudar\u00e1 en llevar el caso a los tribunales presentando una demanda por lesiones personales.<\/p>\n\n\n\n<p>Durante el litigio, ambas partes intercambian pruebas y presentan argumentos ante un juez. Este proceso puede ser complejo en accidentes de camiones que involucran a m\u00faltiples acusados y cuestiones complejas de responsabilidad. Un abogado capacitado sabe c\u00f3mo establecer negligencia, gestionar audiencias y mociones de manera efectiva y preparar a los testigos antes de recopilar su testimonio.<\/p>\n\n\n\n<p>Si no se puede llegar a un acuerdo, su caso podr\u00eda avanzar hacia un juicio ante un jurado. Su abogado de veh\u00edculos comerciales argument\u00f3 los m\u00e9ritos de su caso ante el jurado con pruebas contundentes y testimonios de testigos expertos mientras exige una compensaci\u00f3n total seg\u00fan la ley.<\/p>\n\n\n\n<p>Ninguna cantidad puede deshacer tu dolor y sufrimiento. Sin embargo, responsabilizar a las partes negligentes a trav\u00e9s de canales legales permite la recuperaci\u00f3n de da\u00f1os que pagar\u00e1n sus gastos m\u00e9dicos, reemplazar\u00e1n su veh\u00edculo y lo compensar\u00e1n por la p\u00e9rdida de ingresos, as\u00ed como por otras dificultades.<\/p>\n\n\n\n<h2 class=\"wp-block-heading\">OBTENER LA COMPENSACI\u00d3N QUE MERECE<\/h2>\n\n\n\n<p>Si usted o un ser querido result\u00f3 herido en un accidente con una gr\u00faa, puede tener derecho a una compensaci\u00f3n significativa por sus p\u00e9rdidas y sufrimiento. Sin embargo, calcular una indemnizaci\u00f3n justa puede resultar complicado.<\/p>\n\n\n\n<p>Un abogado con experiencia en accidentes de gr\u00faas en Dallas evaluar\u00e1 sus p\u00e9rdidas tangibles e intangibles utilizando su experiencia. La compensaci\u00f3n puede estar disponible para:<\/p>\n\n\n\n<p>Gastos m\u00e9dicos por lesiones relacionadas con accidentes, tanto de atenci\u00f3n inmediata como continua<\/p>\n\n\n\n<ul class=\"wp-block-list\">\n<li>P\u00e9rdida de ingresos por falta de trabajo durante la recuperaci\u00f3n<\/li>\n\n\n\n<li>Reparaciones o reemplazo de su veh\u00edculo da\u00f1ado<\/li>\n\n\n\n<li>P\u00e9rdidas de propiedad como una bicicleta destruida o una computadora port\u00e1til en su autom\u00f3vil<\/li>\n\n\n\n<li>Dolor, sufrimiento, angustia mental y calidad de vida reducida.<\/li>\n<\/ul>\n\n\n\n<p>La cantidad espec\u00edfica que reciba depende de factores como la gravedad de sus lesiones, la duraci\u00f3n del tratamiento y el tiempo de recuperaci\u00f3n, el alcance de los da\u00f1os a la propiedad y el impacto estimado en sus finanzas y su vida personal. Los accidentes m\u00e1s graves justifican pagos m\u00e1s elevados.<\/p>\n\n\n\n<p>Su abogado luchar\u00e1 por la compensaci\u00f3n m\u00e1xima justa a la que tiene derecho seg\u00fan la ley de Texas, documentando minuciosamente sus p\u00e9rdidas y necesidades. Esto incluye negociar persistentemente con los proveedores de seguros. Si intentan negar reclamos razonables o llegar a acuerdos injustamente bajos, su abogado puede llevar el caso a los tribunales y exigir que un jurado determine los da\u00f1os.<\/p>\n\n\n\n<p>Para saber cu\u00e1nto puede valer su caso, utilice nuestra calculadora de casos en l\u00ednea f\u00e1cil de usar.<\/p>\n\n\n\n<h2 class=\"wp-block-heading\">ELIJA A REYES BROWNE LAW COMO SU FIRMA DE CONFIANZA<\/h2>\n\n\n\n<p>Si fue v\u00edctima de un accidente con una gr\u00faa, querr\u00e1 contar con un abogado con experiencia en accidentes de camiones en Dallas de su lado. Las compa\u00f1\u00edas de remolque y las agencias de seguros intentar\u00e1n negar o minimizar su reclamo. Un abogado experimentado tiene la experiencia para construir su caso, determinar la responsabilidad y luchar por la compensaci\u00f3n m\u00e1xima que se merece.<\/p>\n\n\n\n<p>Los abogados de accidentes de gr\u00faas de Angel Reyes &#038; Associates en Dallas han ayudado a sus clientes a recuperar m\u00e1s de mil millones de d\u00f3lares en compensaciones despu\u00e9s de accidentes con gr\u00faas y otros veh\u00edculos comerciales. Nuestro equipo se encargar\u00e1 del proceso legal de principio a fin mientras usted se concentra en sanar y volver a encarrilar su vida.<\/p>\n\n\n\n<p>Comun\u00edquese con nuestro equipo de Angel Reyes &#038; Associates si necesita un abogado de veh\u00edculos comerciales de alto calibre para su caso de gr\u00faa.<\/p>\n","protected":false},"excerpt":{"rendered":"<p>Las gr\u00faas desempe\u00f1an un papel invaluable a la hora de sacar los veh\u00edculos averiados de las carreteras concurridas. Pero en determinadas circunstancias, y si el conductor del remolque no presta atenci\u00f3n, estos veh\u00edculos grandes pueden representar una amenaza para los automovilistas cercanos. Las colisiones con gr\u00faas en las carreteras de Dallas pueden tener consecuencias catastr\u00f3ficas. [&hellip;]<\/p>\n","protected":false},"author":32,"featured_media":0,"parent":40752,"menu_order":0,"comment_status":"closed","ping_status":"closed","template":"dallas-es.php","meta":{"_acf_changed":true,"_eb_attr":"","inline_featured_image":false,"_uag_custom_page_level_css":"","footnotes":""},"class_list":["post-43140","page","type-page","status-publish","hentry"],"acf":[],"spectra_custom_meta":{"_edit_lock":["1748866853:31"],"_wpml_word_count":["1747"],"_edit_last":["31"],"_ez-toc-disabled":[""],"_ez-toc-insert":[""],"_ez-toc-heading-levels":["a:0:{}"],"_ez-toc-alttext":[""],"_ez-toc-visibility_hide_by_default":[""],"_ez-toc-exclude":[""],"no_featured_image":[""],"hefo_before":["0"],"hefo_after":["0"],"_wpml_media_duplicate":["1"],"_wpml_media_featured":["1"],"_wp_page_template":["dallas-es.php"],"_last_translation_edit_mode":["native-editor"],"_yoast_wpseo_content_score":["30"],"_yoast_wpseo_estimated-reading-time-minutes":["7"],"_yoast_wpseo_wordproof_timestamp":[""],"_ez-toc-header-label":[""],"_ez-toc-alignment":["none"],"_ez-toc-hide_counter":[""],"_no_featured_image":["field_634ddb97a906f"],"rank_math_news_sitemap_robots":["index"],"rank_math_robots":["a:1:{i:0;s:5:\"index\";}"],"rank_math_internal_links_processed":["1"],"rank_math_seo_score":["13"],"wpil_sync_report3":["1"],"_acf_changed":["1"],"footnotes":[""],"_ez-toc-position-specific":[""],"h1":["OBTENER UN ABOGADO EN ACCIDENTES DE CAMIONES DE REMOLQUE EN DALLAS"],"_h1":["field_66ad09c11fbbe"],"_eb_reusable_block_ids":["a:0:{}"],"_uag_css_file_name":["uag-css-43140.css"],"_uagb_previous_block_counts":["a:90:{s:21:\"uagb\/advanced-heading\";i:0;s:15:\"uagb\/blockquote\";i:0;s:12:\"uagb\/buttons\";i:0;s:18:\"uagb\/buttons-child\";i:0;s:19:\"uagb\/call-to-action\";i:0;s:15:\"uagb\/cf7-styler\";i:0;s:11:\"uagb\/column\";i:0;s:12:\"uagb\/columns\";i:0;s:14:\"uagb\/container\";i:0;s:21:\"uagb\/content-timeline\";i:0;s:27:\"uagb\/content-timeline-child\";i:0;s:14:\"uagb\/countdown\";i:0;s:12:\"uagb\/counter\";i:0;s:8:\"uagb\/faq\";i:0;s:14:\"uagb\/faq-child\";i:0;s:10:\"uagb\/forms\";i:0;s:17:\"uagb\/forms-accept\";i:0;s:19:\"uagb\/forms-checkbox\";i:0;s:15:\"uagb\/forms-date\";i:0;s:16:\"uagb\/forms-email\";i:0;s:17:\"uagb\/forms-hidden\";i:0;s:15:\"uagb\/forms-name\";i:0;s:16:\"uagb\/forms-phone\";i:0;s:16:\"uagb\/forms-radio\";i:0;s:17:\"uagb\/forms-select\";i:0;s:19:\"uagb\/forms-textarea\";i:0;s:17:\"uagb\/forms-toggle\";i:0;s:14:\"uagb\/forms-url\";i:0;s:14:\"uagb\/gf-styler\";i:0;s:15:\"uagb\/google-map\";i:0;s:11:\"uagb\/how-to\";i:0;s:16:\"uagb\/how-to-step\";i:0;s:9:\"uagb\/icon\";i:0;s:14:\"uagb\/icon-list\";i:0;s:20:\"uagb\/icon-list-child\";i:0;s:10:\"uagb\/image\";i:0;s:18:\"uagb\/image-gallery\";i:0;s:13:\"uagb\/info-box\";i:0;s:18:\"uagb\/inline-notice\";i:0;s:11:\"uagb\/lottie\";i:0;s:21:\"uagb\/marketing-button\";i:0;s:10:\"uagb\/modal\";i:0;s:18:\"uagb\/popup-builder\";i:0;s:16:\"uagb\/post-button\";i:0;s:18:\"uagb\/post-carousel\";i:0;s:17:\"uagb\/post-excerpt\";i:0;s:14:\"uagb\/post-grid\";i:0;s:15:\"uagb\/post-image\";i:0;s:17:\"uagb\/post-masonry\";i:0;s:14:\"uagb\/post-meta\";i:0;s:18:\"uagb\/post-taxonomy\";i:0;s:18:\"uagb\/post-timeline\";i:0;s:15:\"uagb\/post-title\";i:0;s:20:\"uagb\/restaurant-menu\";i:0;s:26:\"uagb\/restaurant-menu-child\";i:0;s:11:\"uagb\/review\";i:0;s:12:\"uagb\/section\";i:0;s:14:\"uagb\/separator\";i:0;s:11:\"uagb\/slider\";i:0;s:17:\"uagb\/slider-child\";i:0;s:17:\"uagb\/social-share\";i:0;s:23:\"uagb\/social-share-child\";i:0;s:16:\"uagb\/star-rating\";i:0;s:23:\"uagb\/sure-cart-checkout\";i:0;s:22:\"uagb\/sure-cart-product\";i:0;s:15:\"uagb\/sure-forms\";i:0;s:22:\"uagb\/table-of-contents\";i:0;s:9:\"uagb\/tabs\";i:0;s:15:\"uagb\/tabs-child\";i:0;s:18:\"uagb\/taxonomy-list\";i:0;s:9:\"uagb\/team\";i:0;s:16:\"uagb\/testimonial\";i:0;s:14:\"uagb\/wp-search\";i:0;s:19:\"uagb\/instagram-feed\";i:0;s:10:\"uagb\/login\";i:0;s:17:\"uagb\/loop-builder\";i:0;s:18:\"uagb\/loop-category\";i:0;s:20:\"uagb\/loop-pagination\";i:0;s:15:\"uagb\/loop-reset\";i:0;s:16:\"uagb\/loop-search\";i:0;s:14:\"uagb\/loop-sort\";i:0;s:17:\"uagb\/loop-wrapper\";i:0;s:13:\"uagb\/register\";i:0;s:19:\"uagb\/register-email\";i:0;s:24:\"uagb\/register-first-name\";i:0;s:23:\"uagb\/register-last-name\";i:0;s:22:\"uagb\/register-password\";i:0;s:30:\"uagb\/register-reenter-password\";i:0;s:19:\"uagb\/register-terms\";i:0;s:22:\"uagb\/register-username\";i:0;}"],"_elementor_page_assets":["a:0:{}"],"_uag_page_assets":["a:9:{s:3:\"css\";s:263:\".uag-blocks-common-selector{z-index:var(--z-index-desktop) !important}@media (max-width: 976px){.uag-blocks-common-selector{z-index:var(--z-index-tablet) !important}}@media (max-width: 767px){.uag-blocks-common-selector{z-index:var(--z-index-mobile) !important}}\n\";s:2:\"js\";s:0:\"\";s:18:\"current_block_list\";a:10:{i:0;s:14:\"core\/paragraph\";i:1;s:12:\"core\/heading\";i:2;s:9:\"core\/list\";i:3;s:14:\"core\/list-item\";i:4;s:11:\"core\/search\";i:5;s:10:\"core\/group\";i:6;s:17:\"core\/latest-posts\";i:7;s:20:\"core\/latest-comments\";i:8;s:13:\"core\/archives\";i:9;s:15:\"core\/categories\";}s:8:\"uag_flag\";b:0;s:11:\"uag_version\";s:10:\"1776724687\";s:6:\"gfonts\";a:0:{}s:10:\"gfonts_url\";s:0:\"\";s:12:\"gfonts_files\";a:0:{}s:14:\"uag_faq_layout\";b:0;}"]},"uagb_featured_image_src":{"full":false,"thumbnail":false,"medium":false,"medium_large":false,"large":false,"1536x1536":false,"2048x2048":false,"dx-single-featured-sm":false,"dx-single-featured":false,"gform-image-choice-sm":false,"gform-image-choice-md":false,"gform-image-choice-lg":false},"uagb_author_info":{"display_name":"Angel Reyes","author_link":"https:\/\/www.reyeslaw.com\/es\/author\/angel-reyes\/"},"uagb_comment_info":0,"uagb_excerpt":"Las gr\u00faas desempe\u00f1an un papel invaluable a la hora de sacar los veh\u00edculos averiados de las carreteras concurridas. Pero en determinadas circunstancias, y si el conductor del remolque no presta atenci\u00f3n, estos veh\u00edculos grandes pueden representar una amenaza para los automovilistas cercanos. Las colisiones con gr\u00faas en las carreteras de Dallas pueden tener consecuencias catastr\u00f3ficas.&hellip;","_links":{"self":[{"href":"https:\/\/www.reyeslaw.com\/es\/wp-json\/wp\/v2\/pages\/43140","targetHints":{"allow":["GET"]}}],"collection":[{"href":"https:\/\/www.reyeslaw.com\/es\/wp-json\/wp\/v2\/pages"}],"about":[{"href":"https:\/\/www.reyeslaw.com\/es\/wp-json\/wp\/v2\/types\/page"}],"author":[{"embeddable":true,"href":"https:\/\/www.reyeslaw.com\/es\/wp-json\/wp\/v2\/users\/32"}],"replies":[{"embeddable":true,"href":"https:\/\/www.reyeslaw.com\/es\/wp-json\/wp\/v2\/comments?post=43140"}],"version-history":[{"count":0,"href":"https:\/\/www.reyeslaw.com\/es\/wp-json\/wp\/v2\/pages\/43140\/revisions"}],"up":[{"embeddable":true,"href":"https:\/\/www.reyeslaw.com\/es\/wp-json\/wp\/v2\/pages\/40752"}],"wp:attachment":[{"href":"https:\/\/www.reyeslaw.com\/es\/wp-json\/wp\/v2\/media?parent=43140"}],"curies":[{"name":"wp","href":"https:\/\/api.w.org\/{rel}","templated":true}]}}