{"id":43288,"date":"2022-03-11T09:49:19","date_gmt":"2022-03-11T09:49:19","guid":{"rendered":"https:\/\/www.reyeslaw.com\/?page_id=43288"},"modified":"2024-04-17T05:01:06","modified_gmt":"2024-04-17T05:01:06","slug":"abogado-de-accidentes-de-automoviles-y-camiones-en-weatherford","status":"publish","type":"page","link":"https:\/\/www.reyeslaw.com\/es\/abogado-de-accidentes-de-automoviles-y-camiones-en-weatherford\/","title":{"rendered":"ABOGADO DE ACCIDENTES DE AUTOM\u00d3VILES Y CAMIONES EN WEATHERFORD"},"content":{"rendered":"\n<p>Si has sido v\u00edctima de un accidente de autom\u00f3vil o cami\u00f3n en Weatherford, Texas, necesitas un abogado de accidentes de autom\u00f3viles en Weatherford. El per\u00edodo posterior a cualquier incidente vehicular, ya sea un simple choque trasero o un accidente catastr\u00f3fico, puede ser un momento muy estresante y confuso.<\/p>\n\n\n\n<p>Ahora es el momento de buscar representaci\u00f3n legal para el da\u00f1o f\u00edsico, emocional y financiero que sufriste a ra\u00edz del accidente. En Angel Reyes &#038; Associates, contamos con un dedicado equipo de abogados de accidentes de camiones en Weatherford listos para servirte en tu momento de necesidad.<\/p>\n\n\n\n<h2 class=\"wp-block-heading\">\u00bfPOR QU\u00c9 ELEGIR A REYES BROWNE LAW PARA CASOS DE ACCIDENTES EN WEATHERFORD?<\/h2>\n\n\n\n<p>Tras un accidente automovil\u00edstico, lo \u00faltimo que necesitas es sufrir da\u00f1os financieros a largo plazo causados por una colisi\u00f3n que no fue tu culpa. Un abogado de accidentes de autom\u00f3viles en Weatherford como Angel Reyes &#038; Associates examinar\u00e1 todos los detalles de tu situaci\u00f3n para que las partes culpables sean responsables de su negligencia.<\/p>\n\n\n\n<p>Con m\u00e1s de 1,700 rese\u00f1as de cinco estrellas, una tasa de \u00e9xito del 98% y casi mil millones de d\u00f3lares en acuerdos obtenidos para nuestros clientes en los \u00faltimos 30 a\u00f1os, los n\u00fameros hablan por s\u00ed mismos. Estamos comprometidos a servir a los residentes de Weatherford cuando nadie m\u00e1s defiende sus derechos.<\/p>\n\n\n\n<p>Nuestros resultados de casos muestran c\u00f3mo hemos logrado para los clientes despu\u00e9s de un incidente imprevisto. En un caso, aseguramos un acuerdo de $21 millones para una mujer que qued\u00f3 paralizada despu\u00e9s de un accidente automovil\u00edstico.<\/p>\n\n\n\n<p>No te demores si has sido v\u00edctima de una colisi\u00f3n; contacta a un abogado de accidentes de autom\u00f3viles o camiones en Weatherford hoy mismo.<\/p>\n\n\n\n<h2 class=\"wp-block-heading\">LESIONES COMUNES EN ACCIDENTES DE AUTOM\u00d3VILES Y CAMIONES EN WEATHERFORD<\/h2>\n\n\n\n<p>Estar involucrado en un accidente de autom\u00f3vil o cami\u00f3n puede provocar lesiones significativas. Algunos de los problemas m\u00e1s comunes entre las v\u00edctimas incluyen:<\/p>\n\n\n\n<ul class=\"wp-block-list\">\n<li>Fracturas de huesos<\/li>\n\n\n\n<li>Lesiones de espalda y cuello<\/li>\n\n\n\n<li>Latigazo cervical<\/li>\n\n\n\n<li>Lesiones de tejidos blandos<\/li>\n\n\n\n<li>Quemaduras<\/li>\n<\/ul>\n\n\n\n<h2 class=\"wp-block-heading\">SERVICIOS LEGALES OFRECIDOS EN WEATHERFORD<\/h2>\n\n\n\n<p>El espectro de da\u00f1os causados por un accidente automovil\u00edstico es amplio, y cada v\u00edctima merece ser compensada. Independientemente del tama\u00f1o o la escala de tus lesiones, da\u00f1os vehiculares o angustia emocional, un abogado de accidentes de camiones en Weatherford maximizar\u00e1 la compensaci\u00f3n a la que tienes derecho seg\u00fan tus circunstancias.<\/p>\n\n\n\n<p>Al buscar compensaci\u00f3n, nuestros servicios legales pueden incluir la satisfacci\u00f3n de las siguientes necesidades:<\/p>\n\n\n\n<ul class=\"wp-block-list\">\n<li>Facturas m\u00e9dicas: Esto incluye el costo actual y futuro de los gastos m\u00e9dicos relacionados con el tratamiento de tus lesiones por el incidente.<\/li>\n\n\n\n<li>Salarios perdidos: Tus lesiones pueden reducir tu capacidad para trabajar o obligarte a tomar tiempo libre para tratamiento. Un reclamo por lesiones personales puede ayudar a recuperar el pago en todas estas circunstancias.<\/li>\n\n\n\n<li>Dolor y sufrimiento: Adem\u00e1s del dolor f\u00edsico causado por tu accidente, es posible que tambi\u00e9n sufras efectos emocionales. Estos pueden incluir depresi\u00f3n, ansiedad, insomnio y otros efectos psicol\u00f3gicos.<\/li>\n\n\n\n<li>Reparaci\u00f3n o reemplazo del veh\u00edculo: La compensaci\u00f3n puede cubrir las reparaciones o el reemplazo si tu veh\u00edculo resulta da\u00f1ado o es declarado p\u00e9rdida total en el accidente.<\/li>\n\n\n\n<li>P\u00e9rdida de consorcio: Si tus lesiones han dificultado proporcionar a tu c\u00f3nyuge el mismo amor, cuidado y atenci\u00f3n que antes, pueden buscar compensaci\u00f3n por la p\u00e9rdida de consorcio.<\/li>\n<\/ul>\n\n\n\n<h2 class=\"wp-block-heading\">NUESTRO PROCESO<\/h2>\n\n\n\n<p>Cuando trabajamos con v\u00edctimas de accidentes automovil\u00edsticos y de camiones, nuestro equipo de profesionales legales tiene en cuenta sus situaciones individuales. Brindamos atenci\u00f3n y apoyo compasivo durante todo el proceso legal, manteni\u00e9ndote informado a medida que avanzamos.<\/p>\n\n\n\n<p>Adem\u00e1s, buscaremos toda la compensaci\u00f3n potencial seg\u00fan tu situaci\u00f3n. Los da\u00f1os disponibles dependen de varios factores, como:<\/p>\n\n\n\n<ul class=\"wp-block-list\">\n<li>Severidad de las lesiones<\/li>\n\n\n\n<li>Da\u00f1os econ\u00f3micos (por ejemplo, da\u00f1os a la propiedad, gastos m\u00e9dicos, ingresos perdidos)<\/li>\n\n\n\n<li>Da\u00f1os no econ\u00f3micos (por ejemplo, dolor f\u00edsico, sufrimiento mental)<\/li>\n\n\n\n<li>Ubicaci\u00f3n del accidente<\/li>\n<\/ul>\n\n\n\n<p>Tras un fatal accidente automovil\u00edstico en Weatherford, las familias tambi\u00e9n pueden tener derecho a da\u00f1os para compensar los costos del funeral y la p\u00e9rdida de apoyo financiero. Los abogados de accidentes de autom\u00f3viles en Weatherford de Angel Reyes &#038; Associates se esfuerzan por identificar todos los costos actuales y futuros de tus da\u00f1os para que no tengas que cargar con la carga.<\/p>\n\n\n\n<h2 class=\"wp-block-heading\">RECURSOS DE WEATHERFORD<\/h2>\n\n\n\n<p>Explora estos recursos cuando necesites reportar un accidente o buscar tratamiento m\u00e9dico despu\u00e9s de un choque en Weatherford:<\/p>\n\n\n\n<ul class=\"wp-block-list\">\n<li>Departamento de Polic\u00eda de Weatherford<\/li>\n\n\n\n<li>Medical City Weatherford<\/li>\n\n\n\n<li>Integra Urgent Care Weatherford<\/li>\n<\/ul>\n\n\n\n<h2 class=\"wp-block-heading\">PREGUNTAS FRECUENTES DE WEATHERFORD<\/h2>\n\n\n\n<p>\u00bfTienes preguntas adicionales sobre c\u00f3mo contratar a un abogado de accidentes de autom\u00f3viles o camiones en Weatherford? Echa un vistazo a algunas de las preguntas comunes para encontrar respuestas.<\/p>\n\n\n\n<h2 class=\"wp-block-heading\">\u00bfHE ESTADO EN UN ACCIDENTE AUTOMOVIL\u00cdSTICO EN WEATHERFORD. \u00bfQU\u00c9 DEBO HACER?<\/h2>\n\n\n\n<p>Mientras que los momentos inmediatamente despu\u00e9s de un accidente automovil\u00edstico son estresantes y emocionales, tambi\u00e9n son algunos de los m\u00e1s cruciales si planeas emprender acciones legales. Aqu\u00ed tienes una lista corta de cosas que debes hacer si has estado involucrado en un accidente automovil\u00edstico, tanto para tu bienestar como para el \u00e9xito de tu caso.<\/p>\n\n\n\n<ul class=\"wp-block-list\">\n<li>Mueve tu coche a un lugar seguro.<\/li>\n\n\n\n<li>Contacta a la polic\u00eda.<\/li>\n\n\n\n<li>Verifica si hay lesiones.<\/li>\n\n\n\n<li>Busca tratamiento m\u00e9dico.<\/li>\n\n\n\n<li>Llama a un abogado de accidentes automovil\u00edsticos en Weatherford.<\/li>\n<\/ul>\n\n\n\n<h2 class=\"wp-block-heading\">\u00bfHE ESTADO EN UN ACCIDENTE DE CAMI\u00d3N COMERCIAL EN WEATHERFORD. \u00bfQU\u00c9 DEBO HACER?<\/h2>\n\n\n\n<p>Los pasos a seguir si ha estado en un accidente automovil\u00edstico, es crucial tomar medidas inmediatas tanto para su bienestar como para el \u00e9xito de su caso:<\/p>\n\n\n\n<ol class=\"wp-block-list\">\n<li>Mueva su autom\u00f3vil a un lugar seguro: Saque el veh\u00edculo del camino del tr\u00e1fico si es posible para evitar m\u00e1s accidentes.<\/li>\n\n\n\n<li>Contacte a la polic\u00eda: Informe el accidente a las autoridades y aseg\u00farese de que documenten la escena.<\/li>\n\n\n\n<li>Verifique lesiones: Eval\u00fae tanto a usted como a otros involucrados en busca de lesiones. Busque atenci\u00f3n m\u00e9dica de inmediato si es necesario.<\/li>\n\n\n\n<li>Busque tratamiento m\u00e9dico: Incluso si se siente bien inicialmente, es esencial que lo revisen profesionales m\u00e9dicos para documentar cualquier lesi\u00f3n.<\/li>\n\n\n\n<li>Llame a un abogado de accidentes de auto en Weatherford: Comun\u00edquese con asesor\u00eda legal para proteger sus derechos y navegar por las complejidades de su caso.<\/li>\n<\/ol>\n\n\n\n<h2 class=\"wp-block-heading\">\u00bfINVOLUCRADO EN UN ACCIDENTE DE CAMI\u00d3N COMERCIAL EN WEATHERFORD?<\/h2>\n\n\n\n<p>Los pasos a seguir despu\u00e9s de un accidente de cami\u00f3n comercial son similares a los de un accidente automovil\u00edstico, pero debido a la gravedad potencial de las lesiones y da\u00f1os, es fundamental buscar asistencia legal.<\/p>\n\n\n\n<h2 class=\"wp-block-heading\">ESTAD\u00cdSTICAS DE ACCIDENTES DE AUTO EN WEATHERFORD<\/h2>\n\n\n\n<p>Weatherford experimenta aproximadamente 2.5 accidentes automovil\u00edsticos por d\u00eda, seg\u00fan datos del Departamento de Transporte de Texas.<\/p>\n\n\n\n<h2 class=\"wp-block-heading\">MARCO DE TIEMPO PARA LOS ACUERDOS DE ACCIDENTES DE AUTO EN WEATHERFORD<\/h2>\n\n\n\n<p>Los plazos de los acuerdos var\u00edan ampliamente seg\u00fan factores como la complejidad del caso, la gravedad de las lesiones y la cooperaci\u00f3n del seguro. Podr\u00eda tomar semanas, meses o incluso a\u00f1os llegar a una resoluci\u00f3n.<\/p>\n\n\n\n<h2 class=\"wp-block-heading\">\u00bfVALE LA PENA CONTRATAR A UN ABOGADO DE ACCIDENTES DE AUTO EN WEATHERFORD?<\/h2>\n\n\n\n<p>S\u00ed, contratar a un abogado experto puede maximizar su compensaci\u00f3n al navegar por las leyes de Texas y abogar por sus derechos.<\/p>\n\n\n\n<h2 class=\"wp-block-heading\">LIMITACIONES DE COMPENSACI\u00d3N EN TEXAS<\/h2>\n\n\n\n<p>Texas impone l\u00edmites de da\u00f1os en compensaciones no econ\u00f3micas en casos de negligencia m\u00e9dica y ciertos casos de lesiones personales que involucran entidades gubernamentales, con un tope de $250,000 por persona.<\/p>\n\n\n\n<h2 class=\"wp-block-heading\">PAPEL DE UN ABOGADO DE ACCIDENTES DE AUTO<\/h2>\n\n\n\n<p>Un abogado de accidentes automovil\u00edsticos administra su caso de principio a fin, maneja aspectos legales, re\u00fane pruebas y aboga por sus derechos.<\/p>\n\n\n\n<h2 class=\"wp-block-heading\">DIFERENCIA ENTRE ESTADOS CON RESPONSABILIDAD Y SIN RESPONSABILIDAD<\/h2>\n\n\n\n<p>En un estado con responsabilidad como Texas, las v\u00edctimas pueden buscar compensaci\u00f3n de la parte responsable del accidente. Los estados sin culpa manejan reclamos a trav\u00e9s del seguro sin importar la culpa.<\/p>\n\n\n\n<h2 class=\"wp-block-heading\">MODIFICACIONES AL ESTATUTO DE LIMITACIONES EN TEXAS<\/h2>\n\n\n\n<p>Pueden aplicarse excepciones al estatuto de limitaciones de dos a\u00f1os si el demandado sale del estado, es menor de edad, la v\u00edctima est\u00e1 incapacitada o las lesiones se descubren m\u00e1s tarde.<\/p>\n","protected":false},"excerpt":{"rendered":"<p>Si has sido v\u00edctima de un accidente de autom\u00f3vil o cami\u00f3n en Weatherford, Texas, necesitas un abogado de accidentes de autom\u00f3viles en Weatherford. El per\u00edodo posterior a cualquier incidente vehicular, ya sea un simple choque trasero o un accidente catastr\u00f3fico, puede ser un momento muy estresante y confuso. Ahora es el momento de buscar representaci\u00f3n [&hellip;]<\/p>\n","protected":false},"author":37,"featured_media":51889,"parent":0,"menu_order":0,"comment_status":"closed","ping_status":"closed","template":"practice-area-page.php","meta":{"_acf_changed":false,"_eb_attr":"","inline_featured_image":false,"_uag_custom_page_level_css":"","footnotes":""},"class_list":["post-43288","page","type-page","status-publish","has-post-thumbnail","hentry"],"acf":[],"spectra_custom_meta":{"_edit_lock":["1716597241:26"],"_wpml_word_count":["1464"],"_edit_last":["26"],"_ez-toc-disabled":[""],"_ez-toc-insert":[""],"_ez-toc-header-label":[""],"_ez-toc-alignment":["none"],"_ez-toc-heading-levels":["a:0:{}"],"_ez-toc-alttext":[""],"_ez-toc-visibility_hide_by_default":[""],"_ez-toc-hide_counter":[""],"_ez-toc-exclude":[""],"no_featured_image":[""],"hefo_before":["0"],"hefo_after":["0"],"_wpml_media_duplicate":["1","1"],"_wpml_media_featured":["1","1"],"_no_featured_image":["field_634ddb97a906f"],"_wp_page_template":["practice-area-page.php"],"_thumbnail_id":["51889"],"_last_translation_edit_mode":["native-editor"],"_yoast_wpseo_content_score":["60"],"_yoast_wpseo_estimated-reading-time-minutes":["6"],"_yoast_wpseo_wordproof_timestamp":[""],"_first_paragraph":["field_66ac7e07748fa"],"_h1":["field_66ac7f2807ee7"],"rank_math_news_sitemap_robots":["index"],"rank_math_robots":["a:1:{i:0;s:5:\"index\";}"],"rank_math_internal_links_processed":["1"],"_eb_reusable_block_ids":["a:0:{}"],"_uag_css_file_name":["uag-css-43288.css"],"_uagb_previous_block_counts":["a:90:{s:21:\"uagb\/advanced-heading\";i:0;s:15:\"uagb\/blockquote\";i:0;s:12:\"uagb\/buttons\";i:0;s:18:\"uagb\/buttons-child\";i:0;s:19:\"uagb\/call-to-action\";i:0;s:15:\"uagb\/cf7-styler\";i:0;s:11:\"uagb\/column\";i:0;s:12:\"uagb\/columns\";i:0;s:14:\"uagb\/container\";i:0;s:21:\"uagb\/content-timeline\";i:0;s:27:\"uagb\/content-timeline-child\";i:0;s:14:\"uagb\/countdown\";i:0;s:12:\"uagb\/counter\";i:0;s:8:\"uagb\/faq\";i:0;s:14:\"uagb\/faq-child\";i:0;s:10:\"uagb\/forms\";i:0;s:17:\"uagb\/forms-accept\";i:0;s:19:\"uagb\/forms-checkbox\";i:0;s:15:\"uagb\/forms-date\";i:0;s:16:\"uagb\/forms-email\";i:0;s:17:\"uagb\/forms-hidden\";i:0;s:15:\"uagb\/forms-name\";i:0;s:16:\"uagb\/forms-phone\";i:0;s:16:\"uagb\/forms-radio\";i:0;s:17:\"uagb\/forms-select\";i:0;s:19:\"uagb\/forms-textarea\";i:0;s:17:\"uagb\/forms-toggle\";i:0;s:14:\"uagb\/forms-url\";i:0;s:14:\"uagb\/gf-styler\";i:0;s:15:\"uagb\/google-map\";i:0;s:11:\"uagb\/how-to\";i:0;s:16:\"uagb\/how-to-step\";i:0;s:9:\"uagb\/icon\";i:0;s:14:\"uagb\/icon-list\";i:0;s:20:\"uagb\/icon-list-child\";i:0;s:10:\"uagb\/image\";i:0;s:18:\"uagb\/image-gallery\";i:0;s:13:\"uagb\/info-box\";i:0;s:18:\"uagb\/inline-notice\";i:0;s:11:\"uagb\/lottie\";i:0;s:21:\"uagb\/marketing-button\";i:0;s:10:\"uagb\/modal\";i:0;s:18:\"uagb\/popup-builder\";i:0;s:16:\"uagb\/post-button\";i:0;s:18:\"uagb\/post-carousel\";i:0;s:17:\"uagb\/post-excerpt\";i:0;s:14:\"uagb\/post-grid\";i:0;s:15:\"uagb\/post-image\";i:0;s:17:\"uagb\/post-masonry\";i:0;s:14:\"uagb\/post-meta\";i:0;s:18:\"uagb\/post-taxonomy\";i:0;s:18:\"uagb\/post-timeline\";i:0;s:15:\"uagb\/post-title\";i:0;s:20:\"uagb\/restaurant-menu\";i:0;s:26:\"uagb\/restaurant-menu-child\";i:0;s:11:\"uagb\/review\";i:0;s:12:\"uagb\/section\";i:0;s:14:\"uagb\/separator\";i:0;s:11:\"uagb\/slider\";i:0;s:17:\"uagb\/slider-child\";i:0;s:17:\"uagb\/social-share\";i:0;s:23:\"uagb\/social-share-child\";i:0;s:16:\"uagb\/star-rating\";i:0;s:23:\"uagb\/sure-cart-checkout\";i:0;s:22:\"uagb\/sure-cart-product\";i:0;s:15:\"uagb\/sure-forms\";i:0;s:22:\"uagb\/table-of-contents\";i:0;s:9:\"uagb\/tabs\";i:0;s:15:\"uagb\/tabs-child\";i:0;s:18:\"uagb\/taxonomy-list\";i:0;s:9:\"uagb\/team\";i:0;s:16:\"uagb\/testimonial\";i:0;s:14:\"uagb\/wp-search\";i:0;s:19:\"uagb\/instagram-feed\";i:0;s:10:\"uagb\/login\";i:0;s:17:\"uagb\/loop-builder\";i:0;s:18:\"uagb\/loop-category\";i:0;s:20:\"uagb\/loop-pagination\";i:0;s:15:\"uagb\/loop-reset\";i:0;s:16:\"uagb\/loop-search\";i:0;s:14:\"uagb\/loop-sort\";i:0;s:17:\"uagb\/loop-wrapper\";i:0;s:13:\"uagb\/register\";i:0;s:19:\"uagb\/register-email\";i:0;s:24:\"uagb\/register-first-name\";i:0;s:23:\"uagb\/register-last-name\";i:0;s:22:\"uagb\/register-password\";i:0;s:30:\"uagb\/register-reenter-password\";i:0;s:19:\"uagb\/register-terms\";i:0;s:22:\"uagb\/register-username\";i:0;}"],"wpil_links_inbound_internal_count":["3"],"wpil_links_inbound_internal_count_data":["eJztUsFuIjEM\/RWUO2UGhhbMadVru7s3jpGbBIgIySjxaBYh\/r0OAQraL1i6t9ix33u2H8IEDhaqxS+opyCWrXXyPWjj5Jv1WwE1fyd4AeE4lFaLRS5O3CW66AS\/pjMQG6I2wWjU9\/1TNHuTHPZPKuxGvUHamLgKUQ8VxiEqZbXxNOSCvYlplBEaBgiJ8rMeg7gFyDnGt55M9Mh8H1CXjvbU8Zfq3zkNdZNVM1YR3DzP5pMsFQRZckYsfhYQ2rdG3OIleAaRCKlLpYgnV4HZPZV4WjaRrhDJdesScKdyVl3+ZidMSzb4kshKQ1yjt0pSxNXKqmuj0ZZCPNfVIFCt5B3vHMTOEEqNhGKBUMHhWNZlk0wmyOtgxxMgerXJgHwphlt+nWHAZxhczjAoZxBndai10fJjL1seyvq87apM4oLCMsn9SnjJ1dkb\/cam1kSpIpOZq1HyNCwROwq57DbNS1Bb69c3tsrpXdCdM\/KuenwmORH\/oZI\/WjbDI\/u2nr\/89+3Ft6\/s2x8X3779474dP7Rvm8mkqb6rb2tufSCvHj8BQw6k8w=="],"wpil_links_outbound_internal_count":["0"],"wpil_links_outbound_internal_count_data":["eJxLtDKwqq4FAAZPAf4="],"wpil_links_outbound_external_count":["0"],"wpil_links_outbound_external_count_data":["eJxLtDKwqq4FAAZPAf4="],"wpil_sync_report2_time":["2026-03-24T09:35:15+00:00"],"wpil_sync_report3":["1"],"faq_section":[""],"_faq_section":["field_695d70e015ef5"],"global_settings":[""],"_global_settings":["field_695d14e32717d"],"hero_section":[""],"_hero_section":["field_695d11d6629cb"],"attorneys_section":[""],"_attorneys_section":["field_695d13c127171"],"in_their_words_section":[""],"_in_their_words_section":["field_695d7fc888562"],"data_and_statistics":[""],"_data_and_statistics":["field_695d45ac43bab"],"help_section":[""],"_help_section":["field_695d4fb1516c6"],"how_it_works_section":[""],"_how_it_works_section":["field_695d6034da277"],"video_section":[""],"_video_section":["field_695d8d4e9fe90"],"after_accident_section":[""],"_after_accident_section":["field_695d65e727a9a"],"contact_section":[""],"_contact_section":["field_695d6a2965ae5"],"_global_settings_city_name":["field_695d14cf2717c"],"_hero_section_office_name":["field_695d0f7b036eb"],"_hero_section_office_description":["field_695d0fb8036ec"],"_hero_section_office_phone":["field_695d1196629c9"],"_hero_section_office_directions":["field_695d11af629ca"],"_attorneys_section_section_title":["field_695d14bd2717a"],"_attorneys_section_section_description":["field_695d14c42717b"],"attorneys_section_attorneys":["a:4:{i:0;s:5:\"40271\";i:1;s:5:\"49053\";i:2;s:3:\"674\";i:3;s:3:\"673\";}"],"_attorneys_section_attorneys":["field_695d13db27176"],"_in_their_words_section_video_testimonials_0_link_or_embed":["field_695d800888564"],"_in_their_words_section_video_testimonials_1_link_or_embed":["field_695d800888564"],"_in_their_words_section_video_testimonials_2_link_or_embed":["field_695d800888564"],"in_their_words_section_video_testimonials":["3"],"_in_their_words_section_video_testimonials":["field_695d7ff888563"],"_data_and_statistics_section_title":["field_695d45ac43bac"],"_data_and_statistics_section_description":["field_695d45ac43bad"],"_data_and_statistics_section_information":["field_695d45d143bb2"],"_help_section_cards_card_1_title":["field_695d5060516cc"],"_help_section_cards_card_1_description":["field_695d506d516cd"],"help_section_cards_card_1_link":["a:3:{s:5:\"title\";s:34:\"Weatherford Personal Injury Lawyer\";s:3:\"url\";s:60:\"https:\/\/www.reyeslaw.com\/weatherford-personal-injury-lawyer\/\";s:6:\"target\";s:5:\"_self\";}"],"_help_section_cards_card_1_link":["field_695d5077516ce"],"help_section_cards_card_1":[""],"_help_section_cards_card_1":["field_695d503c516cb"],"_help_section_cards_card_2_title":["field_695d5091516d1"],"_help_section_cards_card_2_description":["field_695d5091516d2"],"help_section_cards_card_2_link":["a:3:{s:5:\"title\";s:33:\"Weatherford Truck Accident Lawyer\";s:3:\"url\";s:59:\"https:\/\/www.reyeslaw.com\/weatherford-truck-accident-lawyer\/\";s:6:\"target\";s:5:\"_self\";}"],"_help_section_cards_card_2_link":["field_695d5091516d3"],"help_section_cards_card_2":[""],"_help_section_cards_card_2":["field_695d5091516d0"],"_help_section_cards_card_3_title":["field_695d5096516d5"],"_help_section_cards_card_3_description":["field_695d5096516d6"],"help_section_cards_card_3_link":["a:3:{s:5:\"title\";s:67:\"T-Bone & Intersection Accidents in Texas: What Drivers Need to Know\";s:3:\"url\";s:56:\"https:\/\/www.reyeslaw.com\/blog\/t-bone-accidents-in-texas\/\";s:6:\"target\";s:5:\"_self\";}"],"_help_section_cards_card_3_link":["field_695d5096516d7"],"help_section_cards_card_3":[""],"_help_section_cards_card_3":["field_695d5096516d4"],"help_section_cards":[""],"_help_section_cards":["field_695d4fb5516ca"],"help_section_accident_types_list":["0"],"_help_section_accident_types_list":["field_6970b22557b30"],"help_section_cta_button":["a:1:{i:0;s:0:\"\";}"],"_help_section_cta_button":["field_695d5f03d4a93"],"_how_it_works_section_works_phone":["field_695d6043da287"],"_video_section_section_title":["field_695d8d5f9fe91"],"_video_section_section_description":["field_695d8d6f9fe92"],"_video_section_youtube_link":["field_695d8d7b9fe93"],"_after_accident_section_section_title":["field_695d65f727a9b"],"_after_accident_section_section_description":["field_695d660127a9c"],"after_accident_section_cta_button":["a:3:{s:5:\"title\";s:65:\"What to Do Immediately After a Car Accident: A Step-by-Step Guide\";s:3:\"url\";s:74:\"https:\/\/www.reyeslaw.com\/blog\/what-to-do-immediately-after-a-car-accident\/\";s:6:\"target\";s:5:\"_self\";}"],"_after_accident_section_cta_button":["field_695d660b27a9d"],"contact_section_badges_gallery":["a:1:{i:0;s:5:\"50292\";}"],"_contact_section_badges_gallery":["field_695d6a2965ae6"],"_faq_section_section_title":["field_695d71bcbd781"],"_faq_section_section_description":["field_695d71c4bd782"],"_faq_section_faqs_0_question":["field_695d710f15ef7"],"_faq_section_faqs_0_answer":["field_695d711615ef8"],"_faq_section_faqs_1_question":["field_695d710f15ef7"],"_faq_section_faqs_1_answer":["field_695d711615ef8"],"faq_section_faqs":["4"],"_faq_section_faqs":["field_695d70f215ef6"],"_faq_section_faqs_2_question":["field_695d710f15ef7"],"_faq_section_faqs_2_answer":["field_695d711615ef8"],"_faq_section_faqs_3_question":["field_695d710f15ef7"],"_faq_section_faqs_3_answer":["field_695d711615ef8"],"attorneys_section_select_attorneys":["0"],"_attorneys_section_select_attorneys":["field_6970af3a5d27c"],"attorneys_section_attorneys_manually":[""],"_attorneys_section_attorneys_manually":["field_6970af125d27b"],"data_and_statistics_apply_new_layout":["0"],"_data_and_statistics_apply_new_layout":["field_696f9dfef3563"],"data_and_statistics_statistics_list":[""],"_data_and_statistics_statistics_list":["field_696f9e14f3564"],"_data_and_statistics_text_under_list":["field_696fadac33e0b"],"_help_section_description":["field_6970d7d892c7c"],"_help_section_accident_types_list_manually":["field_695d4fb1516c9"],"help_section_accident_types_select":["car_accident"],"_help_section_accident_types_select":["field_69773ef0b4270"],"_elementor_page_assets":["a:0:{}"],"_uag_page_assets":["a:9:{s:3:\"css\";s:263:\".uag-blocks-common-selector{z-index:var(--z-index-desktop) !important}@media (max-width: 976px){.uag-blocks-common-selector{z-index:var(--z-index-tablet) !important}}@media (max-width: 767px){.uag-blocks-common-selector{z-index:var(--z-index-mobile) !important}}\n\";s:2:\"js\";s:0:\"\";s:18:\"current_block_list\";a:10:{i:0;s:14:\"core\/paragraph\";i:1;s:12:\"core\/heading\";i:2;s:9:\"core\/list\";i:3;s:14:\"core\/list-item\";i:4;s:11:\"core\/search\";i:5;s:10:\"core\/group\";i:6;s:17:\"core\/latest-posts\";i:7;s:20:\"core\/latest-comments\";i:8;s:13:\"core\/archives\";i:9;s:15:\"core\/categories\";}s:8:\"uag_flag\";b:0;s:11:\"uag_version\";s:10:\"1776786755\";s:6:\"gfonts\";a:0:{}s:10:\"gfonts_url\";s:0:\"\";s:12:\"gfonts_files\";a:0:{}s:14:\"uag_faq_layout\";b:0;}"]},"uagb_featured_image_src":{"full":["https:\/\/www.reyeslaw.com\/wp-content\/uploads\/2026\/02\/2-6.avif",960,720,false],"thumbnail":["https:\/\/www.reyeslaw.com\/wp-content\/uploads\/2026\/02\/2-6-150x150.avif",150,150,true],"medium":["https:\/\/www.reyeslaw.com\/wp-content\/uploads\/2026\/02\/2-6-300x225.avif",300,225,true],"medium_large":["https:\/\/www.reyeslaw.com\/wp-content\/uploads\/2026\/02\/2-6-768x576.avif",768,576,true],"large":["https:\/\/www.reyeslaw.com\/wp-content\/uploads\/2026\/02\/2-6.avif",800,600,false],"1536x1536":["https:\/\/www.reyeslaw.com\/wp-content\/uploads\/2026\/02\/2-6.avif",960,720,false],"2048x2048":["https:\/\/www.reyeslaw.com\/wp-content\/uploads\/2026\/02\/2-6.avif",960,720,false],"dx-single-featured-sm":["https:\/\/www.reyeslaw.com\/wp-content\/uploads\/2026\/02\/2-6.avif",420,315,false],"dx-single-featured":["https:\/\/www.reyeslaw.com\/wp-content\/uploads\/2026\/02\/2-6.avif",744,558,false],"gform-image-choice-sm":["https:\/\/www.reyeslaw.com\/wp-content\/uploads\/2026\/02\/2-6.avif",300,225,false],"gform-image-choice-md":["https:\/\/www.reyeslaw.com\/wp-content\/uploads\/2026\/02\/2-6.avif",400,300,false],"gform-image-choice-lg":["https:\/\/www.reyeslaw.com\/wp-content\/uploads\/2026\/02\/2-6.avif",600,450,false]},"uagb_author_info":{"display_name":"Graham","author_link":"https:\/\/www.reyeslaw.com\/es\/author\/graham\/"},"uagb_comment_info":0,"uagb_excerpt":"Si has sido v\u00edctima de un accidente de autom\u00f3vil o cami\u00f3n en Weatherford, Texas, necesitas un abogado de accidentes de autom\u00f3viles en Weatherford. El per\u00edodo posterior a cualquier incidente vehicular, ya sea un simple choque trasero o un accidente catastr\u00f3fico, puede ser un momento muy estresante y confuso. Ahora es el momento de buscar representaci\u00f3n&hellip;","_links":{"self":[{"href":"https:\/\/www.reyeslaw.com\/es\/wp-json\/wp\/v2\/pages\/43288","targetHints":{"allow":["GET"]}}],"collection":[{"href":"https:\/\/www.reyeslaw.com\/es\/wp-json\/wp\/v2\/pages"}],"about":[{"href":"https:\/\/www.reyeslaw.com\/es\/wp-json\/wp\/v2\/types\/page"}],"author":[{"embeddable":true,"href":"https:\/\/www.reyeslaw.com\/es\/wp-json\/wp\/v2\/users\/37"}],"replies":[{"embeddable":true,"href":"https:\/\/www.reyeslaw.com\/es\/wp-json\/wp\/v2\/comments?post=43288"}],"version-history":[{"count":0,"href":"https:\/\/www.reyeslaw.com\/es\/wp-json\/wp\/v2\/pages\/43288\/revisions"}],"wp:featuredmedia":[{"embeddable":true,"href":"https:\/\/www.reyeslaw.com\/es\/wp-json\/wp\/v2\/media\/51889"}],"wp:attachment":[{"href":"https:\/\/www.reyeslaw.com\/es\/wp-json\/wp\/v2\/media?parent=43288"}],"curies":[{"name":"wp","href":"https:\/\/api.w.org\/{rel}","templated":true}]}}