{"id":43354,"date":"2024-05-23T05:07:08","date_gmt":"2024-05-23T05:07:08","guid":{"rendered":"https:\/\/www.reyeslaw.com\/?page_id=43354"},"modified":"2025-05-28T11:52:01","modified_gmt":"2025-05-28T11:52:01","slug":"accidentes-de-montacargas","status":"publish","type":"page","link":"https:\/\/www.reyeslaw.com\/es\/dallas\/accidentes-de-montacargas\/","title":{"rendered":"El mejor abogado de accidentes de montacargas de Dallas"},"content":{"rendered":"\n<p>Los accidentes de montacargas pueden ser devastadores y provocar lesiones graves e incluso la muerte. De 2011 a 2017, hubo casi 61.000 heridos y 614 muertes por accidentes de montacargas. Estos accidentes son demasiado comunes y pueden afectar significativamente la vida de todos los involucrados. Es posible que usted o un ser querido haya sufrido un accidente con un montacargas en Dallas, Texas. Si es as\u00ed, es esencial buscar la ayuda de un abogado experto y con experiencia en accidentes de montacargas en Dallas.<\/p>\n\n\n\n<p>Con la representaci\u00f3n legal adecuada, puede luchar por la compensaci\u00f3n que merece y responsabilizar a las partes responsables por su negligencia. Aqu\u00ed, explicaremos todos los aspectos de un accidente de montacargas que debe comprender y qu\u00e9 buscar en un equipo legal.<\/p>\n\n\n\n<p>Causas comunes de accidentes de montacargas<\/p>\n\n\n\n<p>Existen varias causas comunes de accidentes de montacargas en todo el pa\u00eds.<\/p>\n\n\n\n<ol class=\"wp-block-list\">\n<li>Error del operador<\/li>\n<\/ol>\n\n\n\n<p>En ocasiones, los conductores de montacargas pueden no operar el equipo correctamente, utilizar la configuraci\u00f3n incorrecta o abandonar incorrectamente la m\u00e1quina cuando no est\u00e1 en funcionamiento. La falta de responsabilidad puede provocar accidentes, ya que las decisiones inadecuadas del operador pueden comprometer la estabilidad del equipo.<\/p>\n\n\n\n<ol class=\"wp-block-list\" start=\"2\">\n<li>Formaci\u00f3n inadecuada<\/li>\n<\/ol>\n\n\n\n<p>Algunos empleadores pueden tomar atajos o brindar capacitaci\u00f3n m\u00ednima, poniendo a los empleados en riesgo. Sin la capacitaci\u00f3n adecuada, es posible que los operadores desconocen los peligros asociados con las operaciones de montacargas, como los l\u00edmites de peso, los requisitos de estabilidad o la respuesta a emergencias.<\/p>\n\n\n\n<ol class=\"wp-block-list\" start=\"3\">\n<li>Fatiga<\/li>\n<\/ol>\n\n\n\n<p>Los operadores de montacargas agotados o con exceso de trabajo pueden tener tiempos de reacci\u00f3n m\u00e1s lentos y una concentraci\u00f3n reducida, lo que aumenta la probabilidad de accidentes.<\/p>\n\n\n\n<ol class=\"wp-block-list\" start=\"4\">\n<li>Distracciones<\/li>\n<\/ol>\n\n\n\n<p>Distracciones como usar el tel\u00e9fono m\u00f3vil o hablar con compa\u00f1eros mientras se maneja la carretilla elevadora pueden desviar la atenci\u00f3n del operador y provocar errores.<\/p>\n\n\n\n<ol class=\"wp-block-list\" start=\"5\">\n<li>Equipo mal mantenido<\/li>\n<\/ol>\n\n\n\n<p>Los montacargas mal inspeccionados y mantenidos pueden desarrollar problemas mec\u00e1nicos, comprometiendo su seguridad. Las fallas en los frenos, los problemas de direcci\u00f3n y el mal funcionamiento del sistema hidr\u00e1ulico son solo algunos ejemplos de fallas en los equipos que resultan en accidentes.<\/p>\n\n\n\n<ol class=\"wp-block-list\" start=\"6\">\n<li>Falta de caracter\u00edsticas de seguridad<\/li>\n<\/ol>\n\n\n\n<p>Para prevenir accidentes, los empleadores deben implementar medidas de seguridad como barreras, se\u00f1ales de advertencia y pasillos peatonales designados. De lo contrario, se pueden producir colisiones entre montacargas y peatones, provocando lesiones graves o incluso la muerte.<\/p>\n","protected":false},"excerpt":{"rendered":"<p>Los accidentes de montacargas pueden ser devastadores y provocar lesiones graves e incluso la muerte. De 2011 a 2017, hubo casi 61.000 heridos y 614 muertes por accidentes de montacargas. Estos accidentes son demasiado comunes y pueden afectar significativamente la vida de todos los involucrados. Es posible que usted o un ser querido haya sufrido [&hellip;]<\/p>\n","protected":false},"author":32,"featured_media":51889,"parent":1930,"menu_order":0,"comment_status":"closed","ping_status":"closed","template":"dallas-es.php","meta":{"_acf_changed":true,"_eb_attr":"","inline_featured_image":false,"_uag_custom_page_level_css":"","footnotes":""},"class_list":["post-43354","page","type-page","status-publish","has-post-thumbnail","hentry"],"acf":[],"spectra_custom_meta":{"_edit_lock":["1748433129:31"],"_wpml_word_count":["459"],"_edit_last":["31"],"_ez-toc-disabled":[""],"_ez-toc-insert":[""],"_ez-toc-header-label":[""],"_ez-toc-alignment":["none"],"_ez-toc-heading-levels":["a:0:{}"],"_ez-toc-alttext":[""],"_ez-toc-visibility_hide_by_default":[""],"_ez-toc-hide_counter":[""],"_ez-toc-exclude":[""],"_ez-toc-position-specific":[""],"no_featured_image":[""],"hefo_before":["0"],"hefo_after":["0"],"_wpml_media_duplicate":["1"],"_wpml_media_featured":["1"],"_wp_page_template":["dallas-es.php"],"_last_translation_edit_mode":["native-editor"],"_yoast_wpseo_content_score":["30"],"_yoast_wpseo_estimated-reading-time-minutes":["2"],"_yoast_wpseo_wordproof_timestamp":[""],"_no_featured_image":["field_634ddb97a906f"],"rank_math_news_sitemap_robots":["index"],"rank_math_robots":["a:1:{i:0;s:5:\"index\";}"],"rank_math_internal_links_processed":["1"],"rank_math_seo_score":["10"],"wpil_sync_report3":["1"],"_acf_changed":["1"],"footnotes":[""],"h1":["El mejor abogado de accidentes de montacargas de Dallas"],"_h1":["field_66ad09c11fbbe"],"_eb_reusable_block_ids":["a:0:{}"],"_uag_css_file_name":["uag-css-43354.css"],"_uagb_previous_block_counts":["a:90:{s:21:\"uagb\/advanced-heading\";i:0;s:15:\"uagb\/blockquote\";i:0;s:12:\"uagb\/buttons\";i:0;s:18:\"uagb\/buttons-child\";i:0;s:19:\"uagb\/call-to-action\";i:0;s:15:\"uagb\/cf7-styler\";i:0;s:11:\"uagb\/column\";i:0;s:12:\"uagb\/columns\";i:0;s:14:\"uagb\/container\";i:0;s:21:\"uagb\/content-timeline\";i:0;s:27:\"uagb\/content-timeline-child\";i:0;s:14:\"uagb\/countdown\";i:0;s:12:\"uagb\/counter\";i:0;s:8:\"uagb\/faq\";i:0;s:14:\"uagb\/faq-child\";i:0;s:10:\"uagb\/forms\";i:0;s:17:\"uagb\/forms-accept\";i:0;s:19:\"uagb\/forms-checkbox\";i:0;s:15:\"uagb\/forms-date\";i:0;s:16:\"uagb\/forms-email\";i:0;s:17:\"uagb\/forms-hidden\";i:0;s:15:\"uagb\/forms-name\";i:0;s:16:\"uagb\/forms-phone\";i:0;s:16:\"uagb\/forms-radio\";i:0;s:17:\"uagb\/forms-select\";i:0;s:19:\"uagb\/forms-textarea\";i:0;s:17:\"uagb\/forms-toggle\";i:0;s:14:\"uagb\/forms-url\";i:0;s:14:\"uagb\/gf-styler\";i:0;s:15:\"uagb\/google-map\";i:0;s:11:\"uagb\/how-to\";i:0;s:16:\"uagb\/how-to-step\";i:0;s:9:\"uagb\/icon\";i:0;s:14:\"uagb\/icon-list\";i:0;s:20:\"uagb\/icon-list-child\";i:0;s:10:\"uagb\/image\";i:0;s:18:\"uagb\/image-gallery\";i:0;s:13:\"uagb\/info-box\";i:0;s:18:\"uagb\/inline-notice\";i:0;s:11:\"uagb\/lottie\";i:0;s:21:\"uagb\/marketing-button\";i:0;s:10:\"uagb\/modal\";i:0;s:18:\"uagb\/popup-builder\";i:0;s:16:\"uagb\/post-button\";i:0;s:18:\"uagb\/post-carousel\";i:0;s:17:\"uagb\/post-excerpt\";i:0;s:14:\"uagb\/post-grid\";i:0;s:15:\"uagb\/post-image\";i:0;s:17:\"uagb\/post-masonry\";i:0;s:14:\"uagb\/post-meta\";i:0;s:18:\"uagb\/post-taxonomy\";i:0;s:18:\"uagb\/post-timeline\";i:0;s:15:\"uagb\/post-title\";i:0;s:20:\"uagb\/restaurant-menu\";i:0;s:26:\"uagb\/restaurant-menu-child\";i:0;s:11:\"uagb\/review\";i:0;s:12:\"uagb\/section\";i:0;s:14:\"uagb\/separator\";i:0;s:11:\"uagb\/slider\";i:0;s:17:\"uagb\/slider-child\";i:0;s:17:\"uagb\/social-share\";i:0;s:23:\"uagb\/social-share-child\";i:0;s:16:\"uagb\/star-rating\";i:0;s:23:\"uagb\/sure-cart-checkout\";i:0;s:22:\"uagb\/sure-cart-product\";i:0;s:15:\"uagb\/sure-forms\";i:0;s:22:\"uagb\/table-of-contents\";i:0;s:9:\"uagb\/tabs\";i:0;s:15:\"uagb\/tabs-child\";i:0;s:18:\"uagb\/taxonomy-list\";i:0;s:9:\"uagb\/team\";i:0;s:16:\"uagb\/testimonial\";i:0;s:14:\"uagb\/wp-search\";i:0;s:19:\"uagb\/instagram-feed\";i:0;s:10:\"uagb\/login\";i:0;s:17:\"uagb\/loop-builder\";i:0;s:18:\"uagb\/loop-category\";i:0;s:20:\"uagb\/loop-pagination\";i:0;s:15:\"uagb\/loop-reset\";i:0;s:16:\"uagb\/loop-search\";i:0;s:14:\"uagb\/loop-sort\";i:0;s:17:\"uagb\/loop-wrapper\";i:0;s:13:\"uagb\/register\";i:0;s:19:\"uagb\/register-email\";i:0;s:24:\"uagb\/register-first-name\";i:0;s:23:\"uagb\/register-last-name\";i:0;s:22:\"uagb\/register-password\";i:0;s:30:\"uagb\/register-reenter-password\";i:0;s:19:\"uagb\/register-terms\";i:0;s:22:\"uagb\/register-username\";i:0;}"],"_elementor_page_assets":["a:0:{}"],"faq_section":[""],"_faq_section":["field_695d70e015ef5"],"global_settings":[""],"_global_settings":["field_695d14e32717d"],"hero_section":[""],"_hero_section":["field_695d11d6629cb"],"attorneys_section":[""],"_attorneys_section":["field_695d13c127171"],"in_their_words_section":[""],"_in_their_words_section":["field_695d7fc888562"],"data_and_statistics":[""],"_data_and_statistics":["field_695d45ac43bab"],"help_section":[""],"_help_section":["field_695d4fb1516c6"],"how_it_works_section":[""],"_how_it_works_section":["field_695d6034da277"],"video_section":[""],"_video_section":["field_695d8d4e9fe90"],"after_accident_section":[""],"_after_accident_section":["field_695d65e727a9a"],"contact_section":[""],"_contact_section":["field_695d6a2965ae5"],"_global_settings_city_name":["field_695d14cf2717c"],"_hero_section_office_name":["field_695d0f7b036eb"],"_hero_section_office_description":["field_695d0fb8036ec"],"_hero_section_office_phone":["field_695d1196629c9"],"_hero_section_office_directions":["field_695d11af629ca"],"_attorneys_section_section_title":["field_695d14bd2717a"],"_attorneys_section_section_description":["field_695d14c42717b"],"attorneys_section_attorneys":["a:4:{i:0;s:5:\"40317\";i:1;s:5:\"40377\";i:2;s:5:\"54969\";i:3;s:5:\"54967\";}"],"_attorneys_section_attorneys":["field_695d13db27176"],"_in_their_words_section_video_testimonials_0_link_or_embed":["field_695d800888564"],"_in_their_words_section_video_testimonials_1_link_or_embed":["field_695d800888564"],"_in_their_words_section_video_testimonials_2_link_or_embed":["field_695d800888564"],"in_their_words_section_video_testimonials":["3"],"_in_their_words_section_video_testimonials":["field_695d7ff888563"],"_data_and_statistics_section_title":["field_695d45ac43bac"],"_data_and_statistics_section_description":["field_695d45ac43bad"],"_data_and_statistics_section_information":["field_695d45d143bb2"],"_help_section_cards_card_1_title":["field_695d5060516cc"],"_help_section_cards_card_1_description":["field_695d506d516cd"],"help_section_cards_card_1_link":["a:3:{s:3:\"url\";s:75:\"https:\/\/www.reyeslaw.com\/blog\/the-6-key-points-of-the-injury-claim-process\/\";s:5:\"title\";s:46:\"The 6 Key Points of the Injury Claim Process\u00a0\";s:6:\"target\";s:5:\"_self\";}"],"_help_section_cards_card_1_link":["field_695d5077516ce"],"help_section_cards_card_1":[""],"_help_section_cards_card_1":["field_695d503c516cb"],"_help_section_cards_card_2_title":["field_695d5091516d1"],"_help_section_cards_card_2_description":["field_695d5091516d2"],"help_section_cards_card_2_link":["a:3:{s:3:\"url\";s:31:\"\/dallas\/personal-injury-lawyer\/\";s:5:\"title\";s:0:\"\";s:6:\"target\";s:5:\"_self\";}"],"_help_section_cards_card_2_link":["field_695d5091516d3"],"help_section_cards_card_2":[""],"_help_section_cards_card_2":["field_695d5091516d0"],"_help_section_cards_card_3_title":["field_695d5096516d5"],"_help_section_cards_card_3_description":["field_695d5096516d6"],"help_section_cards_card_3_link":["a:3:{s:3:\"url\";s:71:\"https:\/\/www.reyeslaw.com\/blog\/what-qualifies-as-a-personal-injury-case\/\";s:5:\"title\";s:41:\"What Qualifies as a Personal Injury Case?\";s:6:\"target\";s:5:\"_self\";}"],"_help_section_cards_card_3_link":["field_695d5096516d7"],"help_section_cards_card_3":[""],"_help_section_cards_card_3":["field_695d5096516d4"],"help_section_cards":[""],"_help_section_cards":["field_695d4fb5516ca"],"help_section_accident_types_list":["0"],"_help_section_accident_types_list":["field_6970b22557b30"],"_video_section_section_title":["field_695d8d5f9fe91"],"_video_section_section_description":["field_695d8d6f9fe92"],"_video_section_youtube_link":["field_695d8d7b9fe93"],"_after_accident_section_section_title":["field_695d65f727a9b"],"_after_accident_section_section_description":["field_695d660127a9c"],"after_accident_section_cta_button":["a:3:{s:3:\"url\";s:75:\"https:\/\/www.reyeslaw.com\/es\/blog\/que-hacer-despues-de-un-accidente-de-auto\/\";s:5:\"title\";s:78:\"Qu\u00e9 Hacer Inmediatamente Despu\u00e9s de un Accidente de Auto: Una Gu\u00eda Completo\";s:6:\"target\";s:5:\"_self\";}"],"_after_accident_section_cta_button":["field_695d660b27a9d"],"contact_section_badges_gallery":["a:1:{i:0;s:5:\"50292\";}"],"_contact_section_badges_gallery":["field_695d6a2965ae6"],"_faq_section_section_title":["field_695d71bcbd781"],"_faq_section_section_description":["field_695d71c4bd782"],"_faq_section_faqs_0_question":["field_695d710f15ef7"],"_faq_section_faqs_0_answer":["field_695d711615ef8"],"_faq_section_faqs_1_question":["field_695d710f15ef7"],"_faq_section_faqs_1_answer":["field_695d711615ef8"],"faq_section_faqs":["5"],"_faq_section_faqs":["field_695d70f215ef6"],"_faq_section_faqs_2_question":["field_695d710f15ef7"],"_faq_section_faqs_2_answer":["field_695d711615ef8"],"_faq_section_faqs_3_question":["field_695d710f15ef7"],"_faq_section_faqs_3_answer":["field_695d711615ef8"],"_faq_section_faqs_4_question":["field_695d710f15ef7"],"_faq_section_faqs_4_answer":["field_695d711615ef8"],"attorneys_section_select_attorneys":["0"],"_attorneys_section_select_attorneys":["field_6970af3a5d27c"],"attorneys_section_attorneys_manually":[""],"_attorneys_section_attorneys_manually":["field_6970af125d27b"],"data_and_statistics_apply_new_layout":["0"],"_data_and_statistics_apply_new_layout":["field_696f9dfef3563"],"_data_and_statistics_statistics_list_0_title":["field_696f9e82f3565"],"_data_and_statistics_statistics_list_0_sub_title":["field_696f9e88f3566"],"_data_and_statistics_statistics_list_0_text":["field_696f9e90f3567"],"data_and_statistics_statistics_list":["1"],"_data_and_statistics_statistics_list":["field_696f9e14f3564"],"_data_and_statistics_text_under_list":["field_696fadac33e0b"],"_help_section_description":["field_6970d7d892c7c"],"_help_section_accident_types_list_manually":["field_695d4fb1516c9"],"help_section_accident_types_select":["personal_injury"],"_help_section_accident_types_select":["field_69773ef0b4270"],"_thumbnail_id":["51889"],"_uag_page_assets":["a:9:{s:3:\"css\";s:260:\".uag-blocks-common-selector{z-index:var(--z-index-desktop) !important}@media(max-width: 976px){.uag-blocks-common-selector{z-index:var(--z-index-tablet) !important}}@media(max-width: 767px){.uag-blocks-common-selector{z-index:var(--z-index-mobile) !important}}\";s:2:\"js\";s:0:\"\";s:18:\"current_block_list\";a:10:{i:0;s:14:\"core\/paragraph\";i:1;s:9:\"core\/list\";i:2;s:14:\"core\/list-item\";i:3;s:11:\"core\/search\";i:4;s:10:\"core\/group\";i:5;s:12:\"core\/heading\";i:6;s:17:\"core\/latest-posts\";i:7;s:20:\"core\/latest-comments\";i:8;s:13:\"core\/archives\";i:9;s:15:\"core\/categories\";}s:8:\"uag_flag\";b:0;s:11:\"uag_version\";s:10:\"1778692529\";s:6:\"gfonts\";a:0:{}s:10:\"gfonts_url\";s:0:\"\";s:12:\"gfonts_files\";a:0:{}s:14:\"uag_faq_layout\";b:0;}"]},"uagb_featured_image_src":{"full":["https:\/\/www.reyeslaw.com\/wp-content\/uploads\/2026\/02\/2-6.avif",960,720,false],"thumbnail":["https:\/\/www.reyeslaw.com\/wp-content\/uploads\/2026\/02\/2-6-150x150.avif",150,150,true],"medium":["https:\/\/www.reyeslaw.com\/wp-content\/uploads\/2026\/02\/2-6-300x225.avif",300,225,true],"medium_large":["https:\/\/www.reyeslaw.com\/wp-content\/uploads\/2026\/02\/2-6-768x576.avif",768,576,true],"large":["https:\/\/www.reyeslaw.com\/wp-content\/uploads\/2026\/02\/2-6.avif",800,600,false],"1536x1536":["https:\/\/www.reyeslaw.com\/wp-content\/uploads\/2026\/02\/2-6.avif",960,720,false],"2048x2048":["https:\/\/www.reyeslaw.com\/wp-content\/uploads\/2026\/02\/2-6.avif",960,720,false],"dx-single-featured-sm":["https:\/\/www.reyeslaw.com\/wp-content\/uploads\/2026\/02\/2-6.avif",420,315,false],"dx-single-featured":["https:\/\/www.reyeslaw.com\/wp-content\/uploads\/2026\/02\/2-6.avif",744,558,false],"gform-image-choice-sm":["https:\/\/www.reyeslaw.com\/wp-content\/uploads\/2026\/02\/2-6.avif",300,225,false],"gform-image-choice-md":["https:\/\/www.reyeslaw.com\/wp-content\/uploads\/2026\/02\/2-6.avif",400,300,false],"gform-image-choice-lg":["https:\/\/www.reyeslaw.com\/wp-content\/uploads\/2026\/02\/2-6.avif",600,450,false]},"uagb_author_info":{"display_name":"Angel Reyes","author_link":"https:\/\/www.reyeslaw.com\/es\/author\/angel-reyes\/"},"uagb_comment_info":0,"uagb_excerpt":"Los accidentes de montacargas pueden ser devastadores y provocar lesiones graves e incluso la muerte. De 2011 a 2017, hubo casi 61.000 heridos y 614 muertes por accidentes de montacargas. Estos accidentes son demasiado comunes y pueden afectar significativamente la vida de todos los involucrados. Es posible que usted o un ser querido haya sufrido&hellip;","_links":{"self":[{"href":"https:\/\/www.reyeslaw.com\/es\/wp-json\/wp\/v2\/pages\/43354","targetHints":{"allow":["GET"]}}],"collection":[{"href":"https:\/\/www.reyeslaw.com\/es\/wp-json\/wp\/v2\/pages"}],"about":[{"href":"https:\/\/www.reyeslaw.com\/es\/wp-json\/wp\/v2\/types\/page"}],"author":[{"embeddable":true,"href":"https:\/\/www.reyeslaw.com\/es\/wp-json\/wp\/v2\/users\/32"}],"replies":[{"embeddable":true,"href":"https:\/\/www.reyeslaw.com\/es\/wp-json\/wp\/v2\/comments?post=43354"}],"version-history":[{"count":0,"href":"https:\/\/www.reyeslaw.com\/es\/wp-json\/wp\/v2\/pages\/43354\/revisions"}],"up":[{"embeddable":true,"href":"https:\/\/www.reyeslaw.com\/es\/wp-json\/wp\/v2\/pages\/1930"}],"wp:featuredmedia":[{"embeddable":true,"href":"https:\/\/www.reyeslaw.com\/es\/wp-json\/wp\/v2\/media\/51889"}],"wp:attachment":[{"href":"https:\/\/www.reyeslaw.com\/es\/wp-json\/wp\/v2\/media?parent=43354"}],"curies":[{"name":"wp","href":"https:\/\/api.w.org\/{rel}","templated":true}]}}