{"id":43366,"date":"2024-01-17T05:37:29","date_gmt":"2024-01-17T05:37:29","guid":{"rendered":"https:\/\/www.reyeslaw.com\/?page_id=43366"},"modified":"2025-06-02T07:22:40","modified_gmt":"2025-06-02T12:22:40","slug":"cemento","status":"publish","type":"page","link":"https:\/\/www.reyeslaw.com\/es\/dallas\/accidentes-de-camiones\/cemento\/","title":{"rendered":"Abogado de accidentes de camiones de cemento de Dallas"},"content":{"rendered":"\n<p>Compartir la carretera con camiones grandes puede resultar intimidante para cualquier conductor, y no es de extra\u00f1ar por qu\u00e9. En 2021, hubo alrededor de 494.000 accidentes reportados por la polic\u00eda que involucran camiones grandes en los EE. UU. De esos accidentes, 5.149 fueron mortales y 110.000 resultaron heridos.<\/p>\n\n\n\n<p>Cada tipo de cami\u00f3n grande plantea diferentes preocupaciones y desaf\u00edos; los camiones de cemento no son una excepci\u00f3n. Si bien se clasifican como camiones grandes, los camiones de cemento tienen distintos peligros en comparaci\u00f3n con los camiones comerciales.<\/p>\n\n\n\n<p>Si ha tenido un accidente con un cami\u00f3n de cemento, aprenda c\u00f3mo un abogado especializado en accidentes de camiones de cemento en Dallas puede brindarle la ventaja que necesita para recibir la compensaci\u00f3n que se merece.<\/p>\n\n\n\n<p>Comprensi\u00f3n de los accidentes de camiones de cemento<\/p>\n\n\n\n<p>Es importante saber qu\u00e9 diferencia a los camiones de cemento de otros veh\u00edculos comerciales grandes y c\u00f3mo esto puede afectar las colisiones con ellos. Los siguientes son algunos de los factores que pueden contribuir a los accidentes de camiones de cemento.<\/p>\n\n\n\n<p>Exceso de velocidad<\/p>\n\n\n\n<p>Si bien todas las personas que conducen para ganarse la vida tienen horarios, los conductores de camiones de cemento deben llegar a su destino en un par de horas.<\/p>\n\n\n\n<p>El cemento puede endurecerse r\u00e1pidamente y ser\u00e1 in\u00fatil si el conductor no llega a su destino a tiempo. Esta presi\u00f3n puede llevar a los conductores a tomar malas decisiones, como acelerar o pasarse los sem\u00e1foros en rojo, para asegurarse de llegar a su destino antes de que sea demasiado tarde.<\/p>\n\n\n\n<p>Centro de gravedad<\/p>\n\n\n\n<p>Como cualquier cami\u00f3n grande, un cami\u00f3n de cemento es un veh\u00edculo peligroso al chocar, en parte debido a su peso. Un cami\u00f3n de cemento puede pesar entre 30.000 y 60.000 libras cuando se llena con cemento l\u00edquido.<\/p>\n\n\n\n<p>Pero lo que hace que los camiones de cemento sean a\u00fan m\u00e1s peligrosos es su alto centro de gravedad. La carga de un cami\u00f3n de cemento est\u00e1 colocada a mayor altura que la de la mayor\u00eda de los dem\u00e1s camiones y es menos estable.<\/p>\n\n\n\n<p>Como resultado, los camiones de cemento son particularmente propensos a volcarse, lo que aumenta el riesgo de muertes o lesiones graves. El vuelco es el primer evento da\u00f1ino en el 4% de todos los accidentes fatales de camiones grandes, en comparaci\u00f3n con el 2% en los accidentes no fatales.<\/p>\n\n\n\n<p>Incluso a baja velocidad, los camiones de cemento pueden volcar al girar, al detenerse o de forma aleatoria debido al movimiento dentro del tambor de cemento. Esto significa que un accidente puede ocurrir f\u00e1cilmente incluso en condiciones de conducci\u00f3n aparentemente seguras.<\/p>\n\n\n\n<p>Mal funcionamiento del veh\u00edculo<\/p>\n\n\n\n<p>Un cami\u00f3n de cemento trabaja duro y eso puede provocar un deterioro m\u00e1s r\u00e1pido en comparaci\u00f3n con otros veh\u00edculos. Si un cami\u00f3n de cemento no recibe el mantenimiento adecuado, puede provocar un accidente y hacer responsable a la empresa.<\/p>\n\n\n\n<p>Rendimiento del conductor<\/p>\n\n\n\n<p>Los errores m\u00e1s comunes del conductor incluyen la conducci\u00f3n somnolienta, distra\u00edda e imprudente. Un conductor inexperto al volante tambi\u00e9n puede aumentar el riesgo de sufrir accidentes.<\/p>\n\n\n\n<p>Si el accidente fue causado por un error del conductor, entonces es crucial tener un abogado de Dallas de su lado para demostrarlo y obtener lo que se merece.<\/p>\n\n\n\n<p>Utilice nuestra calculadora de casos para ver cu\u00e1nta compensaci\u00f3n podr\u00eda obtener por su accidente, o llame al (214) 526-7900 para hablar hoy con un abogado especializado en accidentes de camiones en Dallas.<\/p>\n\n\n\n<p>El papel crucial de un abogado especializado en accidentes de camiones de cemento en Dallas<\/p>\n\n\n\n<p>He aqu\u00ed por qu\u00e9 necesita un abogado especializado en accidentes de camiones de cemento en Dallas de su lado cuando se enfrente a una empresa de transporte o de construcci\u00f3n en los tribunales.<\/p>\n\n\n\n<p>Experiencia de su lado<\/p>\n\n\n\n<p>En primer lugar, necesita un abogado porque comprende y tiene experiencia en el proceso legal. Un abogado puede ofrecerle orientaci\u00f3n sobre sus opciones legales, qu\u00e9 exigir del acusado (la empresa) y c\u00f3mo presentar toda la documentaci\u00f3n necesaria.<\/p>\n\n\n\n<p>Adem\u00e1s, pueden determinar qui\u00e9n tiene la culpa y con qui\u00e9n ir a juicio. \u00bfEs s\u00f3lo el conductor? \u00bfLa empresa? \u00bfAmbos?<\/p>\n\n\n\n<p>Tambi\u00e9n determinar\u00e1n si el accidente es un problema estatal o federal. Si el accidente ocurri\u00f3 dentro de un solo estado, entonces la compa\u00f1\u00eda y el conductor deben seguir las leyes y regulaciones de seguros de ese estado. Si el cami\u00f3n de cemento cruz\u00f3 las fronteras estatales, entonces se considera viaje interestatal, y la empresa y el conductor deben cumplir con las normas y regulaciones de seguros federales.<\/p>\n\n\n\n<p>Estas son algunas de las muchas formas en que un abogado se asegurar\u00e1 de que usted obtenga una compensaci\u00f3n adecuada.<\/p>\n\n\n\n<p>Comun\u00edquese con Angel Reyes &#038; Associates para trabajar con un abogado con experiencia en accidentes de camiones de cemento en Dallas. Hemos ayudado a personas a obtener millones de d\u00f3lares en acuerdos por lesiones sufridas en accidentes automovil\u00edsticos y de camiones.<\/p>\n\n\n\n<p>Orientaci\u00f3n profesional con evidencia<\/p>\n\n\n\n<p>Otra parte del trabajo de un abogado especializado en accidentes de camiones en Dallas es ayudarle a encontrar pruebas que demuestren la responsabilidad del conductor o de la empresa. Revisar\u00e1n todas las pruebas potenciales para determinar si:<\/p>\n\n\n\n<ul class=\"wp-block-list\">\n<li>El conductor ten\u00eda el deber de tener cuidado para conducir con seguridad el cami\u00f3n de cemento.<\/li>\n\n\n\n<li>El conductor incumpli\u00f3 su deber de diligencia.<\/li>\n\n\n\n<li>El accidente provoc\u00f3 sus heridas.<\/li>\n<\/ul>\n\n\n\n<p>Reunir pruebas por tu cuenta puede resultar abrumador. Las pruebas comunes incluyen:<\/p>\n\n\n\n<ul class=\"wp-block-list\">\n<li>Cualquier tipo de material de vigilancia.<\/li>\n\n\n\n<li>Documentos hospitalarios<\/li>\n\n\n\n<li>Informes policiales<\/li>\n\n\n\n<li>El dispositivo de registro electr\u00f3nico (ELD) del conductor y el registrador de datos de eventos (EDR)<\/li>\n\n\n\n<li>Los informes de seguridad del conductor.<\/li>\n\n\n\n<li>Registros del personal de la empresa de transporte<\/li>\n\n\n\n<li>Relatos de testigos<\/li>\n<\/ul>\n\n\n\n<p>Es posible que el conductor o la empresa no est\u00e9n dispuestos a compartir ciertas pruebas, por lo que necesita un abogado de veh\u00edculos comerciales que los obligue legalmente a compartirlas con usted.<\/p>\n\n\n\n<p>Un defensor de confianza a su lado<\/p>\n\n\n\n<p>Cuando sufre un accidente de cami\u00f3n de cemento, lo m\u00e1s probable es que se enfrente a toda una empresa en lugar de al conductor individual. Esto puede ser desalentador ya que es usted contra un equipo de abogados, raz\u00f3n por la cual necesita un abogado con experiencia en accidentes de camiones de cemento en Dallas.<\/p>\n\n\n\n<p>Angel Reyes &#038; Associates podr\u00e1 disputar cualquier reclamo que la compa\u00f1\u00eda intente utilizar para eliminar su responsabilidad por el accidente. Nos aseguraremos de que la empresa le compense adecuadamente por cualquier lesi\u00f3n que usted o su ser querido haya sufrido en el accidente.<\/p>\n\n\n\n<p>Experiencia en la industria del transporte por carretera<\/p>\n\n\n\n<p>Al decidirse por un abogado, es importante elegir uno que est\u00e9 familiarizado con la industria del transporte por carretera para que tenga todo el conocimiento que necesita de su lado. Por ejemplo, un abogado especializado en accidentes de camiones de cemento en Dallas sabr\u00eda que las empresas y los conductores que realizan operaciones de corta distancia deben seguir las normas pertinentes de la Ley Federal de Seguridad de Autotransportes (FMCSA).<\/p>\n\n\n\n<p>Estas reglas incluyen:<\/p>\n\n\n\n<ul class=\"wp-block-list\">\n<li>Un conductor debe tener al menos 10 horas consecutivas fuera de servicio, separadas cada 14 horas de servicio.<\/li>\n\n\n\n<li>Un conductor debe regresar al lugar de presentaci\u00f3n de trabajo y ser liberado del trabajo dentro de las 14 horas consecutivas.<\/li>\n\n\n\n<li>El conductor de un veh\u00edculo de reparto de concreto premezclado debe tener un descanso de 30 minutos.<\/li>\n\n\n\n<li>Un conductor debe trabajar dentro de un radio de 150 millas a\u00e9reas del lugar de presentaci\u00f3n de informes de trabajo.<\/li>\n\n\n\n<li>Los conductores de materiales y equipos de construcci\u00f3n pueden trabajar 7 u 8 d\u00edas consecutivos pero deben tener 24 horas o m\u00e1s libres.<\/li>\n\n\n\n<li>La empresa que contrat\u00f3 al conductor debe tener 6 meses de registros precisos.<\/li>\n<\/ul>\n\n\n\n<p>La FMCSA tambi\u00e9n establece que toda empresa de autom\u00f3viles debe inspeccionar, reparar y mantener los veh\u00edculos sistem\u00e1ticamente. Adem\u00e1s, deber\u00e1n mantener actualizados los registros de mantenimiento e inspecci\u00f3n de sus veh\u00edculos.<\/p>\n\n\n\n<p>Comunicador experto<\/p>\n\n\n\n<p>Otra parte de la defensa de un abogado es manejar la comunicaci\u00f3n con la compa\u00f1\u00eda de seguros, el hospital y cualquier otra parte involucrada, para que usted no tenga que preocuparse por eso.<\/p>\n\n\n\n<p>Tratar con la compa\u00f1\u00eda de seguros es especialmente importante porque navegar por sus p\u00f3lizas puede complicar el proceso legal. Debe estar en contacto tanto con su compa\u00f1\u00eda de seguros como con la del demandado; Cada empresa tiene sus propias pol\u00edticas espec\u00edficas.<\/p>\n\n\n\n<p>Lo \u00faltimo que desea cuando usted o un ser querido resulta lesionado en un accidente de cami\u00f3n de cemento es ocuparse del papeleo. Llame al (214) 526-7900 para que Angel Reyes &#038; Associates lo haga por usted.<\/p>\n\n\n\n<p>Haga de Angel Reyes &#038; Associates su abogado de accidentes de camiones de cemento en Dallas<\/p>\n\n\n\n<p>Si ha estado involucrado en un accidente de cami\u00f3n de cemento en Dallas, Angel Reyes &#038; Associates puede ayudarlo. Ya sea que el caso sea para usted o un ser querido, lo guiaremos en cada paso del proceso legal.<\/p>\n\n\n\n<p>Con m\u00e1s de 40,000 casos ganados, mil millones de d\u00f3lares en acuerdos y disponibilidad 24 horas al d\u00eda, 7 d\u00edas a la semana, nos aseguraremos de que tenga la mejor oportunidad de obtener una compensaci\u00f3n adecuada. Lo mejor de todo es que no cobramos ninguna tarifa a menos que usted gane.<\/p>\n\n\n\n<p>\u00a1P\u00f3ngase en contacto con nosotros hoy!<\/p>\n","protected":false},"excerpt":{"rendered":"<p>Compartir la carretera con camiones grandes puede resultar intimidante para cualquier conductor, y no es de extra\u00f1ar por qu\u00e9. En 2021, hubo alrededor de 494.000 accidentes reportados por la polic\u00eda que involucran camiones grandes en los EE. UU. De esos accidentes, 5.149 fueron mortales y 110.000 resultaron heridos. Cada tipo de cami\u00f3n grande plantea diferentes [&hellip;]<\/p>\n","protected":false},"author":32,"featured_media":0,"parent":40752,"menu_order":0,"comment_status":"closed","ping_status":"closed","template":"dallas-es.php","meta":{"_acf_changed":true,"_eb_attr":"","inline_featured_image":false,"_uag_custom_page_level_css":"","footnotes":""},"class_list":["post-43366","page","type-page","status-publish","hentry"],"acf":[],"spectra_custom_meta":{"_edit_lock":["1748866966:31"],"_wpml_word_count":["1587"],"_edit_last":["31"],"_ez-toc-disabled":[""],"_ez-toc-insert":[""],"_ez-toc-header-label":[""],"_ez-toc-alignment":["none"],"_ez-toc-heading-levels":["a:0:{}"],"_ez-toc-alttext":[""],"_ez-toc-visibility_hide_by_default":[""],"_ez-toc-hide_counter":[""],"_ez-toc-exclude":[""],"_ez-toc-position-specific":[""],"no_featured_image":[""],"hefo_before":["0"],"hefo_after":["0"],"_wpml_media_duplicate":["1"],"_wpml_media_featured":["1"],"_wp_page_template":["dallas-es.php"],"_last_translation_edit_mode":["native-editor"],"_yoast_wpseo_content_score":["30"],"_yoast_wpseo_estimated-reading-time-minutes":["7"],"_yoast_wpseo_wordproof_timestamp":[""],"_no_featured_image":["field_634ddb97a906f"],"rank_math_news_sitemap_robots":["index"],"rank_math_robots":["a:1:{i:0;s:5:\"index\";}"],"rank_math_internal_links_processed":["1"],"rank_math_seo_score":["13"],"wpil_sync_report3":["1"],"_acf_changed":["1"],"footnotes":[""],"h1":["Abogado de accidentes de camiones de cemento de Dallas"],"_h1":["field_66ad09c11fbbe"],"_elementor_edit_mode":[""],"_elementor_template_type":[""],"_eb_reusable_block_ids":["a:0:{}"],"_uag_css_file_name":["uag-css-43366.css"],"_uagb_previous_block_counts":["a:90:{s:21:\"uagb\/advanced-heading\";i:0;s:15:\"uagb\/blockquote\";i:0;s:12:\"uagb\/buttons\";i:0;s:18:\"uagb\/buttons-child\";i:0;s:19:\"uagb\/call-to-action\";i:0;s:15:\"uagb\/cf7-styler\";i:0;s:11:\"uagb\/column\";i:0;s:12:\"uagb\/columns\";i:0;s:14:\"uagb\/container\";i:0;s:21:\"uagb\/content-timeline\";i:0;s:27:\"uagb\/content-timeline-child\";i:0;s:14:\"uagb\/countdown\";i:0;s:12:\"uagb\/counter\";i:0;s:8:\"uagb\/faq\";i:0;s:14:\"uagb\/faq-child\";i:0;s:10:\"uagb\/forms\";i:0;s:17:\"uagb\/forms-accept\";i:0;s:19:\"uagb\/forms-checkbox\";i:0;s:15:\"uagb\/forms-date\";i:0;s:16:\"uagb\/forms-email\";i:0;s:17:\"uagb\/forms-hidden\";i:0;s:15:\"uagb\/forms-name\";i:0;s:16:\"uagb\/forms-phone\";i:0;s:16:\"uagb\/forms-radio\";i:0;s:17:\"uagb\/forms-select\";i:0;s:19:\"uagb\/forms-textarea\";i:0;s:17:\"uagb\/forms-toggle\";i:0;s:14:\"uagb\/forms-url\";i:0;s:14:\"uagb\/gf-styler\";i:0;s:15:\"uagb\/google-map\";i:0;s:11:\"uagb\/how-to\";i:0;s:16:\"uagb\/how-to-step\";i:0;s:9:\"uagb\/icon\";i:0;s:14:\"uagb\/icon-list\";i:0;s:20:\"uagb\/icon-list-child\";i:0;s:10:\"uagb\/image\";i:0;s:18:\"uagb\/image-gallery\";i:0;s:13:\"uagb\/info-box\";i:0;s:18:\"uagb\/inline-notice\";i:0;s:11:\"uagb\/lottie\";i:0;s:21:\"uagb\/marketing-button\";i:0;s:10:\"uagb\/modal\";i:0;s:18:\"uagb\/popup-builder\";i:0;s:16:\"uagb\/post-button\";i:0;s:18:\"uagb\/post-carousel\";i:0;s:17:\"uagb\/post-excerpt\";i:0;s:14:\"uagb\/post-grid\";i:0;s:15:\"uagb\/post-image\";i:0;s:17:\"uagb\/post-masonry\";i:0;s:14:\"uagb\/post-meta\";i:0;s:18:\"uagb\/post-taxonomy\";i:0;s:18:\"uagb\/post-timeline\";i:0;s:15:\"uagb\/post-title\";i:0;s:20:\"uagb\/restaurant-menu\";i:0;s:26:\"uagb\/restaurant-menu-child\";i:0;s:11:\"uagb\/review\";i:0;s:12:\"uagb\/section\";i:0;s:14:\"uagb\/separator\";i:0;s:11:\"uagb\/slider\";i:0;s:17:\"uagb\/slider-child\";i:0;s:17:\"uagb\/social-share\";i:0;s:23:\"uagb\/social-share-child\";i:0;s:16:\"uagb\/star-rating\";i:0;s:23:\"uagb\/sure-cart-checkout\";i:0;s:22:\"uagb\/sure-cart-product\";i:0;s:15:\"uagb\/sure-forms\";i:0;s:22:\"uagb\/table-of-contents\";i:0;s:9:\"uagb\/tabs\";i:0;s:15:\"uagb\/tabs-child\";i:0;s:18:\"uagb\/taxonomy-list\";i:0;s:9:\"uagb\/team\";i:0;s:16:\"uagb\/testimonial\";i:0;s:14:\"uagb\/wp-search\";i:0;s:19:\"uagb\/instagram-feed\";i:0;s:10:\"uagb\/login\";i:0;s:17:\"uagb\/loop-builder\";i:0;s:18:\"uagb\/loop-category\";i:0;s:20:\"uagb\/loop-pagination\";i:0;s:15:\"uagb\/loop-reset\";i:0;s:16:\"uagb\/loop-search\";i:0;s:14:\"uagb\/loop-sort\";i:0;s:17:\"uagb\/loop-wrapper\";i:0;s:13:\"uagb\/register\";i:0;s:19:\"uagb\/register-email\";i:0;s:24:\"uagb\/register-first-name\";i:0;s:23:\"uagb\/register-last-name\";i:0;s:22:\"uagb\/register-password\";i:0;s:30:\"uagb\/register-reenter-password\";i:0;s:19:\"uagb\/register-terms\";i:0;s:22:\"uagb\/register-username\";i:0;}"],"_uag_page_assets":["a:9:{s:3:\"css\";s:263:\".uag-blocks-common-selector{z-index:var(--z-index-desktop) !important}@media (max-width: 976px){.uag-blocks-common-selector{z-index:var(--z-index-tablet) !important}}@media (max-width: 767px){.uag-blocks-common-selector{z-index:var(--z-index-mobile) !important}}\n\";s:2:\"js\";s:0:\"\";s:18:\"current_block_list\";a:10:{i:0;s:14:\"core\/paragraph\";i:1;s:9:\"core\/list\";i:2;s:14:\"core\/list-item\";i:3;s:11:\"core\/search\";i:4;s:10:\"core\/group\";i:5;s:12:\"core\/heading\";i:6;s:17:\"core\/latest-posts\";i:7;s:20:\"core\/latest-comments\";i:8;s:13:\"core\/archives\";i:9;s:15:\"core\/categories\";}s:8:\"uag_flag\";b:0;s:11:\"uag_version\";s:10:\"1776467228\";s:6:\"gfonts\";a:0:{}s:10:\"gfonts_url\";s:0:\"\";s:12:\"gfonts_files\";a:0:{}s:14:\"uag_faq_layout\";b:0;}"],"_elementor_page_assets":["a:0:{}"]},"uagb_featured_image_src":{"full":false,"thumbnail":false,"medium":false,"medium_large":false,"large":false,"1536x1536":false,"2048x2048":false,"dx-single-featured-sm":false,"dx-single-featured":false,"gform-image-choice-sm":false,"gform-image-choice-md":false,"gform-image-choice-lg":false},"uagb_author_info":{"display_name":"Angel Reyes","author_link":"https:\/\/www.reyeslaw.com\/es\/author\/angel-reyes\/"},"uagb_comment_info":0,"uagb_excerpt":"Compartir la carretera con camiones grandes puede resultar intimidante para cualquier conductor, y no es de extra\u00f1ar por qu\u00e9. En 2021, hubo alrededor de 494.000 accidentes reportados por la polic\u00eda que involucran camiones grandes en los EE. UU. De esos accidentes, 5.149 fueron mortales y 110.000 resultaron heridos. Cada tipo de cami\u00f3n grande plantea diferentes&hellip;","_links":{"self":[{"href":"https:\/\/www.reyeslaw.com\/es\/wp-json\/wp\/v2\/pages\/43366","targetHints":{"allow":["GET"]}}],"collection":[{"href":"https:\/\/www.reyeslaw.com\/es\/wp-json\/wp\/v2\/pages"}],"about":[{"href":"https:\/\/www.reyeslaw.com\/es\/wp-json\/wp\/v2\/types\/page"}],"author":[{"embeddable":true,"href":"https:\/\/www.reyeslaw.com\/es\/wp-json\/wp\/v2\/users\/32"}],"replies":[{"embeddable":true,"href":"https:\/\/www.reyeslaw.com\/es\/wp-json\/wp\/v2\/comments?post=43366"}],"version-history":[{"count":0,"href":"https:\/\/www.reyeslaw.com\/es\/wp-json\/wp\/v2\/pages\/43366\/revisions"}],"up":[{"embeddable":true,"href":"https:\/\/www.reyeslaw.com\/es\/wp-json\/wp\/v2\/pages\/40752"}],"wp:attachment":[{"href":"https:\/\/www.reyeslaw.com\/es\/wp-json\/wp\/v2\/media?parent=43366"}],"curies":[{"name":"wp","href":"https:\/\/api.w.org\/{rel}","templated":true}]}}