{"id":43376,"date":"2024-01-17T05:34:35","date_gmt":"2024-01-17T05:34:35","guid":{"rendered":"https:\/\/www.reyeslaw.com\/?page_id=43376"},"modified":"2025-06-02T07:15:27","modified_gmt":"2025-06-02T12:15:27","slug":"caja","status":"publish","type":"page","link":"https:\/\/www.reyeslaw.com\/es\/dallas\/accidentes-de-camiones\/caja\/","title":{"rendered":"Contrate a un abogado acreditado en accidentes de camiones con caja en Dallas"},"content":{"rendered":"\n<p>Cuando usted se convierte en v\u00edctima de un incidente con un cami\u00f3n, contratar a un abogado especializado en accidentes de camiones en Dallas es esencial para garantizar que las partes culpables paguen la compensaci\u00f3n que usted y su familia merecen.<\/p>\n\n\n\n<p>Muchos se preguntan qu\u00e9 caracteriza a un buen abogado en este tipo de accidentes y c\u00f3mo pueden obtener representaci\u00f3n legal que realmente les permita recuperar las p\u00e9rdidas financieras causadas por negligencia.<\/p>\n\n\n\n<p>Con m\u00e1s de 30 a\u00f1os de experiencia legal, nuestros abogados de accidentes de Dallas en Angel Reyes &#038; Associates est\u00e1n totalmente comprometidos a priorizar las necesidades de compensaci\u00f3n de los clientes y ayudarlos a restaurar su bienestar despu\u00e9s de un accidente de cami\u00f3n.<\/p>\n\n\n\n<p><strong>\u00bfQu\u00e9 es un cami\u00f3n con<\/strong><strong> caja o furgon<\/strong><strong>?<\/strong><\/p>\n\n\n\n<p>Tambi\u00e9n conocidos como \u201ccamiones rectos\u201d o \u201cfurgonetas de lados altos\u201d, los camiones con caja son camiones de tama\u00f1o mediano. La secci\u00f3n de carga y la cabina del conductor de un cami\u00f3n furg\u00f3n est\u00e1n enganchadas a un \u00fanico bastidor. La parte trasera de un cami\u00f3n con caja se asemeja a un cubo, que es donde se almacena todo el equipo para el transporte.<\/p>\n\n\n\n<p>Algunos de los elementos esenciales m\u00e1s comunes transportados en camiones con caja incluye:<\/p>\n\n\n\n<ul class=\"wp-block-list\">\n<li>Comestibles al por mayor<\/li>\n\n\n\n<li>Muebles<\/li>\n\n\n\n<li>Ropa<\/li>\n\n\n\n<li>Herramientas ligeras<\/li>\n\n\n\n<li>Palets industriales<\/li>\n<\/ul>\n\n\n\n<p>Los veh\u00edculos de Amazon, UPS y U-Haul son tipos comunes de camiones con caja. Si bien las caracter\u00edsticas exactas dependen del tipo espec\u00edfico y de la capacidad de transporte, estos camiones tienen una gran estatura para ofrecer un espacio de almacenamiento \u00f3ptimo.<\/p>\n\n\n\n<p>Por \u00faltimo, tambi\u00e9n cuentan con puertas enrollables que ocupan el m\u00ednimo espacio y rampas extra\u00edbles que simplifican el proceso de descarga. Tambi\u00e9n hay varios tipos de camiones con distintos dise\u00f1os y capacidades de transporte.<\/p>\n\n\n\n<p>Por \u00faltimo, tambi\u00e9n cuentan con puertas enrollables que ocupan el m\u00ednimo espacio y rampas extra\u00edbles que simplifican el proceso de descarga. Tambi\u00e9n hay varios tipos de camiones con distintos dise\u00f1os y capacidades de transporte.<\/p>\n\n\n\n<p>A continuaci\u00f3n se muestra una muestra de los diferentes tipos:<\/p>\n\n\n\n<ul class=\"wp-block-list\">\n<li>Camiones con caja est\u00e1ndar: Un cami\u00f3n est\u00e1ndar es un veh\u00edculo de tama\u00f1o mediano con puertas traseras enrollables, lo que lo hace conveniente para transportar materiales sueltos.<\/li>\n\n\n\n<li>Camiones utilitarios: Uno de los beneficios m\u00e1s interesantes de los camiones utilitarios es su resistencia a las condiciones clim\u00e1ticas adversas. Tambi\u00e9n cuentan con compartimentos y cajones en la zona de carga perfectos para guardar mercanc\u00eda de peque\u00f1o tama\u00f1o.<\/li>\n\n\n\n<li>Camiones con caja para jardiner\u00eda: Los camiones para jardiner\u00eda son \u00fanicos porque vienen con motores di\u00e9sel, lo que significa una mayor eficiencia de combustible y una vida \u00fatil m\u00e1s larga. Las empresas de jardiner\u00eda los utilizan habitualmente para transportar cortadoras de c\u00e9sped, rastrillos, palas y otras necesidades de jardiner\u00eda.<\/li>\n<\/ul>\n\n\n\n<p><strong>\u00bfQu\u00e9 causa los accidentes de camiones con <\/strong><strong>caja o furgones?<\/strong><\/p>\n\n\n\n<p>Desafortunadamente, los accidentes con camiones son demasiado comunes. Entre 2019 y 2021, se perdieron la asombrosa cifra de 1,863 vidas en accidentes de camiones en Texas. Esto es el doble de la cantidad de muertes anuales en comparaci\u00f3n con estados m\u00e1s grandes como California. A nivel nacional, hubo 4,768 accidentes fatales de camiones en 2022, 3,175 de los cuales involucraron semirremolques.<\/p>\n\n\n\n<p><strong>\u00bfQu\u00e9 hay detr\u00e1s de esta alarmante tendencia? Aqu\u00ed hay cinco causas comunes:<\/strong><\/p>\n\n\n\n<ol class=\"wp-block-list\">\n<li>Carga defectuosa<\/li>\n<\/ol>\n\n\n\n<p>Si la carga en un cami\u00f3n con caja no est\u00e1 cargada correctamente (o hay un peso excesivo en el cami\u00f3n), puede hacer que el veh\u00edculo se desequilibre. Cuando un veh\u00edculo se desequilibra, aumentan las posibilidades de sufrir un accidente por un desbalance, lo que pone en peligro al conductor y a otras personas.<\/p>\n\n\n\n<ol class=\"wp-block-list\" start=\"2\">\n<li>Conductores sin experiencia<\/li>\n<\/ol>\n\n\n\n<p>En Texas, cualquiera puede operar un cami\u00f3n (incluso sin una licencia de conducir comercial Clase B) si el peso bruto del veh\u00edculo es inferior a 26,001 libras. Si bien esto puede ser conveniente para los conductores que necesitan una plataforma de tama\u00f1o mediano para transportar entregas, el resultado puede ser mortal si no tienen la experiencia adecuada operando camiones m\u00e1s grandes. Cuando conductores de camiones sin experiencia est\u00e1n al volante de un cami\u00f3n con caja, aumentan las negligencias en la carretera y los errores de los conductores.<\/p>\n\n\n\n<ol class=\"wp-block-list\" start=\"3\">\n<li>Exceso de velocidad<\/li>\n<\/ol>\n\n\n\n<p>Desafortunadamente, el exceso de velocidad es otro factor importante que contribuye a los accidentes. Debido a que los conductores de camiones que realizan varias entregas a menudo tienen un horario apretado, pueden sentirse presionados a acelerar y\/o recurrir a h\u00e1bitos de conducci\u00f3n imprudentes.Combinado con la inexperiencia, el exceso de velocidad aumenta los accidentes de tr\u00e1fico, lo que provoca lesiones graves y, en algunos casos, la muerte.<\/p>\n\n\n\n<ol class=\"wp-block-list\" start=\"4\">\n<li>Peso<\/li>\n<\/ol>\n\n\n\n<p>No sorprende que los camiones con caja sean m\u00e1s pesados que los veh\u00edculos de pasajeros. Por ejemplo, un cami\u00f3n con caja de 26 pies puede contener hasta 26,000 libras cuando est\u00e1 completamente cargado. Esto los hace m\u00e1s dif\u00edciles de manejar, lo que puede causar estragos si los conductores cometen errores cr\u00edticos al transportar materiales.<\/p>\n\n\n\n<ol class=\"wp-block-list\" start=\"5\">\n<li>Problemas de mantenimiento<\/li>\n<\/ol>\n\n\n\n<p>Debido a que los camiones con caja est\u00e1n dise\u00f1ados para transportar cargas pesadas con regularidad, esto puede aumentar el desgaste y provocar importantes problemas de mantenimiento. Algunos de los problemas de mantenimiento m\u00e1s comunes de los camiones con caja incluye:<\/p>\n\n\n\n<ul class=\"wp-block-list\">\n<li>Columnas de direcci\u00f3n desgastadas<\/li>\n\n\n\n<li>Fugas de transmisi\u00f3n<\/li>\n\n\n\n<li>Frenos defectuosos<\/li>\n\n\n\n<li>Reventones de neum\u00e1ticos<\/li>\n\n\n\n<li>Fugas de aceite<\/li>\n<\/ul>\n\n\n\n<p>Sin inspecciones programadas, los conductores de camiones tienen m\u00e1s probabilidades de sufrir aver\u00edas en la carretera, lo que significa un mayor riesgo de seguridad para los conductores cercanos.<\/p>\n\n\n\n<p><strong>5 pasos a seguir despu\u00e9s de un accidente de cami\u00f3n<\/strong><\/p>\n\n\n\n<p>Si es v\u00edctima de un accidente de cami\u00f3n, es imperativo que tome medidas inmediatas para garantizar su seguridad y, eventualmente, obtener la compensaci\u00f3n financiera que se merece:<\/p>\n\n\n\n<ol class=\"wp-block-list\">\n<li>P\u00f3ngase en contacto con los servicios de emergencia<\/li>\n<\/ol>\n\n\n\n<p>Es fundamental ponerse en contacto con las autoridades locales, ya que puede obtener un informe policial que documente informaci\u00f3n esencial sobre el accidente. Una vez que los despachadores lleguen al lugar, inf\u00f3rmese de los detalles del accidente, incluida cu\u00e1ntas personas estuvieron involucradas.<\/p>\n\n\n\n<p>Un despachador local tambi\u00e9n puede comunicarse con las unidades de respuesta de emergencia para que las partes lesionadas puedan recibir tratamiento m\u00e9dico inmediato antes de que las lesiones se conviertan en complicaciones a largo plazo.<\/p>\n\n\n\n<ol class=\"wp-block-list\" start=\"2\">\n<li>Busque tratamiento m\u00e9dico<\/li>\n<\/ol>\n\n\n\n<p>Busque atenci\u00f3n m\u00e9dica de inmediato. Incluso si sus lesiones son menores, pueden empeorar con el tiempo sin el tratamiento m\u00e9dico adecuado. Algunas de las lesiones m\u00e1s comunes causadas por accidentes de camiones incluyen:<\/p>\n\n\n\n<ul class=\"wp-block-list\">\n<li>Cicatrices y quemaduras<\/li>\n\n\n\n<li>Lesiones de la m\u00e9dula espinal<\/li>\n\n\n\n<li>Laceraciones<\/li>\n\n\n\n<li>Tensi\u00f3n muscular<\/li>\n\n\n\n<li>Da\u00f1o a los tejidos blandos<\/li>\n<\/ul>\n\n\n\n<p>El alcance de estas lesiones var\u00eda seg\u00fan la gravedad del accidente, el tratamiento que reciba y las citas de atenci\u00f3n de seguimiento. Lo importante que debe recordar es que cuanto antes reciba tratamiento, m\u00e1s r\u00e1pido podr\u00e1 recuperar su salud y su bienestar.<\/p>\n\n\n\n<ol class=\"wp-block-list\" start=\"3\">\n<li>Documentar el incidente<\/li>\n<\/ol>\n\n\n\n<p>Re\u00fana documentaci\u00f3n que pueda utilizar para fortalecer su reclamo por lesiones personales. Algunos ejemplos de documentaci\u00f3n incluyen:<\/p>\n\n\n\n<ul class=\"wp-block-list\">\n<li>El nombre del conductor del cami\u00f3n, informaci\u00f3n de contacto y compa\u00f1\u00eda de seguros.<\/li>\n\n\n\n<li>El n\u00famero de licencia de conducir<\/li>\n\n\n\n<li>Informaci\u00f3n de contacto del empleador del conductor del cami\u00f3n.<\/li>\n\n\n\n<li>Fotos del incidente del cami\u00f3n.<\/li>\n<\/ul>\n\n\n\n<ol class=\"wp-block-list\" start=\"4\">\n<li>P\u00f3ngase en contacto con los testigos\u00a0<\/li>\n<\/ol>\n\n\n\n<p>Si otras personas observaron el accidente del cami\u00f3n, obtenga su informaci\u00f3n de contacto. Si bien los agentes de polic\u00eda tienen la tarea de tomar declaraciones de los testigos, usted puede y debe acercarse a los testigos que presenciaron el accidente.<\/p>\n\n\n\n<p>Debido a que personas terceras pueden brindar informaci\u00f3n precisa y detallada sobre el accidente, sus declaraciones podr\u00edan colocarlo a usted y a su familia en una mejor posici\u00f3n para recibir una compensaci\u00f3n justa.<\/p>\n\n\n\n<p><strong>Contrate a un abogado con experiencia en accidentes de camiones con caja o furgon en Dallas<\/strong><\/p>\n\n\n\n<p>Un abogado acreditado en accidentes de camiones en Dallas trabajar\u00e1 con usted en cada paso del proceso legal despu\u00e9s de un accidente de cami\u00f3n. Un abogado experimentado que se especializa en accidentes de camiones puede:<\/p>\n\n\n\n<ul class=\"wp-block-list\">\n<li>Iniciar una investigaci\u00f3n del accidente.<\/li>\n\n\n\n<li>Reforzar las reclamaciones por lesiones.<\/li>\n\n\n\n<li>Protegerte contra la parte culpable.<\/li>\n\n\n\n<li>Ayude a asegurar acuerdos para cubrir tratamientos m\u00e9dicos y salarios perdidos.<\/li>\n\n\n\n<li>Lleve el caso a juicio si las partes culpables rechazan un acuerdo de conciliaci\u00f3n.<\/li>\n<\/ul>\n\n\n\n<p><strong>Contratar a Angel Reyes &#038; Associates para representaci\u00f3n legal<\/strong><\/p>\n\n\n\n<p>Despu\u00e9s de un accidente de cami\u00f3n, lo \u00faltimo que necesita son discusiones interminables con las compa\u00f1\u00edas de seguros y retrasos en la compensaci\u00f3n. Es por eso que necesita que Angel Reyes &#038; Associates lo represente como su abogado especializado en accidentes de camiones en Dallas.<\/p>\n\n\n\n<p><strong>\u00bfPor qu\u00e9 contratar a nuestro equipo de defensa legal?<\/strong><\/p>\n\n\n\n<p>Nuestros abogados de accidentes de camiones se especializan en el manejo de casos de accidentes de camiones. Trabajamos arduamente para garantizar la m\u00e1xima compensaci\u00f3n para las v\u00edctimas y sus familias, especialmente cuando se trata de negligencia.<\/p>\n\n\n\n<p>Cuando contrata a un abogado de accidentes de Dallas en Angel Reyes &#038; Associates, est\u00e1 en mejor posici\u00f3n para recibir el resultado financiero que merece para cubrir tratamientos m\u00e9dicos costosos y salarios perdidos despu\u00e9s de un accidente de cami\u00f3n. Luchamos para garantizar que los responsables cubran las p\u00e9rdidas que han sufrido.<\/p>\n\n\n\n<p>Lea detenidamente nuestro historial de casos para comprender mejor las victorias de nuestros clientes. En un caso, pudimos asegurar $7,250,000 para las v\u00edctimas luego de un incidente con un cami\u00f3n de 18 ruedas. Y utilice nuestra calculadora de casos para determinar cu\u00e1nto probablemente recibir\u00e1 en compensaci\u00f3n.<\/p>\n\n\n\n<p>Hable con un miembro de nuestro equipo para ver si tiene un reclamo v\u00e1lido.<\/p>\n","protected":false},"excerpt":{"rendered":"<p>Cuando usted se convierte en v\u00edctima de un incidente con un cami\u00f3n, contratar a un abogado especializado en accidentes de camiones en Dallas es esencial para garantizar que las partes culpables paguen la compensaci\u00f3n que usted y su familia merecen. Muchos se preguntan qu\u00e9 caracteriza a un buen abogado en este tipo de accidentes y [&hellip;]<\/p>\n","protected":false},"author":32,"featured_media":0,"parent":40752,"menu_order":0,"comment_status":"closed","ping_status":"closed","template":"dallas-es.php","meta":{"_acf_changed":true,"_eb_attr":"","inline_featured_image":false,"_uag_custom_page_level_css":"","footnotes":""},"class_list":["post-43376","page","type-page","status-publish","hentry"],"acf":[],"spectra_custom_meta":{"_edit_lock":["1748866566:31"],"_wpml_word_count":["1735"],"_edit_last":["31"],"_ez-toc-disabled":[""],"_ez-toc-insert":[""],"_ez-toc-header-label":[""],"_ez-toc-alignment":["none"],"_ez-toc-heading-levels":["a:0:{}"],"_ez-toc-alttext":[""],"_ez-toc-visibility_hide_by_default":[""],"_ez-toc-hide_counter":[""],"_ez-toc-exclude":[""],"_ez-toc-position-specific":[""],"no_featured_image":[""],"hefo_before":["0"],"hefo_after":["0"],"_wpml_media_duplicate":["1"],"_wpml_media_featured":["1"],"_no_featured_image":["field_634ddb97a906f"],"_wp_page_template":["dallas-es.php"],"_last_translation_edit_mode":["native-editor"],"_yoast_wpseo_content_score":["30"],"_yoast_wpseo_estimated-reading-time-minutes":["7"],"_yoast_wpseo_wordproof_timestamp":[""],"rank_math_news_sitemap_robots":["index"],"rank_math_robots":["a:1:{i:0;s:5:\"index\";}"],"rank_math_internal_links_processed":["1"],"rank_math_seo_score":["13"],"wpil_sync_report3":["1"],"_acf_changed":["1"],"footnotes":[""],"h1":["Contrate a un abogado acreditado en accidentes de camiones con caja en Dallas"],"_h1":["field_66ad09c11fbbe"],"_eb_reusable_block_ids":["a:0:{}"],"_uag_css_file_name":["uag-css-43376.css"],"_uagb_previous_block_counts":["a:90:{s:21:\"uagb\/advanced-heading\";i:0;s:15:\"uagb\/blockquote\";i:0;s:12:\"uagb\/buttons\";i:0;s:18:\"uagb\/buttons-child\";i:0;s:19:\"uagb\/call-to-action\";i:0;s:15:\"uagb\/cf7-styler\";i:0;s:11:\"uagb\/column\";i:0;s:12:\"uagb\/columns\";i:0;s:14:\"uagb\/container\";i:0;s:21:\"uagb\/content-timeline\";i:0;s:27:\"uagb\/content-timeline-child\";i:0;s:14:\"uagb\/countdown\";i:0;s:12:\"uagb\/counter\";i:0;s:8:\"uagb\/faq\";i:0;s:14:\"uagb\/faq-child\";i:0;s:10:\"uagb\/forms\";i:0;s:17:\"uagb\/forms-accept\";i:0;s:19:\"uagb\/forms-checkbox\";i:0;s:15:\"uagb\/forms-date\";i:0;s:16:\"uagb\/forms-email\";i:0;s:17:\"uagb\/forms-hidden\";i:0;s:15:\"uagb\/forms-name\";i:0;s:16:\"uagb\/forms-phone\";i:0;s:16:\"uagb\/forms-radio\";i:0;s:17:\"uagb\/forms-select\";i:0;s:19:\"uagb\/forms-textarea\";i:0;s:17:\"uagb\/forms-toggle\";i:0;s:14:\"uagb\/forms-url\";i:0;s:14:\"uagb\/gf-styler\";i:0;s:15:\"uagb\/google-map\";i:0;s:11:\"uagb\/how-to\";i:0;s:16:\"uagb\/how-to-step\";i:0;s:9:\"uagb\/icon\";i:0;s:14:\"uagb\/icon-list\";i:0;s:20:\"uagb\/icon-list-child\";i:0;s:10:\"uagb\/image\";i:0;s:18:\"uagb\/image-gallery\";i:0;s:13:\"uagb\/info-box\";i:0;s:18:\"uagb\/inline-notice\";i:0;s:11:\"uagb\/lottie\";i:0;s:21:\"uagb\/marketing-button\";i:0;s:10:\"uagb\/modal\";i:0;s:18:\"uagb\/popup-builder\";i:0;s:16:\"uagb\/post-button\";i:0;s:18:\"uagb\/post-carousel\";i:0;s:17:\"uagb\/post-excerpt\";i:0;s:14:\"uagb\/post-grid\";i:0;s:15:\"uagb\/post-image\";i:0;s:17:\"uagb\/post-masonry\";i:0;s:14:\"uagb\/post-meta\";i:0;s:18:\"uagb\/post-taxonomy\";i:0;s:18:\"uagb\/post-timeline\";i:0;s:15:\"uagb\/post-title\";i:0;s:20:\"uagb\/restaurant-menu\";i:0;s:26:\"uagb\/restaurant-menu-child\";i:0;s:11:\"uagb\/review\";i:0;s:12:\"uagb\/section\";i:0;s:14:\"uagb\/separator\";i:0;s:11:\"uagb\/slider\";i:0;s:17:\"uagb\/slider-child\";i:0;s:17:\"uagb\/social-share\";i:0;s:23:\"uagb\/social-share-child\";i:0;s:16:\"uagb\/star-rating\";i:0;s:23:\"uagb\/sure-cart-checkout\";i:0;s:22:\"uagb\/sure-cart-product\";i:0;s:15:\"uagb\/sure-forms\";i:0;s:22:\"uagb\/table-of-contents\";i:0;s:9:\"uagb\/tabs\";i:0;s:15:\"uagb\/tabs-child\";i:0;s:18:\"uagb\/taxonomy-list\";i:0;s:9:\"uagb\/team\";i:0;s:16:\"uagb\/testimonial\";i:0;s:14:\"uagb\/wp-search\";i:0;s:19:\"uagb\/instagram-feed\";i:0;s:10:\"uagb\/login\";i:0;s:17:\"uagb\/loop-builder\";i:0;s:18:\"uagb\/loop-category\";i:0;s:20:\"uagb\/loop-pagination\";i:0;s:15:\"uagb\/loop-reset\";i:0;s:16:\"uagb\/loop-search\";i:0;s:14:\"uagb\/loop-sort\";i:0;s:17:\"uagb\/loop-wrapper\";i:0;s:13:\"uagb\/register\";i:0;s:19:\"uagb\/register-email\";i:0;s:24:\"uagb\/register-first-name\";i:0;s:23:\"uagb\/register-last-name\";i:0;s:22:\"uagb\/register-password\";i:0;s:30:\"uagb\/register-reenter-password\";i:0;s:19:\"uagb\/register-terms\";i:0;s:22:\"uagb\/register-username\";i:0;}"],"_elementor_page_assets":["a:0:{}"],"_uag_page_assets":["a:9:{s:3:\"css\";s:263:\".uag-blocks-common-selector{z-index:var(--z-index-desktop) !important}@media (max-width: 976px){.uag-blocks-common-selector{z-index:var(--z-index-tablet) !important}}@media (max-width: 767px){.uag-blocks-common-selector{z-index:var(--z-index-mobile) !important}}\n\";s:2:\"js\";s:0:\"\";s:18:\"current_block_list\";a:10:{i:0;s:14:\"core\/paragraph\";i:1;s:9:\"core\/list\";i:2;s:14:\"core\/list-item\";i:3;s:11:\"core\/search\";i:4;s:10:\"core\/group\";i:5;s:12:\"core\/heading\";i:6;s:17:\"core\/latest-posts\";i:7;s:20:\"core\/latest-comments\";i:8;s:13:\"core\/archives\";i:9;s:15:\"core\/categories\";}s:8:\"uag_flag\";b:0;s:11:\"uag_version\";s:10:\"1776122564\";s:6:\"gfonts\";a:0:{}s:10:\"gfonts_url\";s:0:\"\";s:12:\"gfonts_files\";a:0:{}s:14:\"uag_faq_layout\";b:0;}"]},"uagb_featured_image_src":{"full":false,"thumbnail":false,"medium":false,"medium_large":false,"large":false,"1536x1536":false,"2048x2048":false,"dx-single-featured-sm":false,"dx-single-featured":false,"gform-image-choice-sm":false,"gform-image-choice-md":false,"gform-image-choice-lg":false},"uagb_author_info":{"display_name":"Angel Reyes","author_link":"https:\/\/www.reyeslaw.com\/es\/author\/angel-reyes\/"},"uagb_comment_info":0,"uagb_excerpt":"Cuando usted se convierte en v\u00edctima de un incidente con un cami\u00f3n, contratar a un abogado especializado en accidentes de camiones en Dallas es esencial para garantizar que las partes culpables paguen la compensaci\u00f3n que usted y su familia merecen. Muchos se preguntan qu\u00e9 caracteriza a un buen abogado en este tipo de accidentes y&hellip;","_links":{"self":[{"href":"https:\/\/www.reyeslaw.com\/es\/wp-json\/wp\/v2\/pages\/43376","targetHints":{"allow":["GET"]}}],"collection":[{"href":"https:\/\/www.reyeslaw.com\/es\/wp-json\/wp\/v2\/pages"}],"about":[{"href":"https:\/\/www.reyeslaw.com\/es\/wp-json\/wp\/v2\/types\/page"}],"author":[{"embeddable":true,"href":"https:\/\/www.reyeslaw.com\/es\/wp-json\/wp\/v2\/users\/32"}],"replies":[{"embeddable":true,"href":"https:\/\/www.reyeslaw.com\/es\/wp-json\/wp\/v2\/comments?post=43376"}],"version-history":[{"count":0,"href":"https:\/\/www.reyeslaw.com\/es\/wp-json\/wp\/v2\/pages\/43376\/revisions"}],"up":[{"embeddable":true,"href":"https:\/\/www.reyeslaw.com\/es\/wp-json\/wp\/v2\/pages\/40752"}],"wp:attachment":[{"href":"https:\/\/www.reyeslaw.com\/es\/wp-json\/wp\/v2\/media?parent=43376"}],"curies":[{"name":"wp","href":"https:\/\/api.w.org\/{rel}","templated":true}]}}