{"id":43402,"date":"2023-07-24T02:22:41","date_gmt":"2023-07-24T02:22:41","guid":{"rendered":"https:\/\/www.reyeslaw.com\/?page_id=43402"},"modified":"2025-04-09T16:52:49","modified_gmt":"2025-04-09T16:52:49","slug":"abogado-de-accidentes-de-autos-y-camiones-en-austin-ley-reyes-browne-herido-en-austin","status":"publish","type":"page","link":"https:\/\/www.reyeslaw.com\/es\/abogado-de-accidentes-de-autos-y-camiones-en-austin-ley-reyes-browne-herido-en-austin\/","title":{"rendered":"ABOGADO DE ACCIDENTES DE AUTOS Y CAMIONES EN AUSTIN | LEY REYES BROWNE \u00bfHERIDO EN AUSTIN?"},"content":{"rendered":"\n<p>Un accidente automovil\u00edstico o de cami\u00f3n puede poner su mundo patas arriba en un instante. Desde lesiones f\u00edsicas y estr\u00e9s emocional hasta el laberinto de reclamos de seguros y legalidades, hay mucho que manejar. Ah\u00ed es donde entra en juego Angel Reyes &#038; Associates.<\/p>\n\n\n\n<p>Como sus abogados de accidentes automovil\u00edsticos en Austin y abogados de accidentes de camiones en Austin, conocemos los entresijos y estamos aqu\u00ed para ayudarlo a navegar estos tiempos dif\u00edciles. Entendemos sus desaf\u00edos \u00fanicos y estamos completamente equipados con la experiencia y la dedicaci\u00f3n necesarias para ayudarlo a recuperar y asegurar la compensaci\u00f3n justa que se merece.<\/p>\n\n\n\n<p>No est\u00e1s solo en esto. Perm\u00edtanos ser su gu\u00eda y defensor, combinando habilidades legales profesionales con un toque personal que marca la diferencia.<\/p>\n\n\n\n<p>POR QU\u00c9 ELEGIR LA LEY REYES BROWNE PARA CASOS DE ACCIDENTES EN AUSTIN<\/p>\n\n\n\n<p>Asociarse con Angel Reyes &#038; Associates significa que est\u00e1 eligiendo mucho m\u00e1s que una firma de abogados t\u00edpica.<\/p>\n\n\n\n<p>Nos distinguimos como abogados de accidentes automovil\u00edsticos y de camiones de primer nivel en Austin y ofrecemos experiencia en las leyes y regulaciones de veh\u00edculos locales. Nuestro equipo comprende profundamente el sistema legal de Austin y abarca todo, desde protocolos de aplicaci\u00f3n de la ley hasta t\u00e1cticas estrat\u00e9gicas en los tribunales y recopilaci\u00f3n y presentaci\u00f3n efectiva de pruebas.<\/p>\n\n\n\n<p>Sin embargo, lo que realmente nos diferencia es nuestro enfoque personal. Estaremos a su lado, asegur\u00e1ndonos de que se sienta escuchado, comprendido y valorado durante todo su recorrido legal. La comunicaci\u00f3n es la base de nuestra pr\u00e1ctica; Le mantenemos bien informado en cada paso.<\/p>\n\n\n\n<p>No es necesario que acepte nuestras afirmaciones sobre nuestro servicio; Nuestra trayectoria dice mucho de nosotros. Hemos obtenido millones de d\u00f3lares en acuerdos y veredictos, un hecho afirmado constantemente en numerosos testimonios de clientes.<\/p>\n\n\n\n<p>En Angel Reyes &#038; Associates, nos impulsan m\u00e1s que solo victorias legales: estamos dedicados a impactar positivamente las vidas de las personas que representamos.<\/p>\n\n\n\n<p>LESIONES COMUNES POR ACCIDENTES DE AUTOS Y CAMIONES EN AUSTIN<\/p>\n\n\n\n<p>Las consecuencias de los accidentes automovil\u00edsticos y de camiones pueden ser particularmente graves y, a menudo, provocan una variedad de lesiones graves. Estos pueden incluir:<\/p>\n\n\n\n<p>Latigazo cervical, que causa dolor de cuello y problemas de movilidad a largo plazo.<\/p>\n\n\n\n<ul class=\"wp-block-list\">\n<li>Huesos fracturados, que van desde fracturas simples hasta fracturas m\u00faltiples complejas<\/li>\n\n\n\n<li>Cicatrizaci\u00f3n o desfiguraci\u00f3n, que potencialmente requiere cirug\u00eda reconstructiva.<\/li>\n<\/ul>\n\n\n\n<p>Lesiones de la columna, que pueden provocar dolor cr\u00f3nico o incluso par\u00e1lisis.<\/p>\n\n\n\n<ul class=\"wp-block-list\">\n<li>Trauma cerebral, que abarca desde conmociones cerebrales leves hasta lesiones cerebrales graves con efectos duraderos<\/li>\n\n\n\n<li>Estas lesiones dejan a muchas v\u00edctimas incapacitadas e incapaces de manejar asuntos legales por s\u00ed mismas.<\/li>\n<\/ul>\n\n\n\n<p>&nbsp;Sin embargo, un abogado de accidentes automovil\u00edsticos y camiones en Austin puede manejar los asuntos legales por usted, permiti\u00e9ndote concentrarse en la recuperaci\u00f3n.<\/p>\n\n\n\n<p>En Angel Reyes &#038; Associates, nos dedicamos a apoyarlo en cada paso de su recorrido legal.&nbsp;<\/p>\n\n\n\n<p>Trabajaremos incansablemente para garantizar que reciba la compensaci\u00f3n que necesita para cubrir todos sus gastos m\u00e9dicos.<\/p>\n\n\n\n<p>SERVICIOS JUR\u00cdDICOS OFRECIDOS EN AUSTIN<\/p>\n\n\n\n<p>Cuando trabaja con los abogados de accidentes automovil\u00edsticos de Angel Reyes &#038; Associates en Austin, puede esperar lo siguiente:<\/p>\n\n\n\n<ol class=\"wp-block-list\">\n<li>Investigando la escena del accidente<\/li>\n<\/ol>\n\n\n\n<ul class=\"wp-block-list\">\n<li>Recopilaci\u00f3n y an\u00e1lisis de pruebas.<\/li>\n\n\n\n<li>Trabajando con expertos para reconstruir la escena del accidente.<\/li>\n<\/ul>\n\n\n\n<ol class=\"wp-block-list\" start=\"2\">\n<li>Entrevistar a testigos y revisar informes policiales.<\/li>\n<\/ol>\n\n\n\n<ul class=\"wp-block-list\">\n<li>Brindar asesoramiento legal<\/li>\n\n\n\n<li>Ofreciendo informaci\u00f3n basada en las leyes y regulaciones sobre accidentes automovil\u00edsticos.<\/li>\n<\/ul>\n\n\n\n<ol class=\"wp-block-list\" start=\"3\">\n<li>Ayudar con lesiones personales y reclamaciones de seguros.<\/li>\n<\/ol>\n\n\n\n<ul class=\"wp-block-list\">\n<li>Determinar la responsabilidad y construir un caso s\u00f3lido<\/li>\n\n\n\n<li>Representaci\u00f3n de clientes en negociaciones y tribunales.<\/li>\n<\/ul>\n\n\n\n<ol class=\"wp-block-list\" start=\"4\">\n<li>Manejo de negociaciones con compa\u00f1\u00edas de seguros.<\/li>\n<\/ol>\n\n\n\n<ul class=\"wp-block-list\">\n<li>Representar a los clientes en los tribunales si es necesario.<\/li>\n\n\n\n<li>Gestionar la comunicaci\u00f3n con el seguro de la parte culpable y navegar por el sistema legal<\/li>\n<\/ul>\n\n\n\n<ol class=\"wp-block-list\" start=\"5\">\n<li>Maximizar la compensaci\u00f3n<\/li>\n<\/ol>\n\n\n\n<ul class=\"wp-block-list\">\n<li>Evaluaci\u00f3n de da\u00f1os, incluidos gastos m\u00e9dicos, salarios perdidos y dolor y sufrimiento.<\/li>\n\n\n\n<li>Negociar con las compa\u00f1\u00edas de seguros para llegar a acuerdos justos<\/li>\n<\/ul>\n\n\n\n<ol class=\"wp-block-list\" start=\"6\">\n<li>Explorar fuentes de compensaci\u00f3n adicionales, como demandar a partes negligentes o cobertura para conductores con seguro insuficiente.<\/li>\n<\/ol>\n\n\n\n<p>NUESTRO PROCESO<\/p>\n\n\n\n<p>Comenzamos conoci\u00e9ndolo a trav\u00e9s de una consulta individual. Se trata de comprender su situaci\u00f3n \u00fanica.<\/p>\n\n\n\n<p>Luego nos arremangamos para desarrollar un plan legal que sea perfecto para su caso particular. Nuestro equipo trabaja arduamente para recopilar y analizar evidencia para garantizar que lo representemos de la mejor manera posible. Creemos en mantener las l\u00edneas de comunicaci\u00f3n abiertas y transparentes, para que usted siempre est\u00e9 informado y sea parte del proceso.<\/p>\n\n\n\n<p>Cuando se trata de gestionar tr\u00e1mites legales y hablar con compa\u00f1\u00edas de seguros, lo tenemos cubierto. Nuestro objetivo es cuidar de usted en cada paso del camino, asegur\u00e1ndonos de no escatimar esfuerzos para brindarle la compensaci\u00f3n y la justicia que se merece.<\/p>\n\n\n\n<p>Esa es nuestra promesa de atenci\u00f3n personalizada y dedicaci\u00f3n para obtener resultados exitosos.<\/p>\n\n\n\n<p>RECURSOS DE AUSTIN<\/p>\n\n\n\n<p>Para los residentes y visitantes de Austin, TX, tener acceso a recursos esenciales es crucial, especialmente en caso de un accidente automovil\u00edstico o de cami\u00f3n. Aqu\u00ed tienes una gu\u00eda \u00fatil:<\/p>\n\n\n\n<ol class=\"wp-block-list\">\n<li>Instalaciones m\u00e9dicas y centros de tratamiento locales<\/li>\n<\/ol>\n\n\n\n<ul class=\"wp-block-list\">\n<li>Ascension Seton Medical Center Austin: Ofreciendo servicios integrales de emergencia<\/li>\n\n\n\n<li>St. David&#8217;s HealthCare: reconocido por su centro de traumatolog\u00eda y atenci\u00f3n especializada<\/li>\n<\/ul>\n\n\n\n<ol class=\"wp-block-list\" start=\"2\">\n<li>Centro m\u00e9dico Dell Seton de la Universidad de Texas: conocido por sus opciones de tratamiento avanzadas<\/li>\n<\/ol>\n\n\n\n<ul class=\"wp-block-list\">\n<li>Agencias locales de aplicaci\u00f3n de la ley e informes de accidentes<\/li>\n\n\n\n<li>Departamento de Polic\u00eda de Austin: Para informar cualquier accidente que involucre lesiones o da\u00f1os importantes a la propiedad.<\/li>\n<\/ul>\n\n\n\n<ol class=\"wp-block-list\" start=\"3\">\n<li>Oficina del Sheriff del condado de Travis: para accidentes ocurridos en la jurisdicci\u00f3n del condado<\/li>\n<\/ol>\n\n\n\n<ul class=\"wp-block-list\">\n<li>Sitios web y regulaciones gubernamentales \u00fatiles<\/li>\n\n\n\n<li>Sitio web oficial de la ciudad de Austin: para regulaciones y actualizaciones espec\u00edficas de la ciudad<\/li>\n<\/ul>\n\n\n\n<ol class=\"wp-block-list\" start=\"4\">\n<li>Departamento de Transporte de Texas: informaci\u00f3n sobre leyes de tr\u00e1nsito y procedimientos de accidentes en todo el estado<\/li>\n\n\n\n<li>Sistema de informes policiales en l\u00ednea de Austin: para informes de accidentes que no son de emergencia en Austin<\/li>\n<\/ol>\n\n\n\n<p>Estos recursos pueden brindar apoyo e informaci\u00f3n vital en caso de un accidente automovil\u00edstico en Austin. Sin embargo, si necesita orientaci\u00f3n o representaci\u00f3n legal, considere trabajar con un abogado de accidentes automovil\u00edsticos en Austin como los profesionales de Angel Reyes &#038; Associates.<\/p>\n\n\n\n<p>RECURSOS DE AUSTIN<\/p>\n\n\n\n<p>Para los residentes y visitantes de Austin, TX, tener acceso a recursos esenciales es crucial, especialmente en caso de un accidente automovil\u00edstico o de cami\u00f3n. Aqu\u00ed tienes una gu\u00eda \u00fatil:<\/p>\n\n\n\n<ul class=\"wp-block-list\">\n<li>Instalaciones m\u00e9dicas y centros de tratamiento locales<\/li>\n\n\n\n<li>Ascension Seton Medical Center Austin: Ofreciendo servicios integrales de emergencia<\/li>\n\n\n\n<li>St. David&#8217;s HealthCare: reconocido por su centro de traumatolog\u00eda y atenci\u00f3n especializada<\/li>\n\n\n\n<li>Centro m\u00e9dico Dell Seton de la Universidad de Texas: conocido por sus opciones de tratamiento avanzadas<\/li>\n<\/ul>\n\n\n\n<ul class=\"wp-block-list\">\n<li>Agencias locales de aplicaci\u00f3n de la ley e informes de accidentes<\/li>\n\n\n\n<li>Departamento de Polic\u00eda de Austin: Para informar cualquier accidente que involucre lesiones o da\u00f1os importantes a la propiedad.<\/li>\n\n\n\n<li>Oficina del Sheriff del condado de Travis: para accidentes ocurridos en la jurisdicci\u00f3n del condado<\/li>\n\n\n\n<li>Sitios web y regulaciones gubernamentales \u00fatiles<\/li>\n<\/ul>\n\n\n\n<ul class=\"wp-block-list\">\n<li>Sitio web oficial de la ciudad de Austin: para regulaciones y actualizaciones espec\u00edficas de la ciudad<\/li>\n\n\n\n<li>Departamento de Transporte de Texas: informaci\u00f3n sobre leyes de tr\u00e1nsito y procedimientos de accidentes en todo el estado<\/li>\n\n\n\n<li>Sistema de informes policiales en l\u00ednea de Austin: para informes de accidentes que no son de emergencia en Austin<\/li>\n<\/ul>\n\n\n\n<p>Estos recursos pueden brindar apoyo e informaci\u00f3n vital en caso de un accidente automovil\u00edstico en Austin. Sin embargo, si necesita orientaci\u00f3n o representaci\u00f3n legal, considere trabajar con un abogado de accidentes automovil\u00edsticos en Austin como los profesionales de Angel Reyes &#038; Associates.<\/p>\n","protected":false},"excerpt":{"rendered":"<p>Un accidente automovil\u00edstico o de cami\u00f3n puede poner su mundo patas arriba en un instante. Desde lesiones f\u00edsicas y estr\u00e9s emocional hasta el laberinto de reclamos de seguros y legalidades, hay mucho que manejar. Ah\u00ed es donde entra en juego Angel Reyes &#038; Associates. Como sus abogados de accidentes automovil\u00edsticos en Austin y abogados de [&hellip;]<\/p>\n","protected":false},"author":37,"featured_media":0,"parent":0,"menu_order":0,"comment_status":"closed","ping_status":"closed","template":"location-page.php","meta":{"_acf_changed":false,"_eb_attr":"","inline_featured_image":false,"_uag_custom_page_level_css":"","footnotes":""},"class_list":["post-43402","page","type-page","status-publish","hentry"],"acf":[],"spectra_custom_meta":{"_edit_lock":["1744217576:31"],"_wpml_word_count":["1462"],"_edit_last":["31"],"_ez-toc-disabled":[""],"_ez-toc-insert":[""],"_ez-toc-header-label":[""],"_ez-toc-alignment":["none"],"_ez-toc-heading-levels":["a:0:{}"],"_ez-toc-alttext":[""],"_ez-toc-visibility_hide_by_default":[""],"_ez-toc-hide_counter":[""],"_ez-toc-exclude":[""],"_ez-toc-position-specific":[""],"no_featured_image":[""],"hefo_before":["0"],"hefo_after":["0"],"_wpml_media_duplicate":["0"],"_wpml_media_featured":["0"],"_no_featured_image":["field_634ddb97a906f"],"_wp_page_template":["location-page.php"],"_last_translation_edit_mode":["native-editor"],"_yoast_wpseo_content_score":["60"],"_yoast_wpseo_estimated-reading-time-minutes":["6"],"_yoast_wpseo_wordproof_timestamp":[""],"_first_paragraph":["field_66ac7e07748fa"],"_h1":["field_66ad09c11fbbe"],"rank_math_news_sitemap_robots":["index"],"rank_math_robots":["a:1:{i:0;s:5:\"index\";}"],"rank_math_seo_score":["8"],"rank_math_title":["Abogado de accidentes de autos y camiones en Austin"],"rank_math_internal_links_processed":["1"],"wpil_sync_report3":["1"],"_eb_reusable_block_ids":["a:0:{}"],"_uag_css_file_name":["uag-css-43402.css"],"_uagb_previous_block_counts":["a:90:{s:21:\"uagb\/advanced-heading\";i:0;s:15:\"uagb\/blockquote\";i:0;s:12:\"uagb\/buttons\";i:0;s:18:\"uagb\/buttons-child\";i:0;s:19:\"uagb\/call-to-action\";i:0;s:15:\"uagb\/cf7-styler\";i:0;s:11:\"uagb\/column\";i:0;s:12:\"uagb\/columns\";i:0;s:14:\"uagb\/container\";i:0;s:21:\"uagb\/content-timeline\";i:0;s:27:\"uagb\/content-timeline-child\";i:0;s:14:\"uagb\/countdown\";i:0;s:12:\"uagb\/counter\";i:0;s:8:\"uagb\/faq\";i:0;s:14:\"uagb\/faq-child\";i:0;s:10:\"uagb\/forms\";i:0;s:17:\"uagb\/forms-accept\";i:0;s:19:\"uagb\/forms-checkbox\";i:0;s:15:\"uagb\/forms-date\";i:0;s:16:\"uagb\/forms-email\";i:0;s:17:\"uagb\/forms-hidden\";i:0;s:15:\"uagb\/forms-name\";i:0;s:16:\"uagb\/forms-phone\";i:0;s:16:\"uagb\/forms-radio\";i:0;s:17:\"uagb\/forms-select\";i:0;s:19:\"uagb\/forms-textarea\";i:0;s:17:\"uagb\/forms-toggle\";i:0;s:14:\"uagb\/forms-url\";i:0;s:14:\"uagb\/gf-styler\";i:0;s:15:\"uagb\/google-map\";i:0;s:11:\"uagb\/how-to\";i:0;s:16:\"uagb\/how-to-step\";i:0;s:9:\"uagb\/icon\";i:0;s:14:\"uagb\/icon-list\";i:0;s:20:\"uagb\/icon-list-child\";i:0;s:10:\"uagb\/image\";i:0;s:18:\"uagb\/image-gallery\";i:0;s:13:\"uagb\/info-box\";i:0;s:18:\"uagb\/inline-notice\";i:0;s:11:\"uagb\/lottie\";i:0;s:21:\"uagb\/marketing-button\";i:0;s:10:\"uagb\/modal\";i:0;s:18:\"uagb\/popup-builder\";i:0;s:16:\"uagb\/post-button\";i:0;s:18:\"uagb\/post-carousel\";i:0;s:17:\"uagb\/post-excerpt\";i:0;s:14:\"uagb\/post-grid\";i:0;s:15:\"uagb\/post-image\";i:0;s:17:\"uagb\/post-masonry\";i:0;s:14:\"uagb\/post-meta\";i:0;s:18:\"uagb\/post-taxonomy\";i:0;s:18:\"uagb\/post-timeline\";i:0;s:15:\"uagb\/post-title\";i:0;s:20:\"uagb\/restaurant-menu\";i:0;s:26:\"uagb\/restaurant-menu-child\";i:0;s:11:\"uagb\/review\";i:0;s:12:\"uagb\/section\";i:0;s:14:\"uagb\/separator\";i:0;s:11:\"uagb\/slider\";i:0;s:17:\"uagb\/slider-child\";i:0;s:17:\"uagb\/social-share\";i:0;s:23:\"uagb\/social-share-child\";i:0;s:16:\"uagb\/star-rating\";i:0;s:23:\"uagb\/sure-cart-checkout\";i:0;s:22:\"uagb\/sure-cart-product\";i:0;s:15:\"uagb\/sure-forms\";i:0;s:22:\"uagb\/table-of-contents\";i:0;s:9:\"uagb\/tabs\";i:0;s:15:\"uagb\/tabs-child\";i:0;s:18:\"uagb\/taxonomy-list\";i:0;s:9:\"uagb\/team\";i:0;s:16:\"uagb\/testimonial\";i:0;s:14:\"uagb\/wp-search\";i:0;s:19:\"uagb\/instagram-feed\";i:0;s:10:\"uagb\/login\";i:0;s:17:\"uagb\/loop-builder\";i:0;s:18:\"uagb\/loop-category\";i:0;s:20:\"uagb\/loop-pagination\";i:0;s:15:\"uagb\/loop-reset\";i:0;s:16:\"uagb\/loop-search\";i:0;s:14:\"uagb\/loop-sort\";i:0;s:17:\"uagb\/loop-wrapper\";i:0;s:13:\"uagb\/register\";i:0;s:19:\"uagb\/register-email\";i:0;s:24:\"uagb\/register-first-name\";i:0;s:23:\"uagb\/register-last-name\";i:0;s:22:\"uagb\/register-password\";i:0;s:30:\"uagb\/register-reenter-password\";i:0;s:19:\"uagb\/register-terms\";i:0;s:22:\"uagb\/register-username\";i:0;}"],"_elementor_page_assets":["a:0:{}"],"_uag_page_assets":["a:9:{s:3:\"css\";s:260:\".uag-blocks-common-selector{z-index:var(--z-index-desktop) !important}@media(max-width: 976px){.uag-blocks-common-selector{z-index:var(--z-index-tablet) !important}}@media(max-width: 767px){.uag-blocks-common-selector{z-index:var(--z-index-mobile) !important}}\";s:2:\"js\";s:0:\"\";s:18:\"current_block_list\";a:10:{i:0;s:14:\"core\/paragraph\";i:1;s:9:\"core\/list\";i:2;s:14:\"core\/list-item\";i:3;s:11:\"core\/search\";i:4;s:10:\"core\/group\";i:5;s:12:\"core\/heading\";i:6;s:17:\"core\/latest-posts\";i:7;s:20:\"core\/latest-comments\";i:8;s:13:\"core\/archives\";i:9;s:15:\"core\/categories\";}s:8:\"uag_flag\";b:0;s:11:\"uag_version\";s:10:\"1778282114\";s:6:\"gfonts\";a:0:{}s:10:\"gfonts_url\";s:0:\"\";s:12:\"gfonts_files\";a:0:{}s:14:\"uag_faq_layout\";b:0;}"]},"uagb_featured_image_src":{"full":false,"thumbnail":false,"medium":false,"medium_large":false,"large":false,"1536x1536":false,"2048x2048":false,"dx-single-featured-sm":false,"dx-single-featured":false,"gform-image-choice-sm":false,"gform-image-choice-md":false,"gform-image-choice-lg":false},"uagb_author_info":{"display_name":"Graham","author_link":"https:\/\/www.reyeslaw.com\/es\/author\/graham\/"},"uagb_comment_info":0,"uagb_excerpt":"Un accidente automovil\u00edstico o de cami\u00f3n puede poner su mundo patas arriba en un instante. Desde lesiones f\u00edsicas y estr\u00e9s emocional hasta el laberinto de reclamos de seguros y legalidades, hay mucho que manejar. Ah\u00ed es donde entra en juego Angel Reyes &#038; Associates. Como sus abogados de accidentes automovil\u00edsticos en Austin y abogados de&hellip;","_links":{"self":[{"href":"https:\/\/www.reyeslaw.com\/es\/wp-json\/wp\/v2\/pages\/43402","targetHints":{"allow":["GET"]}}],"collection":[{"href":"https:\/\/www.reyeslaw.com\/es\/wp-json\/wp\/v2\/pages"}],"about":[{"href":"https:\/\/www.reyeslaw.com\/es\/wp-json\/wp\/v2\/types\/page"}],"author":[{"embeddable":true,"href":"https:\/\/www.reyeslaw.com\/es\/wp-json\/wp\/v2\/users\/37"}],"replies":[{"embeddable":true,"href":"https:\/\/www.reyeslaw.com\/es\/wp-json\/wp\/v2\/comments?post=43402"}],"version-history":[{"count":0,"href":"https:\/\/www.reyeslaw.com\/es\/wp-json\/wp\/v2\/pages\/43402\/revisions"}],"wp:attachment":[{"href":"https:\/\/www.reyeslaw.com\/es\/wp-json\/wp\/v2\/media?parent=43402"}],"curies":[{"name":"wp","href":"https:\/\/api.w.org\/{rel}","templated":true}]}}