{"id":4523,"date":"2019-04-23T12:47:15","date_gmt":"2019-04-23T12:47:15","guid":{"rendered":"https:\/\/www.reyeslaw.com\/?page_id=4523"},"modified":"2025-09-22T15:18:07","modified_gmt":"2025-09-22T20:18:07","slug":"conducir-ebrio","status":"publish","type":"page","link":"https:\/\/www.reyeslaw.com\/es\/dallas\/accidentes-de-auto\/conducir-ebrio\/","title":{"rendered":"Abogado de Accidentes de Conducci\u00f3n Ebrio"},"content":{"rendered":"\n<h2 class=\"wp-block-heading\"><strong>\u00bfHas sido lesionado por un conductor intoxicado?<\/strong><\/h2>\n\n\n\n<p>\u00bfUsted o alguien a que ama ha sido lastimado por la negligencia de un conductor ebrio? \u00bfHa perdido la vida de un ser querido debido a un conductor ebrio? Consulta hoy con un abogado de accidentes de conducci\u00f3n ebrio del bufete Angel Reyes &amp; Associatese.<\/p>\n\n\n\n<p><strong>Desafortunadamente, 30% de nosotros seremos involucrados en un accidente\nautomovil\u00edstico relacionado con alcohol en un punto de nuestra vida. <\/strong><\/p>\n\n\n\n<p>La tragedia de un\naccidente automovil\u00edstico relacionado con alcohol puede ser debilitante f\u00edsicamente\ny mentalmente tambi\u00e9n. &nbsp;Su vida ha sido\ncomprometida en resultado de una mala decisi\u00f3n por un conductor ebrio (o el\nnegocio que le vendi\u00f3 la cerveza o el licor.) Debido al mal juicio del\nconductor, personas inocentes han sido da\u00f1adas o asesinadas.<\/p>\n\n\n\n<p>Las compa\u00f1\u00edas de seguros son\nbuenas en minimizar el gran da\u00f1o que el conductor ebrio a echo, y har\u00e1n todo lo\nposible por mantener&nbsp; el dinero en su\nbolsillo. Usted merece lo que legalmente y leg\u00edtimamente&nbsp; es de usted. &nbsp;Por esta raz\u00f3n es que tienes que contratar a\nun abogado con experiencia &nbsp;en juicios\npor lesiones personales para proteger&nbsp;\nlos derechos de usted y su familia. <\/p>\n\n\n\n<h2 class=\"wp-block-heading\"><strong>Lo que tienes que hacer si un conductor\nebrio te ha chocado<\/strong><\/h2>\n\n\n\n<p>El primer paso a tomar despu\u00e9s\nde un accidente de auto es buscar atenci\u00f3n m\u00e9dicanecesaria.<strong>&nbsp; <\/strong>Antes de preocuparse de todo lo dem\u00e1s <strong>&nbsp;<\/strong>aseg\u00farese\nque est\u00e1 &nbsp;bien, su salud es lo m\u00e1s\nimportante. &nbsp;Lo que puede parecer un\naccidente automovil\u00edstico menor podr\u00eda haber causado lesiones graves que no\nsiempre son evidentes de inmediato. Es por eso que tienes&nbsp; que buscar ayuda m\u00e9dica profesional.<\/p>\n\n\n\n<p>Si se demora en abordar\nadecuadamente sus lesiones, su da\u00f1o f\u00edsico podr\u00eda empeorar y podr\u00eda causar\nproblemas adicionales m\u00e1s adelante.<\/p>\n\n\n\n<h3 class=\"wp-block-heading\"><strong>Act\u00faa R\u00e1pidamente<\/strong><\/h3>\n\n\n\n<p>El estatuto de limitaci\u00f3n\nde Texas establece que debe presentar una demanda por lesiones personales\ndentro de los dos a\u00f1os posteriores a la fecha del incidente. Debido a este\ncorto periodo de tiempo, es crucial ponerse en contrato con un abogado de conducir\nebrio tan pronto como sea posible. Cuando m\u00e1s r\u00e1pido actu\u00e9, antes podr\u00eda\nponerse en camino hacia la recuperaci\u00f3n. &nbsp;<\/p>\n\n\n\n<h2 class=\"wp-block-heading\"><strong>Conf\u00eda en los Abogados de Conducci\u00f3n Ebrio Angel Reyes &amp; Associatese <\/strong><\/h2>\n\n\n\n<p>Resolver una demanda por lesiones en un accidente automovil\u00edstico puede ser bastante complicado. Para obtener ya mejor compensaci\u00f3n posible por sus lesiones, necesita un abogado profesional en accidentes por conducir ebrio.<\/p>\n\n\n\n<p>Ya s\u00e9 que se lesiono en un accidente automovil\u00edstico, accidente de cami\u00f3n o accidente de motocicleta, no hay excusa para la negligencia de los conductores ebrios. En Angel Reyes &amp; Associatese, llevamos m\u00e1s de 30 a\u00f1os representando a v\u00edctimas de accidentes por conductores ebrios. Comience hoy mismo llamando al <a href=\"tel:+14696945418\" data-type=\"tel\" data-id=\"tel:+14696945418\">(469) 694-5418<\/a> para una consulta inmediata y confidencial con un abogado de accidentes de conducci\u00f3n ebrio.<\/p>\n\n\n\n<p><\/p>\n","protected":false},"excerpt":{"rendered":"<p>\u00bfHas sido lesionado por un conductor intoxicado? \u00bfUsted o alguien a que ama ha sido lastimado por la negligencia de un conductor ebrio? \u00bfHa perdido la vida de un ser querido debido a un conductor ebrio? Consulta hoy con un abogado de accidentes de conducci\u00f3n ebrio del bufete Angel Reyes &amp; Associatese. Desafortunadamente, 30% de [&hellip;]<\/p>\n","protected":false},"author":29,"featured_media":40536,"parent":40695,"menu_order":0,"comment_status":"closed","ping_status":"closed","template":"dallas-es.php","meta":{"_acf_changed":true,"_eb_attr":"","inline_featured_image":false,"_uag_custom_page_level_css":"","footnotes":""},"class_list":["post-4523","page","type-page","status-publish","has-post-thumbnail","hentry"],"acf":[],"spectra_custom_meta":{"_wpml_media_featured":["0","0"],"_wpml_media_duplicate":["0","0"],"_wpml_word_count":["507"],"_edit_last":["36"],"slide_template":[""],"_wpml_media_has_media":["1"],"rrpc":[""],"_x_entry_body_css_class":[""],"_x_entry_alternate_index_title":[""],"_x_entry_disable_page_title":["off"],"_x_page_one_page_navigation":["Deactivated"],"_x_entry_bg_image_full":[""],"_x_entry_bg_image_full_fade":[""],"_x_entry_bg_image_full_duration":[""],"_x_slider_above":["Deactivated"],"_x_slider_above_bg_video":[""],"_x_slider_above_bg_video_poster":[""],"_x_slider_above_scroll_bottom_anchor_enable":["off"],"_x_slider_above_scroll_bottom_anchor_alignment":["top left"],"_x_slider_above_scroll_bottom_anchor_color":[""],"_x_slider_above_scroll_bottom_anchor_color_hover":[""],"_x_slider_below":["Deactivated"],"_x_slider_below_bg_video":[""],"_x_slider_below_bg_video_poster":[""],"_x_slider_below_scroll_bottom_anchor_enable":["off"],"_x_slider_below_scroll_bottom_anchor_alignment":["top left"],"_x_slider_below_scroll_bottom_anchor_color":[""],"_x_slider_below_scroll_bottom_anchor_color_hover":[""],"_x_portfolio_category_filters":["a:1:{i:0;s:14:\"All Categories\";}"],"_x_portfolio_columns":["Two"],"_x_portfolio_layout":["full-width"],"_x_portfolio_posts_per_page":["24"],"_x_portfolio_disable_filtering":["off"],"_wp_page_template":["dallas-es.php"],"_last_translation_edit_mode":["native-editor"],"_yoast_wpseo_content_score":["90"],"_yoast_wpseo_title":["Abogado de Accidentes de Conduccion Ebrio"],"_yoast_wpseo_metadesc":["\u00bfUsted o alguien a que ama ha sido lastimado por la negligencia de un conductor ebrio? Consulta con un abogado de accidentes de conducci\u00f3n ebrio. 98% Tasa de \u00c9xito | Consulta Gratuita"],"_alp_processed":["1568933031"],"_yoast_wpseo_estimated-reading-time-minutes":["3"],"_edit_lock":["1758572294:36"],"_wpml_location_migration_done":["1"],"_thumbnail_id":["40536"],"_yoast_wpseo_wordproof_timestamp":[""],"saswp_schema_type_product_pros_enable_cons":["0"],"wpil_links_inbound_internal_count":["1"],"wpil_links_inbound_internal_count_data":["eJxlUsFu2zAM\/ZVA99R2m7YZcxqG3dZutx4FRmISoopkSDK8IMi\/j4pcI8Fu4hP5yPdIhA7ODO3mN3TPoD56dvotWHL6F\/tPBd0TnBO8gnISarZqU5ITPIEaolPyevkG6pBzn6BpxnF8iHSi5HB8MOHYUGosOoepQWPYks+UlpaWOOTQmODtYDguaRs5NIVsJVwh5fLsHkHdchVsDYqFInqU1lvoakV\/rfhPwJ8CQ7cqAoSrzr5qX1\/WUiapmbMjtXmvJPnUk7rlE2WgUsY8pJokJsjEWTTU+LmakmaK5IZ9DaTSODZff+srJ2cOvgJl0hD36NnoHHG3YzMXkuUc4pTXgUKz03d9xe8jZdQWM6oNQgvnS7WLk04U9CzsciVEbw6FUFyQQb7Pe1hYWvyYVrD4WVagptHQWrJ6e9K9KGJfrG6rDBcMVhn3fgh3O93IeODUU9QmEmaaD6ZIkfnK4kvaLSwOmE\/2+5vzKvAx2MGRvst+nJpcG\/\/NFb9c\/gH1h+bj"],"wpil_links_outbound_internal_count":["1"],"wpil_links_outbound_internal_count_data":["eJxVUMtuwyAQ\/JWKU6uqsXEcN9n8Qh\/HHhEBFKMQQIBFoyj\/3gWnlXvbHeaxAwcKVw3t\/hPoBsiX14a9O6kMe9P2RICu4RrhFYjBlWlJ9oUcYQ1kCobg1FMgY0o+QtPknFdBXVQ0PK+EOzdJGXim\/bAbdv2mp9sqQL6LqYy0A7LkF2wLRNukguVofwA6K3xVfOAyAOFWjC5UA3x6RPunBwx4+U0oTbiUSrLDhXkzHbUtVu3sbpzgSTtbmFhMOEyz9ZyuvffMo45eBSaC4kn9laZYVUfGp+QKbQmnwMVJ2+Piiwp8dnIyiv1jd\/eQGvydZvx2+wEYhnvt"],"wpil_links_outbound_external_count":["0"],"wpil_links_outbound_external_count_data":["eJxLtDKwqq4FAAZPAf4="],"wpil_sync_report2_time":["2025-09-22T20:18:07+00:00"],"wpil_sync_report3":["1"],"rank_math_title":["Abogado de Accidentes de Conduccion Ebrio"],"rank_math_description":["\u00bfUsted o alguien a que ama ha sido lastimado por la negligencia de un conductor ebrio? Consulta con un abogado de accidentes de conducci\u00f3n ebrio. 98% Tasa de \u00c9xito | Consulta Gratuita"],"rank_math_news_sitemap_robots":["index"],"rank_math_robots":["a:1:{i:0;s:5:\"index\";}"],"rank_math_seo_score":["10"],"rank_math_internal_links_processed":["1"],"footnotes":[""],"_ez-toc-disabled":[""],"_ez-toc-insert":[""],"_ez-toc-header-label":[""],"_ez-toc-alignment":["none"],"_ez-toc-heading-levels":["a:0:{}"],"_ez-toc-alttext":[""],"_ez-toc-visibility_hide_by_default":[""],"_ez-toc-hide_counter":[""],"_ez-toc-exclude":[""],"_ez-toc-position-specific":[""],"h1":["Abogado de Accidentes de Conducci\u00f3n Ebrio"],"_h1":["field_6806152ab52ff"],"hefo_before":["0"],"hefo_after":["0"],"_acf_changed":["1"],"inline_featured_image":[""],"_elementor_edit_mode":[""],"_elementor_template_type":[""],"_elementor_data":[""],"_elementor_conditions":["a:0:{}"],"_ez-toc-device-target":[""],"_eb_reusable_block_ids":["a:0:{}"],"_uag_css_file_name":["uag-css-4523.css"],"_uagb_previous_block_counts":["a:90:{s:21:\"uagb\/advanced-heading\";i:0;s:15:\"uagb\/blockquote\";i:0;s:12:\"uagb\/buttons\";i:0;s:18:\"uagb\/buttons-child\";i:0;s:19:\"uagb\/call-to-action\";i:0;s:15:\"uagb\/cf7-styler\";i:0;s:11:\"uagb\/column\";i:0;s:12:\"uagb\/columns\";i:0;s:14:\"uagb\/container\";i:0;s:21:\"uagb\/content-timeline\";i:0;s:27:\"uagb\/content-timeline-child\";i:0;s:14:\"uagb\/countdown\";i:0;s:12:\"uagb\/counter\";i:0;s:8:\"uagb\/faq\";i:0;s:14:\"uagb\/faq-child\";i:0;s:10:\"uagb\/forms\";i:0;s:17:\"uagb\/forms-accept\";i:0;s:19:\"uagb\/forms-checkbox\";i:0;s:15:\"uagb\/forms-date\";i:0;s:16:\"uagb\/forms-email\";i:0;s:17:\"uagb\/forms-hidden\";i:0;s:15:\"uagb\/forms-name\";i:0;s:16:\"uagb\/forms-phone\";i:0;s:16:\"uagb\/forms-radio\";i:0;s:17:\"uagb\/forms-select\";i:0;s:19:\"uagb\/forms-textarea\";i:0;s:17:\"uagb\/forms-toggle\";i:0;s:14:\"uagb\/forms-url\";i:0;s:14:\"uagb\/gf-styler\";i:0;s:15:\"uagb\/google-map\";i:0;s:11:\"uagb\/how-to\";i:0;s:16:\"uagb\/how-to-step\";i:0;s:9:\"uagb\/icon\";i:0;s:14:\"uagb\/icon-list\";i:0;s:20:\"uagb\/icon-list-child\";i:0;s:10:\"uagb\/image\";i:0;s:18:\"uagb\/image-gallery\";i:0;s:13:\"uagb\/info-box\";i:0;s:18:\"uagb\/inline-notice\";i:0;s:11:\"uagb\/lottie\";i:0;s:21:\"uagb\/marketing-button\";i:0;s:10:\"uagb\/modal\";i:0;s:18:\"uagb\/popup-builder\";i:0;s:16:\"uagb\/post-button\";i:0;s:18:\"uagb\/post-carousel\";i:0;s:17:\"uagb\/post-excerpt\";i:0;s:14:\"uagb\/post-grid\";i:0;s:15:\"uagb\/post-image\";i:0;s:17:\"uagb\/post-masonry\";i:0;s:14:\"uagb\/post-meta\";i:0;s:18:\"uagb\/post-taxonomy\";i:0;s:18:\"uagb\/post-timeline\";i:0;s:15:\"uagb\/post-title\";i:0;s:20:\"uagb\/restaurant-menu\";i:0;s:26:\"uagb\/restaurant-menu-child\";i:0;s:11:\"uagb\/review\";i:0;s:12:\"uagb\/section\";i:0;s:14:\"uagb\/separator\";i:0;s:11:\"uagb\/slider\";i:0;s:17:\"uagb\/slider-child\";i:0;s:17:\"uagb\/social-share\";i:0;s:23:\"uagb\/social-share-child\";i:0;s:16:\"uagb\/star-rating\";i:0;s:23:\"uagb\/sure-cart-checkout\";i:0;s:22:\"uagb\/sure-cart-product\";i:0;s:15:\"uagb\/sure-forms\";i:0;s:22:\"uagb\/table-of-contents\";i:0;s:9:\"uagb\/tabs\";i:0;s:15:\"uagb\/tabs-child\";i:0;s:18:\"uagb\/taxonomy-list\";i:0;s:9:\"uagb\/team\";i:0;s:16:\"uagb\/testimonial\";i:0;s:14:\"uagb\/wp-search\";i:0;s:19:\"uagb\/instagram-feed\";i:0;s:10:\"uagb\/login\";i:0;s:17:\"uagb\/loop-builder\";i:0;s:18:\"uagb\/loop-category\";i:0;s:20:\"uagb\/loop-pagination\";i:0;s:15:\"uagb\/loop-reset\";i:0;s:16:\"uagb\/loop-search\";i:0;s:14:\"uagb\/loop-sort\";i:0;s:17:\"uagb\/loop-wrapper\";i:0;s:13:\"uagb\/register\";i:0;s:19:\"uagb\/register-email\";i:0;s:24:\"uagb\/register-first-name\";i:0;s:23:\"uagb\/register-last-name\";i:0;s:22:\"uagb\/register-password\";i:0;s:30:\"uagb\/register-reenter-password\";i:0;s:19:\"uagb\/register-terms\";i:0;s:22:\"uagb\/register-username\";i:0;}"],"_elementor_page_assets":["a:0:{}"],"_uag_page_assets":["a:9:{s:3:\"css\";s:263:\".uag-blocks-common-selector{z-index:var(--z-index-desktop) !important}@media (max-width: 976px){.uag-blocks-common-selector{z-index:var(--z-index-tablet) !important}}@media (max-width: 767px){.uag-blocks-common-selector{z-index:var(--z-index-mobile) !important}}\n\";s:2:\"js\";s:0:\"\";s:18:\"current_block_list\";a:8:{i:0;s:12:\"core\/heading\";i:1;s:14:\"core\/paragraph\";i:2;s:11:\"core\/search\";i:3;s:10:\"core\/group\";i:4;s:17:\"core\/latest-posts\";i:5;s:20:\"core\/latest-comments\";i:6;s:13:\"core\/archives\";i:7;s:15:\"core\/categories\";}s:8:\"uag_flag\";b:0;s:11:\"uag_version\";s:10:\"1776467228\";s:6:\"gfonts\";a:0:{}s:10:\"gfonts_url\";s:0:\"\";s:12:\"gfonts_files\";a:0:{}s:14:\"uag_faq_layout\";b:0;}"]},"uagb_featured_image_src":{"full":["https:\/\/www.reyeslaw.com\/wp-content\/uploads\/2022\/10\/Drunk-Driving-Car-Accidents.jpg",740,278,false],"thumbnail":["https:\/\/www.reyeslaw.com\/wp-content\/uploads\/2022\/10\/Drunk-Driving-Car-Accidents-150x150.jpg",150,150,true],"medium":["https:\/\/www.reyeslaw.com\/wp-content\/uploads\/2022\/10\/Drunk-Driving-Car-Accidents-300x113.jpg",300,113,true],"medium_large":["https:\/\/www.reyeslaw.com\/wp-content\/uploads\/2022\/10\/Drunk-Driving-Car-Accidents.jpg",740,278,false],"large":["https:\/\/www.reyeslaw.com\/wp-content\/uploads\/2022\/10\/Drunk-Driving-Car-Accidents.jpg",740,278,false],"1536x1536":["https:\/\/www.reyeslaw.com\/wp-content\/uploads\/2022\/10\/Drunk-Driving-Car-Accidents.jpg",740,278,false],"2048x2048":["https:\/\/www.reyeslaw.com\/wp-content\/uploads\/2022\/10\/Drunk-Driving-Car-Accidents.jpg",740,278,false],"dx-single-featured-sm":["https:\/\/www.reyeslaw.com\/wp-content\/uploads\/2022\/10\/Drunk-Driving-Car-Accidents.jpg",420,158,false],"dx-single-featured":["https:\/\/www.reyeslaw.com\/wp-content\/uploads\/2022\/10\/Drunk-Driving-Car-Accidents.jpg",740,278,false],"gform-image-choice-sm":["https:\/\/www.reyeslaw.com\/wp-content\/uploads\/2022\/10\/Drunk-Driving-Car-Accidents.jpg",300,113,false],"gform-image-choice-md":["https:\/\/www.reyeslaw.com\/wp-content\/uploads\/2022\/10\/Drunk-Driving-Car-Accidents.jpg",400,150,false],"gform-image-choice-lg":["https:\/\/www.reyeslaw.com\/wp-content\/uploads\/2022\/10\/Drunk-Driving-Car-Accidents.jpg",600,225,false]},"uagb_author_info":{"display_name":"Elliot Johnson","author_link":"https:\/\/www.reyeslaw.com\/es\/author\/elliotjohnsonks\/"},"uagb_comment_info":0,"uagb_excerpt":"\u00bfHas sido lesionado por un conductor intoxicado? \u00bfUsted o alguien a que ama ha sido lastimado por la negligencia de un conductor ebrio? \u00bfHa perdido la vida de un ser querido debido a un conductor ebrio? Consulta hoy con un abogado de accidentes de conducci\u00f3n ebrio del bufete Angel Reyes &amp; Associatese. Desafortunadamente, 30% de&hellip;","_links":{"self":[{"href":"https:\/\/www.reyeslaw.com\/es\/wp-json\/wp\/v2\/pages\/4523","targetHints":{"allow":["GET"]}}],"collection":[{"href":"https:\/\/www.reyeslaw.com\/es\/wp-json\/wp\/v2\/pages"}],"about":[{"href":"https:\/\/www.reyeslaw.com\/es\/wp-json\/wp\/v2\/types\/page"}],"author":[{"embeddable":true,"href":"https:\/\/www.reyeslaw.com\/es\/wp-json\/wp\/v2\/users\/29"}],"replies":[{"embeddable":true,"href":"https:\/\/www.reyeslaw.com\/es\/wp-json\/wp\/v2\/comments?post=4523"}],"version-history":[{"count":0,"href":"https:\/\/www.reyeslaw.com\/es\/wp-json\/wp\/v2\/pages\/4523\/revisions"}],"up":[{"embeddable":true,"href":"https:\/\/www.reyeslaw.com\/es\/wp-json\/wp\/v2\/pages\/40695"}],"wp:featuredmedia":[{"embeddable":true,"href":"https:\/\/www.reyeslaw.com\/es\/wp-json\/wp\/v2\/media\/40536"}],"wp:attachment":[{"href":"https:\/\/www.reyeslaw.com\/es\/wp-json\/wp\/v2\/media?parent=4523"}],"curies":[{"name":"wp","href":"https:\/\/api.w.org\/{rel}","templated":true}]}}