{"id":4532,"date":"2019-04-23T12:56:15","date_gmt":"2019-04-23T17:56:15","guid":{"rendered":"https:\/\/www.reyeslaw.com\/?page_id=4532"},"modified":"2025-09-22T15:25:22","modified_gmt":"2025-09-22T20:25:22","slug":"mensajes-de-texto","status":"publish","type":"page","link":"https:\/\/www.reyeslaw.com\/es\/dallas\/accidentes-de-auto\/mensajes-de-texto\/","title":{"rendered":"Accidentes Causados \u200b\u200bpor Mensajes de Texto y el Manejo de Autos"},"content":{"rendered":"\n<p>Un conductor\nque causa un accidente mientras manda un mensaje de texto y conduce est\u00e1 sujeto\na una acci\u00f3n civil para responsabilizarlo por los da\u00f1os y lesiones que caus\u00f3.\nSi sufri\u00f3 da\u00f1os debido a que el otro conductor estaba enviando mensajes de\ntexto durante un accidente automovil\u00edstico, el bufete de abogados de Reyes\nBrowne Reilley puede ayudarlo a recuperar una indemnizaci\u00f3n. <\/p>\n\n\n\n<h3 class=\"wp-block-heading\"><strong>Envi\u00f3 de Mensajes de Texto Mientras se Conduce<\/strong><\/h3>\n\n\n\n<p>En Texas, casi\nel 40% de las muertes por tr\u00e1fico, una de las tasas m\u00e1s altas del pa\u00eds, son\ncausadas por conductores ebrios. De acuerdo con la Administraci\u00f3n Nacional de\nSeguridad del Tr\u00e1fico en Carreteras, alguien que mande mensajes de texto\nmientras conduce un veh\u00edculo es seis veces m\u00e1s peligroso que alguien que maneja\nintoxicado. La agencia federal inform\u00f3 que enviar o recibir un mensaje de texto\nquita la vista de un conductor de la carretera durante un promedio de 4,6\nsegundos, el equivalente, cuando se viaja a 55 mph, de conducir a lo largo de\ntodo un campo de f\u00fatbol con los ojos vendados. La mayor\u00eda es consciente de lo\npeligroso que es usar nuestros tel\u00e9fonos mientras maneja, pero es casi\nimposible conducir por la carretera sin detectar a los conductores pegados a\nsus tel\u00e9fonos.<\/p>\n\n\n\n<h3 class=\"wp-block-heading\"><strong>\u00bfPuede la polic\u00eda obtener registros de\ntel\u00e9fonos celulares de alguien que estaba enviando mensajes de texto detr\u00e1s del\nvolante?<\/strong><\/h3>\n\n\n\n<p>Los oficiales\nde la ley de Texas pueden obtener los registros de tel\u00e9fonos celulares de\ncualquier persona involucrada en un accidente automovil\u00edstico que result\u00f3 en\nlesiones. Esto significa que si sufri\u00f3 lesiones en un accidente con un\nconductor distra\u00eddo, podemos obtener sus registros de tel\u00e9fono celular para\nverificar si estaban enviando mensajes de texto mientras conduc\u00eda. Esto puede\nayudarnos a establecer su responsabilidad por sus da\u00f1os.<\/p>\n\n\n\n<h3 class=\"wp-block-heading\"><strong>\u00bfCu\u00e1les son mis derechos si un controlador\nde mensajes de texto caus\u00f3 mi accidente?<\/strong><\/h3>\n\n\n\n<p>Si sufri\u00f3\nlesiones porque otro conductor estaba enviando mensajes de texto, tiene el\nderecho legal de buscar una compensaci\u00f3n financiera a trav\u00e9s de una acci\u00f3n\ncivil, ya sea que la polic\u00eda haya emitido una citaci\u00f3n a ese otro conductor.<\/p>\n\n\n\n<h3 class=\"wp-block-heading\"><strong>\u00bfC\u00f3mo puedo hablar gratis con un abogado de\naccidentes de auto?<\/strong><\/h3>\n\n\n\n<p>Ll\u00e1menos al <a href=\"tel:+14696945418\">(469) 694-5418<\/a> para una consulta gratuita, pero no mientras conduce. Si el otro conductor enviaba mensajes de texto durante un accidente automovil\u00edstico, el bufete de abogados de Angel Reyes &amp; Associatese puede responsabilizarlo por el da\u00f1o que causaron. Entendemos los estatutos estatales de mensajes de texto y podemos usar la ley a nuestro favor para establecer la responsabilidad por sus lesiones, da\u00f1os a la propiedad y dolor y sufrimiento.<\/p>\n\n\n\n<p><\/p>\n","protected":false},"excerpt":{"rendered":"<p>Un conductor que causa un accidente mientras manda un mensaje de texto y conduce est\u00e1 sujeto a una acci\u00f3n civil para responsabilizarlo por los da\u00f1os y lesiones que caus\u00f3. Si sufri\u00f3 da\u00f1os debido a que el otro conductor estaba enviando mensajes de texto durante un accidente automovil\u00edstico, el bufete de abogados de Reyes Browne Reilley [&hellip;]<\/p>\n","protected":false},"author":29,"featured_media":40538,"parent":40695,"menu_order":0,"comment_status":"closed","ping_status":"closed","template":"dallas-es.php","meta":{"_acf_changed":true,"_eb_attr":"","inline_featured_image":false,"_uag_custom_page_level_css":"","footnotes":""},"class_list":["post-4532","page","type-page","status-publish","has-post-thumbnail","hentry"],"acf":[],"spectra_custom_meta":{"_wpml_media_featured":["1","1"],"_wpml_media_duplicate":["1","1"],"_wpml_word_count":["461"],"_edit_last":["36"],"slide_template":[""],"_wpml_media_has_media":["1"],"rrpc":[""],"_x_entry_body_css_class":[""],"_x_entry_alternate_index_title":[""],"_x_entry_disable_page_title":["off"],"_x_page_one_page_navigation":["Deactivated"],"_x_entry_bg_image_full":[""],"_x_entry_bg_image_full_fade":[""],"_x_entry_bg_image_full_duration":[""],"_x_slider_above":["Deactivated"],"_x_slider_above_bg_video":[""],"_x_slider_above_bg_video_poster":[""],"_x_slider_above_scroll_bottom_anchor_enable":["off"],"_x_slider_above_scroll_bottom_anchor_alignment":["top left"],"_x_slider_above_scroll_bottom_anchor_color":[""],"_x_slider_above_scroll_bottom_anchor_color_hover":[""],"_x_slider_below":["Deactivated"],"_x_slider_below_bg_video":[""],"_x_slider_below_bg_video_poster":[""],"_x_slider_below_scroll_bottom_anchor_enable":["off"],"_x_slider_below_scroll_bottom_anchor_alignment":["top left"],"_x_slider_below_scroll_bottom_anchor_color":[""],"_x_slider_below_scroll_bottom_anchor_color_hover":[""],"_x_portfolio_category_filters":["a:1:{i:0;s:14:\"All Categories\";}"],"_x_portfolio_columns":["Two"],"_x_portfolio_layout":["full-width"],"_x_portfolio_posts_per_page":["24"],"_x_portfolio_disable_filtering":["off"],"_wp_page_template":["dallas-es.php"],"_last_translation_edit_mode":["native-editor"],"_yoast_wpseo_content_score":["60"],"_yoast_wpseo_title":["Accidentes Causados \u200b\u200bpor Mensajes de Texto y Conducir | Reyeslaw.com"],"_yoast_wpseo_metadesc":["Accidentes Causados \u200b\u200bpor Mensajes de Texto y el Manejo de Autos | Consulta Gratuita - Ll\u00e1menos al | Buffete, Angel Reyes & Associatese"],"_alp_processed":["1568933033"],"_edit_lock":["1758572756:36"],"_wpml_location_migration_done":["1"],"_thumbnail_id":["40538"],"_yoast_wpseo_estimated-reading-time-minutes":["2"],"_yoast_wpseo_wordproof_timestamp":[""],"no_featured_image":[""],"_no_featured_image":["field_634dde41800f3"],"wpil_links_inbound_internal_count":["1"],"wpil_links_inbound_internal_count_data":["eJxlUsFu2zAM\/RVD99Z2mzYZcyp2XbYdBuwosBKTqFUkw5ThBkGA3feX+5JRkWckGOCD+Ew+8vERoYWTg2b9DdonUD875\/UmWvL6iwvvCtpHODEsQXkJtbNqnZMZHkENvVfyWj6A2qfUMdT1OI73PR2JPY73Jh5q4tqi98g1GuMshUR8Z+kOhxTrAwXGtwIk+hAk8y2ELnLKz1aor+kytgLlhKUPKN1foS0V3aXiPw3fMwztImsQrjL+olk+r6RMUpNLntT6ayFJx47UNR\/DMyhOmAYuSbIHE6V7SCV+KnvhmYL9sCuBVBrvzL9\/qwunSy6GAuRJY7\/D4IxOPW63zsyFZF2K\/ZTXgkKz1Td9P4E6UEJtMaFaIzRwOpd1OdZMUc\/CzhdCDGafCSWQQV5mK6rPODDayNWfX7\/l62JfbSZXKkvVj+xKdazIVxsM9BYz+CLesZokoLVk9etRd6LchWxJU+T6aLDIvd2bONFM5zTuHXfUa9MTJppvK0sWHflGcto1LJsy7y7sri4xw4doB0\/6JvthanJp\/JEKfj7\/BYhl99I="],"wpil_links_outbound_internal_count":["1"],"wpil_links_outbound_internal_count_data":["eJxVUMtuwyAQ\/JWKU6uqsXEcN9n8Qh\/HHhEBFKMQQIBFoyj\/3gWnlXvbHeaxAwcKVw3t\/hPoBsiX14a9O6kMe9P2RICu4RrhFYjBlWlJ9oUcYQ1kCobg1FMgY0o+QtPknFdBXVQ0PK+EOzdJGXim\/bAbdv2mp9sqQL6LqYy0A7LkF2wLRNukguVofwA6K3xVfOAyAOFWjC5UA3x6RPunBwx4+U0oTbiUSrLDhXkzHbUtVu3sbpzgSTtbmFhMOEyz9ZyuvffMo45eBSaC4kn9laZYVUfGp+QKbQmnwMVJ2+Piiwp8dnIyiv1jd\/eQGvydZvx2+wEYhnvt"],"wpil_links_outbound_external_count":["0"],"wpil_links_outbound_external_count_data":["eJxLtDKwqq4FAAZPAf4="],"wpil_sync_report2_time":["2025-09-22T20:25:23+00:00"],"wpil_sync_report3":["1"],"rank_math_title":["Accidentes Causados \u200b\u200bpor Mensajes de Texto y Conducir | Reyeslaw.com"],"rank_math_description":["Accidentes Causados \u200b\u200bpor Mensajes de Texto y el Manejo de Autos | Consulta Gratuita - Ll\u00e1menos al | Buffete, Angel Reyes & Associatese"],"rank_math_news_sitemap_robots":["index"],"rank_math_robots":["a:1:{i:0;s:5:\"index\";}"],"rank_math_seo_score":["7"],"rank_math_internal_links_processed":["1"],"_acf_changed":["1"],"footnotes":[""],"_ez-toc-disabled":[""],"_ez-toc-insert":[""],"_ez-toc-header-label":[""],"_ez-toc-alignment":["none"],"_ez-toc-heading-levels":["a:0:{}"],"_ez-toc-alttext":[""],"_ez-toc-visibility_hide_by_default":[""],"_ez-toc-hide_counter":[""],"_ez-toc-exclude":[""],"_ez-toc-position-specific":[""],"h1":["Accidentes Causados \u200b\u200bpor Mensajes de Texto y el Manejo de Autos"],"_h1":["field_6806152ab52ff"],"hefo_before":["0"],"hefo_after":["0"],"inline_featured_image":[""],"_elementor_edit_mode":[""],"_elementor_template_type":[""],"_elementor_data":[""],"_elementor_conditions":["a:0:{}"],"_ez-toc-device-target":[""],"_eb_reusable_block_ids":["a:0:{}"],"_uag_css_file_name":["uag-css-4532.css"],"_uagb_previous_block_counts":["a:90:{s:21:\"uagb\/advanced-heading\";i:0;s:15:\"uagb\/blockquote\";i:0;s:12:\"uagb\/buttons\";i:0;s:18:\"uagb\/buttons-child\";i:0;s:19:\"uagb\/call-to-action\";i:0;s:15:\"uagb\/cf7-styler\";i:0;s:11:\"uagb\/column\";i:0;s:12:\"uagb\/columns\";i:0;s:14:\"uagb\/container\";i:0;s:21:\"uagb\/content-timeline\";i:0;s:27:\"uagb\/content-timeline-child\";i:0;s:14:\"uagb\/countdown\";i:0;s:12:\"uagb\/counter\";i:0;s:8:\"uagb\/faq\";i:0;s:14:\"uagb\/faq-child\";i:0;s:10:\"uagb\/forms\";i:0;s:17:\"uagb\/forms-accept\";i:0;s:19:\"uagb\/forms-checkbox\";i:0;s:15:\"uagb\/forms-date\";i:0;s:16:\"uagb\/forms-email\";i:0;s:17:\"uagb\/forms-hidden\";i:0;s:15:\"uagb\/forms-name\";i:0;s:16:\"uagb\/forms-phone\";i:0;s:16:\"uagb\/forms-radio\";i:0;s:17:\"uagb\/forms-select\";i:0;s:19:\"uagb\/forms-textarea\";i:0;s:17:\"uagb\/forms-toggle\";i:0;s:14:\"uagb\/forms-url\";i:0;s:14:\"uagb\/gf-styler\";i:0;s:15:\"uagb\/google-map\";i:0;s:11:\"uagb\/how-to\";i:0;s:16:\"uagb\/how-to-step\";i:0;s:9:\"uagb\/icon\";i:0;s:14:\"uagb\/icon-list\";i:0;s:20:\"uagb\/icon-list-child\";i:0;s:10:\"uagb\/image\";i:0;s:18:\"uagb\/image-gallery\";i:0;s:13:\"uagb\/info-box\";i:0;s:18:\"uagb\/inline-notice\";i:0;s:11:\"uagb\/lottie\";i:0;s:21:\"uagb\/marketing-button\";i:0;s:10:\"uagb\/modal\";i:0;s:18:\"uagb\/popup-builder\";i:0;s:16:\"uagb\/post-button\";i:0;s:18:\"uagb\/post-carousel\";i:0;s:17:\"uagb\/post-excerpt\";i:0;s:14:\"uagb\/post-grid\";i:0;s:15:\"uagb\/post-image\";i:0;s:17:\"uagb\/post-masonry\";i:0;s:14:\"uagb\/post-meta\";i:0;s:18:\"uagb\/post-taxonomy\";i:0;s:18:\"uagb\/post-timeline\";i:0;s:15:\"uagb\/post-title\";i:0;s:20:\"uagb\/restaurant-menu\";i:0;s:26:\"uagb\/restaurant-menu-child\";i:0;s:11:\"uagb\/review\";i:0;s:12:\"uagb\/section\";i:0;s:14:\"uagb\/separator\";i:0;s:11:\"uagb\/slider\";i:0;s:17:\"uagb\/slider-child\";i:0;s:17:\"uagb\/social-share\";i:0;s:23:\"uagb\/social-share-child\";i:0;s:16:\"uagb\/star-rating\";i:0;s:23:\"uagb\/sure-cart-checkout\";i:0;s:22:\"uagb\/sure-cart-product\";i:0;s:15:\"uagb\/sure-forms\";i:0;s:22:\"uagb\/table-of-contents\";i:0;s:9:\"uagb\/tabs\";i:0;s:15:\"uagb\/tabs-child\";i:0;s:18:\"uagb\/taxonomy-list\";i:0;s:9:\"uagb\/team\";i:0;s:16:\"uagb\/testimonial\";i:0;s:14:\"uagb\/wp-search\";i:0;s:19:\"uagb\/instagram-feed\";i:0;s:10:\"uagb\/login\";i:0;s:17:\"uagb\/loop-builder\";i:0;s:18:\"uagb\/loop-category\";i:0;s:20:\"uagb\/loop-pagination\";i:0;s:15:\"uagb\/loop-reset\";i:0;s:16:\"uagb\/loop-search\";i:0;s:14:\"uagb\/loop-sort\";i:0;s:17:\"uagb\/loop-wrapper\";i:0;s:13:\"uagb\/register\";i:0;s:19:\"uagb\/register-email\";i:0;s:24:\"uagb\/register-first-name\";i:0;s:23:\"uagb\/register-last-name\";i:0;s:22:\"uagb\/register-password\";i:0;s:30:\"uagb\/register-reenter-password\";i:0;s:19:\"uagb\/register-terms\";i:0;s:22:\"uagb\/register-username\";i:0;}"],"_elementor_page_assets":["a:0:{}"],"_uag_page_assets":["a:9:{s:3:\"css\";s:263:\".uag-blocks-common-selector{z-index:var(--z-index-desktop) !important}@media (max-width: 976px){.uag-blocks-common-selector{z-index:var(--z-index-tablet) !important}}@media (max-width: 767px){.uag-blocks-common-selector{z-index:var(--z-index-mobile) !important}}\n\";s:2:\"js\";s:0:\"\";s:18:\"current_block_list\";a:8:{i:0;s:14:\"core\/paragraph\";i:1;s:12:\"core\/heading\";i:2;s:11:\"core\/search\";i:3;s:10:\"core\/group\";i:4;s:17:\"core\/latest-posts\";i:5;s:20:\"core\/latest-comments\";i:6;s:13:\"core\/archives\";i:7;s:15:\"core\/categories\";}s:8:\"uag_flag\";b:0;s:11:\"uag_version\";s:10:\"1776467228\";s:6:\"gfonts\";a:0:{}s:10:\"gfonts_url\";s:0:\"\";s:12:\"gfonts_files\";a:0:{}s:14:\"uag_faq_layout\";b:0;}"]},"uagb_featured_image_src":{"full":["https:\/\/www.reyeslaw.com\/wp-content\/uploads\/2022\/10\/texting-while-driving.jpg",738,278,false],"thumbnail":["https:\/\/www.reyeslaw.com\/wp-content\/uploads\/2022\/10\/texting-while-driving-150x150.jpg",150,150,true],"medium":["https:\/\/www.reyeslaw.com\/wp-content\/uploads\/2022\/10\/texting-while-driving-300x113.jpg",300,113,true],"medium_large":["https:\/\/www.reyeslaw.com\/wp-content\/uploads\/2022\/10\/texting-while-driving.jpg",738,278,false],"large":["https:\/\/www.reyeslaw.com\/wp-content\/uploads\/2022\/10\/texting-while-driving.jpg",738,278,false],"1536x1536":["https:\/\/www.reyeslaw.com\/wp-content\/uploads\/2022\/10\/texting-while-driving.jpg",738,278,false],"2048x2048":["https:\/\/www.reyeslaw.com\/wp-content\/uploads\/2022\/10\/texting-while-driving.jpg",738,278,false],"dx-single-featured-sm":["https:\/\/www.reyeslaw.com\/wp-content\/uploads\/2022\/10\/texting-while-driving.jpg",420,158,false],"dx-single-featured":["https:\/\/www.reyeslaw.com\/wp-content\/uploads\/2022\/10\/texting-while-driving.jpg",738,278,false],"gform-image-choice-sm":["https:\/\/www.reyeslaw.com\/wp-content\/uploads\/2022\/10\/texting-while-driving.jpg",300,113,false],"gform-image-choice-md":["https:\/\/www.reyeslaw.com\/wp-content\/uploads\/2022\/10\/texting-while-driving.jpg",400,151,false],"gform-image-choice-lg":["https:\/\/www.reyeslaw.com\/wp-content\/uploads\/2022\/10\/texting-while-driving.jpg",600,226,false]},"uagb_author_info":{"display_name":"Elliot Johnson","author_link":"https:\/\/www.reyeslaw.com\/es\/author\/elliotjohnsonks\/"},"uagb_comment_info":0,"uagb_excerpt":"Un conductor que causa un accidente mientras manda un mensaje de texto y conduce est\u00e1 sujeto a una acci\u00f3n civil para responsabilizarlo por los da\u00f1os y lesiones que caus\u00f3. Si sufri\u00f3 da\u00f1os debido a que el otro conductor estaba enviando mensajes de texto durante un accidente automovil\u00edstico, el bufete de abogados de Reyes Browne Reilley&hellip;","_links":{"self":[{"href":"https:\/\/www.reyeslaw.com\/es\/wp-json\/wp\/v2\/pages\/4532","targetHints":{"allow":["GET"]}}],"collection":[{"href":"https:\/\/www.reyeslaw.com\/es\/wp-json\/wp\/v2\/pages"}],"about":[{"href":"https:\/\/www.reyeslaw.com\/es\/wp-json\/wp\/v2\/types\/page"}],"author":[{"embeddable":true,"href":"https:\/\/www.reyeslaw.com\/es\/wp-json\/wp\/v2\/users\/29"}],"replies":[{"embeddable":true,"href":"https:\/\/www.reyeslaw.com\/es\/wp-json\/wp\/v2\/comments?post=4532"}],"version-history":[{"count":0,"href":"https:\/\/www.reyeslaw.com\/es\/wp-json\/wp\/v2\/pages\/4532\/revisions"}],"up":[{"embeddable":true,"href":"https:\/\/www.reyeslaw.com\/es\/wp-json\/wp\/v2\/pages\/40695"}],"wp:featuredmedia":[{"embeddable":true,"href":"https:\/\/www.reyeslaw.com\/es\/wp-json\/wp\/v2\/media\/40538"}],"wp:attachment":[{"href":"https:\/\/www.reyeslaw.com\/es\/wp-json\/wp\/v2\/media?parent=4532"}],"curies":[{"name":"wp","href":"https:\/\/api.w.org\/{rel}","templated":true}]}}