{"id":46179,"date":"2025-04-09T14:20:56","date_gmt":"2025-04-09T14:20:56","guid":{"rendered":"https:\/\/www.reyeslaw.com\/?page_id=46179"},"modified":"2025-04-21T10:35:06","modified_gmt":"2025-04-21T10:35:06","slug":"accidentes-de-auto","status":"publish","type":"page","link":"https:\/\/www.reyeslaw.com\/es\/austin\/accidentes-de-auto\/","title":{"rendered":"Abogado de Accidentes de Auto en Austin"},"content":{"rendered":"\n<p>Un accidente de auto siempre es una experiencia traum\u00e1tica que puede cambiar su vida en cuesti\u00f3n de segundos. En Austin, Texas, una ciudad vibrante y en constante crecimiento, la alta circulaci\u00f3n vehicular incrementa la posibilidad de verse involucrado en un incidente vial. En estos momentos complejos, contar con un abogado de accidentes de auto que ponga su bienestar y tranquilidad en primer lugar puede marcar la diferencia.<\/p>\n\n\n\n<p>En <a href=\"https:\/\/www.reyeslaw.com\/es\/sobre-nosotros\/\">Angel Reyes &amp; Associates<\/a> comprendemos que detr\u00e1s de cada accidente hay personas reales con historias, necesidades y preocupaciones \u00fanicas. Por eso, nuestro compromiso va m\u00e1s all\u00e1 de la representaci\u00f3n legal; brindamos atenci\u00f3n personalizada, acompa\u00f1amiento constante y una defensa firme e incansable para proteger sus derechos e intereses.<\/p>\n\n\n\n<p>En esta p\u00e1gina, abordaremos el manejo que le damos a los accidentes automovil\u00edsticos en Austin, explicaremos los pasos clave a seguir despu\u00e9s de sufrir un accidente, y resaltaremos c\u00f3mo podemos presentar una reclamaci\u00f3n exitosa por lesiones personales.<\/p>\n\n\n\n<p>No tiene que enfrentar el proceso legal y emocional posterior al accidente solo, nuestros abogados se encargar\u00e1n de su caso para que usted y sus seres queridos puedan recuperarse de la mejor manera.<\/p>\n\n\n\n<figure class=\"wp-block-image size-full\"><img fetchpriority=\"high\" decoding=\"async\" width=\"1000\" height=\"667\" src=\"https:\/\/www.reyeslaw.com\/wp-content\/uploads\/2025\/04\/car-accident.jpg\" alt=\"Photo of a Car Accident\" class=\"wp-image-46180\" title=\"Car Accident\" srcset=\"https:\/\/www.reyeslaw.com\/wp-content\/uploads\/2025\/04\/car-accident.jpg 1000w, https:\/\/www.reyeslaw.com\/wp-content\/uploads\/2025\/04\/car-accident-300x200.jpg 300w, https:\/\/www.reyeslaw.com\/wp-content\/uploads\/2025\/04\/car-accident-768x512.jpg 768w\" sizes=\"(max-width: 1000px) 100vw, 1000px\" \/><\/figure>\n\n\n\n<h2 class=\"wp-block-heading\">Conozca Angel Reyes &amp; Associates, abogados especializados en casos de lesiones personales en Texas<\/h2>\n\n\n\n<p>Somos una firma legal que cuenta con m\u00e1s de 30 a\u00f1os de experiencia representando casos de lesiones personales en Texas.&nbsp;<\/p>\n\n\n\n<p><a href=\"https:\/\/www.reyeslaw.com\/es\/austin\/\">Nuestro despacho de abogados especializados en accidentes en Austin<\/a> destaca por el acompa\u00f1amiento personalizado, la rigurosidad con el manejo de las negociaciones con las compa\u00f1\u00edas de seguros, la alta competitividad de sus abogados y el amplio compromiso con los clientes al momento de defender sus derechos e intereses. Nos basamos en resultados, por lo cual, si no ganamos el caso, no cobramos honorarios.<\/p>\n\n\n\n<h2 class=\"wp-block-heading\">\u00bfQu\u00e9 servicios b\u00e1sicos relacionados con accidentes de auto en Austin manejamos en Angel Reyes &amp; Associates?<\/h2>\n\n\n\n<p>En Angel Reyes &amp; Associates contamos con un amplio cat\u00e1logo de servicios disponible seg\u00fan sus necesidades, sin embargo, a continuaci\u00f3n le presentamos algunos que podr\u00e1n serle de utilidad en caso de que haya sido v\u00edctima de un accidente de auto en Austin, Texas:<\/p>\n\n\n\n<h3 class=\"wp-block-heading\">Manejo de reclamos por accidentes automovil\u00edsticos<\/h3>\n\n\n\n<p>Gestionamos integralmente su reclamo desde el primer momento, asegur\u00e1ndonos de recopilar toda la documentaci\u00f3n necesaria y presentarla eficazmente ante las aseguradoras para interponer una demanda s\u00f3lida y obtener una compensaci\u00f3n justa.<\/p>\n\n\n\n<h3 class=\"wp-block-heading\">Representaci\u00f3n legal ante los tribunales<\/h3>\n\n\n\n<p>Si el caso requiere ser llevado ante una corte, un abogado de lesiones personales de Angel Reyes &amp; Associates lo representar\u00e1 con profesionalismo y determinaci\u00f3n, defendiendo sus derechos frente a jueces y jurados.<\/p>\n\n\n\n<h3 class=\"wp-block-heading\">Negociaci\u00f3n con compa\u00f1\u00edas de seguros<\/h3>\n\n\n\n<p>Desarrollamos estrategias efectivas para negociar con aseguradoras, buscando siempre maximizar la compensaci\u00f3n que merece, protegi\u00e9ndolo de ofertas injustas o insuficientes.<\/p>\n\n\n\n<h2 class=\"wp-block-heading\">\u00bfC\u00f3mo debe proceder si fue v\u00edctima de un accidente de auto en Austin?<\/h2>\n\n\n\n<p>A continuaci\u00f3n le daremos algunos aspectos a <a href=\"https:\/\/www.reyeslaw.com\/es\/law-glossary\/que-debo-hacer-despues-de-un-accidente-de-auto\/\">tener en cuenta en un accidente automovil\u00edstico<\/a>:<\/p>\n\n\n\n<h3 class=\"wp-block-heading\">Busque atenci\u00f3n m\u00e9dica<\/h3>\n\n\n\n<p>Garantice tu seguridad y obtenga ayuda de un profesional de la salud, incluso, si las lesiones son leves o inexistentes a simple vista.<\/p>\n\n\n\n<h3 class=\"wp-block-heading\">Informe el accidente a la polic\u00eda<\/h3>\n\n\n\n<p>Una vez las autoridades valoren el suceso, solicite un informe detallado de lo ocurrido.<\/p>\n\n\n\n<h3 class=\"wp-block-heading\">Reunir evidencias<\/h3>\n\n\n\n<p>Tome fotograf\u00edas y videos del accidente en d\u00f3nde se muestren los da\u00f1os y las lesiones visibles.<\/p>\n\n\n\n<h3 class=\"wp-block-heading\">Obtenga informaci\u00f3n de los implicados<\/h3>\n\n\n\n<p>Intercambie datos con las personas involucradas d\u00e1ndole relevancia a informaci\u00f3n de identidad como: nombres, n\u00fameros de contacto, placas del veh\u00edculo, compa\u00f1\u00eda de seguros, entre otras.<\/p>\n\n\n\n<h3 class=\"wp-block-heading\">Contacte un abogado de accidentes en Austin<\/h3>\n\n\n\n<p>La protecci\u00f3n de sus derechos es muy importante, por esta raz\u00f3n, comun\u00edquese con un abogado de accidentes, \u00e9l le guiar\u00e1 y ayudar\u00e1 a obtener la compensaci\u00f3n que merece.<\/p>\n\n\n\n<h2 class=\"wp-block-heading\">\u00bfPor qu\u00e9 elegir un abogado de Angel Reyes &amp; Associates para representar su caso de accidente de auto en Texas?<\/h2>\n\n\n\n<p>La representaci\u00f3n legal efectiva y \u00e1gil despu\u00e9s de un accidente puede marcar la diferencia entre obtener una compensaci\u00f3n justa por negligencia o asumir los costos de su recuperaci\u00f3n.&nbsp;<\/p>\n\n\n\n<p>En Angel Reyes &amp; Associates contamos con un enfoque orientado en la asesor\u00eda personalizada, por lo cual, trabajaremos estrechamente con usted, manteniendo una comunicaci\u00f3n constante para mantenerlo informado de la evoluci\u00f3n del caso. Lucharemos ferozmente por defender sus derechos y los de su familia, negociando con las compa\u00f1\u00edas de seguros o llevando su caso a la corte de ser necesario.<\/p>\n\n\n\n<p>A pesar de las dificultades que puedas enfrentar, nuestro equipo est\u00e1 aqu\u00ed para brindarte la atenci\u00f3n que necesitas. Nos especializamos en casos de accidentes y trabajamos incansablemente para asegurar que nuestros clientes reciban la compensaci\u00f3n que merecen.&nbsp;<\/p>\n\n\n\n<p>Si sufriste un accidente, no dudes en llamar al abogado que se encargar\u00e1 de tu caso y te guiar\u00e1 en cada paso. Sobre todo, nuestro compromiso es que obtengas la mejor representaci\u00f3n legal posible y que tus derechos sean defendidos con firmeza. Estamos aqu\u00ed para ayudarte a recuperar lo que es tuyo.<\/p>\n\n\n\n<h2 class=\"wp-block-heading\">Cont\u00e1ctenos y programe su consulta<\/h2>\n\n\n\n<p>En Angel Reyes &amp; Associates su primera asesor\u00eda es gratis.&nbsp; En ella valoraremos su caso para determinar las posibilidades de construir una demanda s\u00f3lida para iniciar el proceso de accidente por la negligencia de otra persona.<\/p>\n\n\n\n<p>Nuestro equipo de abogados de lesiones personales estar\u00e1 m\u00e1s que dispuesto a tomar su caso para buscar una compensaci\u00f3n justa. <a href=\"https:\/\/www.reyeslaw.com\/es\/contactenos\/\">Consulte a un especialista<\/a>.<\/p>\n","protected":false},"excerpt":{"rendered":"<p>Un accidente de auto siempre es una experiencia traum\u00e1tica que puede cambiar su vida en cuesti\u00f3n de segundos. En Austin, Texas, una ciudad vibrante y en constante crecimiento, la alta circulaci\u00f3n vehicular incrementa la posibilidad de verse involucrado en un incidente vial. En estos momentos complejos, contar con un abogado de accidentes de auto que [&hellip;]<\/p>\n","protected":false},"author":32,"featured_media":0,"parent":46174,"menu_order":0,"comment_status":"closed","ping_status":"closed","template":"austin-es.php","meta":{"_acf_changed":true,"_eb_attr":"","inline_featured_image":false,"_uag_custom_page_level_css":"","footnotes":""},"class_list":["post-46179","page","type-page","status-publish","hentry"],"acf":[],"spectra_custom_meta":{"_edit_lock":["1777389315:46"],"_wpml_word_count":["984"],"rank_math_internal_links_processed":["1"],"wpil_sync_report3":["1"],"wpil_links_inbound_internal_count":["22"],"wpil_links_inbound_internal_count_data":["eJztmd9r2zAQx\/8Vo72udez8vjBGR2EM1mx07bY+GUVSElHHCpY8J4T875OiNCRsT01XPPuebJ91p7vThy+CoxDHsJHQGn2BqAvkx1KmyY3iIk0+y+yRQNSGjYY+kNR+JpKTkVusoQ2kyFNi37odIHNjlhrCsCzLy1yshU5pecnUIhQ6pIU2MgspY5KLzAh9wcUFLYwKnbdzVtq41ygGcuzsbAMg0vrkGbV7TSDyHsudxx8Zf3VmiDouYxvLJ9vpRf2hSxOIkSYVZDT2Qcx6KchxPA09INpQU2i\/yFbNlN09M\/6767ugDyF0Wsz8h\/VkqWRP\/wa7mNJIlXmDy1TlM5pJlpicTqeSHRwFl0bl+3UREMqmycm+QyALYWjCqaFkRKEFm61vl9SJFio5FLbdBaQZm7uAds3AhXtqfMBF4BpP9glRzgVPJutkaeuQmWtwyyefKkZ98qddsH1t7VEo51IvRZ6wXFAjDly4AmxWbhu37Nhs62aPMpsdUeTMC8WLVCQnq+P9JruNV8bbt9KeP2KKmFYe0xgxRUyrj2kbMUVMq49pBzFFTKuPaRcxRUyrj2kPMUVMq49pHzFFTKuP6QAxrSOmbet6NVEzypVj9OqE2Ct7BoHI7NMdUIXZtSYgEfkrv7t\/beIYHj6f4eHguQyLxUTw8M17LWzN5p25Z+X3T+O7m9XBtLqX+vpneZd+RN7\/Oe+2hLEKvCFwhLwNXAmB1MHUWmgWyGlOF+L\/pz3CUVc9EW6SZEdnDMJeTLOLWzPrf3uYf7g+mH49xJO7+H563UbgUbNfDnccqNUT4UZp9hnjNrxn1wT4Bmk2ju3qiXCjNPuMoR7es2sCfIM0G4eD9US4UZp9xugQ79k1Ab5Bmo0jyHoi3CjNrsIMEu\/ZqNmvg3uMM8h6ItwkzY6rMIPEezZq9mvgvv0Nt2nIAQ=="],"wpil_links_outbound_internal_count":["3"],"wpil_links_outbound_internal_count_data":["eJzlVMFu2zAM\/RVDh93c2HHSZsop960bdtlRYGTGEapInigvy4p80r5iPzbKyoIEBXrooUDRU0iK75GPfgjIRj4aWS2\/yHouxffeWPXZt2jVJ+MehKz5meSdFJZTZVqxTM3EKDEEKziacbiNsSc5mez3+5uAByQL+xvtdxOkCfl1wNJ58jF4mowQRniKKaynUlwiUm0hhXERgwMesJZ1RvQj4smaX1NZ1rO0JnPlDZtmwSBujCZaFMv7TBEPPYpLNpK3UlCEOFBuYqHa82wXcz7PwulMQXbocsJIbY3+\/7YYOU003uVC2tOHDpzRKgbYbIw+A7E10YdTXy0F6I26mvtRih1GUC1EEEuQlXw85mMZUoRenYUdR0JwepsI+Qa8yMp1aItv6azFB9j1y2JF5LWBiCROq0HbYqvWB9WzIuPSoassw3oNWcb1PZi7OvlgvzXUY1A6IHOeTZGk8H4wRJ\/aLst8Af1gXHdhoVTe+XawqK66p6ch4+BfMdePhn3wYo828+c9CgNF417Hm7Pb+m72Xt15yxLuByT+KyhapB74gYMC1r6D1lPBNWSjWvM7p64ArU3Lo3HMVuOXersmnr7cxIvF8ybmsOysJ4JwmPwYsGxx7cstaAxlujWfnX\/LwZXnk6Y8CX0l5zdVU71X5894EebBkFysB2aEFA0XBi\/Sp9j5n8b+\/cMu1\/6t2vz4D4HVuEQ="],"wpil_links_outbound_external_count":["0"],"wpil_links_outbound_external_count_data":["eJxLtDKwqq4FAAZPAf4="],"wpil_sync_report2_time":["2025-04-09T14:17:29+00:00"],"rank_math_seo_score":["17"],"_edit_last":["31"],"_ez-toc-disabled":[""],"_ez-toc-insert":[""],"_ez-toc-header-label":[""],"_ez-toc-alignment":["none"],"_ez-toc-heading-levels":["a:0:{}"],"_ez-toc-alttext":[""],"_ez-toc-visibility_hide_by_default":[""],"_ez-toc-hide_counter":[""],"_ez-toc-exclude":[""],"_ez-toc-position-specific":[""],"no_featured_image":[""],"_no_featured_image":["field_634dde41800f3"],"hefo_before":["0"],"hefo_after":["0"],"_wpml_media_duplicate":["0"],"_wpml_media_featured":["0"],"_wpml_location_migration_done":["1"],"_wpml_media_has_media":["1"],"rank_math_og_content_image":["a:2:{s:5:\"check\";s:32:\"04964f3d1b4b4d4615cb75afcfe565e5\";s:6:\"images\";a:1:{i:0;i:46180;}}"],"rank_math_description":["Si tuviste un accidente de auto en Austin, estamos aqu\u00ed para ayudarte a obtener la compensaci\u00f3n adecuada. \u00a1Cont\u00e1ctanos para una consulta sin costo!"],"rank_math_title":["Abogado de Accidentes de Auto en Austin, TX | Angel Reyes &amp; Associates"],"_wpml_post_translation_editor_native":["yes"],"_wp_page_template":["austin-es.php"],"_acf_changed":["1"],"footnotes":[""],"h1":["Abogado de Accidentes de Auto en Austin"],"_h1":["field_6806152ab52ff"],"_eb_reusable_block_ids":["a:0:{}"],"_uag_css_file_name":["uag-css-46179.css"],"_uagb_previous_block_counts":["a:90:{s:21:\"uagb\/advanced-heading\";i:0;s:15:\"uagb\/blockquote\";i:0;s:12:\"uagb\/buttons\";i:0;s:18:\"uagb\/buttons-child\";i:0;s:19:\"uagb\/call-to-action\";i:0;s:15:\"uagb\/cf7-styler\";i:0;s:11:\"uagb\/column\";i:0;s:12:\"uagb\/columns\";i:0;s:14:\"uagb\/container\";i:0;s:21:\"uagb\/content-timeline\";i:0;s:27:\"uagb\/content-timeline-child\";i:0;s:14:\"uagb\/countdown\";i:0;s:12:\"uagb\/counter\";i:0;s:8:\"uagb\/faq\";i:0;s:14:\"uagb\/faq-child\";i:0;s:10:\"uagb\/forms\";i:0;s:17:\"uagb\/forms-accept\";i:0;s:19:\"uagb\/forms-checkbox\";i:0;s:15:\"uagb\/forms-date\";i:0;s:16:\"uagb\/forms-email\";i:0;s:17:\"uagb\/forms-hidden\";i:0;s:15:\"uagb\/forms-name\";i:0;s:16:\"uagb\/forms-phone\";i:0;s:16:\"uagb\/forms-radio\";i:0;s:17:\"uagb\/forms-select\";i:0;s:19:\"uagb\/forms-textarea\";i:0;s:17:\"uagb\/forms-toggle\";i:0;s:14:\"uagb\/forms-url\";i:0;s:14:\"uagb\/gf-styler\";i:0;s:15:\"uagb\/google-map\";i:0;s:11:\"uagb\/how-to\";i:0;s:16:\"uagb\/how-to-step\";i:0;s:9:\"uagb\/icon\";i:0;s:14:\"uagb\/icon-list\";i:0;s:20:\"uagb\/icon-list-child\";i:0;s:10:\"uagb\/image\";i:0;s:18:\"uagb\/image-gallery\";i:0;s:13:\"uagb\/info-box\";i:0;s:18:\"uagb\/inline-notice\";i:0;s:11:\"uagb\/lottie\";i:0;s:21:\"uagb\/marketing-button\";i:0;s:10:\"uagb\/modal\";i:0;s:18:\"uagb\/popup-builder\";i:0;s:16:\"uagb\/post-button\";i:0;s:18:\"uagb\/post-carousel\";i:0;s:17:\"uagb\/post-excerpt\";i:0;s:14:\"uagb\/post-grid\";i:0;s:15:\"uagb\/post-image\";i:0;s:17:\"uagb\/post-masonry\";i:0;s:14:\"uagb\/post-meta\";i:0;s:18:\"uagb\/post-taxonomy\";i:0;s:18:\"uagb\/post-timeline\";i:0;s:15:\"uagb\/post-title\";i:0;s:20:\"uagb\/restaurant-menu\";i:0;s:26:\"uagb\/restaurant-menu-child\";i:0;s:11:\"uagb\/review\";i:0;s:12:\"uagb\/section\";i:0;s:14:\"uagb\/separator\";i:0;s:11:\"uagb\/slider\";i:0;s:17:\"uagb\/slider-child\";i:0;s:17:\"uagb\/social-share\";i:0;s:23:\"uagb\/social-share-child\";i:0;s:16:\"uagb\/star-rating\";i:0;s:23:\"uagb\/sure-cart-checkout\";i:0;s:22:\"uagb\/sure-cart-product\";i:0;s:15:\"uagb\/sure-forms\";i:0;s:22:\"uagb\/table-of-contents\";i:0;s:9:\"uagb\/tabs\";i:0;s:15:\"uagb\/tabs-child\";i:0;s:18:\"uagb\/taxonomy-list\";i:0;s:9:\"uagb\/team\";i:0;s:16:\"uagb\/testimonial\";i:0;s:14:\"uagb\/wp-search\";i:0;s:19:\"uagb\/instagram-feed\";i:0;s:10:\"uagb\/login\";i:0;s:17:\"uagb\/loop-builder\";i:0;s:18:\"uagb\/loop-category\";i:0;s:20:\"uagb\/loop-pagination\";i:0;s:15:\"uagb\/loop-reset\";i:0;s:16:\"uagb\/loop-search\";i:0;s:14:\"uagb\/loop-sort\";i:0;s:17:\"uagb\/loop-wrapper\";i:0;s:13:\"uagb\/register\";i:0;s:19:\"uagb\/register-email\";i:0;s:24:\"uagb\/register-first-name\";i:0;s:23:\"uagb\/register-last-name\";i:0;s:22:\"uagb\/register-password\";i:0;s:30:\"uagb\/register-reenter-password\";i:0;s:19:\"uagb\/register-terms\";i:0;s:22:\"uagb\/register-username\";i:0;}"],"_elementor_page_assets":["a:0:{}"]},"uagb_featured_image_src":{"full":false,"thumbnail":false,"medium":false,"medium_large":false,"large":false,"1536x1536":false,"2048x2048":false,"dx-single-featured-sm":false,"dx-single-featured":false,"gform-image-choice-sm":false,"gform-image-choice-md":false,"gform-image-choice-lg":false},"uagb_author_info":{"display_name":"Angel Reyes","author_link":"https:\/\/www.reyeslaw.com\/es\/author\/angel-reyes\/"},"uagb_comment_info":0,"uagb_excerpt":"Un accidente de auto siempre es una experiencia traum\u00e1tica que puede cambiar su vida en cuesti\u00f3n de segundos. En Austin, Texas, una ciudad vibrante y en constante crecimiento, la alta circulaci\u00f3n vehicular incrementa la posibilidad de verse involucrado en un incidente vial. En estos momentos complejos, contar con un abogado de accidentes de auto que&hellip;","_links":{"self":[{"href":"https:\/\/www.reyeslaw.com\/es\/wp-json\/wp\/v2\/pages\/46179","targetHints":{"allow":["GET"]}}],"collection":[{"href":"https:\/\/www.reyeslaw.com\/es\/wp-json\/wp\/v2\/pages"}],"about":[{"href":"https:\/\/www.reyeslaw.com\/es\/wp-json\/wp\/v2\/types\/page"}],"author":[{"embeddable":true,"href":"https:\/\/www.reyeslaw.com\/es\/wp-json\/wp\/v2\/users\/32"}],"replies":[{"embeddable":true,"href":"https:\/\/www.reyeslaw.com\/es\/wp-json\/wp\/v2\/comments?post=46179"}],"version-history":[{"count":0,"href":"https:\/\/www.reyeslaw.com\/es\/wp-json\/wp\/v2\/pages\/46179\/revisions"}],"up":[{"embeddable":true,"href":"https:\/\/www.reyeslaw.com\/es\/wp-json\/wp\/v2\/pages\/46174"}],"wp:attachment":[{"href":"https:\/\/www.reyeslaw.com\/es\/wp-json\/wp\/v2\/media?parent=46179"}],"curies":[{"name":"wp","href":"https:\/\/api.w.org\/{rel}","templated":true}]}}