{"id":46186,"date":"2025-04-09T15:07:27","date_gmt":"2025-04-09T15:07:27","guid":{"rendered":"https:\/\/www.reyeslaw.com\/?page_id=46186"},"modified":"2025-04-21T10:36:10","modified_gmt":"2025-04-21T10:36:10","slug":"accidentes-de-autobus","status":"publish","type":"page","link":"https:\/\/www.reyeslaw.com\/es\/austin\/accidentes-de-autobus\/","title":{"rendered":"Abogado de Accidentes de Autob\u00fas en Austin"},"content":{"rendered":"\n<p>El autob\u00fas es uno de los <a href=\"https:\/\/www.census.gov\/content\/dam\/Census\/library\/publications\/2021\/acs\/acs-48.pdf\" target=\"_blank\" rel=\"noopener\">medios de transporte m\u00e1s comunes<\/a> en la mayor\u00eda de ciudades de los Estados Unidos, por lo cual, es usual verlos circular por las carreteras y centros urbanos. Debido a su cotidianidad, las personas tienden a menospreciar el hecho de que es un veh\u00edculo de grandes dimensiones que tiene el mismo, o incluso m\u00e1s, riesgo que tiene un autom\u00f3vil de verse involucrado en un accidente.<\/p>\n\n\n\n<p>Los accidentes de autob\u00fas pueden ser particularmente traum\u00e1ticos debido a varios factores relacionados con las dimensiones y dise\u00f1o del veh\u00edculo, la cantidad de personas involucradas y a la gravedad de las lesiones que se pueden generar.&nbsp;<\/p>\n\n\n\n<p>En Texas la aplicaci\u00f3n de las leyes puede ser compleja, por lo cual, es de vital importancia contar con el apoyo de un <a href=\"https:\/\/www.reyeslaw.com\/es\/austin\/\">abogado de lesiones personales en Austin<\/a> experimentado y sagaz despu\u00e9s de sufrir un accidente de autob\u00fas para garantizar la protecci\u00f3n de sus derechos y obtener la compensaci\u00f3n adecuada.<\/p>\n\n\n\n<figure class=\"wp-block-image size-full\"><img fetchpriority=\"high\" decoding=\"async\" width=\"1000\" height=\"667\" src=\"https:\/\/www.reyeslaw.com\/wp-content\/uploads\/2025\/04\/bus-accident.jpg\" alt=\"Photo of a Bus Accident\" class=\"wp-image-46187\" title=\"Bus Accident\" srcset=\"https:\/\/www.reyeslaw.com\/wp-content\/uploads\/2025\/04\/bus-accident.jpg 1000w, https:\/\/www.reyeslaw.com\/wp-content\/uploads\/2025\/04\/bus-accident-300x200.jpg 300w, https:\/\/www.reyeslaw.com\/wp-content\/uploads\/2025\/04\/bus-accident-768x512.jpg 768w\" sizes=\"(max-width: 1000px) 100vw, 1000px\" \/><\/figure>\n\n\n\n<h2 class=\"wp-block-heading\">Obtenga representaci\u00f3n legal despu\u00e9s de un accidente de autob\u00fas en Texas<\/h2>\n\n\n\n<p>Despu\u00e9s de un accidente de autob\u00fas, las v\u00edctimas pueden enfrentar retos significativos, incluyendo lesiones f\u00edsicas graves, <a href=\"https:\/\/www.reyeslaw.com\/es\/law-glossary\/que-califica-como-dolor-y-sufrimiento-en-casos-de-lesiones-personales\/\">estr\u00e9s emocional<\/a> y cargas financieras elevadas. Contar con un abogado de lesiones personales no solo facilita el proceso legal, sino que tambi\u00e9n aumenta considerablemente sus posibilidades de recibir una compensaci\u00f3n justa.<\/p>\n\n\n\n<p>En <a href=\"https:\/\/www.reyeslaw.com\/es\/sobre-nosotros\/\">Angel Reyes &amp; Associates<\/a> nos encargaremos de proteger sus intereses y de manejar negociaciones dif\u00edciles con compa\u00f1\u00edas de seguros y de transporte. Perm\u00edtanos ocuparnos de todos los aspectos legales mientras usted se enfoca en su recuperaci\u00f3n.<\/p>\n\n\n\n<h2 class=\"wp-block-heading\">\u00bfC\u00f3mo abordaremos su proceso de reclamaci\u00f3n por un accidente de autob\u00fas en Austin?<\/h2>\n\n\n\n<p>Cuando recibimos casos de accidentes de autob\u00fas hacemos una <a href=\"https:\/\/www.reyeslaw.com\/es\/law-glossary\/cuanto-tiempo-lleva-el-descubrimiento-en-un-caso-de-lesiones-personales\/\">evaluaci\u00f3n exhaustiva del incidente<\/a> junto a sus implicaciones y caracter\u00edsticas, este proceso se lleva a cabo en la primera consulta gratuita.<\/p>\n\n\n\n<p>Posteriormente, su abogado recopilar\u00e1 evidencias como informes policiales, testimonios de testigos, videos de seguridad y datos del veh\u00edculo implicado. Teniendo esta informaci\u00f3n clara, se presentar\u00e1 formalmente el reclamo ante la aseguradora y se iniciar\u00e1 una negociaci\u00f3n para obtener una compensaci\u00f3n justa.&nbsp;<\/p>\n\n\n\n<p>En caso de que las negociaciones no lleguen a un acuerdo favorable, el abogado proceder\u00e1 con la presentaci\u00f3n de una demanda formal, llevando el caso ante los tribunales en busca de justicia.<\/p>\n\n\n\n<h3 class=\"wp-block-heading\">\u00bfQu\u00e9 pasa si la compa\u00f1\u00eda de seguros niega una compensaci\u00f3n justa?<\/h3>\n\n\n\n<p>Si las negociaciones no llegan a un acuerdo favorable para nuestros clientes, es posible que un abogado de accidentes de autob\u00fas tenga que proceder con la presentaci\u00f3n de una demanda formal, llevando el caso <a href=\"https:\/\/www.reyeslaw.com\/es\/law-glossary\/que-porcentaje-de-casos-de-lesiones-personales-van-a-juicio\/\">ante los tribunales<\/a> en busca de justicia. En situaciones donde las partes negligentes, como un conductor sin seguro, son responsables del accidente, es fundamental contar con un abogado experimentado que proteja sus derechos.&nbsp;<\/p>\n\n\n\n<p>Nuestros abogados de lesiones personales est\u00e1n comprometidos en ayudar a nuestros clientes a obtener la compensaci\u00f3n que se merecen. Ya sea que se encuentre en el hospital, en su hogar, o cerca de su lugar de trabajo, nuestros abogados est\u00e1n disponibles para ofrecerle una consulta gratuita.&nbsp;<\/p>\n\n\n\n<p>Si tiene preocupaciones o preguntas sobre el proceso, no dude en llamarnos o enviarnos un correo electr\u00f3nico. Nuestro equipo est\u00e1 dedicado a trabajar incansablemente en su caso, luchando por su bienestar econ\u00f3mico y su derecho a la justicia.<\/p>\n\n\n\n<h2 class=\"wp-block-heading\">\u00bfQu\u00e9 roles espec\u00edficos cumplen nuestros abogados de accidentes de autob\u00fas en Austin durante el proceso de su caso?<\/h2>\n\n\n\n<h3 class=\"wp-block-heading\">Investigaci\u00f3n profunda<\/h3>\n\n\n\n<p>Reunir\u00e1 evidencias cr\u00edticas para determinar claramente la responsabilidad del accidente.<\/p>\n\n\n\n<h3 class=\"wp-block-heading\">Representaci\u00f3n efectiva<\/h3>\n\n\n\n<p>Ser\u00e1 el intermediario entre usted y las compa\u00f1\u00edas aseguradoras y de transporte, defendiendo sus derechos e intereses constantemente.<\/p>\n\n\n\n<h3 class=\"wp-block-heading\">Evaluaci\u00f3n precisa de da\u00f1os<\/h3>\n\n\n\n<p>Le ayudar\u00e1 a determinar el <a href=\"https:\/\/www.reyeslaw.com\/es\/law-glossary\/que-danos-puedo-recuperar-en-una-demanda-por-lesiones-personales\/\">valor real y completo de las compensaciones<\/a> a las que tiene derecho.<\/p>\n\n\n\n<h3 class=\"wp-block-heading\">Gesti\u00f3n de conflictos<\/h3>\n\n\n\n<p>De ser necesario, defender\u00e1 activamente sus derechos ante los tribunales.<\/p>\n\n\n\n<h2 class=\"wp-block-heading\">Descubra c\u00f3mo actuar si sufri\u00f3 un accidente de autob\u00fas en Texas<\/h2>\n\n\n\n<p>En Angel Reyes &amp; Associates nos importa su seguridad y bienestar, por esta raz\u00f3n, le damos algunas indicaciones b\u00e1sicas que deber\u00e1 seguir para proteger sus derechos en caso de sufrir un accidente de autob\u00fas en Austin:<\/p>\n\n\n\n<h3 class=\"wp-block-heading\">1. Su seguridad es primero\u00a0<\/h3>\n\n\n\n<p>Busque atenci\u00f3n m\u00e9dica inmediata, incluso si no percibe lesiones superficiales.<\/p>\n\n\n\n<h3 class=\"wp-block-heading\">2. Informe a la polic\u00eda<\/h3>\n\n\n\n<p>Cont\u00e1ctese con las autoridades e informe el incidente. Solicite un informe policial detallado del accidente, esto ser\u00e1 crucial al momento de preparar el caso.<\/p>\n\n\n\n<h3 class=\"wp-block-heading\">3. Registre pruebas visibles<\/h3>\n\n\n\n<p>Tome fotograf\u00edas, videos y testimonios del accidente en los que se puedan evidenciar los da\u00f1os, las lesiones y las circunstancias en las que se di\u00f3 el hecho.<\/p>\n\n\n\n<h3 class=\"wp-block-heading\">4. Recopile informaci\u00f3n<\/h3>\n\n\n\n<p>Los datos del conductor, su n\u00famero de licencia, las placas del autob\u00fas, la compa\u00f1\u00eda a la que pertenece y los datos de contacto de los dem\u00e1s pasajeros podr\u00e1n ser de ayuda.<\/p>\n\n\n\n<h3 class=\"wp-block-heading\">5. Cont\u00e1ctese con un abogado de Angel Reyes &amp; Associates<\/h3>\n\n\n\n<p>Nuestra firma legal cuenta con todas las herramientas necesarias para representarlo efectivamente. Tenemos atenci\u00f3n 24\/7. No dude en llamarnos.<\/p>\n\n\n\n<h2 class=\"wp-block-heading\">\u00bfPor qu\u00e9 Angel Reyes &amp; Associates es su mejor opci\u00f3n para representar su caso de accidente de autob\u00fas en Texas?<\/h2>\n\n\n\n<p>En Angel Reyes &amp; Associates comprendemos las dificultades emocionales y financieras que atraviesan las v\u00edctimas de accidentes de autob\u00fas. Nuestra firma se distingue por brindar una asesor\u00eda personalizada, cercana y eficiente. Lo acompa\u00f1aremos paso a paso en todo el proceso legal y lucharemos por hacer cumplir sus derechos.&nbsp;<\/p>\n\n\n\n<p>Nuestro compromiso es obtener la compensaci\u00f3n que merece. Estamos preparados para las fuertes negociaciones que pueden darse con las compa\u00f1\u00edas de seguros o para representarlo ante un juicio.<\/p>\n\n\n\n<p>Recuerde que nuestro trabajo est\u00e1 basado en resultados, por lo que si no ganamos su caso no tendr\u00e1 que pagarnos honorarios. Descubra c\u00f3mo <a href=\"https:\/\/www.reyeslaw.com\/es\/contactenos\/\">acceder a orientaci\u00f3n legal.<\/a><\/p>\n","protected":false},"excerpt":{"rendered":"<p>El autob\u00fas es uno de los medios de transporte m\u00e1s comunes en la mayor\u00eda de ciudades de los Estados Unidos, por lo cual, es usual verlos circular por las carreteras y centros urbanos. Debido a su cotidianidad, las personas tienden a menospreciar el hecho de que es un veh\u00edculo de grandes dimensiones que tiene el [&hellip;]<\/p>\n","protected":false},"author":32,"featured_media":0,"parent":46174,"menu_order":0,"comment_status":"closed","ping_status":"closed","template":"austin-es.php","meta":{"_acf_changed":true,"_eb_attr":"","inline_featured_image":false,"_uag_custom_page_level_css":"","footnotes":""},"class_list":["post-46186","page","type-page","status-publish","hentry"],"acf":[],"spectra_custom_meta":{"_edit_lock":["1745231776:31"],"_wpml_word_count":["1048"],"rank_math_internal_links_processed":["1"],"wpil_sync_report3":["1"],"wpil_links_inbound_internal_count":["1"],"wpil_links_inbound_internal_count_data":["eJxlUsFuIjEM\/ZUq93YYCm3X\/MJu21uPkUkMWA3JaOzRFCF+rNf9sU0mFIH2Fjt+z+89GaGFI8Ns9QbtEsxHx8H+SZ6C\/c3x00D7CEeBZzAhl5a9WZVhgUcwQx9Mfi3z5061E2iacRwfejqQBBwfXNo3JA0OohwbdI49RSW593SPg6b1IE0hWGR8Ei3Pdg7mGl96L2A4w\/qIed0a2oroJsR\/ot9LG9pFEZ25qt7FU\/u8KErBKGsgs3qtJHroyFzzCTyBEUUdpA5lby7l7VFrvaxByIVCwrCtRUa6wO7n72XiZOUUa6MoTf0WIzurPW427C5A8qypP8+1YNBt7M3eX2D2pGg9KpoVwgyOpxoXixVK9mLsNBFidLtCmFOYF7qf7O883U3Z\/\/0WcxaF3pO364PtsheOJeRZNRCSw2rgNonMOjtfxLhj6ai3ridUupxHMZGVlVVl7LqdvbtPjturYyrtffJDIHszPT8vmRZ\/ae2fTv8AehrhYw=="],"wpil_links_outbound_internal_count":["2"],"wpil_links_outbound_internal_count_data":["eJzlUrGO2zAM\/RVDQ7ee7cR3l9JT9ru26NJRkCXGEU6RDFOGGwT591JWGiQo0KHDAUU3kX58fI9+ClZwslC1X6B+BPF9sE6+BoNOvlj\/JqBew4ngGYTjUloj2gQmWIOYRifSi8f2MQ4EZTnP88OIRySn5gcdDiVSqSaK1pcJ2jAyUEzPegXiFpl6GxDWRxy9YuIO6jwxLBO\/yfua2lA3SR5zZWXNU\/3c8BhDo40ORfs5k8TjgOKWj+AJBEUVJ8ogtqgDb\/cx14\/ZMl0pyE19LnhSO6t\/fdssnDba4HMjKQ1jr7zVMo5qt7P6OojGxjBecDUIpXfybu8nEAeMShoVlWgVVHA653NZkoRBXo2dF0Ll9T4RssaKqy70yoTCYOGQWBFSMeBIgW\/KT\/TFdvkd4iJTGYNGdkc5sLvU7pa\/y5Zc0Cpbur8NX7u6pGHeW2JyqUdUEa\/RSLZYq5piSLDbNl9Dv1nf3wQptQ\/BTA7lHXp1WbIs\/hFz\/2w5FX+d1Gb956RS6Eb86AOFOAZ6p8RWm+q\/TeyKhWx9j674lg5bfFCHoS22REFbThT9qyk9\/wROT7oE"],"wpil_links_outbound_external_count":["1"],"wpil_links_outbound_external_count_data":["eJxVUEtuwyAUvIrFvsE4aRu9LLvtZ9klwkAdFAyIB3WjKIfpWXqxguO26QLpzWg0M4wABicD7e4F2C2Q12Asf\/JKW\/5o3IEAW8MJ4R6ILZAbRXZVjLAGkqMl5dp2QPYpBQRKp2laSe0w42rw71R6l7RLVImRPsw0taaPIh5pyL01UiTjHdKu7RgVEuu72WxXQb1V500x9pjqyVogf8ZzLBBT3KMTpUU\/dyr6MOufC7gDIpzc+1jF61J31Mp4bJRuUhQOg49JN+PXJzbSj9lpnHPKBkIprXh\/5MHmwbgf9xJo\/aVxVZZJlu9V1LXLQtPeYNCRy6hF0r9zMVbqIhc5+Sq7pksbeTBuuBq30qNX2Wr+T90tIXPwR7rw5\/M3K3CWIg=="],"wpil_sync_report2_time":["2025-04-21T10:36:11+00:00"],"rank_math_seo_score":["23"],"rank_math_title":["Abogado de Accidentes de Autob\u00fas en Austin, TX | Angel Reyes &amp; Associates"],"rank_math_description":["Si fuiste v\u00edctima de un accidente de autob\u00fas en Austin, te ofrecemos asesor\u00eda legal para obtener la compensaci\u00f3n que mereces. \u00a1Cont\u00e1ctanos hoy!"],"_edit_last":["31"],"_ez-toc-disabled":[""],"_ez-toc-insert":[""],"_ez-toc-header-label":[""],"_ez-toc-alignment":["none"],"_ez-toc-heading-levels":["a:0:{}"],"_ez-toc-alttext":[""],"_ez-toc-visibility_hide_by_default":[""],"_ez-toc-hide_counter":[""],"_ez-toc-exclude":[""],"_ez-toc-position-specific":[""],"no_featured_image":[""],"hefo_before":["0"],"hefo_after":["0"],"_wpml_media_has_media":["1"],"_wpml_media_duplicate":["0"],"_wpml_media_featured":["0"],"_wpml_location_migration_done":["1"],"rank_math_og_content_image":["a:2:{s:5:\"check\";s:32:\"3130325992a68a4118bf7f2c443ae009\";s:6:\"images\";a:1:{i:0;i:46187;}}"],"_wpml_post_translation_editor_native":["yes"],"_no_featured_image":["field_634ddb97a906f"],"_last_translation_edit_mode":["native-editor"],"_wp_page_template":["austin-es.php"],"_acf_changed":["1"],"footnotes":[""],"h1":["Abogado de Accidentes de Autob\u00fas en Austin"],"_h1":["field_66ad09c11fbbe"],"rank_math_robots":["a:1:{i:0;s:5:\"index\";}"],"_eb_reusable_block_ids":["a:0:{}"],"_uag_css_file_name":["uag-css-46186.css"],"_uagb_previous_block_counts":["a:90:{s:21:\"uagb\/advanced-heading\";i:0;s:15:\"uagb\/blockquote\";i:0;s:12:\"uagb\/buttons\";i:0;s:18:\"uagb\/buttons-child\";i:0;s:19:\"uagb\/call-to-action\";i:0;s:15:\"uagb\/cf7-styler\";i:0;s:11:\"uagb\/column\";i:0;s:12:\"uagb\/columns\";i:0;s:14:\"uagb\/container\";i:0;s:21:\"uagb\/content-timeline\";i:0;s:27:\"uagb\/content-timeline-child\";i:0;s:14:\"uagb\/countdown\";i:0;s:12:\"uagb\/counter\";i:0;s:8:\"uagb\/faq\";i:0;s:14:\"uagb\/faq-child\";i:0;s:10:\"uagb\/forms\";i:0;s:17:\"uagb\/forms-accept\";i:0;s:19:\"uagb\/forms-checkbox\";i:0;s:15:\"uagb\/forms-date\";i:0;s:16:\"uagb\/forms-email\";i:0;s:17:\"uagb\/forms-hidden\";i:0;s:15:\"uagb\/forms-name\";i:0;s:16:\"uagb\/forms-phone\";i:0;s:16:\"uagb\/forms-radio\";i:0;s:17:\"uagb\/forms-select\";i:0;s:19:\"uagb\/forms-textarea\";i:0;s:17:\"uagb\/forms-toggle\";i:0;s:14:\"uagb\/forms-url\";i:0;s:14:\"uagb\/gf-styler\";i:0;s:15:\"uagb\/google-map\";i:0;s:11:\"uagb\/how-to\";i:0;s:16:\"uagb\/how-to-step\";i:0;s:9:\"uagb\/icon\";i:0;s:14:\"uagb\/icon-list\";i:0;s:20:\"uagb\/icon-list-child\";i:0;s:10:\"uagb\/image\";i:0;s:18:\"uagb\/image-gallery\";i:0;s:13:\"uagb\/info-box\";i:0;s:18:\"uagb\/inline-notice\";i:0;s:11:\"uagb\/lottie\";i:0;s:21:\"uagb\/marketing-button\";i:0;s:10:\"uagb\/modal\";i:0;s:18:\"uagb\/popup-builder\";i:0;s:16:\"uagb\/post-button\";i:0;s:18:\"uagb\/post-carousel\";i:0;s:17:\"uagb\/post-excerpt\";i:0;s:14:\"uagb\/post-grid\";i:0;s:15:\"uagb\/post-image\";i:0;s:17:\"uagb\/post-masonry\";i:0;s:14:\"uagb\/post-meta\";i:0;s:18:\"uagb\/post-taxonomy\";i:0;s:18:\"uagb\/post-timeline\";i:0;s:15:\"uagb\/post-title\";i:0;s:20:\"uagb\/restaurant-menu\";i:0;s:26:\"uagb\/restaurant-menu-child\";i:0;s:11:\"uagb\/review\";i:0;s:12:\"uagb\/section\";i:0;s:14:\"uagb\/separator\";i:0;s:11:\"uagb\/slider\";i:0;s:17:\"uagb\/slider-child\";i:0;s:17:\"uagb\/social-share\";i:0;s:23:\"uagb\/social-share-child\";i:0;s:16:\"uagb\/star-rating\";i:0;s:23:\"uagb\/sure-cart-checkout\";i:0;s:22:\"uagb\/sure-cart-product\";i:0;s:15:\"uagb\/sure-forms\";i:0;s:22:\"uagb\/table-of-contents\";i:0;s:9:\"uagb\/tabs\";i:0;s:15:\"uagb\/tabs-child\";i:0;s:18:\"uagb\/taxonomy-list\";i:0;s:9:\"uagb\/team\";i:0;s:16:\"uagb\/testimonial\";i:0;s:14:\"uagb\/wp-search\";i:0;s:19:\"uagb\/instagram-feed\";i:0;s:10:\"uagb\/login\";i:0;s:17:\"uagb\/loop-builder\";i:0;s:18:\"uagb\/loop-category\";i:0;s:20:\"uagb\/loop-pagination\";i:0;s:15:\"uagb\/loop-reset\";i:0;s:16:\"uagb\/loop-search\";i:0;s:14:\"uagb\/loop-sort\";i:0;s:17:\"uagb\/loop-wrapper\";i:0;s:13:\"uagb\/register\";i:0;s:19:\"uagb\/register-email\";i:0;s:24:\"uagb\/register-first-name\";i:0;s:23:\"uagb\/register-last-name\";i:0;s:22:\"uagb\/register-password\";i:0;s:30:\"uagb\/register-reenter-password\";i:0;s:19:\"uagb\/register-terms\";i:0;s:22:\"uagb\/register-username\";i:0;}"],"_elementor_page_assets":["a:0:{}"],"_uag_page_assets":["a:9:{s:3:\"css\";s:260:\".uag-blocks-common-selector{z-index:var(--z-index-desktop) !important}@media(max-width: 976px){.uag-blocks-common-selector{z-index:var(--z-index-tablet) !important}}@media(max-width: 767px){.uag-blocks-common-selector{z-index:var(--z-index-mobile) !important}}\";s:2:\"js\";s:0:\"\";s:18:\"current_block_list\";a:9:{i:0;s:14:\"core\/paragraph\";i:1;s:10:\"core\/image\";i:2;s:12:\"core\/heading\";i:3;s:11:\"core\/search\";i:4;s:10:\"core\/group\";i:5;s:17:\"core\/latest-posts\";i:6;s:20:\"core\/latest-comments\";i:7;s:13:\"core\/archives\";i:8;s:15:\"core\/categories\";}s:8:\"uag_flag\";b:0;s:11:\"uag_version\";s:10:\"1777675050\";s:6:\"gfonts\";a:0:{}s:10:\"gfonts_url\";s:0:\"\";s:12:\"gfonts_files\";a:0:{}s:14:\"uag_faq_layout\";b:0;}"]},"uagb_featured_image_src":{"full":false,"thumbnail":false,"medium":false,"medium_large":false,"large":false,"1536x1536":false,"2048x2048":false,"dx-single-featured-sm":false,"dx-single-featured":false,"gform-image-choice-sm":false,"gform-image-choice-md":false,"gform-image-choice-lg":false},"uagb_author_info":{"display_name":"Angel Reyes","author_link":"https:\/\/www.reyeslaw.com\/es\/author\/angel-reyes\/"},"uagb_comment_info":0,"uagb_excerpt":"El autob\u00fas es uno de los medios de transporte m\u00e1s comunes en la mayor\u00eda de ciudades de los Estados Unidos, por lo cual, es usual verlos circular por las carreteras y centros urbanos. Debido a su cotidianidad, las personas tienden a menospreciar el hecho de que es un veh\u00edculo de grandes dimensiones que tiene el&hellip;","_links":{"self":[{"href":"https:\/\/www.reyeslaw.com\/es\/wp-json\/wp\/v2\/pages\/46186","targetHints":{"allow":["GET"]}}],"collection":[{"href":"https:\/\/www.reyeslaw.com\/es\/wp-json\/wp\/v2\/pages"}],"about":[{"href":"https:\/\/www.reyeslaw.com\/es\/wp-json\/wp\/v2\/types\/page"}],"author":[{"embeddable":true,"href":"https:\/\/www.reyeslaw.com\/es\/wp-json\/wp\/v2\/users\/32"}],"replies":[{"embeddable":true,"href":"https:\/\/www.reyeslaw.com\/es\/wp-json\/wp\/v2\/comments?post=46186"}],"version-history":[{"count":0,"href":"https:\/\/www.reyeslaw.com\/es\/wp-json\/wp\/v2\/pages\/46186\/revisions"}],"up":[{"embeddable":true,"href":"https:\/\/www.reyeslaw.com\/es\/wp-json\/wp\/v2\/pages\/46174"}],"wp:attachment":[{"href":"https:\/\/www.reyeslaw.com\/es\/wp-json\/wp\/v2\/media?parent=46186"}],"curies":[{"name":"wp","href":"https:\/\/api.w.org\/{rel}","templated":true}]}}