{"id":46528,"date":"2025-05-08T19:15:05","date_gmt":"2025-05-08T19:15:05","guid":{"rendered":"https:\/\/www.reyeslaw.com\/?page_id=46528"},"modified":"2025-05-08T19:15:07","modified_gmt":"2025-05-08T19:15:07","slug":"muerte-injusta","status":"publish","type":"page","link":"https:\/\/www.reyeslaw.com\/es\/dallas\/muerte-injusta\/","title":{"rendered":"Abogado de Muerte Injusta en Dallas"},"content":{"rendered":"\n<p>La falta de precauci\u00f3n y la omisi\u00f3n de algunas medidas de seguridad o protocolos son algunos causantes de muerte injusta en el estado de Texas. La muerte en general puede ser un suceso que conlleva fuertes consecuencias a la familia del fallecido, sin embargo, los da\u00f1os pueden incrementarse si se trata de una muerte por negligencia de un tercero.<\/p>\n\n\n\n<p>En estos casos, usted cuenta con unos derechos que debe conocer y que podr\u00e1 reclamar con la ayuda de un abogado de muerte injusta en Dallas. En Angel Reyes &amp; Associates nos preocupamos por su bienestar. A continuaci\u00f3n, le indicaremos c\u00f3mo proceder legalmente ante un acontecimiento de esta clase.<\/p>\n\n\n\n<figure class=\"wp-block-image size-large\"><img fetchpriority=\"high\" decoding=\"async\" width=\"1024\" height=\"384\" src=\"https:\/\/www.reyeslaw.com\/wp-content\/uploads\/2023\/04\/Average-Settlement-for-Wrongful-Death-1024x384.png\" alt=\"Dos pares de manos que se abrazan despu\u00e9s de una muerte injusta en la familia.\" class=\"wp-image-41766\" title=\"Muerte Injusta\" srcset=\"https:\/\/www.reyeslaw.com\/wp-content\/uploads\/2023\/04\/Average-Settlement-for-Wrongful-Death-1024x384.png 1024w, https:\/\/www.reyeslaw.com\/wp-content\/uploads\/2023\/04\/Average-Settlement-for-Wrongful-Death-300x113.png 300w, https:\/\/www.reyeslaw.com\/wp-content\/uploads\/2023\/04\/Average-Settlement-for-Wrongful-Death-768x288.png 768w, https:\/\/www.reyeslaw.com\/wp-content\/uploads\/2023\/04\/Average-Settlement-for-Wrongful-Death-1536x576.png 1536w, https:\/\/www.reyeslaw.com\/wp-content\/uploads\/2023\/04\/Average-Settlement-for-Wrongful-Death.png 1620w\" sizes=\"(max-width: 1024px) 100vw, 1024px\" \/><\/figure>\n\n\n\n<h2 class=\"wp-block-heading\">\u00bfCu\u00e1l es el papel de un abogado en un caso de muerte por negligencia?<\/h2>\n\n\n\n<p>En Texas, cuando alguien pierde la vida a causa de la negligencia de un tercero, como en casos de homicidio culposo, las consecuencias no solo afectan la vida del difunto, sino que tambi\u00e9n tienen un impacto devastador en los familiares cercanos. Esta situaci\u00f3n puede generar gastos inesperados y desaf\u00edos emocionales que se multiplican si la responsabilidad recae sobre un equipo o compa\u00f1\u00eda que no cumpli\u00f3 con las tareas adecuadas para garantizar la seguridad.<\/p>\n\n\n\n<p>En estos casos, un abogado de muerte injusta se convierte en una figura esencial para obtener justicia y asegurar una indemnizaci\u00f3n justa, permitiendo a los seres queridos del fallecido enfrentar la situaci\u00f3n con el respaldo necesario. Si <a href=\"https:\/\/www.reyeslaw.com\/es\/responsabilidad-establecimiento\/accidentes-de-trabajo-en-sitio-muerte-injusta\/\">la muerte ocurre en el \u00e1mbito de trabajo<\/a> o en la propiedad de alguien, las leyes de TX pueden ofrecer un acuerdo para hacer responsable al demandado.<\/p>\n\n\n\n<p>La experiencia de un abogado especializado puede ser crucial para alcanzar la reparaci\u00f3n adecuada, ya que se encargar\u00e1 de asegurar que los clientes obtengan la compensaci\u00f3n que merecen, brindando un apoyo crucial en el proceso legal.<\/p>\n\n\n\n<h2 class=\"wp-block-heading\">\u00bfQu\u00e9 se entiende como muerte injusta en Dallas?<\/h2>\n\n\n\n<p><a href=\"https:\/\/statutes.capitol.texas.gov\/Docs\/CP\/htm\/CP.71.htm\" target=\"_blank\" rel=\"noreferrer noopener\">El estado de Texas entiende<\/a> la muerte por negligencia como aquella que ocurre cuando una persona fallece debido a la acci\u00f3n u omisi\u00f3n imprudente o intencional de otra persona. Las causas pueden estar relacionadas con accidentes de tr\u00e1fico, negligencia m\u00e9dica, accidentes en el trabajo o situaciones de mal cuidado a personas vulnerables.<\/p>\n\n\n\n<h2 class=\"wp-block-heading\">Implicaciones legales de una muerte injusta en el estado de Texas<\/h2>\n\n\n\n<p><a href=\"https:\/\/statutes.capitol.texas.gov\/Docs\/CP\/htm\/CP.71.htm\" target=\"_blank\" rel=\"noreferrer noopener\">Seg\u00fan la ley estatal<\/a>, si un ser querido ha sido v\u00edctima de una muerte por negligencia en Dallas, usted puede presentar una demanda. En Angel Reyes &amp; Associates le damos algunas consideraciones que debe tener en cuenta para llevar un reclamo exitoso.<\/p>\n\n\n\n<h3 class=\"wp-block-heading\">1. \u00bfQui\u00e9n puede demandar?<\/h3>\n\n\n\n<p>La demanda puede ser presentada por la familia m\u00e1s cercana de la v\u00edctima, como: el c\u00f3nyuge, los hijos o los padres. Si estas personas no presentan la demanda despu\u00e9s de los primeros tres meses tras el suceso, el representante legal del patrimonio podr\u00e1 hacerlo.<\/p>\n\n\n\n<h3 class=\"wp-block-heading\">2. Compensaci\u00f3n econ\u00f3mica<\/h3>\n\n\n\n<p>Puede presentar un reclamo por: gastos m\u00e9dicos y funerarios, p\u00e9rdida de ingresos o ingresos no percibidos, da\u00f1o emocional y p\u00e9rdida de compa\u00f1\u00eda.<\/p>\n\n\n\n<h3 class=\"wp-block-heading\">3. Da\u00f1os punitivos<\/h3>\n\n\n\n<p>Se pueden dar en casos de negligencia grave o de intencionalidad por parte del responsable.<\/p>\n\n\n\n<h3 class=\"wp-block-heading\">4. Plazo para demandar<\/h3>\n\n\n\n<p>El l\u00edmite de tiempo para presentar la demanda es de <a href=\"https:\/\/statutes.capitol.texas.gov\/Docs\/CP\/htm\/CP.16.htm\" target=\"_blank\" rel=\"noreferrer noopener\">2 a\u00f1os despu\u00e9s del accidente<\/a>.<\/p>\n\n\n\n<h3 class=\"wp-block-heading\">5. Ley de Culpa Comparativa Modificada<\/h3>\n\n\n\n<p>Texas sigue la regla de <a href=\"https:\/\/statutes.capitol.texas.gov\/Docs\/CP\/htm\/CP.33.htm\" target=\"_blank\" rel=\"noreferrer noopener\">culpa comparativa modificada<\/a>. Esto significa que si se determina que tiene el 51% o m\u00e1s de la culpa en un accidente, no puede presentar ninguna compensaci\u00f3n. Por otro lado, si tiene parte de la culpa, pero es menor al 50%, sus da\u00f1os ser\u00e1n reducidos en proporci\u00f3n a su porcentaje de culpa.<\/p>\n\n\n\n<h2 class=\"wp-block-heading\">\u00bfC\u00f3mo debe proceder en caso de sufrir una muerte por negligencia?<\/h2>\n\n\n\n<h3 class=\"wp-block-heading\">1. Busque asesor\u00eda legal con un abogado de lesiones personales<\/h3>\n\n\n\n<p>Es esencial recibir un asesoramiento legal de su caso antes de iniciar cualquier acci\u00f3n debido a la complejidad y rigurosidad de las leyes de Texas. En Angel Reyes &amp; Associates nos especializamos en casos de lesiones personales enfocados en accidentes de autos y camiones. Le garantizamos un acompa\u00f1amiento capacitado, comprometido y totalmente dispuesto a defender sus derechos e intereses.<\/p>\n\n\n\n<h3 class=\"wp-block-heading\">2. Defina qui\u00e9n presentar\u00e1 la demanda por muerte injusta<\/h3>\n\n\n\n<p>Seg\u00fan las leyes estatales, la reclamaci\u00f3n puede ser presentada por el c\u00f3nyuge, los hijos o los padres de la v\u00edctima. Pasados 3 meses del accidente, esta podr\u00e1 ser impuesta por el representante legal del patrimonio.<\/p>\n\n\n\n<h3 class=\"wp-block-heading\">3. Recopilaci\u00f3n de evidencia<\/h3>\n\n\n\n<p>Para presentar una reclamaci\u00f3n exitosa deber\u00e1 reunir: registros m\u00e9dicos, informes policiales, testimonios de testigos y evidencias fotogr\u00e1ficas y de video. Nuestros abogados de muerte por negligencia le ayudar\u00e1n al acopio de toda esta informaci\u00f3n.<\/p>\n\n\n\n<h3 class=\"wp-block-heading\">4. Presentaci\u00f3n de la demanda<\/h3>\n\n\n\n<p>Con ayuda de su abogado especializado, presente la reclamaci\u00f3n formalmente. Nuestros profesionales en Angel Reyes &amp; Associates, lo guiar\u00e1n en todo el caso legal, d\u00e1ndole atenci\u00f3n personalizada, una comunicaci\u00f3n clara y un acompa\u00f1amiento compasivo en todo el proceso.<\/p>\n\n\n\n<figure class=\"wp-block-image size-large\"><img decoding=\"async\" width=\"1024\" height=\"425\" src=\"https:\/\/www.reyeslaw.com\/wp-content\/uploads\/2023\/04\/RBR-Partners-Sitting-1024x425.webp\" alt=\"Partners Photo\" class=\"wp-image-41903\" title=\"Partners\" srcset=\"https:\/\/www.reyeslaw.com\/wp-content\/uploads\/2023\/04\/RBR-Partners-Sitting-1024x425.webp 1024w, https:\/\/www.reyeslaw.com\/wp-content\/uploads\/2023\/04\/RBR-Partners-Sitting-300x125.webp 300w, https:\/\/www.reyeslaw.com\/wp-content\/uploads\/2023\/04\/RBR-Partners-Sitting-768x319.webp 768w, https:\/\/www.reyeslaw.com\/wp-content\/uploads\/2023\/04\/RBR-Partners-Sitting.webp 1142w\" sizes=\"(max-width: 1024px) 100vw, 1024px\" \/><\/figure>\n\n\n\n<h2 class=\"wp-block-heading\">Obtenga ayuda de Angel Reyes &amp; Associates en casos de muerte por negligencia en Dallas<\/h2>\n\n\n\n<p>En Angel Reyes &amp; Associates comprendemos lo dif\u00edcil que es el fallecimiento de un ser querido a causa de la negligencia de otra persona o entidad y tenemos presente que en estos casos lo \u00faltimo en lo que se quiere incurrir es en presentar una demanda por muerte injusta.<\/p>\n\n\n\n<p>Como firma legal le damos el p\u00e9same por su p\u00e9rdida y le aseguramos el acompa\u00f1amiento personalizado de nuestros <a href=\"https:\/\/www.reyeslaw.com\/es\/dallas-abogados-de-lesion-personal\/\">abogados de lesiones personales en Dallas<\/a> que se enfocar\u00e1 en que usted comprenda los procesos que se est\u00e1n llevando a cabo, obtenga las pruebas necesarias para presentar una demanda exitosa y lleve una negociaci\u00f3n efectiva para conseguir una compensaci\u00f3n justa.<br>Cada caso de lesiones personales es diferente y requerir\u00e1 de una perspectiva \u00fanica para poder tener \u00e9xito. Conozca <a href=\"https:\/\/www.reyeslaw.com\/es\/sobre-nosotros\/\">sobre \u00c1ngel Reyes &amp; Asociados.<\/a> Al contratar un abogado experto en muerte injusta, usted se asegurar\u00e1 de que su caso tendr\u00e1 su d\u00eda en la corte y contar\u00e1 con las mejores posibilidades de \u00e9xito. <a href=\"https:\/\/www.reyeslaw.com\/es\/contactenos\/\">Descubre tus opciones legales.<\/a><\/p>\n","protected":false},"excerpt":{"rendered":"<p>La falta de precauci\u00f3n y la omisi\u00f3n de algunas medidas de seguridad o protocolos son algunos causantes de muerte injusta en el estado de Texas. La muerte en general puede ser un suceso que conlleva fuertes consecuencias a la familia del fallecido, sin embargo, los da\u00f1os pueden incrementarse si se trata de una muerte por [&hellip;]<\/p>\n","protected":false},"author":32,"featured_media":0,"parent":1930,"menu_order":0,"comment_status":"closed","ping_status":"closed","template":"dallas-es.php","meta":{"_acf_changed":false,"_eb_attr":"","inline_featured_image":false,"_uag_custom_page_level_css":"","footnotes":""},"class_list":["post-46528","page","type-page","status-publish","hentry"],"acf":[],"spectra_custom_meta":{"_edit_lock":["1746732021:31"],"_wpml_word_count":["1023"],"rank_math_internal_links_processed":["1"],"wpil_sync_report3":["1"],"wpil_links_inbound_internal_count":["0"],"wpil_links_inbound_internal_count_data":["eJxLtDKwqq4FAAZPAf4="],"wpil_links_outbound_internal_count":["3"],"wpil_links_outbound_internal_count_data":["eJzlVE2L2zAQ\/StGh96c2El2m1VOhR77RS89mrE0SbQrS0Yjk4Ylh\/6U\/pb9Yx1ZSUhYaGELhaU3aTQzb96bh0DO5aOR1eqzrG+k+NYb23z0Gm3zwbgHIWt+JvlWCsvXxmixSsnEVWIIVvCprm6l2MbYk5xOd7vdJOAeycJuonw3RZoGpN47gtZYo0GXSBFai8p0Bl30U1DKaD4hlRrLGKCFe1+iK8lE48tuwBCxNO5+4MJpglwwoKc4os+kuARMsaUUhtsFBzxgK+tc0Y8Vz2h+SWFZLxJN7pUZ1nfzJVdxZjTRolh9yj3ivkdx2Y4kk+ex4kA5iZVSnsFdzPebrBydW5AdNvnClcoadXpbjj0TZZcDaVAfNuCMaliV9dqocyFqE3045tVSgFo3V7h3UnQYodEQQaxAVvLxkNUy1BD65kzsMDYEp7apIc\/I7SwUWfbCqyEELNAVaIunn13LuIXG4rgmcZwTtEbdtPumZ3rGJdmrzMl6BZnTtTisdnV01W5rqMfQqIAQ8WyxxIuHhSH6lHYZZnT1YNzmwpAp3Hk9WGyusmdHkBH4e8zxA6\/45Y6\/nf\/e8BqsBSqh9RvQfnS1RWINSmZJnm35ty4+uuB6aSe8tJ6Mh1ScEPnIO3w\/TvZ6lzZ7+dIWf1ga+TZg6Tz5GDz9m29mUS2rxf\/6z8wZdhS9ePrhNvy7fE36Fm+g61fFO\/LKJDNPXqtZD78AdOlqGw=="],"wpil_links_outbound_external_count":["4"],"wpil_links_outbound_external_count_data":["eJzdU8tOwzAQ\/BXLH5A0SR\/IPQI3XhJIHK2tbRKrrm3FTmlV9YM4cuXaH2OdFlQOHKlUTl6vZmd3Z7TAhmyj2WB6z4oRo89eG37rpDL8Rts5ZUXFNoFNGDX45VrSaQIHVjHatYZiNBoz2sToA8vzECF2UYVMgNfRmSyqFYSsdsv8yomQXz7kTVzgk02KDKNUP8RyF2IKS6T6nSIhLhjVNqrWAvae9ZNgve\/r7\/CDBGBF49qeDse+NkQhpXREKvKUqIiyUSsrVYKknUFKJflszb3pam2\/eLGVcQKidjYhkUs4bG33kw4Oirw2OnjVctEqiOpbnqLAQQOHDjdIOh6lYwtirm19JGZKL5zsjOI\/0OWhSd94Fff5rWbFv3QLRXhU9e7DEgPEqHVvXARzvj6Vp\/apGP+9TxVKWhLYvbuANxV8t3tLgSEghJao+xkfVnVqw6rqBIeFaNEZD0S4hYcWlV8CQVn0ixYg4Vzt2n4CZNo5HQ=="],"wpil_sync_report2_time":["2025-05-08T19:15:08+00:00"],"rank_math_seo_score":["24"],"_wp_page_template":["dallas-es.php"],"_edit_last":["31"],"_ez-toc-disabled":[""],"_ez-toc-insert":[""],"_ez-toc-header-label":[""],"_ez-toc-alignment":["none"],"_ez-toc-heading-levels":["a:0:{}"],"_ez-toc-alttext":[""],"_ez-toc-visibility_hide_by_default":[""],"_ez-toc-hide_counter":[""],"_ez-toc-exclude":[""],"_ez-toc-position-specific":[""],"hefo_before":["0"],"hefo_after":["0"],"_wpml_media_duplicate":["1"],"_wpml_media_featured":["1"],"_wpml_location_migration_done":["1"],"h1":["Abogado de Muerte Injusta en Dallas"],"_h1":["field_6806152ab52ff"],"footnotes":[""],"_wpml_media_has_media":["1"],"rank_math_og_content_image":["a:2:{s:5:\"check\";s:32:\"b61771af9e68b19d43b5afdb2682636c\";s:6:\"images\";a:1:{i:0;i:41765;}}"],"rank_math_title":["Abogado de Muerte Injusta en Dallas, TX | Angel Reyes &amp; Associates"],"rank_math_description":["Asesor\u00eda legal en Dallas para casos de muerte por negligencia. Obt\u00e9n la compensaci\u00f3n que tu familia merece. \u00a1Cont\u00e1ctanos hoy!"],"_eb_reusable_block_ids":["a:0:{}"],"_uag_css_file_name":["uag-css-46528.css"],"_uagb_previous_block_counts":["a:90:{s:21:\"uagb\/advanced-heading\";i:0;s:15:\"uagb\/blockquote\";i:0;s:12:\"uagb\/buttons\";i:0;s:18:\"uagb\/buttons-child\";i:0;s:19:\"uagb\/call-to-action\";i:0;s:15:\"uagb\/cf7-styler\";i:0;s:11:\"uagb\/column\";i:0;s:12:\"uagb\/columns\";i:0;s:14:\"uagb\/container\";i:0;s:21:\"uagb\/content-timeline\";i:0;s:27:\"uagb\/content-timeline-child\";i:0;s:14:\"uagb\/countdown\";i:0;s:12:\"uagb\/counter\";i:0;s:8:\"uagb\/faq\";i:0;s:14:\"uagb\/faq-child\";i:0;s:10:\"uagb\/forms\";i:0;s:17:\"uagb\/forms-accept\";i:0;s:19:\"uagb\/forms-checkbox\";i:0;s:15:\"uagb\/forms-date\";i:0;s:16:\"uagb\/forms-email\";i:0;s:17:\"uagb\/forms-hidden\";i:0;s:15:\"uagb\/forms-name\";i:0;s:16:\"uagb\/forms-phone\";i:0;s:16:\"uagb\/forms-radio\";i:0;s:17:\"uagb\/forms-select\";i:0;s:19:\"uagb\/forms-textarea\";i:0;s:17:\"uagb\/forms-toggle\";i:0;s:14:\"uagb\/forms-url\";i:0;s:14:\"uagb\/gf-styler\";i:0;s:15:\"uagb\/google-map\";i:0;s:11:\"uagb\/how-to\";i:0;s:16:\"uagb\/how-to-step\";i:0;s:9:\"uagb\/icon\";i:0;s:14:\"uagb\/icon-list\";i:0;s:20:\"uagb\/icon-list-child\";i:0;s:10:\"uagb\/image\";i:0;s:18:\"uagb\/image-gallery\";i:0;s:13:\"uagb\/info-box\";i:0;s:18:\"uagb\/inline-notice\";i:0;s:11:\"uagb\/lottie\";i:0;s:21:\"uagb\/marketing-button\";i:0;s:10:\"uagb\/modal\";i:0;s:18:\"uagb\/popup-builder\";i:0;s:16:\"uagb\/post-button\";i:0;s:18:\"uagb\/post-carousel\";i:0;s:17:\"uagb\/post-excerpt\";i:0;s:14:\"uagb\/post-grid\";i:0;s:15:\"uagb\/post-image\";i:0;s:17:\"uagb\/post-masonry\";i:0;s:14:\"uagb\/post-meta\";i:0;s:18:\"uagb\/post-taxonomy\";i:0;s:18:\"uagb\/post-timeline\";i:0;s:15:\"uagb\/post-title\";i:0;s:20:\"uagb\/restaurant-menu\";i:0;s:26:\"uagb\/restaurant-menu-child\";i:0;s:11:\"uagb\/review\";i:0;s:12:\"uagb\/section\";i:0;s:14:\"uagb\/separator\";i:0;s:11:\"uagb\/slider\";i:0;s:17:\"uagb\/slider-child\";i:0;s:17:\"uagb\/social-share\";i:0;s:23:\"uagb\/social-share-child\";i:0;s:16:\"uagb\/star-rating\";i:0;s:23:\"uagb\/sure-cart-checkout\";i:0;s:22:\"uagb\/sure-cart-product\";i:0;s:15:\"uagb\/sure-forms\";i:0;s:22:\"uagb\/table-of-contents\";i:0;s:9:\"uagb\/tabs\";i:0;s:15:\"uagb\/tabs-child\";i:0;s:18:\"uagb\/taxonomy-list\";i:0;s:9:\"uagb\/team\";i:0;s:16:\"uagb\/testimonial\";i:0;s:14:\"uagb\/wp-search\";i:0;s:19:\"uagb\/instagram-feed\";i:0;s:10:\"uagb\/login\";i:0;s:17:\"uagb\/loop-builder\";i:0;s:18:\"uagb\/loop-category\";i:0;s:20:\"uagb\/loop-pagination\";i:0;s:15:\"uagb\/loop-reset\";i:0;s:16:\"uagb\/loop-search\";i:0;s:14:\"uagb\/loop-sort\";i:0;s:17:\"uagb\/loop-wrapper\";i:0;s:13:\"uagb\/register\";i:0;s:19:\"uagb\/register-email\";i:0;s:24:\"uagb\/register-first-name\";i:0;s:23:\"uagb\/register-last-name\";i:0;s:22:\"uagb\/register-password\";i:0;s:30:\"uagb\/register-reenter-password\";i:0;s:19:\"uagb\/register-terms\";i:0;s:22:\"uagb\/register-username\";i:0;}"],"_elementor_page_assets":["a:0:{}"],"_uag_page_assets":["a:9:{s:3:\"css\";s:263:\".uag-blocks-common-selector{z-index:var(--z-index-desktop) !important}@media (max-width: 976px){.uag-blocks-common-selector{z-index:var(--z-index-tablet) !important}}@media (max-width: 767px){.uag-blocks-common-selector{z-index:var(--z-index-mobile) !important}}\n\";s:2:\"js\";s:0:\"\";s:18:\"current_block_list\";a:9:{i:0;s:14:\"core\/paragraph\";i:1;s:10:\"core\/image\";i:2;s:12:\"core\/heading\";i:3;s:11:\"core\/search\";i:4;s:10:\"core\/group\";i:5;s:17:\"core\/latest-posts\";i:6;s:20:\"core\/latest-comments\";i:7;s:13:\"core\/archives\";i:8;s:15:\"core\/categories\";}s:8:\"uag_flag\";b:0;s:11:\"uag_version\";s:10:\"1776724687\";s:6:\"gfonts\";a:0:{}s:10:\"gfonts_url\";s:0:\"\";s:12:\"gfonts_files\";a:0:{}s:14:\"uag_faq_layout\";b:0;}"]},"uagb_featured_image_src":{"full":false,"thumbnail":false,"medium":false,"medium_large":false,"large":false,"1536x1536":false,"2048x2048":false,"dx-single-featured-sm":false,"dx-single-featured":false,"gform-image-choice-sm":false,"gform-image-choice-md":false,"gform-image-choice-lg":false},"uagb_author_info":{"display_name":"Angel Reyes","author_link":"https:\/\/www.reyeslaw.com\/es\/author\/angel-reyes\/"},"uagb_comment_info":0,"uagb_excerpt":"La falta de precauci\u00f3n y la omisi\u00f3n de algunas medidas de seguridad o protocolos son algunos causantes de muerte injusta en el estado de Texas. La muerte en general puede ser un suceso que conlleva fuertes consecuencias a la familia del fallecido, sin embargo, los da\u00f1os pueden incrementarse si se trata de una muerte por&hellip;","_links":{"self":[{"href":"https:\/\/www.reyeslaw.com\/es\/wp-json\/wp\/v2\/pages\/46528","targetHints":{"allow":["GET"]}}],"collection":[{"href":"https:\/\/www.reyeslaw.com\/es\/wp-json\/wp\/v2\/pages"}],"about":[{"href":"https:\/\/www.reyeslaw.com\/es\/wp-json\/wp\/v2\/types\/page"}],"author":[{"embeddable":true,"href":"https:\/\/www.reyeslaw.com\/es\/wp-json\/wp\/v2\/users\/32"}],"replies":[{"embeddable":true,"href":"https:\/\/www.reyeslaw.com\/es\/wp-json\/wp\/v2\/comments?post=46528"}],"version-history":[{"count":0,"href":"https:\/\/www.reyeslaw.com\/es\/wp-json\/wp\/v2\/pages\/46528\/revisions"}],"up":[{"embeddable":true,"href":"https:\/\/www.reyeslaw.com\/es\/wp-json\/wp\/v2\/pages\/1930"}],"wp:attachment":[{"href":"https:\/\/www.reyeslaw.com\/es\/wp-json\/wp\/v2\/media?parent=46528"}],"curies":[{"name":"wp","href":"https:\/\/api.w.org\/{rel}","templated":true}]}}