{"id":46532,"date":"2025-05-08T19:15:56","date_gmt":"2025-05-08T19:15:56","guid":{"rendered":"https:\/\/www.reyeslaw.com\/?page_id=46532"},"modified":"2025-05-08T19:15:58","modified_gmt":"2025-05-08T19:15:58","slug":"accidentes-de-peatones","status":"publish","type":"page","link":"https:\/\/www.reyeslaw.com\/es\/dallas\/accidentes-de-peatones\/","title":{"rendered":"Abogado de Accidentes de Peatones en Dallas"},"content":{"rendered":"\n<p>Los peatones son de lejos la poblaci\u00f3n m\u00e1s vulnerable a accidentes fatales, ya que, no cuentan con ning\u00fan tipo de protecci\u00f3n, ocasionando que cualquier choque con un veh\u00edculo, sin importar el tipo, pueda causar lesiones graves. Seg\u00fan el <a href=\"https:\/\/www.txdot.gov\/es\/about\/newsroom\/statewide\/pedestrians-bicyclists-most-vulnerable-on-texas-roads.html?utm\" target=\"_blank\" rel=\"noreferrer noopener\">North Central Texas Council of Governments (NCTCOG<\/a>), en 2023 se registraron 914 muertes de peatones y ciclistas en accidentes de tr\u00e1fico en Texas.<\/p>\n\n\n\n<p>Caminar es una actividad cotidiana, por lo cual, no debe minimizar ni omitir los riesgos inminentes a los que se puede someter cuando la realiza. En <a href=\"https:\/\/www.reyeslaw.com\/es\/sobre-nosotros\/\">Angel Reyes &amp; Associates<\/a> nos importa su seguridad y la protecci\u00f3n de sus derechos, por esto, ponemos a su disposici\u00f3n nuestro equipo de abogados especializados en lesiones personales, quienes velar\u00e1n y luchar\u00e1n porque se haga justicia a su favor.<\/p>\n\n\n\n<figure class=\"wp-block-image size-large\"><img fetchpriority=\"high\" decoding=\"async\" width=\"1024\" height=\"771\" src=\"https:\/\/www.reyeslaw.com\/wp-content\/uploads\/2024\/11\/u2529466157_pedestrian_accdent_-chaos_10_-ar_43_-style_raw_009fbd77-c902-4133-9426-9105cbde2fb9_0-1024x771.png\" alt=\"Se\u00f1al peatonal amarilla en un sem\u00e1foro.\" class=\"wp-image-45121\" title=\"se\u00f1al peatonal amarilla\" srcset=\"https:\/\/www.reyeslaw.com\/wp-content\/uploads\/2024\/11\/u2529466157_pedestrian_accdent_-chaos_10_-ar_43_-style_raw_009fbd77-c902-4133-9426-9105cbde2fb9_0-1024x771.png 1024w, https:\/\/www.reyeslaw.com\/wp-content\/uploads\/2024\/11\/u2529466157_pedestrian_accdent_-chaos_10_-ar_43_-style_raw_009fbd77-c902-4133-9426-9105cbde2fb9_0-300x226.png 300w, https:\/\/www.reyeslaw.com\/wp-content\/uploads\/2024\/11\/u2529466157_pedestrian_accdent_-chaos_10_-ar_43_-style_raw_009fbd77-c902-4133-9426-9105cbde2fb9_0-768x578.png 768w, https:\/\/www.reyeslaw.com\/wp-content\/uploads\/2024\/11\/u2529466157_pedestrian_accdent_-chaos_10_-ar_43_-style_raw_009fbd77-c902-4133-9426-9105cbde2fb9_0.png 1232w\" sizes=\"(max-width: 1024px) 100vw, 1024px\" \/><\/figure>\n\n\n\n<h2 class=\"wp-block-heading\">\u00bfCu\u00e1l es el papel de un abogado en un caso de accidente de peatones?<\/h2>\n\n\n\n<p>Entendemos que ser v\u00edctima de un accidente como peat\u00f3n puede ser una experiencia devastadora, tanto f\u00edsica como emocionalmente. Los da\u00f1os no solo incluyen las lesiones f\u00edsicas, que pueden afectar su capacidad de caminar o realizar actividades cotidianas, sino que tambi\u00e9n conllevan consecuencias financieras significativas, como facturas m\u00e9dicas y p\u00e9rdidas de ingresos.<\/p>\n\n\n\n<p>Sabemos que obtener justicia es esencial para comenzar el proceso de recuperaci\u00f3n. Nuestro equipo de abogados especializados en accidentes de peatones se compromete a luchar por sus derechos y asegurarse de que los conductores responsables sean considerados responsables de sus actos.<\/p>\n\n\n\n<p>Nos encargamos de todo el proceso legal, desde las negociaciones iniciales hasta llegar a un acuerdo, siempre buscando la m\u00e1xima compensaci\u00f3n por sus p\u00e9rdidas. Con la experiencia de nuestros abogados, puede sentirse seguro de que su caso est\u00e1 en manos expertas, mientras usted se concentra en sanar.<\/p>\n\n\n\n<h2 class=\"wp-block-heading\">Conozca a Angel Reyes &amp; Associates y su enfoque en casos de lesiones personales<\/h2>\n\n\n\n<p>Por m\u00e1s de 30 a\u00f1os, nuestra <a href=\"https:\/\/www.reyeslaw.com\/es\/dallas-abogados-de-lesion-personal\/\">firma de abogados de reclamos por lesiones en Dallas<\/a> se ha distinguido como el bufete preeminente en casos de lesiones personales en Texas. Poner nuestros usuarios primero y luchar para maximizar la recuperaci\u00f3n de clientes es lo que nos separa de las dem\u00e1s firmas de lesiones personales. \u00a1A nosotros nos gustan nuestros clientes y nos encanta luchar por ellos!<\/p>\n\n\n\n<p>En nuestra firma nos enfocamos en la representaci\u00f3n de demandantes en reclamaciones por accidentes automovil\u00edsticos, reclamos de lesiones personales y demandas de muertes injustas en cualquier lugar. Nuestro bufete est\u00e1 preparado para representarlo 24\/7 y nos basamos en los resultados, por lo cual, no cobramos honorarios si no ganamos el caso.<\/p>\n\n\n\n<p>En Dallas y otras ciudades de Texas, hemos demostrado a lo largo de los a\u00f1os un historial de \u00e9xito que nos respalda en cada caso que tomamos. Sabemos que las v\u00edctimas de accidentes y lesiones personales enfrentan no solo desaf\u00edos f\u00edsicos, como lesiones en la columna vertebral o m\u00e9dula espinal, sino tambi\u00e9n una carga financiera significativa debido a facturas m\u00e9dicas y otros gastos.<\/p>\n\n\n\n<p>Despu\u00e9s de un accidente, muchas personas se sienten abrumadas, pero nuestro equipo est\u00e1 aqu\u00ed para ofrecer ayuda en todo momento. Tenemos experiencia en representar a clientes frente al tribunal, luchamos contra las compa\u00f1\u00edas de seguros y otras partes responsables para asegurar que obtengan la indemnizaci\u00f3n que merecen.<\/p>\n\n\n\n<p>Ya sea por un accidente de tr\u00e1fico o por causas de muerte injusta, estamos listos para brindarles la ayuda necesaria para que puedan enfocarse en su recuperaci\u00f3n mientras nosotros nos encargamos de luchar por sus derechos.<\/p>\n\n\n\n<h2 class=\"wp-block-heading\">Implicaciones legales de un accidente de peatones en Dallas<\/h2>\n\n\n\n<p>Las demandas por accidentes peatonales en Dallas pueden variar dependiendo de las circunstancias y consecuencias que causaron el accidente, sin embargo, a continuaci\u00f3n le presentamos algunas opciones que debe tener en cuenta al momento de presentar una reclamaci\u00f3n:<\/p>\n\n\n\n<h3 class=\"wp-block-heading\">Demanda por negligencia<\/h3>\n\n\n\n<p>Los peatones pueden demandar a un conductor responsable de un accidente en Dallas si hubo alg\u00fan acto de negligencia de su parte, como: irrespeto a las normas y se\u00f1ales de tr\u00e1nsito, exceso de velocidad, conducci\u00f3n distra\u00edda, <a href=\"https:\/\/www.reyeslaw.com\/es\/law-glossary\/hay-muchos-casos-de-lesiones-personales-de-automoviles-en-texas-causados-por-intoxicacion\/\">conducci\u00f3n en estado de intoxicaci\u00f3n<\/a>, entre otras.<\/p>\n\n\n\n<h3 class=\"wp-block-heading\">Indemnizaci\u00f3n<\/h3>\n\n\n\n<p>Usted puede reclamar por <a href=\"https:\/\/www.reyeslaw.com\/es\/law-glossary\/como-calcular-los-danos-en-casos-de-lesiones-personales\/\">costos generados a partir del accidente<\/a> como: gastos m\u00e9dicos, salarios perdidos, ingresos futuros no percibidos, da\u00f1o emocional y f\u00edsico y da\u00f1o a art\u00edculos afectados en el accidente.<\/p>\n\n\n\n<h3 class=\"wp-block-heading\">Plazo para presentar una demanda por accidente de peatones<\/h3>\n\n\n\n<p><a href=\"https:\/\/statutes.capitol.texas.gov\/docs\/cp\/htm\/cp.16.htm?utm\" target=\"_blank\" rel=\"noreferrer noopener\">La ley de Texas<\/a> estipula que se puede pedir una compensaci\u00f3n hasta 2 a\u00f1os despu\u00e9s del accidente, una vez vencido este plazo, perder\u00e1 el derecho de presentar una acci\u00f3n legal.<\/p>\n\n\n\n<h3 class=\"wp-block-heading\">Ley de culpa comparativa modificada<\/h3>\n\n\n\n<p><a href=\"https:\/\/statutes.capitol.texas.gov\/Docs\/CP\/htm\/CP.33.htm\" target=\"_blank\" rel=\"noreferrer noopener\">Seg\u00fan la ley de Texas<\/a>, si el peat\u00f3n es parcialmente responsable (menos del 51% de culpa), la indemnizaci\u00f3n se reduce proporcionalmente, sin embargo, si su responsabilidad alcanza o supera el 51%, pierde el derecho a compensaci\u00f3n.<\/p>\n\n\n\n<h2 class=\"wp-block-heading\">Leyes estatales que regulan los accidentes de peatones en Dallas<\/h2>\n\n\n\n<p>A continuaci\u00f3n le presentamos algunas leyes y derechos que debe tener en cuenta de caminar a lo largo del estado de Texas:<\/p>\n\n\n\n<h3 class=\"wp-block-heading\">Derecho de paso<\/h3>\n\n\n\n<p><a href=\"https:\/\/statutes.capitol.texas.gov\/docs\/tn\/htm\/tn.552.htm?utm\" target=\"_blank\" rel=\"noreferrer noopener\">Seg\u00fan la ley estatal<\/a>, en los cruces y espacios se\u00f1alizados, los veh\u00edculos tienen el deber de ceder el paso a los peatones.<\/p>\n\n\n\n<h3 class=\"wp-block-heading\">Prohibici\u00f3n de adelantamiento<\/h3>\n\n\n\n<p>Los veh\u00edculos motorizados <a href=\"https:\/\/www.austintexas.gov\/sites\/default\/files\/files\/Transportation\/Ped_Safety_and_the_Law_Austin.pdf?utm\" target=\"_blank\" rel=\"noreferrer noopener\">tienen prohibido<\/a> adelantar a otros autom\u00f3viles detenidos en pasos peatonales.<\/p>\n\n\n\n<h3 class=\"wp-block-heading\">Uso obligatorio de aceras<\/h3>\n\n\n\n<p>El peat\u00f3n <a href=\"https:\/\/statutes.capitol.texas.gov\/Docs\/TN\/htm\/TN.552.htm#552.006\" target=\"_blank\" rel=\"noreferrer noopener\">debe utilizar las aceras<\/a> disponibles. En caso de que no haya, deber\u00e1 caminar en sentido contrario al tr\u00e1fico.<\/p>\n\n\n\n<h3 class=\"wp-block-heading\">Luces y ropa visible<\/h3>\n\n\n\n<p>A pesar de no ser algo impuesto por la ley, es altamente recomendable utilizar ropa visible o reflectante, sobre todo, durante la noche.<\/p>\n\n\n\n<h2 class=\"wp-block-heading\">\u00bfQu\u00e9 hacer si fue v\u00edctima de un accidente peatonal en Dallas?<\/h2>\n\n\n\n<h3 class=\"wp-block-heading\">Busque atenci\u00f3n m\u00e9dica inmediata<\/h3>\n\n\n\n<p>Su seguridad e integridad siempre es lo m\u00e1s importante.<\/p>\n\n\n\n<h3 class=\"wp-block-heading\">Llame a la polic\u00eda y reporta el incidente<\/h3>\n\n\n\n<p>Recuerde solicitar un informe policial de lo ocurrido, ser\u00e1 crucial en la construcci\u00f3n del caso.<\/p>\n\n\n\n<h3 class=\"wp-block-heading\">Recopile evidencia<\/h3>\n\n\n\n<p>Tome fotos y videos de la escena, datos del veh\u00edculo implicado y testigos.<\/p>\n\n\n\n<h3 class=\"wp-block-heading\">Contacte a un abogado de accidentes de peatones en Dallas<\/h3>\n\n\n\n<p>Un abogado de lesiones personales lo guiar\u00e1 en la construcci\u00f3n del caso y no permitir\u00e1 que sus derechos sean vulnerados.<\/p>\n\n\n\n<figure class=\"wp-block-image size-large\"><img decoding=\"async\" width=\"1024\" height=\"425\" src=\"https:\/\/www.reyeslaw.com\/wp-content\/uploads\/2023\/04\/RBR-Partners-Sitting-1024x425.webp\" alt=\"Partners Photo\" class=\"wp-image-41903\" title=\"Partners\" srcset=\"https:\/\/www.reyeslaw.com\/wp-content\/uploads\/2023\/04\/RBR-Partners-Sitting-1024x425.webp 1024w, https:\/\/www.reyeslaw.com\/wp-content\/uploads\/2023\/04\/RBR-Partners-Sitting-300x125.webp 300w, https:\/\/www.reyeslaw.com\/wp-content\/uploads\/2023\/04\/RBR-Partners-Sitting-768x319.webp 768w, https:\/\/www.reyeslaw.com\/wp-content\/uploads\/2023\/04\/RBR-Partners-Sitting.webp 1142w\" sizes=\"(max-width: 1024px) 100vw, 1024px\" \/><\/figure>\n\n\n\n<h2 class=\"wp-block-heading\">Cont\u00e1ctese con Angel Reyes &amp; Associates y agende su primera asesor\u00eda gratuita<\/h2>\n\n\n\n<p>En Angel Reyes &amp; Associates contamos con abogados especializados en casos de accidentes de peatones en Texas. Ellos lo ayudar\u00e1n a conseguir una reclamaci\u00f3n justa por el incidente. Nuestros abogados analizar\u00e1n su caso, le ayudar\u00e1n a recopilar pruebas y llevar\u00e1n la negociaci\u00f3n o juicio brind\u00e1ndole un acompa\u00f1amiento personalizado.<\/p>\n\n\n\n<p>Al contratar un abogado experto en accidentes de peatones, usted se asegurar\u00e1 de tener las mejores posibilidades de \u00e9xito. <a href=\"https:\/\/www.reyeslaw.com\/es\/contactenos\/\">No enfrente esto solo, ll\u00e1menos.<\/a><\/p>\n","protected":false},"excerpt":{"rendered":"<p>Los peatones son de lejos la poblaci\u00f3n m\u00e1s vulnerable a accidentes fatales, ya que, no cuentan con ning\u00fan tipo de protecci\u00f3n, ocasionando que cualquier choque con un veh\u00edculo, sin importar el tipo, pueda causar lesiones graves. Seg\u00fan el North Central Texas Council of Governments (NCTCOG), en 2023 se registraron 914 muertes de peatones y ciclistas [&hellip;]<\/p>\n","protected":false},"author":32,"featured_media":0,"parent":1930,"menu_order":0,"comment_status":"closed","ping_status":"closed","template":"dallas-es.php","meta":{"_acf_changed":true,"_eb_attr":"","inline_featured_image":false,"_uag_custom_page_level_css":"","footnotes":""},"class_list":["post-46532","page","type-page","status-publish","hentry"],"acf":[],"spectra_custom_meta":{"_edit_lock":["1746731935:31"],"_wpml_word_count":["1172"],"rank_math_internal_links_processed":["1"],"wpil_sync_report3":["1"],"wpil_links_inbound_internal_count":["0"],"wpil_links_inbound_internal_count_data":["eJxLtDKwqq4FAAZPAf4="],"wpil_links_outbound_internal_count":["4"],"wpil_links_outbound_internal_count_data":["eJzlVUtu2zAQvYrARXeKJctObHoVoMv+0E2Xwpgcy0QoUuBQdYzAp+oRerEOJcdxECBFUyBAkN1wNL8375ECOZN3Rharr7KcS\/GjM7b+7DXa+pNxN0KWlbwjeSWF5WNttFilYJKVFH2wgq0Zm9sYO5KTyW63uwi4R7Kwu1C+nSBNyK8D5s6Tj8HTZEjhDE8xmeVUivOM5FtIYVzE4IAbrGU5ZnRDxpMxvyW3LGdpTK41TjgrFsWM0zg0mmhRrL6MReK+Q3Fej+SlFBQh9jQGMVTlubuL43k+QqdTCbJ9Mx44U1mj7r8thpomGu9GR5rUhwacUXUMsNkYdUpEbaIPx7hSClCb+lHfpRQtRqg1RBArkIW8O4zrMlQT+voE7DAUBKe2qSBvgQe5dg3a7HtabPYB2m6VXRN5ZSAiieNooDXqer2vO0ZkXFp1McKwXsEI4\/E+uHZxVMJua6jDUKuAXPMkiwSF54M++hR27uYNqBvjmjMRJXfrdW+xfhQ9PTYZGt\/G0X8wrIQXq\/TyLyrVYC1QDmvfgPaUa8wtEu8gZ5TkWYr\/q9wj8Q88zbnAxoQWMo3ZfeNkB1QWWrY7H7JxCqYRXfZxGPLt8jd9OX9lVT5PIJt5Yz0RhP1kC\/u87XnRlCugczqRToTi4E5QW\/\/TpCO6nOeFlNTTIANmIGdG\/a1RoDj9lZ6vqlhU7\/X5qhYDBN0rZX7\/ckn3yAi1T1fjgQv+9HYvQvXyi7C8+od7wD7PYraqtxBymy4C8J84Cf25e\/FqKr9avluVLxMEivzKN+gwDG8\/ZB2EaAIr3WbA+tfcCd+qzA9\/ADxVaQI="],"wpil_links_outbound_external_count":["6"],"wpil_links_outbound_external_count_data":["eJzdlktv2zAMx7+K4V12iV+pvU09DEMG9JKlBRqgR0O2mFioIhkSHTcr+sV23RcbpT7WDh3QBzogu1iiRIjU\/weK5qxil5Jlh8csL1l81ktVfzMCVD2X+jxm+ZRdOvaBxYrMWor40Ds7NmXxYFVMszwvWNwh9o6l6TiOCV4Ig8nabFNwKW\/MgKmG0VljNqlDjjBKAWkPAhxaybWbNLLdtUo6dJONcTjZDkqD5Y2CidEThAvuJtZw4ZION+rzgBsf+IDCkreffmLxXVRvf2Sx1AhWc0qxCQmTdx+8F2RULOa67Yz1zmXG4oWx2EUz0Gi5ipY+YjQzg26liswqOjJbOmxD2y56v5gtZ8dH4eqkGBcCRN3s6l4Na6lvw1EGyrQcpdHekwRsDWWkQ7pFdqPn2EnXg61bC6TLnbh5Tvm7mg9ovNv9ZcqvPZd6fQ+FX94YMSioH3gXN0FC4Au8Xr+SLH856yr7jdqjHBBc0vJeUqJJ4BS4C9O6tO1TokVDklee2yPYCuLw92OeDdJfas4jBbtIwDXE\/aVUvJxSWT2J0ldPaXYSKM1OkunUU3pbQgXd9hTWP3\/oSP0voKavKKf86eWEOoBCnZRl8W\/qqcj\/pAX+dK72F9bBK\/pcVj3sc3xw6MW8xeQkyZ4KWPFBYbqSiqzr79JSl+upxQRN0hMS7ZSvAHc116LGDuo5H+sv4bykF6tH0Aa5HwZ8\/vtIFkrQoKPemk42Upj9RVm+ou7Kpz+Qy0Wou+Xitu7e+THLqjeuPdoS0EA0oFTyO7dUgi7iLf0W7e1befULw7p2dw=="],"wpil_sync_report2_time":["2025-05-08T19:15:58+00:00"],"rank_math_seo_score":["25"],"_wp_page_template":["dallas-es.php"],"_acf_changed":["1"],"footnotes":[""],"_edit_last":["31"],"_ez-toc-disabled":[""],"_ez-toc-insert":[""],"_ez-toc-header-label":[""],"_ez-toc-alignment":["none"],"_ez-toc-heading-levels":["a:0:{}"],"_ez-toc-alttext":[""],"_ez-toc-visibility_hide_by_default":[""],"_ez-toc-hide_counter":[""],"_ez-toc-exclude":[""],"_ez-toc-position-specific":[""],"h1":["Abogado de Accidentes de Peatones en Dallas"],"_h1":["field_6806152ab52ff"],"hefo_before":["0"],"hefo_after":["0"],"_wpml_media_has_media":["1"],"_wpml_media_duplicate":["1"],"_wpml_media_featured":["1"],"_wpml_location_migration_done":["1"],"rank_math_og_content_image":["a:2:{s:5:\"check\";s:32:\"d4407b8c2250a54a2cfb0d19bc6006f8\";s:6:\"images\";a:1:{i:0;s:162:\"https:\/\/www.reyeslaw.com\/wp-content\/uploads\/2024\/11\/u2529466157_pedestrian_accdent_-chaos_10_-ar_43_-style_raw_009fbd77-c902-4133-9426-9105cbde2fb9_0-1024x771.png\";}}"],"rank_math_title":["Abogado de Accidentes de Peatones en Dallas, TX | Angel Reyes &amp; Associates"],"rank_math_description":["Si eres peat\u00f3n y sufriste un accidente en Dallas, te ayudamos a obtener justicia. \u00a1Llama ahora para una consulta gratis!"],"_eb_reusable_block_ids":["a:0:{}"],"_uag_css_file_name":["uag-css-46532.css"],"_uagb_previous_block_counts":["a:90:{s:21:\"uagb\/advanced-heading\";i:0;s:15:\"uagb\/blockquote\";i:0;s:12:\"uagb\/buttons\";i:0;s:18:\"uagb\/buttons-child\";i:0;s:19:\"uagb\/call-to-action\";i:0;s:15:\"uagb\/cf7-styler\";i:0;s:11:\"uagb\/column\";i:0;s:12:\"uagb\/columns\";i:0;s:14:\"uagb\/container\";i:0;s:21:\"uagb\/content-timeline\";i:0;s:27:\"uagb\/content-timeline-child\";i:0;s:14:\"uagb\/countdown\";i:0;s:12:\"uagb\/counter\";i:0;s:8:\"uagb\/faq\";i:0;s:14:\"uagb\/faq-child\";i:0;s:10:\"uagb\/forms\";i:0;s:17:\"uagb\/forms-accept\";i:0;s:19:\"uagb\/forms-checkbox\";i:0;s:15:\"uagb\/forms-date\";i:0;s:16:\"uagb\/forms-email\";i:0;s:17:\"uagb\/forms-hidden\";i:0;s:15:\"uagb\/forms-name\";i:0;s:16:\"uagb\/forms-phone\";i:0;s:16:\"uagb\/forms-radio\";i:0;s:17:\"uagb\/forms-select\";i:0;s:19:\"uagb\/forms-textarea\";i:0;s:17:\"uagb\/forms-toggle\";i:0;s:14:\"uagb\/forms-url\";i:0;s:14:\"uagb\/gf-styler\";i:0;s:15:\"uagb\/google-map\";i:0;s:11:\"uagb\/how-to\";i:0;s:16:\"uagb\/how-to-step\";i:0;s:9:\"uagb\/icon\";i:0;s:14:\"uagb\/icon-list\";i:0;s:20:\"uagb\/icon-list-child\";i:0;s:10:\"uagb\/image\";i:0;s:18:\"uagb\/image-gallery\";i:0;s:13:\"uagb\/info-box\";i:0;s:18:\"uagb\/inline-notice\";i:0;s:11:\"uagb\/lottie\";i:0;s:21:\"uagb\/marketing-button\";i:0;s:10:\"uagb\/modal\";i:0;s:18:\"uagb\/popup-builder\";i:0;s:16:\"uagb\/post-button\";i:0;s:18:\"uagb\/post-carousel\";i:0;s:17:\"uagb\/post-excerpt\";i:0;s:14:\"uagb\/post-grid\";i:0;s:15:\"uagb\/post-image\";i:0;s:17:\"uagb\/post-masonry\";i:0;s:14:\"uagb\/post-meta\";i:0;s:18:\"uagb\/post-taxonomy\";i:0;s:18:\"uagb\/post-timeline\";i:0;s:15:\"uagb\/post-title\";i:0;s:20:\"uagb\/restaurant-menu\";i:0;s:26:\"uagb\/restaurant-menu-child\";i:0;s:11:\"uagb\/review\";i:0;s:12:\"uagb\/section\";i:0;s:14:\"uagb\/separator\";i:0;s:11:\"uagb\/slider\";i:0;s:17:\"uagb\/slider-child\";i:0;s:17:\"uagb\/social-share\";i:0;s:23:\"uagb\/social-share-child\";i:0;s:16:\"uagb\/star-rating\";i:0;s:23:\"uagb\/sure-cart-checkout\";i:0;s:22:\"uagb\/sure-cart-product\";i:0;s:15:\"uagb\/sure-forms\";i:0;s:22:\"uagb\/table-of-contents\";i:0;s:9:\"uagb\/tabs\";i:0;s:15:\"uagb\/tabs-child\";i:0;s:18:\"uagb\/taxonomy-list\";i:0;s:9:\"uagb\/team\";i:0;s:16:\"uagb\/testimonial\";i:0;s:14:\"uagb\/wp-search\";i:0;s:19:\"uagb\/instagram-feed\";i:0;s:10:\"uagb\/login\";i:0;s:17:\"uagb\/loop-builder\";i:0;s:18:\"uagb\/loop-category\";i:0;s:20:\"uagb\/loop-pagination\";i:0;s:15:\"uagb\/loop-reset\";i:0;s:16:\"uagb\/loop-search\";i:0;s:14:\"uagb\/loop-sort\";i:0;s:17:\"uagb\/loop-wrapper\";i:0;s:13:\"uagb\/register\";i:0;s:19:\"uagb\/register-email\";i:0;s:24:\"uagb\/register-first-name\";i:0;s:23:\"uagb\/register-last-name\";i:0;s:22:\"uagb\/register-password\";i:0;s:30:\"uagb\/register-reenter-password\";i:0;s:19:\"uagb\/register-terms\";i:0;s:22:\"uagb\/register-username\";i:0;}"],"_elementor_page_assets":["a:0:{}"],"_uag_page_assets":["a:9:{s:3:\"css\";s:263:\".uag-blocks-common-selector{z-index:var(--z-index-desktop) !important}@media (max-width: 976px){.uag-blocks-common-selector{z-index:var(--z-index-tablet) !important}}@media (max-width: 767px){.uag-blocks-common-selector{z-index:var(--z-index-mobile) !important}}\n\";s:2:\"js\";s:0:\"\";s:18:\"current_block_list\";a:9:{i:0;s:14:\"core\/paragraph\";i:1;s:10:\"core\/image\";i:2;s:12:\"core\/heading\";i:3;s:11:\"core\/search\";i:4;s:10:\"core\/group\";i:5;s:17:\"core\/latest-posts\";i:6;s:20:\"core\/latest-comments\";i:7;s:13:\"core\/archives\";i:8;s:15:\"core\/categories\";}s:8:\"uag_flag\";b:0;s:11:\"uag_version\";s:10:\"1776467228\";s:6:\"gfonts\";a:0:{}s:10:\"gfonts_url\";s:0:\"\";s:12:\"gfonts_files\";a:0:{}s:14:\"uag_faq_layout\";b:0;}"]},"uagb_featured_image_src":{"full":false,"thumbnail":false,"medium":false,"medium_large":false,"large":false,"1536x1536":false,"2048x2048":false,"dx-single-featured-sm":false,"dx-single-featured":false,"gform-image-choice-sm":false,"gform-image-choice-md":false,"gform-image-choice-lg":false},"uagb_author_info":{"display_name":"Angel Reyes","author_link":"https:\/\/www.reyeslaw.com\/es\/author\/angel-reyes\/"},"uagb_comment_info":0,"uagb_excerpt":"Los peatones son de lejos la poblaci\u00f3n m\u00e1s vulnerable a accidentes fatales, ya que, no cuentan con ning\u00fan tipo de protecci\u00f3n, ocasionando que cualquier choque con un veh\u00edculo, sin importar el tipo, pueda causar lesiones graves. Seg\u00fan el North Central Texas Council of Governments (NCTCOG), en 2023 se registraron 914 muertes de peatones y ciclistas&hellip;","_links":{"self":[{"href":"https:\/\/www.reyeslaw.com\/es\/wp-json\/wp\/v2\/pages\/46532","targetHints":{"allow":["GET"]}}],"collection":[{"href":"https:\/\/www.reyeslaw.com\/es\/wp-json\/wp\/v2\/pages"}],"about":[{"href":"https:\/\/www.reyeslaw.com\/es\/wp-json\/wp\/v2\/types\/page"}],"author":[{"embeddable":true,"href":"https:\/\/www.reyeslaw.com\/es\/wp-json\/wp\/v2\/users\/32"}],"replies":[{"embeddable":true,"href":"https:\/\/www.reyeslaw.com\/es\/wp-json\/wp\/v2\/comments?post=46532"}],"version-history":[{"count":0,"href":"https:\/\/www.reyeslaw.com\/es\/wp-json\/wp\/v2\/pages\/46532\/revisions"}],"up":[{"embeddable":true,"href":"https:\/\/www.reyeslaw.com\/es\/wp-json\/wp\/v2\/pages\/1930"}],"wp:attachment":[{"href":"https:\/\/www.reyeslaw.com\/es\/wp-json\/wp\/v2\/media?parent=46532"}],"curies":[{"name":"wp","href":"https:\/\/api.w.org\/{rel}","templated":true}]}}