{"id":46533,"date":"2025-05-08T19:16:13","date_gmt":"2025-05-08T19:16:13","guid":{"rendered":"https:\/\/www.reyeslaw.com\/?page_id=46533"},"modified":"2025-05-08T19:16:15","modified_gmt":"2025-05-08T19:16:15","slug":"accidentes-de-uber-y-lyft","status":"publish","type":"page","link":"https:\/\/www.reyeslaw.com\/es\/dallas\/accidentes-de-uber-y-lyft\/","title":{"rendered":"Abogado de Accidentes de Uber y Lyft en Dallas"},"content":{"rendered":"\n<p>Plataformas como Uber o Lyft, que operan bajo una modalidad de viaje compartido, se han convertido en uno medio de transporte com\u00fan entre los ciudadanos norteamericanos gracias a que es una soluci\u00f3n c\u00f3moda y conveniente para traslados dentro de las ciudades o pueblos.<\/p>\n\n\n\n<p>No obstante, cuando ocurren accidentes en autos de uso compartido, puede haber complicaciones a nivel legal debido a las pol\u00edticas que rigen estas aplicaciones en el estado de Texas, por esta raz\u00f3n es importante contar con el apoyo de un abogado de accidentes de viaje compartido en Texas.<\/p>\n\n\n\n<figure class=\"wp-block-image size-full\"><img fetchpriority=\"high\" decoding=\"async\" width=\"810\" height=\"304\" src=\"https:\/\/www.reyeslaw.com\/wp-content\/uploads\/2023\/04\/Rideshare-Accident.png\" alt=\"Conductor y pasajero antes de un accidente de coche compartido.\" class=\"wp-image-41924\" title=\"Abogado de Accidentes de Uber y Lyft en Dallas\" srcset=\"https:\/\/www.reyeslaw.com\/wp-content\/uploads\/2023\/04\/Rideshare-Accident.png 810w, https:\/\/www.reyeslaw.com\/wp-content\/uploads\/2023\/04\/Rideshare-Accident-300x113.png 300w, https:\/\/www.reyeslaw.com\/wp-content\/uploads\/2023\/04\/Rideshare-Accident-768x288.png 768w\" sizes=\"(max-width: 810px) 100vw, 810px\" \/><\/figure>\n\n\n\n<h2 class=\"wp-block-heading\">\u00bfQu\u00e9 funci\u00f3n tiene un abogado en un caso de accidente de rideshare?<\/h2>\n\n\n\n<p>Cuando un residente de Dallas o de otras \u00e1reas de Texas se ve involucrado en un accidente en un autom\u00f3vil de transporte compartido, como un viaje en Uber o Lyft, el proceso legal puede ser complicado debido a las pol\u00edticas espec\u00edficas de las compa\u00f1\u00edas y las p\u00f3lizas de seguro que regulan estos servicios.<\/p>\n\n\n\n<p>Las empresas de transporte compartido suelen tener limitaciones en cuanto a la cobertura de responsabilidad, lo que puede generar dudas sobre qui\u00e9n es el responsable de los da\u00f1os. Si alguien resulta lesionado en un accidente de viaje compartido, es fundamental contar con un abogado de accidentes especializado que comprenda el comportamiento de las compa\u00f1\u00edas y la cobertura de seguro de los conductores.<\/p>\n\n\n\n<p>Los abogados de lesiones personales con experiencia en estos casos pueden guiarlo a trav\u00e9s del proceso, ayud\u00e1ndole a obtener la indemnizaci\u00f3n adecuada por las lesiones sufridas y respondiendo todas las preguntas sobre sus derechos. Ya sea que el conductor de Uber o la compa\u00f1\u00eda de transporte compartido tenga responsabilidad civil, su abogado luchar\u00e1 para obtener la compensaci\u00f3n que merece, asegurando que los l\u00edmites de la p\u00f3liza no afecten su capacidad para recibir un acuerdo justo.<\/p>\n\n\n\n<h2 class=\"wp-block-heading\">\u00bfPor qu\u00e9 contactar con Angel Reyes &amp; Associates para estos casos?<\/h2>\n\n\n\n<p>En <a href=\"https:\/\/www.reyeslaw.com\/es\/sobre-nosotros\/\">Angel Reyes &amp; Associates<\/a>, contamos con un recorrido profesional de m\u00e1s de 30 a\u00f1os en el que nos hemos distinguido como la firma preeminente de lesiones personales en Texas.<\/p>\n\n\n\n<p>Ponemos nuestros usuarios primero y luchamos por ellos, esto es lo que nos separa de las dem\u00e1s firmas de lesiones personales.<\/p>\n\n\n\n<p>Nos enfocamos en la representaci\u00f3n de demandantes, en reclamaciones por accidentes automovil\u00edsticos, reclamos de lesiones personales y demandas de muertes injustas en cualquier lugar. Nuestro bufete est\u00e1 preparado para representarlo 24\/7 y nos basamos en los resultados, por lo cual, no cobramos honorarios si no ganamos el caso.<\/p>\n\n\n\n<h2 class=\"wp-block-heading\">\u00bfC\u00f3mo se entiende un accidente de Uber y Lyft seg\u00fan las leyes del estado de Texas?<\/h2>\n\n\n\n<p>En Texas, <a href=\"https:\/\/statutes.capitol.texas.gov\/Docs\/OC\/htm\/OC.2402.htm\" target=\"_blank\" rel=\"noreferrer noopener\">un accidente de Uber o Lyft se entiende legalmente<\/a> como un accidente automovil\u00edstico que involucra a un veh\u00edculo que est\u00e1 operando bajo una plataforma de Viaje Compartido (Rideshare), las cuales est\u00e1n reguladas por leyes espec\u00edficas que consideran a los conductores de Uber y Lyft como contratistas independientes y no como empleados de las plataformas.<\/p>\n\n\n\n<p>Este hecho, sumado a las pol\u00edticas de las aseguradoras, son los causantes de la complejidad de los casos de accidente de viaje compartido.<\/p>\n\n\n\n<h2 class=\"wp-block-heading\">\u00bfPor qu\u00e9 son legalmente complejos los accidentes de transporte compartido?<\/h2>\n\n\n\n<p>Despu\u00e9s de un accidente de viaje compartido en Dallas, es esencial entender las complejidades legales involucradas debido a las leyes que regulan las plataformas de Uber y Lyft. A pesar de que estas empresas ofrecen una soluci\u00f3n conveniente para los traslados, las circunstancias legales son complicadas, especialmente cuando se trata de determinar la responsabilidad de los da\u00f1os.<\/p>\n\n\n\n<p>Los conductores de estas plataformas son considerados contratistas independientes, lo que significa que no est\u00e1n cubiertos por las p\u00f3lizas de seguro de la empresa como lo estar\u00edan los empleados. Esta distinci\u00f3n, sumada a las pol\u00edticas de las compa\u00f1\u00edas de seguros, puede dificultar la obtenci\u00f3n de compensaci\u00f3n despu\u00e9s de un accidente.<\/p>\n\n\n\n<p>En estos casos, contar con la experiencia de un abogado de Dallas especializado en accidentes de transporte compartido es fundamental para proteger sus derechos y buscar una indemnizaci\u00f3n adecuada. Con su ayuda, podr\u00e1 enfrentar los l\u00edmites de las p\u00f3lizas y negociar un acuerdo justo que cubra las lesiones y da\u00f1os sufridos.<\/p>\n\n\n\n<h2 class=\"wp-block-heading\">Causas m\u00e1s comunes de accidentes de Uber o Lyft en Texas<\/h2>\n\n\n\n<p>Los accidentes ocasionados durante un viaje compartido pueden deberse a una infinidad de factores relacionados con el entorno, el veh\u00edculo o terceros. Estas son algunas razones causantes de dichos accidentes:<\/p>\n\n\n\n<h3 class=\"wp-block-heading\">Negligencia del conductor<\/h3>\n\n\n\n<p>Omisi\u00f3n de leyes de tr\u00e1nsito o conducci\u00f3n distra\u00edda.<\/p>\n\n\n\n<h3 class=\"wp-block-heading\">Exceso de velocidad<\/h3>\n\n\n\n<p>Ocasionado por el deseo de aumentar el n\u00famero de pasajeros recogidos por hora.<\/p>\n\n\n\n<h3 class=\"wp-block-heading\">Fatiga<\/h3>\n\n\n\n<p>Causada por extensas horas de trabajo.<\/p>\n\n\n\n<h3 class=\"wp-block-heading\">Conducci\u00f3n en estado de intoxicaci\u00f3n<\/h3>\n\n\n\n<p>Causada por manejar <a href=\"https:\/\/www.reyeslaw.com\/es\/law-glossary\/cuantos-casos-de-lesiones-personales-en-texas-son-causados-por-intoxicacion\/\">bajo los efectos del alcohol<\/a> u otras sustancias.<\/p>\n\n\n\n<h3 class=\"wp-block-heading\">Inexperiencia<\/h3>\n\n\n\n<p>Causada por la inexperiencia del conductor manejando o con el entorno.<\/p>\n\n\n\n<h3 class=\"wp-block-heading\">Condiciones meteorol\u00f3gicas<\/h3>\n\n\n\n<p>El riesgo de accidente puede aumentar con condiciones clim\u00e1ticas adversas.<\/p>\n\n\n\n<h3 class=\"wp-block-heading\">Problemas mec\u00e1nicos<\/h3>\n\n\n\n<p>Ocasionados por falta de mantenimiento del veh\u00edculo.<\/p>\n\n\n\n<h2 class=\"wp-block-heading\">\u00bfQu\u00e9 debe hacer si ha sido v\u00edctima de un accidente de Uber o Lyft en Dallas?<\/h2>\n\n\n\n<h3 class=\"wp-block-heading\">1. Busque atenci\u00f3n m\u00e9dica<\/h3>\n\n\n\n<p>A pesar de no tener lesiones visibles, solicite ayuda m\u00e9dica.<\/p>\n\n\n\n<h3 class=\"wp-block-heading\">2. Informe a la polic\u00eda&nbsp;<\/h3>\n\n\n\n<p>Cont\u00e1ctese con las autoridades, p\u00f3ngalos al tanto de la situaci\u00f3n y, solicite el informe policial del suceso.<\/p>\n\n\n\n<h3 class=\"wp-block-heading\">3. Recopile informaci\u00f3n relevante<\/h3>\n\n\n\n<p>Tome fotograf\u00edas y videos del accidente, las lesiones, la carretera y del veh\u00edculo. Adicionalmente, tome los datos del conductor y del autom\u00f3vil.<\/p>\n\n\n\n<h3 class=\"wp-block-heading\">4. Reporte el incidente en la aplicaci\u00f3n<\/h3>\n\n\n\n<p>Notifique el accidente en la aplicaci\u00f3n de Uber o Lyft.<\/p>\n\n\n\n<h3 class=\"wp-block-heading\">5. Cont\u00e1ctese con su compa\u00f1\u00eda de seguros<\/h3>\n\n\n\n<p>En caso de contar con una, inf\u00f3rmeles del incidente, ya que podr\u00edan tener protocolos internos para manejar la situaci\u00f3n.<\/p>\n\n\n\n<h3 class=\"wp-block-heading\">6. Cont\u00e1ctese con un abogado especializado<\/h3>\n\n\n\n<p><a href=\"https:\/\/www.reyeslaw.com\/es\/dallas-abogados-de-lesion-personal\/\">Comun\u00edquese con un abogado de accidentes en Dallas<\/a>. Las reclamaciones legales relacionadas con accidentes de Uber o Lyft pueden ser complejas a causa de las m\u00faltiples coberturas y pol\u00edticas de las aseguradoras y de las leyes de Texas.<\/p>\n\n\n\n<figure class=\"wp-block-image size-large\"><img decoding=\"async\" width=\"1024\" height=\"425\" src=\"https:\/\/www.reyeslaw.com\/wp-content\/uploads\/2023\/04\/RBR-Partners-Sitting-1024x425.webp\" alt=\"Partners Photo\" class=\"wp-image-41903\" title=\"Partners\" srcset=\"https:\/\/www.reyeslaw.com\/wp-content\/uploads\/2023\/04\/RBR-Partners-Sitting-1024x425.webp 1024w, https:\/\/www.reyeslaw.com\/wp-content\/uploads\/2023\/04\/RBR-Partners-Sitting-300x125.webp 300w, https:\/\/www.reyeslaw.com\/wp-content\/uploads\/2023\/04\/RBR-Partners-Sitting-768x319.webp 768w, https:\/\/www.reyeslaw.com\/wp-content\/uploads\/2023\/04\/RBR-Partners-Sitting.webp 1142w\" sizes=\"(max-width: 1024px) 100vw, 1024px\" \/><\/figure>\n\n\n\n<h2 class=\"wp-block-heading\">Complicaciones en las demandas por accidentes de viaje compartido y c\u00f3mo Angel Reyes &amp; Associates las resuelve<\/h2>\n\n\n\n<p>Las plataformas de viaje compartido como Uber y Lyft cuentan con aseguradoras que tienen diferentes variaciones de cobertura con respecto al estado del conductor en la aplicaci\u00f3n en el momento en el que se dio el accidente. Estas se relacionan con si el conductor se encuentra conectado, esperando una solicitud de viaje o transportando un pasajero.<\/p>\n\n\n\n<p>Los seguros de estas plataformas cubren los accidentes en los que sus conductores se ven involucrados, pero es crucial conocer su funcionamiento para presentar una demanda efectiva.<\/p>\n\n\n\n<p>En Angel Reyes &amp; Associates ponemos a su disposici\u00f3n un equipo de abogados de lesiones personales dispuestos a atender su caso y hacer la respectiva asesor\u00eda.<\/p>\n\n\n\n<p>Nos comprometemos a representarlo y a construir una defensa s\u00f3lida para enfrentar a las aseguradoras. Nuestros abogados analizar\u00e1n su caso, le ayudar\u00e1n a recopilar pruebas y lo llevar\u00e1n a juicio brind\u00e1ndole un acompa\u00f1amiento personalizado.<\/p>\n\n\n\n<p>Al contratar un abogado experto en accidentes de viaje compartido, usted se asegurar\u00e1 de tener las mejores posibilidades de \u00e9xito. <a href=\"https:\/\/www.reyeslaw.com\/es\/contactenos\/\">Empiece su consulta en minutos.<\/a><\/p>\n","protected":false},"excerpt":{"rendered":"<p>Plataformas como Uber o Lyft, que operan bajo una modalidad de viaje compartido, se han convertido en uno medio de transporte com\u00fan entre los ciudadanos norteamericanos gracias a que es una soluci\u00f3n c\u00f3moda y conveniente para traslados dentro de las ciudades o pueblos. No obstante, cuando ocurren accidentes en autos de uso compartido, puede haber [&hellip;]<\/p>\n","protected":false},"author":32,"featured_media":0,"parent":1930,"menu_order":0,"comment_status":"closed","ping_status":"closed","template":"dallas-es.php","meta":{"_acf_changed":true,"_eb_attr":"","inline_featured_image":false,"_uag_custom_page_level_css":"","footnotes":""},"class_list":["post-46533","page","type-page","status-publish","hentry"],"acf":[],"spectra_custom_meta":{"_edit_lock":["1746731950:31"],"_wpml_word_count":["1262"],"rank_math_internal_links_processed":["1"],"wpil_sync_report3":["1"],"wpil_links_inbound_internal_count":["1"],"wpil_links_inbound_internal_count_data":["eJxlUltuGzEMvEqgf2e9sZ0m9BXy6F8\/Ba5E20JkaSFxsV0YPlTP0IuVWrmGjfyRI3LIGQqhhZOD5fYT2g2oX73z+j1a8vrNhS8F7QpOGX6A8pJqZ9W2FGdYgRqSVxI9t6AOzH2GphnH8THRRNnj+GjisaHcWPQec4PGOEuBKS8sLYaO0mJa+GnHTSFZC0fMXML2CdQtR8FeQDlpTQFlZAdt7ejnjm+L\/ywwtOuyuHDVndfPm9VK2qSUHXtS249KwlNP6pZPFIHKjDzkWiTiTZTpgWu+qWbkK0X2w74m0mm8M\/\/fXmZOxy6GCpRNY9pjcEZzwt3OmWsjWccxXerEUzQ7fTf3FdSRGLVFRrVFWMLpXO1yWWeK+irsPBNiMIdCKMeSa30MlDnF\/IBd3KOV4ICdx\/BAuce\/f+J8y7IfWktWd5PuRZYLxe9l1eKjwarl3hSxeXn5IOPB5Z6SNomQ6fpbih5ZEgeOpewWFhvMlwv7m79V4GO0gyd9V\/10GTIP\/s0VP5\/\/AcJ45rM="],"wpil_links_outbound_internal_count":["2"],"wpil_links_outbound_internal_count_data":["eJzVUsuOGjEQ\/JWRD7mxzLCwIc1plRzzUi45Wo3dgLXGnkx7RBDik\/IV+bG0xxMCyiFS9rQ3u91dXVUuhBmcHNSrT9AsQH1tndcfoiWv37vwpKC5hxPDa1BertpZtcrNDPeg+s4rOc3luEupZZhOD4fDXUdHYo+HOxP3U+Ipx3VHkxA5pi7ydBiRicgpH5sZqOuJXFuCciFRF1AWrKEpE+0w8RfNz7kMzTzTFKzCcF4v67mMSWtyyZNafSwg6diSusZjeADFCVPPpUmkmijbQyr3RZHOFwj2\/bZcZNJ4Z36\/LQdMl1wMpZCZxm6LwRmdOtxsnLkMknUpdmNfAwrNRt\/sfQNqTwm1xYRqhVDD6VzscqyZor4IOw+AGMwuA4oLQuQxbMlXX7Kx1Svct6vqkTkah4lYjdTQWrJ6fdStKHIhW10XGT4aLDJu\/RDsekzCYee4pU6bjgTzEossRfhhn2Juuy6LA+bJhe1ViHJ5H23vSd90z8Ylw+LvqdTPTpLw3yl9+EdKLXqPPMF13KKNPLE08cTiwURUcpQoPje548f\/+aeFqH8b9334+eNbT0yVyK36UI0cKksVGuOsWC+\/SKF6N3B8qd93\/gX4dHIZ"],"wpil_links_outbound_external_count":["1"],"wpil_links_outbound_external_count_data":["eJx1UMtOAzEM\/JUoH7CvtoDMEY6FnhDHKE3MbtQ0WSVeaFX133G2BZUDpzijGc94NLRwctA8bqBdgXwfnVcv0aJXaxd2EtoFnDLcg\/T8Vc7Kx0LOsAA5JS95Wj2AHIjGDHWdSdNEmCujR0fRV4QHnas+ftbP0eR681QPtOen6pZNV\/FcNix5QcxUxu4O5P9LCoPdXCBMQbP7ds7C+nHWv\/KHF+hghpjmbA3HDEIb4yyySlgUb1tMIor18YNERsGww8C4x177fWEVZSlDW4tWbY9q9FPvwo8dJ\/DRaHIxFCZ3YyKrwuWA5lrV1+DyiEmZhJrwt7e25fxZ6YkPKwXfwJS02bnQ37Rc4H20k0f1h91dTWbjA13w8\/kbB9aX7Q=="],"wpil_sync_report2_time":["2025-05-08T19:16:16+00:00"],"rank_math_seo_score":["25"],"_wp_page_template":["dallas-es.php"],"_acf_changed":["1"],"footnotes":[""],"_edit_last":["31"],"_ez-toc-disabled":[""],"_ez-toc-insert":[""],"_ez-toc-header-label":[""],"_ez-toc-alignment":["none"],"_ez-toc-heading-levels":["a:0:{}"],"_ez-toc-alttext":[""],"_ez-toc-visibility_hide_by_default":[""],"_ez-toc-hide_counter":[""],"_ez-toc-exclude":[""],"_ez-toc-position-specific":[""],"h1":["Abogado de Accidentes de Uber y Lyft en Dallas"],"_h1":["field_6806152ab52ff"],"hefo_before":["0"],"hefo_after":["0"],"_wpml_media_has_media":["1"],"_wpml_media_duplicate":["1"],"_wpml_media_featured":["1"],"_wpml_location_migration_done":["1"],"rank_math_title":["Abogado de Accidentes de Uber y Lyft en Dallas, TX | Angel Reyes &amp; Associates"],"rank_math_description":["\u00bfAccidente en Uber o Lyft en Dallas? Te ayudamos a obtener la compensaci\u00f3n que mereces. \u00a1Cont\u00e1ctanos hoy mismo para una consulta gratis!"],"rank_math_og_content_image":["a:2:{s:5:\"check\";s:32:\"68e173e2da69937df7e7c98273dbef60\";s:6:\"images\";a:1:{i:0;i:41923;}}"],"_eb_reusable_block_ids":["a:0:{}"],"_uag_css_file_name":["uag-css-46533.css"],"_uagb_previous_block_counts":["a:90:{s:21:\"uagb\/advanced-heading\";i:0;s:15:\"uagb\/blockquote\";i:0;s:12:\"uagb\/buttons\";i:0;s:18:\"uagb\/buttons-child\";i:0;s:19:\"uagb\/call-to-action\";i:0;s:15:\"uagb\/cf7-styler\";i:0;s:11:\"uagb\/column\";i:0;s:12:\"uagb\/columns\";i:0;s:14:\"uagb\/container\";i:0;s:21:\"uagb\/content-timeline\";i:0;s:27:\"uagb\/content-timeline-child\";i:0;s:14:\"uagb\/countdown\";i:0;s:12:\"uagb\/counter\";i:0;s:8:\"uagb\/faq\";i:0;s:14:\"uagb\/faq-child\";i:0;s:10:\"uagb\/forms\";i:0;s:17:\"uagb\/forms-accept\";i:0;s:19:\"uagb\/forms-checkbox\";i:0;s:15:\"uagb\/forms-date\";i:0;s:16:\"uagb\/forms-email\";i:0;s:17:\"uagb\/forms-hidden\";i:0;s:15:\"uagb\/forms-name\";i:0;s:16:\"uagb\/forms-phone\";i:0;s:16:\"uagb\/forms-radio\";i:0;s:17:\"uagb\/forms-select\";i:0;s:19:\"uagb\/forms-textarea\";i:0;s:17:\"uagb\/forms-toggle\";i:0;s:14:\"uagb\/forms-url\";i:0;s:14:\"uagb\/gf-styler\";i:0;s:15:\"uagb\/google-map\";i:0;s:11:\"uagb\/how-to\";i:0;s:16:\"uagb\/how-to-step\";i:0;s:9:\"uagb\/icon\";i:0;s:14:\"uagb\/icon-list\";i:0;s:20:\"uagb\/icon-list-child\";i:0;s:10:\"uagb\/image\";i:0;s:18:\"uagb\/image-gallery\";i:0;s:13:\"uagb\/info-box\";i:0;s:18:\"uagb\/inline-notice\";i:0;s:11:\"uagb\/lottie\";i:0;s:21:\"uagb\/marketing-button\";i:0;s:10:\"uagb\/modal\";i:0;s:18:\"uagb\/popup-builder\";i:0;s:16:\"uagb\/post-button\";i:0;s:18:\"uagb\/post-carousel\";i:0;s:17:\"uagb\/post-excerpt\";i:0;s:14:\"uagb\/post-grid\";i:0;s:15:\"uagb\/post-image\";i:0;s:17:\"uagb\/post-masonry\";i:0;s:14:\"uagb\/post-meta\";i:0;s:18:\"uagb\/post-taxonomy\";i:0;s:18:\"uagb\/post-timeline\";i:0;s:15:\"uagb\/post-title\";i:0;s:20:\"uagb\/restaurant-menu\";i:0;s:26:\"uagb\/restaurant-menu-child\";i:0;s:11:\"uagb\/review\";i:0;s:12:\"uagb\/section\";i:0;s:14:\"uagb\/separator\";i:0;s:11:\"uagb\/slider\";i:0;s:17:\"uagb\/slider-child\";i:0;s:17:\"uagb\/social-share\";i:0;s:23:\"uagb\/social-share-child\";i:0;s:16:\"uagb\/star-rating\";i:0;s:23:\"uagb\/sure-cart-checkout\";i:0;s:22:\"uagb\/sure-cart-product\";i:0;s:15:\"uagb\/sure-forms\";i:0;s:22:\"uagb\/table-of-contents\";i:0;s:9:\"uagb\/tabs\";i:0;s:15:\"uagb\/tabs-child\";i:0;s:18:\"uagb\/taxonomy-list\";i:0;s:9:\"uagb\/team\";i:0;s:16:\"uagb\/testimonial\";i:0;s:14:\"uagb\/wp-search\";i:0;s:19:\"uagb\/instagram-feed\";i:0;s:10:\"uagb\/login\";i:0;s:17:\"uagb\/loop-builder\";i:0;s:18:\"uagb\/loop-category\";i:0;s:20:\"uagb\/loop-pagination\";i:0;s:15:\"uagb\/loop-reset\";i:0;s:16:\"uagb\/loop-search\";i:0;s:14:\"uagb\/loop-sort\";i:0;s:17:\"uagb\/loop-wrapper\";i:0;s:13:\"uagb\/register\";i:0;s:19:\"uagb\/register-email\";i:0;s:24:\"uagb\/register-first-name\";i:0;s:23:\"uagb\/register-last-name\";i:0;s:22:\"uagb\/register-password\";i:0;s:30:\"uagb\/register-reenter-password\";i:0;s:19:\"uagb\/register-terms\";i:0;s:22:\"uagb\/register-username\";i:0;}"],"_elementor_page_assets":["a:0:{}"],"_uag_page_assets":["a:9:{s:3:\"css\";s:260:\".uag-blocks-common-selector{z-index:var(--z-index-desktop) !important}@media(max-width: 976px){.uag-blocks-common-selector{z-index:var(--z-index-tablet) !important}}@media(max-width: 767px){.uag-blocks-common-selector{z-index:var(--z-index-mobile) !important}}\";s:2:\"js\";s:0:\"\";s:18:\"current_block_list\";a:9:{i:0;s:14:\"core\/paragraph\";i:1;s:10:\"core\/image\";i:2;s:12:\"core\/heading\";i:3;s:11:\"core\/search\";i:4;s:10:\"core\/group\";i:5;s:17:\"core\/latest-posts\";i:6;s:20:\"core\/latest-comments\";i:7;s:13:\"core\/archives\";i:8;s:15:\"core\/categories\";}s:8:\"uag_flag\";b:0;s:11:\"uag_version\";s:10:\"1778697422\";s:6:\"gfonts\";a:0:{}s:10:\"gfonts_url\";s:0:\"\";s:12:\"gfonts_files\";a:0:{}s:14:\"uag_faq_layout\";b:0;}"]},"uagb_featured_image_src":{"full":false,"thumbnail":false,"medium":false,"medium_large":false,"large":false,"1536x1536":false,"2048x2048":false,"dx-single-featured-sm":false,"dx-single-featured":false,"gform-image-choice-sm":false,"gform-image-choice-md":false,"gform-image-choice-lg":false},"uagb_author_info":{"display_name":"Angel Reyes","author_link":"https:\/\/www.reyeslaw.com\/es\/author\/angel-reyes\/"},"uagb_comment_info":0,"uagb_excerpt":"Plataformas como Uber o Lyft, que operan bajo una modalidad de viaje compartido, se han convertido en uno medio de transporte com\u00fan entre los ciudadanos norteamericanos gracias a que es una soluci\u00f3n c\u00f3moda y conveniente para traslados dentro de las ciudades o pueblos. No obstante, cuando ocurren accidentes en autos de uso compartido, puede haber&hellip;","_links":{"self":[{"href":"https:\/\/www.reyeslaw.com\/es\/wp-json\/wp\/v2\/pages\/46533","targetHints":{"allow":["GET"]}}],"collection":[{"href":"https:\/\/www.reyeslaw.com\/es\/wp-json\/wp\/v2\/pages"}],"about":[{"href":"https:\/\/www.reyeslaw.com\/es\/wp-json\/wp\/v2\/types\/page"}],"author":[{"embeddable":true,"href":"https:\/\/www.reyeslaw.com\/es\/wp-json\/wp\/v2\/users\/32"}],"replies":[{"embeddable":true,"href":"https:\/\/www.reyeslaw.com\/es\/wp-json\/wp\/v2\/comments?post=46533"}],"version-history":[{"count":0,"href":"https:\/\/www.reyeslaw.com\/es\/wp-json\/wp\/v2\/pages\/46533\/revisions"}],"up":[{"embeddable":true,"href":"https:\/\/www.reyeslaw.com\/es\/wp-json\/wp\/v2\/pages\/1930"}],"wp:attachment":[{"href":"https:\/\/www.reyeslaw.com\/es\/wp-json\/wp\/v2\/media?parent=46533"}],"curies":[{"name":"wp","href":"https:\/\/api.w.org\/{rel}","templated":true}]}}