{"id":54700,"date":"2026-04-17T15:26:32","date_gmt":"2026-04-17T20:26:32","guid":{"rendered":"https:\/\/www.reyeslaw.com\/muerte-injusta\/"},"modified":"2026-04-17T15:54:09","modified_gmt":"2026-04-17T20:54:09","slug":"muerte-injusta","status":"publish","type":"page","link":"https:\/\/www.reyeslaw.com\/es\/muerte-injusta\/","title":{"rendered":"Abogado de Muerte Injusta en Texas"},"content":{"rendered":"","protected":false},"excerpt":{"rendered":"","protected":false},"author":36,"featured_media":51916,"parent":0,"menu_order":0,"comment_status":"closed","ping_status":"closed","template":"templates\/practice-area.php","meta":{"_acf_changed":true,"_eb_attr":"","inline_featured_image":false,"_uag_custom_page_level_css":"","footnotes":""},"class_list":["post-54700","page","type-page","status-publish","has-post-thumbnail","hentry"],"acf":[],"spectra_custom_meta":{"_uagb_previous_block_counts":["a:90:{s:21:\"uagb\/advanced-heading\";i:0;s:15:\"uagb\/blockquote\";i:0;s:12:\"uagb\/buttons\";i:0;s:18:\"uagb\/buttons-child\";i:0;s:19:\"uagb\/call-to-action\";i:0;s:15:\"uagb\/cf7-styler\";i:0;s:11:\"uagb\/column\";i:0;s:12:\"uagb\/columns\";i:0;s:14:\"uagb\/container\";i:0;s:21:\"uagb\/content-timeline\";i:0;s:27:\"uagb\/content-timeline-child\";i:0;s:14:\"uagb\/countdown\";i:0;s:12:\"uagb\/counter\";i:0;s:8:\"uagb\/faq\";i:0;s:14:\"uagb\/faq-child\";i:0;s:10:\"uagb\/forms\";i:0;s:17:\"uagb\/forms-accept\";i:0;s:19:\"uagb\/forms-checkbox\";i:0;s:15:\"uagb\/forms-date\";i:0;s:16:\"uagb\/forms-email\";i:0;s:17:\"uagb\/forms-hidden\";i:0;s:15:\"uagb\/forms-name\";i:0;s:16:\"uagb\/forms-phone\";i:0;s:16:\"uagb\/forms-radio\";i:0;s:17:\"uagb\/forms-select\";i:0;s:19:\"uagb\/forms-textarea\";i:0;s:17:\"uagb\/forms-toggle\";i:0;s:14:\"uagb\/forms-url\";i:0;s:14:\"uagb\/gf-styler\";i:0;s:15:\"uagb\/google-map\";i:0;s:11:\"uagb\/how-to\";i:0;s:16:\"uagb\/how-to-step\";i:0;s:9:\"uagb\/icon\";i:0;s:14:\"uagb\/icon-list\";i:0;s:20:\"uagb\/icon-list-child\";i:0;s:10:\"uagb\/image\";i:0;s:18:\"uagb\/image-gallery\";i:0;s:13:\"uagb\/info-box\";i:0;s:18:\"uagb\/inline-notice\";i:0;s:11:\"uagb\/lottie\";i:0;s:21:\"uagb\/marketing-button\";i:0;s:10:\"uagb\/modal\";i:0;s:18:\"uagb\/popup-builder\";i:0;s:16:\"uagb\/post-button\";i:0;s:18:\"uagb\/post-carousel\";i:0;s:17:\"uagb\/post-excerpt\";i:0;s:14:\"uagb\/post-grid\";i:0;s:15:\"uagb\/post-image\";i:0;s:17:\"uagb\/post-masonry\";i:0;s:14:\"uagb\/post-meta\";i:0;s:18:\"uagb\/post-taxonomy\";i:0;s:18:\"uagb\/post-timeline\";i:0;s:15:\"uagb\/post-title\";i:0;s:20:\"uagb\/restaurant-menu\";i:0;s:26:\"uagb\/restaurant-menu-child\";i:0;s:11:\"uagb\/review\";i:0;s:12:\"uagb\/section\";i:0;s:14:\"uagb\/separator\";i:0;s:11:\"uagb\/slider\";i:0;s:17:\"uagb\/slider-child\";i:0;s:17:\"uagb\/social-share\";i:0;s:23:\"uagb\/social-share-child\";i:0;s:16:\"uagb\/star-rating\";i:0;s:23:\"uagb\/sure-cart-checkout\";i:0;s:22:\"uagb\/sure-cart-product\";i:0;s:15:\"uagb\/sure-forms\";i:0;s:22:\"uagb\/table-of-contents\";i:0;s:9:\"uagb\/tabs\";i:0;s:15:\"uagb\/tabs-child\";i:0;s:18:\"uagb\/taxonomy-list\";i:0;s:9:\"uagb\/team\";i:0;s:16:\"uagb\/testimonial\";i:0;s:14:\"uagb\/wp-search\";i:0;s:19:\"uagb\/instagram-feed\";i:0;s:10:\"uagb\/login\";i:0;s:17:\"uagb\/loop-builder\";i:0;s:18:\"uagb\/loop-category\";i:0;s:20:\"uagb\/loop-pagination\";i:0;s:15:\"uagb\/loop-reset\";i:0;s:16:\"uagb\/loop-search\";i:0;s:14:\"uagb\/loop-sort\";i:0;s:17:\"uagb\/loop-wrapper\";i:0;s:13:\"uagb\/register\";i:0;s:19:\"uagb\/register-email\";i:0;s:24:\"uagb\/register-first-name\";i:0;s:23:\"uagb\/register-last-name\";i:0;s:22:\"uagb\/register-password\";i:0;s:30:\"uagb\/register-reenter-password\";i:0;s:19:\"uagb\/register-terms\";i:0;s:22:\"uagb\/register-username\";i:0;}"],"rank_math_internal_links_processed":["1"],"wpil_sync_report3":["1"],"_wp_page_template":["templates\/practice-area.php"],"hero_section":[""],"_hero_section":["field_6966485caba35"],"primary_cta":[""],"_primary_cta":["field_69664943aba3a"],"secondary_cta":[""],"_secondary_cta":["field_69664995aba3d"],"understanding_risks_section":[""],"_understanding_risks_section":["field_696649f5aba41"],"recovery_priority_section":[""],"_recovery_priority_section":["field_69664c54aba4a"],"section_cta":[""],"_section_cta":["field_69664cd6aba4f"],"texas_crash_data_section":[""],"_texas_crash_data_section":["field_69664d8aaba53"],"big_wins_section":[""],"_big_wins_section":["field_69664e4daba5b"],"in_their_words_section":[""],"_in_their_words_section":["field_6968e643bde61"],"faq_section":[""],"_faq_section":["field_696651dfaba61"],"cta_section":[""],"_cta_section":["field_6966569b38b86"],"_thumbnail_id":["51916"],"hero_section_hero_eyebrow":["Abogados de Muerte Injusta en Texas"],"_hero_section_hero_eyebrow":["field_69664878aba36"],"hero_section_hero_headline":["Cuando la Negligencia Toma una Vida Luchamos por la Justicia."],"_hero_section_hero_headline":["field_69664887aba37"],"hero_section_hero_description":["Perder a un ser querido por la negligencia de otra persona es devastador. Nuestros abogados en Angel Reyes &amp; Associates han ayudado a familias en Texas a buscar justicia y la compensaci\u00f3n que merecen en algunos de los momentos m\u00e1s dif\u00edciles de sus vidas. Haz clic abajo para obtener tu revisi\u00f3n de caso gratis hoy mismo."],"_hero_section_hero_description":["field_696648b1aba38"],"primary_cta_hero_primary_cta_link":["a:3:{s:5:\"title\";s:38:\"Obt\u00e9n una revisi\u00f3n gratis de tu caso\";s:3:\"url\";s:40:\"https:\/\/www.reyeslaw.com\/es\/contactenos\/\";s:6:\"target\";s:5:\"_self\";}"],"_primary_cta_hero_primary_cta_link":["field_69664975aba3c"],"secondary_cta_hero_secondary_cta_link":["a:3:{s:5:\"title\";s:25:\"Llama Ahora: 469-694-5418\";s:3:\"url\";s:16:\"tel:+14696945418\";s:6:\"target\";s:5:\"_self\";}"],"_secondary_cta_hero_secondary_cta_link":["field_696649c2aba3f"],"understanding_risks_section_risks_heading":["\u00bfQui\u00e9n Puede Presentar un Reclamo por Muerte Injusta en Texas?"],"_understanding_risks_section_risks_heading":["field_69690401abc44"],"understanding_risks_section_risks_description":["La ley de Texas limita las reclamaciones por muerte injusta a ciertos familiares. Saber qui\u00e9n tiene derecho legal es el primer paso para buscar justicia por tu ser querido."],"_understanding_risks_section_risks_description":["field_69664a0eaba42"],"understanding_risks_section_risks_cards_0_risk_percent":[""],"_understanding_risks_section_risks_cards_0_risk_percent":["field_69664bc7aba45"],"understanding_risks_section_risks_cards_0_risk_title":["Esposo"],"_understanding_risks_section_risks_cards_0_risk_title":["field_69664bd4aba46"],"understanding_risks_section_risks_cards_0_risk_description":["Derecho legal"],"_understanding_risks_section_risks_cards_0_risk_description":["field_69664be2aba47"],"understanding_risks_section_risks_cards_0_risk_icon":["51975"],"_understanding_risks_section_risks_cards_0_risk_icon":["field_69664bf3aba48"],"understanding_risks_section_risks_cards_1_risk_percent":[""],"_understanding_risks_section_risks_cards_1_risk_percent":["field_69664bc7aba45"],"understanding_risks_section_risks_cards_1_risk_title":["Hijos"],"_understanding_risks_section_risks_cards_1_risk_title":["field_69664bd4aba46"],"understanding_risks_section_risks_cards_1_risk_description":["Puede presentar reclamaci\u00f3n"],"_understanding_risks_section_risks_cards_1_risk_description":["field_69664be2aba47"],"understanding_risks_section_risks_cards_1_risk_icon":["51933"],"_understanding_risks_section_risks_cards_1_risk_icon":["field_69664bf3aba48"],"understanding_risks_section_risks_cards_2_risk_percent":[""],"_understanding_risks_section_risks_cards_2_risk_percent":["field_69664bc7aba45"],"understanding_risks_section_risks_cards_2_risk_title":["Padres"],"_understanding_risks_section_risks_cards_2_risk_title":["field_69664bd4aba46"],"understanding_risks_section_risks_cards_2_risk_description":["Pueden presentar"],"_understanding_risks_section_risks_cards_2_risk_description":["field_69664be2aba47"],"understanding_risks_section_risks_cards_2_risk_icon":["51965"],"_understanding_risks_section_risks_cards_2_risk_icon":["field_69664bf3aba48"],"understanding_risks_section_risks_cards_3_risk_percent":[""],"_understanding_risks_section_risks_cards_3_risk_percent":["field_69664bc7aba45"],"understanding_risks_section_risks_cards_3_risk_title":["Hermanos"],"_understanding_risks_section_risks_cards_3_risk_title":["field_69664bd4aba46"],"understanding_risks_section_risks_cards_3_risk_description":["Excluidos por la ley"],"_understanding_risks_section_risks_cards_3_risk_description":["field_69664be2aba47"],"understanding_risks_section_risks_cards_3_risk_icon":["51973"],"_understanding_risks_section_risks_cards_3_risk_icon":["field_69664bf3aba48"],"understanding_risks_section_risks_cards":["4"],"_understanding_risks_section_risks_cards":["field_69664bb5aba44"],"recovery_priority_section_recovery_heading":["Tu Recuperaci\u00f3n, Nuestra Prioridad"],"_recovery_priority_section_recovery_heading":["field_6969046fabc45"],"recovery_priority_section_recovery_cards_0_card_icon":["51862"],"_recovery_priority_section_recovery_cards_0_card_icon":["field_69664c9faba4c"],"recovery_priority_section_recovery_cards_0_card_title":["Estrategia Integral para Tu Caso"],"_recovery_priority_section_recovery_cards_0_card_title":["field_69664cb4aba4d"],"recovery_priority_section_recovery_cards_0_card_text":["Hacemos evaluaciones completas de tu caso, recopilando expedientes m\u00e9dicos, reportes de accidentes, declaraciones de testigos y pruebas clave para crear estrategias hechas a tu situaci\u00f3n espec\u00edfica."],"_recovery_priority_section_recovery_cards_0_card_text":["field_69664cc0aba4e"],"recovery_priority_section_recovery_cards_1_card_icon":["51864"],"_recovery_priority_section_recovery_cards_1_card_icon":["field_69664c9faba4c"],"recovery_priority_section_recovery_cards_1_card_title":["Luchamos por Tu M\u00e1xima Compensaci\u00f3n"],"_recovery_priority_section_recovery_cards_1_card_title":["field_69664cb4aba4d"],"recovery_priority_section_recovery_cards_1_card_text":["Trabajamos con expertos financieros para calcular los da\u00f1os econ\u00f3micos y no econ\u00f3micos, considerando el potencial de ingresos, las contribuciones familiares y el impacto emocional para buscar una compensaci\u00f3n completa."],"_recovery_priority_section_recovery_cards_1_card_text":["field_69664cc0aba4e"],"recovery_priority_section_recovery_cards_2_card_icon":["51862"],"_recovery_priority_section_recovery_cards_2_card_icon":["field_69664c9faba4c"],"recovery_priority_section_recovery_cards_2_card_title":["No Ganamos, No Hay Honorarios"],"_recovery_priority_section_recovery_cards_2_card_title":["field_69664cb4aba4d"],"recovery_priority_section_recovery_cards_2_card_text":["No pagas nada por adelantado y no debes honorarios de abogado a menos que recuperemos una compensaci\u00f3n para ti."],"_recovery_priority_section_recovery_cards_2_card_text":["field_69664cc0aba4e"],"recovery_priority_section_recovery_cards":["3"],"_recovery_priority_section_recovery_cards":["field_69664c70aba4b"],"section_cta_recovery_cta_link":["a:3:{s:5:\"title\";s:25:\"Llama Ahora: 469-694-5418\";s:3:\"url\";s:16:\"tel:+14696945418\";s:6:\"target\";s:5:\"_self\";}"],"_section_cta_recovery_cta_link":["field_69664cfbaba51"],"texas_crash_data_section_heading":["Tipos de Compensaci\u00f3n Disponibles en Casos de Muerte Injusta"],"_texas_crash_data_section_heading":["field_698cbd14b5090"],"texas_crash_data_section_description":["La ley de Texas permite a las familias recuperar varios tipos de compensaci\u00f3n que cubren tanto las p\u00e9rdidas econ\u00f3micas como el profundo impacto emocional de perder a un ser querido."],"_texas_crash_data_section_description":["field_698cbd1db5091"],"texas_crash_data_section_crashdata_stats_0_stat_icon":["51939"],"_texas_crash_data_section_crashdata_stats_0_stat_icon":["field_69664dd9aba56"],"texas_crash_data_section_crashdata_stats_0_stat_value":[""],"_texas_crash_data_section_crashdata_stats_0_stat_value":["field_69664debaba57"],"texas_crash_data_section_crashdata_stats_0_stat_description":["<div class=\"text-white font-semibold mb-1\">Da\u00f1os Econ\u00f3micos<\/div>\r\n<div class=\"text-white\/50 text-sm\">Ej: P\u00e9rdida de capacidad de ingresos<\/div>"],"_texas_crash_data_section_crashdata_stats_0_stat_description":["field_69664e0daba58"],"texas_crash_data_section_crashdata_stats_0_stat_source":["Texas Civil Practice & Remedies Code \u00a7 71.004"],"_texas_crash_data_section_crashdata_stats_0_stat_source":["field_69664e1eaba59"],"texas_crash_data_section_crashdata_stats_1_stat_icon":["51963"],"_texas_crash_data_section_crashdata_stats_1_stat_icon":["field_69664dd9aba56"],"texas_crash_data_section_crashdata_stats_1_stat_value":[""],"_texas_crash_data_section_crashdata_stats_1_stat_value":["field_69664debaba57"],"texas_crash_data_section_crashdata_stats_1_stat_description":["<div class=\"text-white font-semibold mb-1\">Da\u00f1os No Econ\u00f3micos<\/div>\r\n<div class=\"text-white\/50 text-sm\">Ej: Angustia mental<\/div>"],"_texas_crash_data_section_crashdata_stats_1_stat_description":["field_69664e0daba58"],"texas_crash_data_section_crashdata_stats_1_stat_source":["Texas Civil Practice & Remedies Code \u00a7 71.004"],"_texas_crash_data_section_crashdata_stats_1_stat_source":["field_69664e1eaba59"],"texas_crash_data_section_crashdata_stats_2_stat_icon":["51969"],"_texas_crash_data_section_crashdata_stats_2_stat_icon":["field_69664dd9aba56"],"texas_crash_data_section_crashdata_stats_2_stat_value":[""],"_texas_crash_data_section_crashdata_stats_2_stat_value":["field_69664debaba57"],"texas_crash_data_section_crashdata_stats_2_stat_description":["<div class=\"text-white font-semibold mb-1\">Da\u00f1os Punitivos<\/div>\r\n<div class=\"text-white\/50 text-sm\">Compensaci\u00f3n monetaria por negligencia<\/div>"],"_texas_crash_data_section_crashdata_stats_2_stat_description":["field_69664e0daba58"],"texas_crash_data_section_crashdata_stats_2_stat_source":["Texas Civil Practice & Remedies Code \u00a7 41.003"],"_texas_crash_data_section_crashdata_stats_2_stat_source":["field_69664e1eaba59"],"texas_crash_data_section_crashdata_stats_3_stat_icon":["51919"],"_texas_crash_data_section_crashdata_stats_3_stat_icon":["field_69664dd9aba56"],"texas_crash_data_section_crashdata_stats_3_stat_value":[""],"_texas_crash_data_section_crashdata_stats_3_stat_value":["field_69664debaba57"],"texas_crash_data_section_crashdata_stats_3_stat_description":["<div class=\"text-white font-semibold mb-1\">Plazo de Dos A\u00f1os<\/div>\r\n<div class=\"text-white\/50 text-sm\">Debes presentar la reclamaci\u00f3n de muerte injusta dentro de dos a\u00f1os del fallecimiento<\/div>"],"_texas_crash_data_section_crashdata_stats_3_stat_description":["field_69664e0daba58"],"texas_crash_data_section_crashdata_stats_3_stat_source":["Fuente: TxDOT 2024"],"_texas_crash_data_section_crashdata_stats_3_stat_source":["field_69664e1eaba59"],"texas_crash_data_section_crashdata_stats":["4"],"_texas_crash_data_section_crashdata_stats":["field_69664dc4aba55"],"in_their_words_section_video_testimonials_0_link__embed":["https:\/\/youtu.be\/lclaRIdHRbQ?si=AstDwF7zWw05ssPf"],"_in_their_words_section_video_testimonials_0_link__embed":["field_6968e667bde63"],"in_their_words_section_video_testimonials":["1"],"_in_their_words_section_video_testimonials":["field_6968e64bbde62"],"faq_section_faq_heading":["Preguntas Frecuentes sobre Muerte Injusta"],"_faq_section_faq_heading":["field_6966564138b81"],"faq_section_faq_description":["Encuentra respuestas a las preguntas m\u00e1s comunes que recibimos de familias en duelo en todo Texas, basadas en d\u00e9cadas de experiencia."],"_faq_section_faq_description":["field_6966564f38b82"],"faq_section_faq_items_0_question":["\u00bfCu\u00e1nto tiempo tengo para presentar una reclamaci\u00f3n por muerte injusta en Texas?"],"_faq_section_faq_items_0_question":["field_696678454c74d"],"faq_section_faq_items_0_answer":["La ley de Texas te da dos a\u00f1os desde la fecha del fallecimiento de tu ser querido para presentar una demanda por muerte injusta. Si pierdes ese plazo, pierdes tu derecho a buscar compensaci\u00f3n en la corte. Actuar pronto es fundamental para preservar la evidencia y proteger los intereses de tu familia."],"_faq_section_faq_items_0_answer":["field_696678514c74e"],"faq_section_faq_items_1_question":["\u00bfQu\u00e9 pasa si mi ser querido tuvo parte de la culpa en el accidente?"],"_faq_section_faq_items_1_question":["field_696678454c74d"],"faq_section_faq_items_1_answer":["Seg\u00fan la regla de culpa comparativa modificada de Texas, si se determina que tu ser querido tuvo menos del 50% de la culpa en el incidente, sus familiares pueden recibir compensaci\u00f3n, reducida proporcionalmente seg\u00fan el porcentaje de responsabilidad."],"_faq_section_faq_items_1_answer":["field_696678514c74e"],"faq_section_faq_items_2_question":["\u00bfPuedo presentar una reclamaci\u00f3n por muerte injusta si mi ser querido falleci\u00f3 en el trabajo?"],"_faq_section_faq_items_2_question":["field_696678454c74d"],"faq_section_faq_items_2_answer":["La compensaci\u00f3n laboral generalmente es el remedio exclusivo para muertes en el trabajo. Sin embargo, a\u00fan pueden ser posibles reclamaciones por muerte injusta contra terceros cuya negligencia contribuy\u00f3 a la muerte, como fabricantes de equipos o subcontratistas."],"_faq_section_faq_items_2_answer":["field_696678514c74e"],"faq_section_faq_items_3_question":["\u00bfC\u00f3mo se divide la compensaci\u00f3n entre varios familiares?"],"_faq_section_faq_items_3_question":["field_696678454c74d"],"faq_section_faq_items_3_answer":["La ley de Texas no especifica c\u00f3mo se dividen los da\u00f1os entre los sobrevivientes. La corte considera la relaci\u00f3n de cada familiar con el fallecido, la dependencia econ\u00f3mica y el impacto emocional al determinar la distribuci\u00f3n."],"_faq_section_faq_items_3_answer":["field_696678514c74e"],"faq_section_faq_items":["4"],"_faq_section_faq_items":["field_696678234c74c"],"cta_section_cta_description":["Perder a un ser querido deja a las familias enfrentando no solo un profundo dolor, sino tambi\u00e9n presiones econ\u00f3micas y preguntas sin respuesta. No deber\u00edas tener que navegar procesos legales complejos solo durante este momento tan dif\u00edcil. Llama ahora para hablar con nuestro equipo compasivo sobre tus opciones."],"_cta_section_cta_description":["field_696656b238b87"],"cta_section_cta_button_link":["a:3:{s:5:\"title\";s:12:\"Cont\u00e1ctenos\";s:3:\"url\";s:40:\"https:\/\/www.reyeslaw.com\/es\/contactenos\/\";s:6:\"target\";s:5:\"_self\";}"],"_cta_section_cta_button_link":["field_696656ce38b89"],"rank_math_title":["Abogado de Muerte Injusta en Texas | Revisi\u00f3n de Caso Gratis"],"rank_math_description":["\u00bfPerdiste a un ser querido por muerte injusta en Texas? Nuestros abogados est\u00e1n disponibles 24\/7 para revisiones de caso GRATIS. Sin honorarios a menos que ganemos. Llama Ahora."],"rank_math_focus_keyword":["Abogado de Muerte Injusta en Texas"],"rank_math_robots":["a:1:{i:0;s:5:\"index\";}"],"rank_math_facebook_image":["https:\/\/www.reyeslaw.com\/wp-content\/uploads\/2025\/06\/Fatal_Truck_Accidents_and_Wrongful_Death_Claims.avif"],"rank_math_facebook_image_id":["47271"],"_wpml_word_count":["6"],"_edit_lock":["1776459271:36"],"rank_math_schema_VideoObject":["a:12:{s:5:\"@type\";s:11:\"VideoObject\";s:8:\"metadata\";a:8:{s:5:\"title\";s:5:\"Video\";s:4:\"type\";s:8:\"template\";s:9:\"shortcode\";s:15:\"s-69e29da679da7\";s:9:\"isPrimary\";b:1;s:23:\"reviewLocationShortcode\";s:24:\"[rank_math_rich_snippet]\";s:8:\"category\";s:12:\"%categories%\";s:4:\"tags\";s:6:\"%tags%\";s:15:\"isAutoGenerated\";b:1;}s:4:\"name\";s:11:\"%seo_title%\";s:11:\"description\";s:126:\"Enjoy the videos and music you love, upload original content, and share it all with friends, family, and the world on YouTube.\";s:10:\"uploadDate\";s:20:\"%date(Y-m-dTH:i:sP)%\";s:12:\"thumbnailUrl\";s:16:\"%post_thumbnail%\";s:8:\"embedUrl\";s:41:\"https:\/\/www.youtube.com\/embed\/lclaRIdHRbQ\";s:10:\"contentUrl\";s:0:\"\";s:8:\"duration\";s:0:\"\";s:5:\"width\";s:0:\"\";s:6:\"height\";s:0:\"\";s:16:\"isFamilyFriendly\";b:1;}"],"rank_math_seo_score":["58"],"wpil_links_inbound_internal_count":["0"],"wpil_links_inbound_internal_count_data":["eJxLtDKwqq4FAAZPAf4="],"wpil_links_outbound_internal_count":["0"],"wpil_links_outbound_internal_count_data":["eJxLtDKwqq4FAAZPAf4="],"wpil_links_outbound_external_count":["1"],"wpil_links_outbound_external_count_data":["eJxNUMtuwjAQ\/JXI54oQUtpqI9RrK7VU5dKj5dgLWDh25IcCQvx714ZWnLw7O+OZXQENnDXMuy9olsB+Rm34p1No+Ie2BwZNC+cAz8AMtVwr1mVygBZY8oZRtXwCto9xDFDX0zTNTi7F1ONMuqHGoUdVG2nE5l29bfrv1y2KmDyuXBll\/SPJXYi5bBpgd\/IMvQDTNqK3gsz6Yk2CsQjW1JC5sHLvfCa3lHPtqitQRTzGhyrnrnSotoQIW+mtFwMWM1pXKIWK9yc+mrTT9s+BTI2TImpnM5N+lY5C2BJyMb8dY9rrMKLn0tNO+H+ZvIQOXKToMu0ejl7Ig7a7uztmeHAqGeRXNkHAmvIubkbF\/Bhvs5Z1l8svJVmPCg=="],"wpil_sync_report2_time":["2026-04-17T20:52:57+00:00"],"_acf_changed":["1"],"_eb_attr":[""],"inline_featured_image":[""],"_uag_custom_page_level_css":[""],"footnotes":[""],"_elementor_edit_mode":[""],"_elementor_template_type":[""],"_elementor_data":[""],"_elementor_conditions":["a:0:{}"],"_edit_last":["36"],"_ez-toc-disabled":[""],"_ez-toc-insert":[""],"_ez-toc-header-label":[""],"_ez-toc-device-target":[""],"_ez-toc-alignment":["none"],"_ez-toc-heading-levels":["a:0:{}"],"_ez-toc-alttext":[""],"_ez-toc-visibility_hide_by_default":[""],"_ez-toc-hide_counter":[""],"_ez-toc-exclude":[""],"_ez-toc-word_count_limit":["0"],"_ez-toc-position-specific":[""],"understanding_risks_section_risks_source_note":[""],"_understanding_risks_section_risks_source_note":["field_69664b58aba43"],"texas_crash_data_section_crashdata_source":[""],"_texas_crash_data_section_crashdata_source":["field_69664da9aba54"],"big_wins_section_select_posts":[""],"_big_wins_section_select_posts":["field_6966707bd8d54"],"faq_section_faq_button_link":[""],"_faq_section_faq_button_link":["field_6966567238b84"],"hefo_before":["0"],"hefo_after":["0"],"_wpml_media_has_media":["1"],"_wpml_media_duplicate":["1"],"_wpml_media_featured":["1"],"_oembed_57244f97dcd94276f02d61a483f3e28f":["<iframe title=\"Justicia y Resultados Reales | Testimonios | Angel Reyes &amp; Associates\" width=\"800\" height=\"450\" src=\"https:\/\/www.youtube.com\/embed\/lclaRIdHRbQ?feature=oembed\" frameborder=\"0\" allow=\"accelerometer; autoplay; clipboard-write; encrypted-media; gyroscope; picture-in-picture; web-share\" referrerpolicy=\"strict-origin-when-cross-origin\" allowfullscreen><\/iframe>"],"_oembed_time_57244f97dcd94276f02d61a483f3e28f":["1776459187"],"_uag_css_file_name":["uag-css-54700.css"],"_uag_page_assets":["a:9:{s:3:\"css\";s:263:\".uag-blocks-common-selector{z-index:var(--z-index-desktop) !important}@media (max-width: 976px){.uag-blocks-common-selector{z-index:var(--z-index-tablet) !important}}@media (max-width: 767px){.uag-blocks-common-selector{z-index:var(--z-index-mobile) !important}}\n\";s:2:\"js\";s:0:\"\";s:18:\"current_block_list\";a:7:{i:0;s:11:\"core\/search\";i:1;s:10:\"core\/group\";i:2;s:12:\"core\/heading\";i:3;s:17:\"core\/latest-posts\";i:4;s:20:\"core\/latest-comments\";i:5;s:13:\"core\/archives\";i:6;s:15:\"core\/categories\";}s:8:\"uag_flag\";b:0;s:11:\"uag_version\";s:10:\"1776985061\";s:6:\"gfonts\";a:0:{}s:10:\"gfonts_url\";s:0:\"\";s:12:\"gfonts_files\";a:0:{}s:14:\"uag_faq_layout\";b:0;}"],"_elementor_page_assets":["a:0:{}"]},"uagb_featured_image_src":{"full":["https:\/\/www.reyeslaw.com\/wp-content\/uploads\/2026\/02\/Wrongful-Death.jpg",1920,1080,false],"thumbnail":["https:\/\/www.reyeslaw.com\/wp-content\/uploads\/2026\/02\/Wrongful-Death-150x150.jpg",150,150,true],"medium":["https:\/\/www.reyeslaw.com\/wp-content\/uploads\/2026\/02\/Wrongful-Death-300x169.jpg",300,169,true],"medium_large":["https:\/\/www.reyeslaw.com\/wp-content\/uploads\/2026\/02\/Wrongful-Death-768x432.jpg",768,432,true],"large":["https:\/\/www.reyeslaw.com\/wp-content\/uploads\/2026\/02\/Wrongful-Death-1024x576.jpg",800,450,true],"1536x1536":["https:\/\/www.reyeslaw.com\/wp-content\/uploads\/2026\/02\/Wrongful-Death-1536x864.jpg",1536,864,true],"2048x2048":["https:\/\/www.reyeslaw.com\/wp-content\/uploads\/2026\/02\/Wrongful-Death.jpg",1920,1080,false],"dx-single-featured-sm":["https:\/\/www.reyeslaw.com\/wp-content\/uploads\/2026\/02\/Wrongful-Death.jpg",420,236,false],"dx-single-featured":["https:\/\/www.reyeslaw.com\/wp-content\/uploads\/2026\/02\/Wrongful-Death.jpg",744,419,false],"gform-image-choice-sm":["https:\/\/www.reyeslaw.com\/wp-content\/uploads\/2026\/02\/Wrongful-Death.jpg",300,169,false],"gform-image-choice-md":["https:\/\/www.reyeslaw.com\/wp-content\/uploads\/2026\/02\/Wrongful-Death.jpg",400,225,false],"gform-image-choice-lg":["https:\/\/www.reyeslaw.com\/wp-content\/uploads\/2026\/02\/Wrongful-Death.jpg",600,338,false]},"uagb_author_info":{"display_name":"Priscila","author_link":"https:\/\/www.reyeslaw.com\/es\/author\/priscilla\/"},"uagb_comment_info":0,"uagb_excerpt":null,"_links":{"self":[{"href":"https:\/\/www.reyeslaw.com\/es\/wp-json\/wp\/v2\/pages\/54700","targetHints":{"allow":["GET"]}}],"collection":[{"href":"https:\/\/www.reyeslaw.com\/es\/wp-json\/wp\/v2\/pages"}],"about":[{"href":"https:\/\/www.reyeslaw.com\/es\/wp-json\/wp\/v2\/types\/page"}],"author":[{"embeddable":true,"href":"https:\/\/www.reyeslaw.com\/es\/wp-json\/wp\/v2\/users\/36"}],"replies":[{"embeddable":true,"href":"https:\/\/www.reyeslaw.com\/es\/wp-json\/wp\/v2\/comments?post=54700"}],"version-history":[{"count":0,"href":"https:\/\/www.reyeslaw.com\/es\/wp-json\/wp\/v2\/pages\/54700\/revisions"}],"wp:featuredmedia":[{"embeddable":true,"href":"https:\/\/www.reyeslaw.com\/es\/wp-json\/wp\/v2\/media\/51916"}],"wp:attachment":[{"href":"https:\/\/www.reyeslaw.com\/es\/wp-json\/wp\/v2\/media?parent=54700"}],"curies":[{"name":"wp","href":"https:\/\/api.w.org\/{rel}","templated":true}]}}