{"id":56136,"date":"2026-05-12T15:30:14","date_gmt":"2026-05-12T20:30:14","guid":{"rendered":"https:\/\/www.reyeslaw.com\/?page_id=56136"},"modified":"2026-05-12T15:31:40","modified_gmt":"2026-05-12T20:31:40","slug":"accidentes-de-auto","status":"publish","type":"page","link":"https:\/\/www.reyeslaw.com\/es\/irving\/accidentes-de-auto\/","title":{"rendered":"Abogado de Accidentes de Auto en Irving"},"content":{"rendered":"","protected":false},"excerpt":{"rendered":"","protected":false},"author":32,"featured_media":51198,"parent":43117,"menu_order":0,"comment_status":"closed","ping_status":"closed","template":"templates\/office-location.php","meta":{"_acf_changed":false,"_eb_attr":"","inline_featured_image":false,"_uag_custom_page_level_css":"","footnotes":""},"class_list":["post-56136","page","type-page","status-publish","has-post-thumbnail","hentry"],"acf":[],"spectra_custom_meta":{"_uagb_previous_block_counts":["a:90:{s:21:\"uagb\/advanced-heading\";i:0;s:15:\"uagb\/blockquote\";i:0;s:12:\"uagb\/buttons\";i:0;s:18:\"uagb\/buttons-child\";i:0;s:19:\"uagb\/call-to-action\";i:0;s:15:\"uagb\/cf7-styler\";i:0;s:11:\"uagb\/column\";i:0;s:12:\"uagb\/columns\";i:0;s:14:\"uagb\/container\";i:0;s:21:\"uagb\/content-timeline\";i:0;s:27:\"uagb\/content-timeline-child\";i:0;s:14:\"uagb\/countdown\";i:0;s:12:\"uagb\/counter\";i:0;s:8:\"uagb\/faq\";i:0;s:14:\"uagb\/faq-child\";i:0;s:10:\"uagb\/forms\";i:0;s:17:\"uagb\/forms-accept\";i:0;s:19:\"uagb\/forms-checkbox\";i:0;s:15:\"uagb\/forms-date\";i:0;s:16:\"uagb\/forms-email\";i:0;s:17:\"uagb\/forms-hidden\";i:0;s:15:\"uagb\/forms-name\";i:0;s:16:\"uagb\/forms-phone\";i:0;s:16:\"uagb\/forms-radio\";i:0;s:17:\"uagb\/forms-select\";i:0;s:19:\"uagb\/forms-textarea\";i:0;s:17:\"uagb\/forms-toggle\";i:0;s:14:\"uagb\/forms-url\";i:0;s:14:\"uagb\/gf-styler\";i:0;s:15:\"uagb\/google-map\";i:0;s:11:\"uagb\/how-to\";i:0;s:16:\"uagb\/how-to-step\";i:0;s:9:\"uagb\/icon\";i:0;s:14:\"uagb\/icon-list\";i:0;s:20:\"uagb\/icon-list-child\";i:0;s:10:\"uagb\/image\";i:0;s:18:\"uagb\/image-gallery\";i:0;s:13:\"uagb\/info-box\";i:0;s:18:\"uagb\/inline-notice\";i:0;s:11:\"uagb\/lottie\";i:0;s:21:\"uagb\/marketing-button\";i:0;s:10:\"uagb\/modal\";i:0;s:18:\"uagb\/popup-builder\";i:0;s:16:\"uagb\/post-button\";i:0;s:18:\"uagb\/post-carousel\";i:0;s:17:\"uagb\/post-excerpt\";i:0;s:14:\"uagb\/post-grid\";i:0;s:15:\"uagb\/post-image\";i:0;s:17:\"uagb\/post-masonry\";i:0;s:14:\"uagb\/post-meta\";i:0;s:18:\"uagb\/post-taxonomy\";i:0;s:18:\"uagb\/post-timeline\";i:0;s:15:\"uagb\/post-title\";i:0;s:20:\"uagb\/restaurant-menu\";i:0;s:26:\"uagb\/restaurant-menu-child\";i:0;s:11:\"uagb\/review\";i:0;s:12:\"uagb\/section\";i:0;s:14:\"uagb\/separator\";i:0;s:11:\"uagb\/slider\";i:0;s:17:\"uagb\/slider-child\";i:0;s:17:\"uagb\/social-share\";i:0;s:23:\"uagb\/social-share-child\";i:0;s:16:\"uagb\/star-rating\";i:0;s:23:\"uagb\/sure-cart-checkout\";i:0;s:22:\"uagb\/sure-cart-product\";i:0;s:15:\"uagb\/sure-forms\";i:0;s:22:\"uagb\/table-of-contents\";i:0;s:9:\"uagb\/tabs\";i:0;s:15:\"uagb\/tabs-child\";i:0;s:18:\"uagb\/taxonomy-list\";i:0;s:9:\"uagb\/team\";i:0;s:16:\"uagb\/testimonial\";i:0;s:14:\"uagb\/wp-search\";i:0;s:19:\"uagb\/instagram-feed\";i:0;s:10:\"uagb\/login\";i:0;s:17:\"uagb\/loop-builder\";i:0;s:18:\"uagb\/loop-category\";i:0;s:20:\"uagb\/loop-pagination\";i:0;s:15:\"uagb\/loop-reset\";i:0;s:16:\"uagb\/loop-search\";i:0;s:14:\"uagb\/loop-sort\";i:0;s:17:\"uagb\/loop-wrapper\";i:0;s:13:\"uagb\/register\";i:0;s:19:\"uagb\/register-email\";i:0;s:24:\"uagb\/register-first-name\";i:0;s:23:\"uagb\/register-last-name\";i:0;s:22:\"uagb\/register-password\";i:0;s:30:\"uagb\/register-reenter-password\";i:0;s:19:\"uagb\/register-terms\";i:0;s:22:\"uagb\/register-username\";i:0;}"],"rank_math_internal_links_processed":["1"],"wpil_sync_report3":["1"],"_wp_page_template":["templates\/office-location.php"],"global_settings":[""],"_global_settings":["field_695d14e32717d"],"hero_section":[""],"_hero_section":["field_695d11d6629cb"],"attorneys_section":[""],"_attorneys_section":["field_695d13c127171"],"in_their_words_section":[""],"_in_their_words_section":["field_695d7fc888562"],"data_and_statistics":[""],"_data_and_statistics":["field_695d45ac43bab"],"help_section":[""],"_help_section":["field_695d4fb1516c6"],"how_it_works_section":[""],"_how_it_works_section":["field_695d6034da277"],"video_section":[""],"_video_section":["field_695d8d4e9fe90"],"after_accident_section":[""],"_after_accident_section":["field_695d65e727a9a"],"contact_section":[""],"_contact_section":["field_695d6a2965ae5"],"faq_section":[""],"_faq_section":["field_695d70e015ef5"],"_thumbnail_id":["51198"],"global_settings_city_name":["Irving"],"_global_settings_city_name":["field_695d14cf2717c"],"hero_section_office_name":["Abogado de Accidentes de Auto en Irving"],"_hero_section_office_name":["field_695d0f7b036eb"],"hero_section_office_description":["Vas manejando por Irving cuando, de repente, alguien choca tu carro. De inmediato sientes dolor en todo el cuerpo. Tu mente empieza a preocuparse por c\u00f3mo vas a pagar todo. En Angel Reyes &amp; Associates llevamos m\u00e1s de 30 a\u00f1os luchando por texanos lesionados. Empieza a proteger tus derechos y a buscar la compensaci\u00f3n que mereces."],"_hero_section_office_description":["field_695d0fb8036ec"],"hero_section_office_phone":["<a href=\"tel:8555483331\">855-548-3331<\/a>"],"_hero_section_office_phone":["field_695d1196629c9"],"hero_section_office_directions":["<a href=\"https:\/\/maps.app.goo.gl\/Nf3ATKRGVLr5UEVb6\">4425 W Airport Fwy, Ste 149, Irving, TX 75062<\/a>"],"_hero_section_office_directions":["field_695d11af629ca"],"attorneys_section_section_title":["Abogados de Accidentes de Auto en Irving"],"_attorneys_section_section_title":["field_695d14bd2717a"],"attorneys_section_section_description":["Conoce a tus abogados de Irving a continuaci\u00f3n"],"_attorneys_section_section_description":["field_695d14c42717b"],"attorneys_section_select_attorneys":["0"],"_attorneys_section_select_attorneys":["field_6970af3a5d27c"],"attorneys_section_attorneys":["a:4:{i:0;s:5:\"40271\";i:1;s:5:\"40317\";i:2;s:5:\"40329\";i:3;s:5:\"40384\";}"],"_attorneys_section_attorneys":["field_695d13db27176"],"in_their_words_section_video_testimonials_0_link_or_embed":["https:\/\/youtu.be\/lclaRIdHRbQ?si=OE3QZBxuK7By8mZY"],"_in_their_words_section_video_testimonials_0_link_or_embed":["field_695d800888564"],"in_their_words_section_video_testimonials":["1"],"_in_their_words_section_video_testimonials":["field_695d7ff888563"],"data_and_statistics_section_title":["Datos y Estad\u00edsticas de Accidentes de Auto en Irving"],"_data_and_statistics_section_title":["field_695d45ac43bac"],"data_and_statistics_section_description":["La ubicaci\u00f3n de Irving entre Dallas y Fort Worth genera un flujo constante de tr\u00e1fico en rutas principales como la Highway 635, la I-35E y la State Highway 183, donde la congesti\u00f3n provoca accidentes frecuentes. Seg\u00fan datos de TxDOT de 2024, Irving registr\u00f3 4,187 accidentes en total, causando p\u00e9rdidas devastadoras en nuestra comunidad."],"_data_and_statistics_section_description":["field_695d45ac43bad"],"data_and_statistics_section_information":["<h3 style=\"font-size: 22px; margin: 0;\">Cifras de choques:<\/h3>\r\n<ul>\r\n \t<li><i class=\"fas fa-car-crash crash-icon\"><\/i> Accidentes Fatales: 14 (14 muertes)<\/li>\r\n \t<li><i class=\"fas fa-car-crash crash-icon\"><\/i> Accidentes con Lesiones Graves: 76 (91 lesiones graves)<\/li>\r\n \t<li><i class=\"fas fa-car-crash crash-icon\"><\/i> Accidentes con Lesiones Leves: 513 (668 lesiones)<\/li>\r\n \t<li><i class=\"fas fa-car-crash crash-icon\"><\/i> Total de Accidentes: 4,187<\/li>\r\n<\/ul>\r\n<em>Fuente: <a style=\"color: #6ec17c;\" href=\"https:\/\/www.txdot.gov\/data-maps\/crash-reports-records\/motor-vehicle-crash-statistics.html\" target=\"_blank\" rel=\"noopener\">Texas Department of Transportation, 2024<\/a><\/em>"],"_data_and_statistics_section_information":["field_695d45d143bb2"],"data_and_statistics_apply_new_layout":["0"],"_data_and_statistics_apply_new_layout":["field_696f9dfef3563"],"help_section_description":["Desde choques en autopistas principales hasta accidentes en calles locales de Irving, atendemos casos de accidentes de auto de todo tipo y gravedad."],"_help_section_description":["field_6970d7d892c7c"],"help_section_cards_card_1_title":["\u00bfNecesitas ayuda con tu caso de lesiones personales?"],"_help_section_cards_card_1_title":["field_695d5060516cc"],"help_section_cards_card_1_description":["Ya sea que hayas sufrido lesiones en un accidente de cami\u00f3n, de carro o cualquier otro choque, en Angel Reyes & Associates trabajamos para obtener la compensaci\u00f3n que mereces por tus gastos m\u00e9dicos, la p\u00e9rdida de ingresos y el dolor que est\u00e1s viviendo."],"_help_section_cards_card_1_description":["field_695d506d516cd"],"help_section_cards_card_1_link":["a:3:{s:5:\"title\";s:40:\"Abogado de Lesiones Personales en Irving\";s:3:\"url\";s:35:\"https:\/\/www.reyeslaw.com\/es\/irving\/\";s:6:\"target\";s:0:\"\";}"],"_help_section_cards_card_1_link":["field_695d5077516ce"],"help_section_cards_card_1":[""],"_help_section_cards_card_1":["field_695d503c516cb"],"help_section_cards_card_2_title":["\u00bfTe lesionaste en un accidente de cami\u00f3n?"],"_help_section_cards_card_2_title":["field_695d5091516d1"],"help_section_cards_card_2_description":["Los choques con camiones suelen provocar lesiones graves debido al tama\u00f1o y peso de estos veh\u00edculos. Nuestros abogados de accidentes de cami\u00f3n en Irving investigan a fondo estos casos y se encargan de que las empresas de transporte negligentes respondan por sus acciones."],"_help_section_cards_card_2_description":["field_695d5091516d2"],"help_section_cards_card_2_link":["a:3:{s:5:\"title\";s:42:\"Abogado de Accidentes de Cami\u00f3n en Irving\";s:3:\"url\";s:58:\"https:\/\/www.reyeslaw.com\/es\/irving\/accidentes-de-camiones\/\";s:6:\"target\";s:0:\"\";}"],"_help_section_cards_card_2_link":["field_695d5091516d3"],"help_section_cards_card_2":[""],"_help_section_cards_card_2":["field_695d5091516d0"],"help_section_cards_card_3_title":["\u00bfTe lesionaste en un choque de impacto lateral?"],"_help_section_cards_card_3_title":["field_695d5096516d5"],"help_section_cards_card_3_description":["Los choques laterales en las intersecciones est\u00e1n entre los tipos de accidentes de auto m\u00e1s peligrosos. Descubre qu\u00e9 los causa y c\u00f3mo puedes proteger tus derechos."],"_help_section_cards_card_3_description":["field_695d5096516d6"],"help_section_cards_card_3_link":["a:3:{s:5:\"title\";s:76:\"Accidentes de Impacto Lateral en Texas: Lo Que Todo Conductor Necesita Saber\";s:3:\"url\";s:66:\"https:\/\/www.reyeslaw.com\/es\/blog\/accidentes-impacto-lateral-texas\/\";s:6:\"target\";s:5:\"_self\";}"],"_help_section_cards_card_3_link":["field_695d5096516d7"],"help_section_cards_card_3":[""],"_help_section_cards_card_3":["field_695d5096516d4"],"help_section_cards":[""],"_help_section_cards":["field_695d4fb5516ca"],"help_section_accident_types_list":["1"],"_help_section_accident_types_list":["field_6970b22557b30"],"help_section_accident_types_list_manually":["<ul class=\"list-style-green-tick list-none pl-0 m-0 columns-1 md:columns-2 lg:columns-3\">\r\n \t<li><a href=\"https:\/\/www.reyeslaw.com\/es\/accidentes-de-camiones\/\">Accidentes de Cami\u00f3n<\/a><\/li>\r\n \t<li><a href=\"https:\/\/www.reyeslaw.com\/es\/accidentes-de-motocicleta\/\">Accidentes de Motocicleta<\/a><\/li>\r\n \t<li><a href=\"https:\/\/www.reyeslaw.com\/es\/accidentes-de-uber-y-lyft\/\">Accidentes de Rideshare (Uber y Lyft)<\/a><\/li>\r\n \t<li><a href=\"https:\/\/www.reyeslaw.com\/es\/accidentes-de-autobus\/\">Accidentes de Autob\u00fas<\/a><\/li>\r\n \t<li><a href=\"https:\/\/www.reyeslaw.com\/es\/accidentes-de-peatones\/\">Accidentes de Peat\u00f3n<\/a><\/li>\r\n \t<li><a href=\"https:\/\/www.reyeslaw.com\/es\/accidentes-de-bicicleta\/\">Accidentes de Bicicleta<\/a><\/li>\r\n \t<li><a href=\"https:\/\/www.reyeslaw.com\/es\/responsabilidad-de-propiedades\/\">Responsabilidad de Propiedades (Resbalones y Ca\u00eddas)<\/a><\/li>\r\n \t<li><a href=\"https:\/\/www.reyeslaw.com\/es\/muerte-injusta\/\">Muerte Injusta<\/a><\/li>\r\n<\/ul>"],"_help_section_accident_types_list_manually":["field_695d4fb1516c9"],"how_it_works_section_works_phone":["855-548-3331"],"_how_it_works_section_works_phone":["field_695d6043da287"],"video_section_section_title":["\u00bfCu\u00e1les son las principales causas de los accidentes de auto?"],"_video_section_section_title":["field_695d8d5f9fe91"],"video_section_section_description":["Mira c\u00f3mo Angel Reyes, abogado de lesiones personales, revela las 5 principales causas de los accidentes de auto, bas\u00e1ndose en a\u00f1os de experiencia legal manejando miles de casos."],"_video_section_section_description":["field_695d8d6f9fe92"],"video_section_youtube_link":["https:\/\/www.youtube.com\/watch?v=MBDCJ7lerPg"],"_video_section_youtube_link":["field_695d8d7b9fe93"],"after_accident_section_section_title":["Pasos Importantes Despu\u00e9s de un Accidente de Auto"],"_after_accident_section_section_title":["field_695d65f727a9b"],"after_accident_section_section_description":["Si tienes un accidente de auto en Irving, es normal no saber qu\u00e9 hacer. Actuar r\u00e1pido y tomar las decisiones correctas desde el inicio puede marcar la diferencia para proteger tus derechos."],"_after_accident_section_section_description":["field_695d660127a9c"],"after_accident_section_cta_button":["a:3:{s:5:\"title\";s:78:\"Qu\u00e9 Hacer Inmediatamente Despu\u00e9s de un Accidente de Auto: Una Gu\u00eda Completo\";s:3:\"url\";s:75:\"https:\/\/www.reyeslaw.com\/es\/blog\/que-hacer-despues-de-un-accidente-de-auto\/\";s:6:\"target\";s:5:\"_self\";}"],"_after_accident_section_cta_button":["field_695d660b27a9d"],"contact_section_badges_gallery":["a:1:{i:0;s:5:\"50292\";}"],"_contact_section_badges_gallery":["field_695d6a2965ae6"],"faq_section_section_title":["Preguntas Frecuentes sobre Accidentes de Auto en Irving"],"_faq_section_section_title":["field_695d71bcbd781"],"faq_section_section_description":["Encuentra respuestas a las preguntas m\u00e1s comunes sobre nuestros servicios legales y descubre c\u00f3mo Angel Reyes &amp; Associates puede ayudarte con tu caso."],"_faq_section_section_description":["field_695d71c4bd782"],"faq_section_faqs_0_question":["\u00bfQu\u00e9 debo hacer inmediatamente despu\u00e9s de un accidente de auto en Irving?"],"_faq_section_faqs_0_question":["field_695d710f15ef7"],"faq_section_faqs_0_answer":["Primero, busca atenci\u00f3n m\u00e9dica llamando al 911. Luego documenta la escena con fotos y re\u00fane informaci\u00f3n de testigos si es posible. Llama a nuestros abogados de accidentes de auto en Irving lo antes posible para comenzar a proteger tus derechos."],"_faq_section_faqs_0_answer":["field_695d711615ef8"],"faq_section_faqs_1_question":["\u00bfC\u00f3mo s\u00e9 si tengo un caso de accidente de auto bajo la ley de Texas?"],"_faq_section_faqs_1_question":["field_695d710f15ef7"],"faq_section_faqs_1_answer":["Es posible que tengas un caso v\u00e1lido si tus lesiones fueron causadas por el manejo descuidado o imprudente de otro conductor. Podemos evaluar tu situaci\u00f3n espec\u00edfica durante una consulta gratuita."],"_faq_section_faqs_1_answer":["field_695d711615ef8"],"faq_section_faqs_2_question":["\u00bfCu\u00e1nto tiempo despu\u00e9s de un accidente de auto en Irving puedo presentar mi reclamaci\u00f3n?"],"_faq_section_faqs_2_question":["field_695d710f15ef7"],"faq_section_faqs_2_answer":["En Texas, el plazo legal para la mayor\u00eda de los casos de accidentes de auto es de dos a\u00f1os a partir de la fecha del choque."],"_faq_section_faqs_2_answer":["field_695d711615ef8"],"faq_section_faqs_3_question":["\u00bfCu\u00e1nto cuesta contratar a un abogado de accidentes de auto en Irving?"],"_faq_section_faqs_3_question":["field_695d710f15ef7"],"faq_section_faqs_3_answer":["Nuestros abogados de accidentes de auto en Irving trabajan en base a honorarios condicionales, lo que significa que no pagas nada a menos que ganemos tu caso. Durante tu consulta gratuita, te explicaremos nuestra estructura de honorarios en detalle."],"_faq_section_faqs_3_answer":["field_695d711615ef8"],"faq_section_faqs":["4"],"_faq_section_faqs":["field_695d70f215ef6"],"rank_math_title":["Abogado de Accidentes de Auto en Irving | Revisi\u00f3n GRATIS"],"rank_math_description":["\u00bfTe lesionaste en un accidente de auto en Irving? Nuestros abogados luchan por tus derechos. Consulta gratuita. Llama a Angel Reyes & Associates hoy."],"rank_math_focus_keyword":["Abogado de Accidentes de Auto en Irving"],"_wpml_word_count":["7"],"_edit_last":["36"],"wpil_links_inbound_internal_count":["0"],"wpil_links_inbound_internal_count_data":["eJxLtDKwqq4FAAZPAf4="],"wpil_links_outbound_internal_count":["9"],"wpil_links_outbound_internal_count_data":["eJzlmE1r4zAQhv+K0al7cOPPfKinbk8LbbYUlj0aWVISbRXLSDLZUPKT9rS3vfaP7chO0iSFQhowGN8sefxq5p0HZQjBE\/wicHDzHYcpRj9LIbMHxbjM7kXxjHAY4xeDRxhJWGaCoRsXbHCMUaUlck8TjBbWlgYPBqvV6lrzNTeSrK6pWg4sl3icpmkyjuM4dOEJRCtj3WMYYXQY7fbGGInCcl0QEM9x2HxR1l9MYTHEiBR0ofROANR9kPd3+q4KwhhnWb7OSlnNReGEgkZbKkqsUIWLhKKogrOKOpko2Na4WghTcp1RzYnl+4LDEDIzGamscmGH21YT+iyK+YE9bnupWCV5dhQdbQ+pD\/5tm\/2NgDo\/7X8afuA\/NwNCqWBQJDc+4z4lSygfti\/sxbt0H902DhOXLmg1mSbDKIldjmCSsJI3PQQRuy45OtSrO2sssZVpgg67M20knAVmL2Ggt3smqBR0925ca4qmzdMtEkrPSSFoBr2azQTdf8iZsA6m6bZphM6yo3OB7iW3JGPEEnRDcIBfNo1dQIPhKtsXtjmhMwK52735HuPeHZj\/+rfoLqbRBZgm52C6VFZRQSU43xqp8aS3pKanpD68+d9dWuO2aK1yrv21L9cz29692lta49EprU\/wbBZEc+\/qB7TCW3v30Iov3SU3uYDc4BxyXf551dY0EIdh2ldqo+iU2lvn\/es\/011M07am1hKKandqHfeW03dT6yOY3+mpdXgBptE5mOai7Zk16e99Gp9y+lV0fmIdXUDqR3\/DAKmam1IVhuRCCkZYfatqVQoOi7Yu1jQZDpO+AptCr56Om1Dfrm9N8K7gfU6k+6WDGfaOvP5hxHR4jB1\/Huck\/hjnZcW15b4oflWmrfs2TUZB0Fd8wQv0UJvufWtM7yqXm\/+LkG7M"],"wpil_links_outbound_external_count":["4"],"wpil_links_outbound_external_count_data":["eJztU11P2zAU\/SuWn9uk+WrBaJrY2AcbdFvXwd4ix3YTCyeObKcfQvx3rlNgpZo0gTaJhz3FPr7X5\/ieHEpSci3J6OgLiTKCL1up8nPNhcrPZHOFSZSQa0smBCvY5pLjI19sSUJwZxSGVRoRXDnXWhKGNW1tQNs2KLUOShVOF8nx\/PPsw8WZyX68uyjGfQPUa+v80lPu9Xj4gGDZOGEaCtui54Omtm+awmZMMG1YpU1\/HdyRpnGGLtGxNK02Dr1fbQbouxMoSg8H6NQsZVMO0PwnmmSjcXxPTDkXPC82eau6Ujb3TECuNKNO6sZXwtOZBjFNLzge3U1iVUnbCpMzI6gTD2OJYBjS5rRz2pftws5QdgVCdobo4VrzTon8UXV8R9ITr90Wv5Eker5L2fiXS6vVKtjoznWFCJiuQ1EXgoeKKTo75R9nxbfXC3hUZ8Qr3R\/tmwaqd9qfbFgCOqcabQHkHzhAXjeSFi0AoQ2SC0Nr8YKNAojgCP\/WrP4swd6w+PmGHRw+NsytuXaQkWXIqaNDn5qQGWqroRH+p7fwZdpwG9baaTNcikoyJYbbGutgTtZJZoPK1WrPUaB6uP7p+YNJz8WaWnQiWmpcDQ4gvUBzQxvrlfUODVA8itMX7Ogfopf8y+idvzl5+2mihPla\/o\/eX4nezS0RVToe"],"wpil_sync_report2_time":["2026-05-12T20:31:45+00:00"],"_edit_lock":["1778618110:36"],"rank_math_seo_score":["72"],"rank_math_contentai_score":["a:5:{s:8:\"keywords\";s:5:\"74.51\";s:9:\"wordCount\";s:1:\"0\";s:9:\"linkCount\";s:1:\"0\";s:12:\"headingCount\";s:1:\"0\";s:10:\"mediaCount\";s:1:\"0\";}"],"_ez-toc-disabled":[""],"_ez-toc-insert":[""],"_ez-toc-header-label":[""],"_ez-toc-device-target":[""],"_ez-toc-alignment":["none"],"_ez-toc-heading-levels":["a:0:{}"],"_ez-toc-alttext":[""],"_ez-toc-visibility_hide_by_default":[""],"_ez-toc-hide_counter":[""],"_ez-toc-exclude":[""],"_ez-toc-word_count_limit":["0"],"_ez-toc-position-specific":[""],"help_section_cta_button":[""],"_help_section_cta_button":["field_695d5f03d4a93"],"hefo_before":["0"],"hefo_after":["0"],"_wpml_media_duplicate":["1"],"_wpml_media_featured":["1"],"_oembed_4d0b5c59e3dfdb3a728faaae24473687":["<iframe title=\"Justicia y Resultados Reales | Testimonios | Angel Reyes &amp; Associates\" width=\"800\" height=\"450\" src=\"https:\/\/www.youtube.com\/embed\/lclaRIdHRbQ?feature=oembed\" frameborder=\"0\" allow=\"accelerometer; autoplay; clipboard-write; encrypted-media; gyroscope; picture-in-picture; web-share\" referrerpolicy=\"strict-origin-when-cross-origin\" allowfullscreen><\/iframe>"],"_oembed_time_4d0b5c59e3dfdb3a728faaae24473687":["1778617818"],"_oembed_72fe0b9e9a5c03192f15e4fa8b20b3e7":["<iframe title=\"5 Biggest Causes of Car Crashes Revealed\" width=\"800\" height=\"450\" src=\"https:\/\/www.youtube.com\/embed\/MBDCJ7lerPg?feature=oembed\" frameborder=\"0\" allow=\"accelerometer; autoplay; clipboard-write; encrypted-media; gyroscope; picture-in-picture; web-share\" referrerpolicy=\"strict-origin-when-cross-origin\" allowfullscreen><\/iframe>"],"_oembed_time_72fe0b9e9a5c03192f15e4fa8b20b3e7":["1778617818"],"_uag_css_file_name":["uag-css-56136.css"],"_elementor_page_assets":["a:0:{}"],"_uag_page_assets":["a:9:{s:3:\"css\";s:260:\".uag-blocks-common-selector{z-index:var(--z-index-desktop) !important}@media(max-width: 976px){.uag-blocks-common-selector{z-index:var(--z-index-tablet) !important}}@media(max-width: 767px){.uag-blocks-common-selector{z-index:var(--z-index-mobile) !important}}\";s:2:\"js\";s:0:\"\";s:18:\"current_block_list\";a:7:{i:0;s:11:\"core\/search\";i:1;s:10:\"core\/group\";i:2;s:12:\"core\/heading\";i:3;s:17:\"core\/latest-posts\";i:4;s:20:\"core\/latest-comments\";i:5;s:13:\"core\/archives\";i:6;s:15:\"core\/categories\";}s:8:\"uag_flag\";b:0;s:11:\"uag_version\";s:10:\"1778885472\";s:6:\"gfonts\";a:0:{}s:10:\"gfonts_url\";s:0:\"\";s:12:\"gfonts_files\";a:0:{}s:14:\"uag_faq_layout\";b:0;}"]},"uagb_featured_image_src":{"full":["https:\/\/www.reyeslaw.com\/wp-content\/uploads\/2026\/01\/Irving.jpg",1200,900,false],"thumbnail":["https:\/\/www.reyeslaw.com\/wp-content\/uploads\/2026\/01\/Irving-150x150.jpg",150,150,true],"medium":["https:\/\/www.reyeslaw.com\/wp-content\/uploads\/2026\/01\/Irving-300x225.jpg",300,225,true],"medium_large":["https:\/\/www.reyeslaw.com\/wp-content\/uploads\/2026\/01\/Irving-768x576.jpg",768,576,true],"large":["https:\/\/www.reyeslaw.com\/wp-content\/uploads\/2026\/01\/Irving-1024x768.jpg",800,600,true],"1536x1536":["https:\/\/www.reyeslaw.com\/wp-content\/uploads\/2026\/01\/Irving.jpg",1200,900,false],"2048x2048":["https:\/\/www.reyeslaw.com\/wp-content\/uploads\/2026\/01\/Irving.jpg",1200,900,false],"dx-single-featured-sm":["https:\/\/www.reyeslaw.com\/wp-content\/uploads\/2026\/01\/Irving.jpg",420,315,false],"dx-single-featured":["https:\/\/www.reyeslaw.com\/wp-content\/uploads\/2026\/01\/Irving.jpg",744,558,false],"gform-image-choice-sm":["https:\/\/www.reyeslaw.com\/wp-content\/uploads\/2026\/01\/Irving.jpg",300,225,false],"gform-image-choice-md":["https:\/\/www.reyeslaw.com\/wp-content\/uploads\/2026\/01\/Irving.jpg",400,300,false],"gform-image-choice-lg":["https:\/\/www.reyeslaw.com\/wp-content\/uploads\/2026\/01\/Irving.jpg",600,450,false]},"uagb_author_info":{"display_name":"Angel Reyes","author_link":"https:\/\/www.reyeslaw.com\/es\/author\/angel-reyes\/"},"uagb_comment_info":0,"uagb_excerpt":null,"_links":{"self":[{"href":"https:\/\/www.reyeslaw.com\/es\/wp-json\/wp\/v2\/pages\/56136","targetHints":{"allow":["GET"]}}],"collection":[{"href":"https:\/\/www.reyeslaw.com\/es\/wp-json\/wp\/v2\/pages"}],"about":[{"href":"https:\/\/www.reyeslaw.com\/es\/wp-json\/wp\/v2\/types\/page"}],"author":[{"embeddable":true,"href":"https:\/\/www.reyeslaw.com\/es\/wp-json\/wp\/v2\/users\/32"}],"replies":[{"embeddable":true,"href":"https:\/\/www.reyeslaw.com\/es\/wp-json\/wp\/v2\/comments?post=56136"}],"version-history":[{"count":0,"href":"https:\/\/www.reyeslaw.com\/es\/wp-json\/wp\/v2\/pages\/56136\/revisions"}],"up":[{"embeddable":true,"href":"https:\/\/www.reyeslaw.com\/es\/wp-json\/wp\/v2\/pages\/43117"}],"wp:featuredmedia":[{"embeddable":true,"href":"https:\/\/www.reyeslaw.com\/es\/wp-json\/wp\/v2\/media\/51198"}],"wp:attachment":[{"href":"https:\/\/www.reyeslaw.com\/es\/wp-json\/wp\/v2\/media?parent=56136"}],"curies":[{"name":"wp","href":"https:\/\/api.w.org\/{rel}","templated":true}]}}